{"id":1173,"date":"2023-04-11T13:58:17","date_gmt":"2023-04-11T16:58:17","guid":{"rendered":"http:\/\/sbbd.org.br\/2023\/?page_id=1173"},"modified":"2023-09-12T23:00:37","modified_gmt":"2023-09-13T02:00:37","slug":"sbbd-programacao","status":"publish","type":"page","link":"https:\/\/sbbd.org.br\/2023\/sbbd-programacao\/","title":{"rendered":"Programa\u00e7\u00e3o"},"content":{"rendered":"\n<ul class=\"wp-block-list\"><li><a href=\"https:\/\/sbbd.org.br\/2023\/programacao-2\/\" data-type=\"page\" data-id=\"7384\">Vis\u00e3o Geral<\/a><\/li><\/ul>\n\n\n\n<p class=\"has-medium-font-size\">SBBD<\/p>\n\n\n\n<ul class=\"wp-block-list\"><li><a href=\"https:\/\/sbbd.org.br\/2023\/sbbd-fullpapers-program\/\" data-type=\"page\" data-id=\"7441\">Sess\u00f5es T\u00e9cnicas (Full Paper<\/a>)<\/li><li><a href=\"https:\/\/sbbd.org.br\/2023\/sbbd-shortpapers-program\/\" data-type=\"page\" data-id=\"7496\">Sess\u00f5es T\u00e9cnicas (Short Paper)<\/a><\/li><li><a href=\"https:\/\/sbbd.org.br\/2023\/sbbd-minicourses-program\/\" data-type=\"page\" data-id=\"7487\">Minicursos<\/a><\/li><li><a href=\"https:\/\/sbbd.org.br\/2023\/sbbd-tutorials-program\/\" data-type=\"page\" data-id=\"7506\">Tutoriais<\/a><\/li><li><a href=\"https:\/\/sbbd.org.br\/2023\/sbbd-ctdbd-program\/\" data-type=\"page\" data-id=\"7504\">CTDBD<\/a><\/li><li><a href=\"https:\/\/sbbd.org.br\/2023\/sbbd-demos-program\/\">Demos<\/a><\/li><li><a href=\"https:\/\/sbbd.org.br\/2023\/sbbd-keynotes\/\">Keynotes<\/a><\/li><li>Workshops<ul><li><a href=\"https:\/\/sbbd.org.br\/2023\/sbbd-bresci-program\/\" data-type=\"page\" data-id=\"7515\">BreSci<\/a><\/li><li><a href=\"https:\/\/sbbd.org.br\/2023\/sbbd-dexea-program\/\">DEXEA<\/a><\/li><li><a href=\"https:\/\/sbbd.org.br\/2023\/sbbd-dsw-program\/\" data-type=\"page\" data-id=\"7510\">DSW<\/a><\/li><li><a href=\"https:\/\/sbbd.org.br\/2023\/sbbd-wtag-program\/\" data-type=\"page\" data-id=\"7518\">WTAG<\/a><\/li><li><a href=\"https:\/\/sbbd.org.br\/2023\/sbbd-wtdbd-program\/\" data-type=\"page\" data-id=\"7522\">WTDBD<\/a><\/li><\/ul><\/li><li><a href=\"https:\/\/sbbd.org.br\/2023\/maratona\/\" data-type=\"page\" data-id=\"7405\">Maratona SQL<\/a><\/li><\/ul>\n\n\n\n<p class=\"has-medium-font-size\">KDMiLe<\/p>\n\n\n\n<ul class=\"wp-block-list\"><li><a href=\"https:\/\/sbbd.org.br\/2023\/kdmile-program\/\" data-type=\"page\" data-id=\"7426\">Programa\u00e7\u00e3o KDMiLe<\/a><\/li><\/ul>\n\n\n\n<p><\/p>\n\n\n\n<p><\/p>\n","protected":false},"excerpt":{"rendered":"<p>Vis\u00e3o Geral SBBD Sess\u00f5es T\u00e9cnicas (Full Paper) Sess\u00f5es T\u00e9cnicas (Short Paper) Minicursos Tutoriais CTDBD Demos Keynotes Workshops BreSci DEXEA DSW&hellip; <\/p>\n","protected":false},"author":13,"featured_media":0,"parent":0,"menu_order":0,"comment_status":"closed","ping_status":"closed","template":"","meta":{"footnotes":""},"class_list":["post-1173","page","type-page","status-publish","hentry"],"_links":{"self":[{"href":"https:\/\/sbbd.org.br\/2023\/wp-json\/wp\/v2\/pages\/1173","targetHints":{"allow":["GET"]}}],"collection":[{"href":"https:\/\/sbbd.org.br\/2023\/wp-json\/wp\/v2\/pages"}],"about":[{"href":"https:\/\/sbbd.org.br\/2023\/wp-json\/wp\/v2\/types\/page"}],"author":[{"embeddable":true,"href":"https:\/\/sbbd.org.br\/2023\/wp-json\/wp\/v2\/users\/13"}],"replies":[{"embeddable":true,"href":"https:\/\/sbbd.org.br\/2023\/wp-json\/wp\/v2\/comments?post=1173"}],"version-history":[{"count":272,"href":"https:\/\/sbbd.org.br\/2023\/wp-json\/wp\/v2\/pages\/1173\/revisions"}],"predecessor-version":[{"id":7679,"href":"https:\/\/sbbd.org.br\/2023\/wp-json\/wp\/v2\/pages\/1173\/revisions\/7679"}],"wp:attachment":[{"href":"https:\/\/sbbd.org.br\/2023\/wp-json\/wp\/v2\/media?parent=1173"}],"curies":[{"name":"wp","href":"https:\/\/api.w.org\/{rel}","templated":true}]}}