{"id":6778,"date":"2023-07-05T19:32:42","date_gmt":"2023-07-05T22:32:42","guid":{"rendered":"https:\/\/sbbd.org.br\/2022\/?page_id=6778"},"modified":"2023-07-08T20:01:21","modified_gmt":"2023-07-08T23:01:21","slug":"premiacoes","status":"publish","type":"page","link":"https:\/\/sbbd.org.br\/2022\/premiacoes\/","title":{"rendered":"Premia\u00e7\u00f5es"},"content":{"rendered":"\n<p>SBBD &#8211; Full papers<\/p>\n\n\n\n<h3 class=\"wp-block-heading\"><strong>Melhor artigo (Pr\u00eamio Prof. Jos\u00e9 Mauro de Castilho)<\/strong><\/h3>\n\n\n\n<h4 class=\"wp-block-heading\">EBRES &#8211; Efficient Buffer Replacement with Exponential Smoothing<\/h4>\n\n\n\n<p><em>Gustavo Moraes (UFC \u2013 Brazil), Angelo Brayner (UFC \u2013 Brazil), Jos\u00e9 de Aguiar Moraes Filho (SERPRO \u2013 Brazil)<\/em><br>\u00c1rea do estudo: Banco de Dados<\/p>\n\n\n\n<p>Link do artigo na SOL: <a href=\"https:\/\/sol.sbc.org.br\/index.php\/sbbd\/article\/view\/21799\">https:\/\/sol.sbc.org.br\/index.php\/sbbd\/article\/view\/21799<\/a><\/p>\n\n\n\n<h3 class=\"wp-block-heading\"><strong>Men\u00e7\u00e3o honrosa<\/strong><\/h3>\n\n\n\n<h4 class=\"wp-block-heading\">Refor\u00e7o e Delimita\u00e7\u00e3o Contextual para Reconhecimento de Entidades e Rela\u00e7\u00f5es em Documentos Oficiais<\/h4>\n\n\n\n<p><em>Fabiano Bel\u00e9m (UFMG \u2013 Brazil), Marcos Gon\u00e7alves (UFMG \u2013 Brazil), Alberto Laender (UFMG \u2013 Brazil), Marcos Carvalho (UFMG \u2013 Brazil), Marcelo Ganem (UFMG \u2013 Brazil), Celso Fran\u00e7a (UFMG \u2013 Brazil)<\/em><\/p>\n\n\n\n<p>\u00c1rea do estudo: Banco de Dados<\/p>\n\n\n\n<p>Link do artigo na SOL: <a href=\"https:\/\/sol.sbc.org.br\/index.php\/sbbd\/article\/view\/21814\">https:\/\/sol.sbc.org.br\/index.php\/sbbd\/article\/view\/21814<\/a><em><br>\u00a0<\/em><\/p>\n\n\n\n<h4 class=\"wp-block-heading\">A Data-Driven Model Selection Approach to Spatio-Temporal Prediction<\/h4>\n\n\n\n<p><em>Rocio Zorrilla (LNCC \u2013 Brazil), Eduardo Ogasawara (CEFET\/RJ \u2013 Brazil), Patrick Valduriez (INRIA-France), Fabio Porto (LNCC \u2013 Brazil).<\/em><\/p>\n\n\n\n<p>\u00c1rea do estudo: Banco de Dados<\/p>\n\n\n\n<p>Link do artigo na SOL: <a href=\"https:\/\/sol.sbc.org.br\/index.php\/sbbd\/article\/view\/21791\">https:\/\/sol.sbc.org.br\/index.php\/sbbd\/article\/view\/21791<\/a><br><br>SBBD &#8211; Short \u00a0papers<\/p>\n\n\n\n<h3 class=\"wp-block-heading\"><strong>Melhor artigo<\/strong><\/h3>\n\n\n\n<h4 class=\"wp-block-heading\">Junc\u0327o\u0303es por Similaridade usando Processamento Distribu\u0131\u0301do e Paralelismo Massivo<\/h4>\n\n\n\n<p><em>Larissa Ramos Marques Silva (UFG), Leonardo Andrade Ribeiro (UFG)<\/em><\/p>\n\n\n\n<p>\u00c1rea do estudo: Banco de Dados<\/p>\n\n\n\n<p>Link do artigo na SOL: <a href=\"https:\/\/sol.sbc.org.br\/index.php\/sbbd\/article\/view\/21830\">https:\/\/sol.sbc.org.br\/index.php\/sbbd\/article\/view\/21830<\/a><\/p>\n\n\n\n<h3 class=\"wp-block-heading\"><strong>Men\u00e7\u00e3o honrosa<\/strong><\/h3>\n\n\n\n<h4 class=\"wp-block-heading\">TRUMiner: Minerac\u0327a\u0303o de Regras Temporais em Bases de Se\u0301ries Multivariadas e Heteroge\u0302neas<\/h4>\n\n\n\n<p><em>Eliane Karasawa (USP), Elaine P. M. Sousa (USP)<\/em><\/p>\n\n\n\n<p>\u00c1rea do estudo: Banco de Dados<\/p>\n\n\n\n<p>Link do artigo na SOL: <a href=\"https:\/\/sol.sbc.org.br\/index.php\/sbbd\/article\/view\/21827\">https:\/\/sol.sbc.org.br\/index.php\/sbbd\/article\/view\/21827<\/a><\/p>\n\n\n\n<h4 class=\"wp-block-heading\">ORBITER: um Arcabouc\u0327o para Implantac\u0327a\u0303o Automa\u0301tica de Aplicac\u0327o\u0303es Big Data em Arquiteturas Serverless<\/h4>\n\n\n\n<p><em>Joa\u0303o Loureiro (UFF), Daniel de Oliveira (UFF)<\/em><\/p>\n\n\n\n<p>\u00c1rea do estudo: Banco de Dados<\/p>\n\n\n\n<p>Link do artigo na SOL: <a href=\"https:\/\/sol.sbc.org.br\/index.php\/sbbd\/article\/view\/21823\">https:\/\/sol.sbc.org.br\/index.php\/sbbd\/article\/view\/21823<\/a><\/p>\n\n\n\n<p>SBBD \u2013 Demos e aplica\u00e7\u00f5es<\/p>\n\n\n\n<h3 class=\"wp-block-heading\"><strong>Best&nbsp;Demo:<\/strong><\/h3>\n\n\n\n<h4 class=\"wp-block-heading\">Uma Extens\u00e3o da Ferramenta brModeloWeb para o Suporte \u00e0 Defini\u00e7\u00e3o de Vis\u00f5es e Restri\u00e7\u00f5es de Integridade<\/h4>\n\n\n\n<p><em>Arthur Nascimento Mota (Mercado Livre), Milton Bittencourt S. Neto (Mercado Livre), Ronaldo dos Santos Mello (Universidade Federal de Santa Catarina)<\/em><\/p>\n\n\n\n<p>\u00c1rea do estudo:&nbsp;Banco de Dados<\/p>\n\n\n\n<p>Link do artigo na &nbsp;SOL:&nbsp;<a href=\"https:\/\/sol.sbc.org.br\/index.php\/sbbd_estendido\/article\/view\/21848\/21672\">https:\/\/sol.sbc.org.br\/index.php\/sbbd_estendido\/article\/view\/21848\/21672<\/a><\/p>\n\n\n\n<p>&nbsp;&#8212;&#8212;&#8212;&#8212;&#8212;&#8212;&#8212;&#8212;&#8212;&#8212;&#8212;&#8212;&#8211;<\/p>\n\n\n\n<h3 class=\"wp-block-heading\"><strong>Men\u00e7\u00e3o Honrosa:<\/strong><\/h3>\n\n\n\n<h4 class=\"wp-block-heading\">@Minerva web: An\u00e1lise de Colabora\u00e7\u00e3o em Processos de Neg\u00f3cio por meio de Dados de Proveni\u00eancia Multimodais<\/h4>\n\n\n\n<p><em>Ana Luisa Esposito (Universidade Federal Fluminense), Lucas Rog\u00e9rio Silva Ferreira (Universidade Federal Fluminense), Maria Luiza Falci (Universidade Federal Fluminense), Daniel de Oliveira (Universidade Federal Fluminense)<\/em><\/p>\n\n\n\n<p>\u00c1rea do estudo:&nbsp;Banco de Dados<\/p>\n\n\n\n<p>Link do artigo na SOL:&nbsp;<a href=\"https:\/\/sol.sbc.org.br\/index.php\/sbbd_estendido\/article\/view\/21844\/21668\">https:\/\/sol.sbc.org.br\/index.php\/sbbd_estendido\/article\/view\/21844\/21668<\/a><\/p>\n","protected":false},"excerpt":{"rendered":"<p>SBBD &#8211; Full papers Melhor artigo (Pr\u00eamio Prof. Jos\u00e9 Mauro de Castilho) EBRES &#8211; Efficient Buffer Replacement with Exponential Smoothing&hellip; <\/p>\n","protected":false},"author":18,"featured_media":0,"parent":0,"menu_order":0,"comment_status":"closed","ping_status":"closed","template":"","meta":{"footnotes":""},"class_list":["post-6778","page","type-page","status-publish","hentry"],"_links":{"self":[{"href":"https:\/\/sbbd.org.br\/2022\/wp-json\/wp\/v2\/pages\/6778","targetHints":{"allow":["GET"]}}],"collection":[{"href":"https:\/\/sbbd.org.br\/2022\/wp-json\/wp\/v2\/pages"}],"about":[{"href":"https:\/\/sbbd.org.br\/2022\/wp-json\/wp\/v2\/types\/page"}],"author":[{"embeddable":true,"href":"https:\/\/sbbd.org.br\/2022\/wp-json\/wp\/v2\/users\/18"}],"replies":[{"embeddable":true,"href":"https:\/\/sbbd.org.br\/2022\/wp-json\/wp\/v2\/comments?post=6778"}],"version-history":[{"count":3,"href":"https:\/\/sbbd.org.br\/2022\/wp-json\/wp\/v2\/pages\/6778\/revisions"}],"predecessor-version":[{"id":6785,"href":"https:\/\/sbbd.org.br\/2022\/wp-json\/wp\/v2\/pages\/6778\/revisions\/6785"}],"wp:attachment":[{"href":"https:\/\/sbbd.org.br\/2022\/wp-json\/wp\/v2\/media?parent=6778"}],"curies":[{"name":"wp","href":"https:\/\/api.w.org\/{rel}","templated":true}]}}