{"id":6619,"date":"2022-09-16T15:44:58","date_gmt":"2022-09-16T18:44:58","guid":{"rendered":"https:\/\/sbbd.org.br\/2022\/?page_id=6619"},"modified":"2022-09-22T12:11:02","modified_gmt":"2022-09-22T15:11:02","slug":"abertura-informal","status":"publish","type":"page","link":"https:\/\/sbbd.org.br\/2022\/abertura-informal\/","title":{"rendered":"Jo\u00e3o Candido Portinari"},"content":{"rendered":"\n<h4 class=\"wp-block-heading\">Abertura Informal do SBBD 2022: segunda-feira, a partir das 19h30<\/h4>\n\n\n\n<h3 class=\"wp-block-heading\">O Projeto Portinari: Ci\u00eancia e Tecnologia promovem Arte e Cultura<\/h3>\n\n\n\n<p>Jo\u00e3o Candido Portinari \u00e9 fundador e Coordenador-Geral do Projeto Portinari, desde 1979.<\/p>\n\n\n\n<p>Em 2004, o Projeto Portinari publicou o Cat\u00e1logo &#8220;Raisonn\u00e9&#8221; &#8220;Candido Portinari &#8211; Obra Completa&#8221;, o primeiro desta natureza em toda a Am\u00e9rica Latina.<\/p>\n\n\n\n<p>Em 2005, foi premiado com o Pr\u00eamio Jabuti de Literatura na categoria &#8220;Arquitetura e Urbanismo, Comunica\u00e7\u00e3o e Artes\u201d, o Pr\u00eamio S\u00e9rgio Milliet, outorgado pela&nbsp; Associa\u00e7\u00e3o Brasileira de Cr\u00edticos de Arte, e o Pr\u00eamio Rodrigo Mello Franco de Andrade, outorgado pelo Instituto do Patrim\u00f4nio Hist\u00f3rico e Art\u00edstico Nacional \u2014 IPHAN. Em 2008 foi agraciado pela Presid\u00eancia da Rep\u00fablica com a Ordem do M\u00e9rito Cultural. Em 2012 foi eleito \u201cPersonalidade do Ano\u201d pela Associa\u00e7\u00e3o Brasileira de Cr\u00edticos de Arte.<\/p>\n\n\n\n<h4 class=\"wp-block-heading\">Palestrante<\/h4>\n\n\n\n<div class=\"wp-block-media-text alignwide is-stacked-on-mobile\" style=\"grid-template-columns:21% auto\"><figure class=\"wp-block-media-text__media\"><img loading=\"lazy\" decoding=\"async\" width=\"630\" height=\"630\" src=\"https:\/\/sbbd.org.br\/2022\/wp-content\/uploads\/sites\/15\/2022\/09\/joao-candido.jpg\" alt=\"\" class=\"wp-image-6623 size-full\" srcset=\"https:\/\/sbbd.org.br\/2022\/wp-content\/uploads\/sites\/15\/2022\/09\/joao-candido.jpg 630w, https:\/\/sbbd.org.br\/2022\/wp-content\/uploads\/sites\/15\/2022\/09\/joao-candido-300x300.jpg 300w, https:\/\/sbbd.org.br\/2022\/wp-content\/uploads\/sites\/15\/2022\/09\/joao-candido-150x150.jpg 150w\" sizes=\"auto, (max-width: 630px) 100vw, 630px\" \/><\/figure><div class=\"wp-block-media-text__content\">\n<p><strong>Jo\u00e3o Candido Portinari<\/strong> \u00e9 Ph.D. pelo Massachusetts Institute of Technology, o MIT, e Engenheiro pela \u00c9cole Nationale Sup\u00e9rieure des T\u00e9l\u00e9communications, em Paris. Foi um dos fundadores do Departamento de Matem\u00e1tica da PUC-Rio, do qual foi um dos primeiros diretores, em 1968.<\/p>\n<\/div><\/div>\n\n\n\n<hr class=\"wp-block-separator has-css-opacity\" \/>\n\n\n\n<p><a href=\"https:\/\/photos.google.com\/share\/AF1QipOKMqrNM7pxTkpT_Zpdjh6QSgmINyjSkg5mwUGGOxQSiZ7T0Z3ys6TBXG5SHi7RKA\/photo\/AF1QipOWPXhQ-6iJwlfwZlgzmsTwkHjxGYM5IbT2eYtx?key=bEVxckIzOVh6NEVhN2dObTk0OGhsY2Z6Wk5tNWFn\">Link do v\u00eddeo da paletra<\/a><\/p>\n\n\n\n<p><a href=\"https:\/\/photos.google.com\/share\/AF1QipN1OKdUFhb_ES7tkw9czkT1TljKdzDE8qQ7xGwzNp_uUeY1y6FYPUek3Ycqrru-UA?key=THB1N25KUVpKSTN5U3c5bTRBZlVRNG5jTGNWX3ln\">Fotos da Palestra<\/a><\/p>\n","protected":false},"excerpt":{"rendered":"<p>Abertura Informal do SBBD 2022: segunda-feira, a partir das 19h30 O Projeto Portinari: Ci\u00eancia e Tecnologia promovem Arte e Cultura&hellip; <\/p>\n","protected":false},"author":18,"featured_media":0,"parent":0,"menu_order":0,"comment_status":"closed","ping_status":"closed","template":"","meta":{"footnotes":""},"class_list":["post-6619","page","type-page","status-publish","hentry"],"_links":{"self":[{"href":"https:\/\/sbbd.org.br\/2022\/wp-json\/wp\/v2\/pages\/6619","targetHints":{"allow":["GET"]}}],"collection":[{"href":"https:\/\/sbbd.org.br\/2022\/wp-json\/wp\/v2\/pages"}],"about":[{"href":"https:\/\/sbbd.org.br\/2022\/wp-json\/wp\/v2\/types\/page"}],"author":[{"embeddable":true,"href":"https:\/\/sbbd.org.br\/2022\/wp-json\/wp\/v2\/users\/18"}],"replies":[{"embeddable":true,"href":"https:\/\/sbbd.org.br\/2022\/wp-json\/wp\/v2\/comments?post=6619"}],"version-history":[{"count":10,"href":"https:\/\/sbbd.org.br\/2022\/wp-json\/wp\/v2\/pages\/6619\/revisions"}],"predecessor-version":[{"id":6705,"href":"https:\/\/sbbd.org.br\/2022\/wp-json\/wp\/v2\/pages\/6619\/revisions\/6705"}],"wp:attachment":[{"href":"https:\/\/sbbd.org.br\/2022\/wp-json\/wp\/v2\/media?parent=6619"}],"curies":[{"name":"wp","href":"https:\/\/api.w.org\/{rel}","templated":true}]}}