{"id":6613,"date":"2022-09-16T11:27:22","date_gmt":"2022-09-16T14:27:22","guid":{"rendered":"https:\/\/sbbd.org.br\/2022\/?page_id=6613"},"modified":"2022-09-16T11:35:12","modified_gmt":"2022-09-16T14:35:12","slug":"painel","status":"publish","type":"page","link":"https:\/\/sbbd.org.br\/2022\/painel\/","title":{"rendered":"Painel"},"content":{"rendered":"\n<div style=\"height:31px\" aria-hidden=\"true\" class=\"wp-block-spacer\"><\/div>\n\n\n\n<h4 class=\"wp-block-heading\" id=\"ST1\"><mark class=\"has-inline-color has-vivid-purple-color\">Sexta-feira, 23 de setembro de 2022<\/mark><\/h4>\n\n\n\n<div style=\"height:4px\" aria-hidden=\"true\" class=\"wp-block-spacer\"><\/div>\n\n\n\n<figure class=\"wp-block-table has-small-font-size\"><table><thead><tr><th class=\"has-text-align-center\" data-align=\"center\">Hor\u00e1rio<\/th><th>Painel<\/th><\/tr><\/thead><tbody><tr><td class=\"has-text-align-center\" data-align=\"center\">09:00<br>10:15<\/td><td><strong>Diversidade em Dados e na Computa\u00e7\u00e3o<\/strong><br>Convidados: Jonice Oliveira (UFRJ, Brasil), Maristela (UNB, Brasil), Mory Lobo (UFMT, Brasil) e a mediadora do painel: Mirella Moro (UFMG, Brasil)<\/td><\/tr><\/tbody><\/table><\/figure>\n\n\n\n<hr class=\"wp-block-separator has-css-opacity\" \/>\n\n\n\n<div style=\"height:30px\" aria-hidden=\"true\" class=\"wp-block-spacer\"><\/div>\n","protected":false},"excerpt":{"rendered":"<p>Sexta-feira, 23 de setembro de 2022 Hor\u00e1rio Painel 09:0010:15 Diversidade em Dados e na Computa\u00e7\u00e3oConvidados: Jonice Oliveira (UFRJ, Brasil), Maristela&hellip; <\/p>\n","protected":false},"author":18,"featured_media":0,"parent":0,"menu_order":0,"comment_status":"closed","ping_status":"closed","template":"","meta":{"footnotes":""},"class_list":["post-6613","page","type-page","status-publish","hentry"],"_links":{"self":[{"href":"https:\/\/sbbd.org.br\/2022\/wp-json\/wp\/v2\/pages\/6613","targetHints":{"allow":["GET"]}}],"collection":[{"href":"https:\/\/sbbd.org.br\/2022\/wp-json\/wp\/v2\/pages"}],"about":[{"href":"https:\/\/sbbd.org.br\/2022\/wp-json\/wp\/v2\/types\/page"}],"author":[{"embeddable":true,"href":"https:\/\/sbbd.org.br\/2022\/wp-json\/wp\/v2\/users\/18"}],"replies":[{"embeddable":true,"href":"https:\/\/sbbd.org.br\/2022\/wp-json\/wp\/v2\/comments?post=6613"}],"version-history":[{"count":2,"href":"https:\/\/sbbd.org.br\/2022\/wp-json\/wp\/v2\/pages\/6613\/revisions"}],"predecessor-version":[{"id":6615,"href":"https:\/\/sbbd.org.br\/2022\/wp-json\/wp\/v2\/pages\/6613\/revisions\/6615"}],"wp:attachment":[{"href":"https:\/\/sbbd.org.br\/2022\/wp-json\/wp\/v2\/media?parent=6613"}],"curies":[{"name":"wp","href":"https:\/\/api.w.org\/{rel}","templated":true}]}}