{"id":660,"date":"2019-01-28T16:21:48","date_gmt":"2019-01-28T19:21:48","guid":{"rendered":"http:\/\/sbbd.org.br\/2022\/?page_id=660"},"modified":"2022-08-07T13:01:33","modified_gmt":"2022-08-07T16:01:33","slug":"local","status":"publish","type":"page","link":"https:\/\/sbbd.org.br\/2022\/local\/","title":{"rendered":"Local"},"content":{"rendered":"\n<h5 class=\"wp-block-heading\" id=\"the-city-of-buzios\">A cidade de B\u00fazios<\/h5>\n\n\n<div class=\"wp-block-image\">\n<figure class=\"alignright size-large is-resized\"><img loading=\"lazy\" decoding=\"async\" src=\"https:\/\/sbbd.org.br\/2022\/wp-content\/uploads\/sites\/15\/2022\/06\/Escultura-dos-Pescadores-1024x1024.jpg\" alt=\"\" class=\"wp-image-4780\" width=\"227\" height=\"227\" \/><figcaption>Escultura Tr\u00eas Pescadores<\/figcaption><\/figure>\n<\/div>\n\n\n<p>Originalmente colonizada por piratas europeus e comerciantes de escravos, a cidade de B\u00fazios surgiu como uma pitoresca e tranquila vila de pescadores. Sua beleza imaculada e serena era um segredo bem guardado da maioria, at\u00e9 que uma descoberta da estrela francesa Brigitte Bardot, em 1964, popularizou a vila, transformando-a no espetacular balne\u00e1rio que \u00e9 hoje. Distante apenas duas horas da cidade do Rio de Janeiro, B\u00fazios \u2013 que foi indicada como um dos dez lugares mais bonitos do mundo \u2013 \u00e9 imperd\u00edvel. Mais de uma centena de pousadas e hot\u00e9is, dos mais luxuosos aos mais simples e pequenos, lhe aguardam, assim como as belas praias de areia branca (mais de 20). Tamb\u00e9m espalhados por toda a \u00e1rea, h\u00e1 uma abund\u00e2ncia de restaurantes &#8211; japoneses, franceses, italianos, marroquinos, tailandeses e brasileiros &#8211; e uma variedade de shows de m\u00fasica ao vivo, bares, boates e a Rua das Pedras no centro de B\u00fazios, que garante uma vida noturna agitada. Boutiques locais e internacionais e galerias de arte, com artesanato e joias exclusivas, tamb\u00e9m s\u00e3o uma \u00f3tima op\u00e7\u00e3o.<\/p>\n\n\n\n<h5 class=\"wp-block-heading\" id=\"the-beaches\">As praias<\/h5>\n\n\n\n<p>Como as praias de tirar o f\u00f4lego de B\u00fazio s\u00e3o bastante isoladas umas das outras, caracter\u00edsticas diferentes tornam cada praia \u00fanica, dando-lhe uma personalidade pr\u00f3pria. A praia de Manguinhos tem ondas calmas e calmantes que permitem que muitos aprendam a velejar e praticar windsurf. A pr\u00f3xima praia, a Praia de Gerib\u00e1, \u00e9 uma longa extens\u00e3o de terra e \u00e1gua, repleta de surfistas, bodyboarders e windsurfistas. A praia da Ferradura, ou &#8220;Ferradura&#8221;, fica mais pr\u00f3xima da cidade e \u00e9 o local ideal para a pr\u00e1tica de snorkeling. As praias de Jo\u00e3o Fernandes e Jo\u00e3o Fernandinho s\u00e3o as mais movimentadas e populares de todas, repletas de caf\u00e9s e cheias de gente bonita exibindo seu bronzeado.<\/p>\n\n\n\n<figure class=\"wp-block-gallery has-nested-images columns-default is-cropped wp-block-gallery-1 is-layout-flex wp-block-gallery-is-layout-flex\">\n<figure class=\"wp-block-image size-large\"><img loading=\"lazy\" decoding=\"async\" width=\"1024\" height=\"524\" data-id=\"3779\" src=\"https:\/\/sbbd.org.br\/2022\/wp-content\/uploads\/sites\/15\/2022\/01\/62.png\" alt=\"\" class=\"wp-image-3779\" srcset=\"https:\/\/sbbd.org.br\/2022\/wp-content\/uploads\/sites\/15\/2022\/01\/62.png 1024w, https:\/\/sbbd.org.br\/2022\/wp-content\/uploads\/sites\/15\/2022\/01\/62-300x154.png 300w, https:\/\/sbbd.org.br\/2022\/wp-content\/uploads\/sites\/15\/2022\/01\/62-768x393.png 768w, https:\/\/sbbd.org.br\/2022\/wp-content\/uploads\/sites\/15\/2022\/01\/62-692x354.png 692w, https:\/\/sbbd.org.br\/2022\/wp-content\/uploads\/sites\/15\/2022\/01\/62-630x322.png 630w\" sizes=\"auto, (max-width: 1024px) 100vw, 1024px\" \/><\/figure>\n\n\n\n<figure class=\"wp-block-image size-large\"><img loading=\"lazy\" decoding=\"async\" width=\"1024\" height=\"683\" data-id=\"3777\" src=\"https:\/\/sbbd.org.br\/2022\/wp-content\/uploads\/sites\/15\/2022\/01\/Buzios-RJ-Visit-Brasil-13-min.jpg\" alt=\"\" class=\"wp-image-3777\" srcset=\"https:\/\/sbbd.org.br\/2022\/wp-content\/uploads\/sites\/15\/2022\/01\/Buzios-RJ-Visit-Brasil-13-min.jpg 1024w, https:\/\/sbbd.org.br\/2022\/wp-content\/uploads\/sites\/15\/2022\/01\/Buzios-RJ-Visit-Brasil-13-min-300x200.jpg 300w, https:\/\/sbbd.org.br\/2022\/wp-content\/uploads\/sites\/15\/2022\/01\/Buzios-RJ-Visit-Brasil-13-min-768x512.jpg 768w, https:\/\/sbbd.org.br\/2022\/wp-content\/uploads\/sites\/15\/2022\/01\/Buzios-RJ-Visit-Brasil-13-min-692x462.jpg 692w, https:\/\/sbbd.org.br\/2022\/wp-content\/uploads\/sites\/15\/2022\/01\/Buzios-RJ-Visit-Brasil-13-min-630x420.jpg 630w\" sizes=\"auto, (max-width: 1024px) 100vw, 1024px\" \/><\/figure>\n\n\n\n<figure class=\"wp-block-image size-large\"><img loading=\"lazy\" decoding=\"async\" width=\"500\" height=\"336\" data-id=\"3776\" src=\"https:\/\/sbbd.org.br\/2022\/wp-content\/uploads\/sites\/15\/2022\/01\/foto-rua-das-pedras-1.jpg\" alt=\"\" class=\"wp-image-3776\" srcset=\"https:\/\/sbbd.org.br\/2022\/wp-content\/uploads\/sites\/15\/2022\/01\/foto-rua-das-pedras-1.jpg 500w, https:\/\/sbbd.org.br\/2022\/wp-content\/uploads\/sites\/15\/2022\/01\/foto-rua-das-pedras-1-300x202.jpg 300w\" sizes=\"auto, (max-width: 500px) 100vw, 500px\" \/><\/figure>\n\n\n\n<figure class=\"wp-block-image size-large\"><img loading=\"lazy\" decoding=\"async\" width=\"1024\" height=\"639\" data-id=\"3778\" src=\"https:\/\/sbbd.org.br\/2022\/wp-content\/uploads\/sites\/15\/2022\/01\/O-que-fazer-em-Buzios-1170x730-1-1024x639.jpg\" alt=\"\" class=\"wp-image-3778\" srcset=\"https:\/\/sbbd.org.br\/2022\/wp-content\/uploads\/sites\/15\/2022\/01\/O-que-fazer-em-Buzios-1170x730-1-1024x639.jpg 1024w, https:\/\/sbbd.org.br\/2022\/wp-content\/uploads\/sites\/15\/2022\/01\/O-que-fazer-em-Buzios-1170x730-1-300x187.jpg 300w, https:\/\/sbbd.org.br\/2022\/wp-content\/uploads\/sites\/15\/2022\/01\/O-que-fazer-em-Buzios-1170x730-1-768x479.jpg 768w, https:\/\/sbbd.org.br\/2022\/wp-content\/uploads\/sites\/15\/2022\/01\/O-que-fazer-em-Buzios-1170x730-1-692x432.jpg 692w, https:\/\/sbbd.org.br\/2022\/wp-content\/uploads\/sites\/15\/2022\/01\/O-que-fazer-em-Buzios-1170x730-1-630x393.jpg 630w, https:\/\/sbbd.org.br\/2022\/wp-content\/uploads\/sites\/15\/2022\/01\/O-que-fazer-em-Buzios-1170x730-1.jpg 1170w\" sizes=\"auto, (max-width: 1024px) 100vw, 1024px\" \/><\/figure>\n<\/figure>\n","protected":false},"excerpt":{"rendered":"<p>A cidade de B\u00fazios Originalmente colonizada por piratas europeus e comerciantes de escravos, a cidade de B\u00fazios surgiu como uma&hellip; <\/p>\n","protected":false},"author":12,"featured_media":0,"parent":0,"menu_order":0,"comment_status":"closed","ping_status":"closed","template":"","meta":{"footnotes":""},"class_list":["post-660","page","type-page","status-publish","hentry"],"_links":{"self":[{"href":"https:\/\/sbbd.org.br\/2022\/wp-json\/wp\/v2\/pages\/660","targetHints":{"allow":["GET"]}}],"collection":[{"href":"https:\/\/sbbd.org.br\/2022\/wp-json\/wp\/v2\/pages"}],"about":[{"href":"https:\/\/sbbd.org.br\/2022\/wp-json\/wp\/v2\/types\/page"}],"author":[{"embeddable":true,"href":"https:\/\/sbbd.org.br\/2022\/wp-json\/wp\/v2\/users\/12"}],"replies":[{"embeddable":true,"href":"https:\/\/sbbd.org.br\/2022\/wp-json\/wp\/v2\/comments?post=660"}],"version-history":[{"count":49,"href":"https:\/\/sbbd.org.br\/2022\/wp-json\/wp\/v2\/pages\/660\/revisions"}],"predecessor-version":[{"id":5538,"href":"https:\/\/sbbd.org.br\/2022\/wp-json\/wp\/v2\/pages\/660\/revisions\/5538"}],"wp:attachment":[{"href":"https:\/\/sbbd.org.br\/2022\/wp-json\/wp\/v2\/media?parent=660"}],"curies":[{"name":"wp","href":"https:\/\/api.w.org\/{rel}","templated":true}]}}