{"id":6580,"date":"2022-09-13T15:53:19","date_gmt":"2022-09-13T18:53:19","guid":{"rendered":"https:\/\/sbbd.org.br\/2022\/?page_id=6580"},"modified":"2022-09-14T16:55:23","modified_gmt":"2022-09-14T19:55:23","slug":"maratona-sql","status":"publish","type":"page","link":"https:\/\/sbbd.org.br\/2022\/maratona-sql\/","title":{"rendered":"Maratona SQL"},"content":{"rendered":"\n<div style=\"height:19px\" aria-hidden=\"true\" class=\"wp-block-spacer\"><\/div>\n\n\n\n<p>Com o retorno do SBBD (Simp\u00f3sio Brasileiro de Banco de Dados) ao formato presencial, teremos, no SBBD 2022, a segunda edi\u00e7\u00e3o da Maratona SQL.&nbsp;Inspirada na maratona de programa\u00e7\u00e3o da SBC, a maratona SQL tem como objetivo principal atrair alunos de gradua\u00e7\u00e3o e desenvolvedores em geral para a \u00e1rea de Banco de Dados, mais especificamente para o SBBD.<\/p>\n\n\n\n<p>Assim, a competi\u00e7\u00e3o ir\u00e1 medir a habilidade dos participantes em resolver problemas, utilizando a linguagem SQL (Structured Query Language), linguagem padr\u00e3o de acesso a bancos de dados relacional. Para tanto, ser\u00e1 dado um esquema de banco de dados, com sua inst\u00e2ncia. As solu\u00e7\u00f5es (consultas) ser\u00e3o avaliadas quanto \u00e0 corretude e ao tempo de resposta (efici\u00eancia).<\/p>\n\n\n\n<p>Cada equipe ser\u00e1 formada por at\u00e9 tr\u00eas componentes, alunos de gradua\u00e7\u00e3o ou graduados (desenvolvedores).&nbsp;As equipes s\u00f3 poder\u00e3o usar um \u00fanico computador, para resolver at\u00e9 seis problemas em at\u00e9 2,5 horas. Os times podem utilizar livros, artigos ou manuais impressos. O sistema de banco de dados utilizado na maratona ser\u00e1 o PostgreSQL. Portanto, faz-se necess\u00e1rio o conhecimento da sintaxe SQL dele. A classifica\u00e7\u00e3o das equipes se dar\u00e1 pelo n\u00famero de problemas resolvidos.&nbsp; O crit\u00e9rio de desempate ser\u00e1 o tempo de resposta de todas as consultas.&nbsp; A equipe vencedora ser\u00e1 a que resolver maior n\u00famero de problemas, cujas solu\u00e7\u00f5es apresentem um menor tempo de execu\u00e7\u00e3o.<\/p>\n\n\n\n<p>As tr\u00eas equipes melhores classificadas receber\u00e3o certificados. <\/p>\n\n\n\n<p><strong>Inscri\u00e7\u00f5es<\/strong><\/p>\n\n\n\n<p>As inscri\u00e7\u00f5es das equipes ser\u00e3o gratuitas e dever\u00e3o ser feitas no local do evento, at\u00e9 duas horas e meia antes do in\u00edcio da competi\u00e7\u00e3o.<\/p>\n\n\n\n<p><strong>Datas importantes<\/strong><\/p>\n\n\n\n<p>Data-limite para inscri\u00e7\u00e3o de times:&nbsp;<\/p>\n\n\n\n<p>At\u00e9 \u00e0s 12h do dia 22\/9, no local do evento.<\/p>\n\n\n\n<p><strong>Data da competi\u00e7\u00e3o<\/strong><\/p>\n\n\n\n<p>A competi\u00e7\u00e3o ter\u00e1 in\u00edcio \u00e0s 14h30 do dia 22\/9, e se encerrar\u00e1 \u00e0s 17h.<\/p>\n\n\n\n<p><mark class=\"has-inline-color has-white-color\">22<\/mark><\/p>\n\n\n\n<hr class=\"wp-block-separator has-css-opacity\" \/>\n\n\n\n<div style=\"height:4px\" aria-hidden=\"true\" class=\"wp-block-spacer\"><\/div>\n\n\n\n<div style=\"height:4px\" aria-hidden=\"true\" class=\"wp-block-spacer\"><\/div>\n\n\n\n<div style=\"height:4px\" aria-hidden=\"true\" class=\"wp-block-spacer\"><\/div>\n\n\n\n<div style=\"height:30px\" aria-hidden=\"true\" class=\"wp-block-spacer\"><\/div>\n","protected":false},"excerpt":{"rendered":"<p>Com o retorno do SBBD (Simp\u00f3sio Brasileiro de Banco de Dados) ao formato presencial, teremos, no SBBD 2022, a segunda&hellip; <\/p>\n","protected":false},"author":18,"featured_media":0,"parent":0,"menu_order":0,"comment_status":"closed","ping_status":"closed","template":"","meta":{"footnotes":""},"class_list":["post-6580","page","type-page","status-publish","hentry"],"_links":{"self":[{"href":"https:\/\/sbbd.org.br\/2022\/wp-json\/wp\/v2\/pages\/6580","targetHints":{"allow":["GET"]}}],"collection":[{"href":"https:\/\/sbbd.org.br\/2022\/wp-json\/wp\/v2\/pages"}],"about":[{"href":"https:\/\/sbbd.org.br\/2022\/wp-json\/wp\/v2\/types\/page"}],"author":[{"embeddable":true,"href":"https:\/\/sbbd.org.br\/2022\/wp-json\/wp\/v2\/users\/18"}],"replies":[{"embeddable":true,"href":"https:\/\/sbbd.org.br\/2022\/wp-json\/wp\/v2\/comments?post=6580"}],"version-history":[{"count":3,"href":"https:\/\/sbbd.org.br\/2022\/wp-json\/wp\/v2\/pages\/6580\/revisions"}],"predecessor-version":[{"id":6587,"href":"https:\/\/sbbd.org.br\/2022\/wp-json\/wp\/v2\/pages\/6580\/revisions\/6587"}],"wp:attachment":[{"href":"https:\/\/sbbd.org.br\/2022\/wp-json\/wp\/v2\/media?parent=6580"}],"curies":[{"name":"wp","href":"https:\/\/api.w.org\/{rel}","templated":true}]}}