{"id":6537,"date":"2022-09-11T17:41:48","date_gmt":"2022-09-11T20:41:48","guid":{"rendered":"https:\/\/sbbd.org.br\/2022\/?page_id=6537"},"modified":"2022-09-11T18:07:20","modified_gmt":"2022-09-11T21:07:20","slug":"speakers-program","status":"publish","type":"page","link":"https:\/\/sbbd.org.br\/2022\/speakers-program\/","title":{"rendered":"Invited Speakers"},"content":{"rendered":"\n<div style=\"height:19px\" aria-hidden=\"true\" class=\"wp-block-spacer\"><\/div>\n\n\n\n<h4 class=\"wp-block-heading\" id=\"ST1\"><mark class=\"has-inline-color has-vivid-purple-color\">Monday, September 19th<\/mark><\/h4>\n\n\n\n<div style=\"height:4px\" aria-hidden=\"true\" class=\"wp-block-spacer\"><\/div>\n\n\n\n<figure class=\"wp-block-table has-small-font-size\"><table><thead><tr><th class=\"has-text-align-center\" data-align=\"center\">Time<\/th><th>Lecture<\/th><\/tr><\/thead><tbody><tr><td class=\"has-text-align-center\" data-align=\"center\"><\/td><td>CO-LOCATED WORKSHOP &#8211; <a href=\"https:\/\/sbbd.org.br\/2022\/dexea-program\/\">DEXEA<\/a><\/td><\/tr><tr><td class=\"has-text-align-center\" data-align=\"center\">16:00<br>17:00<\/td><td><a href=\"https:\/\/sbbd.org.br\/2022\/workshop-dexea\/\">Tend\u00eancias Detectadas e Cen\u00e1rios Futuros de Extremos Clim\u00e1ticos: Dados Observados e Modelagem Num\u00e9rica<\/a><a href=\"https:\/\/sbbd.org.br\/2022\/palestrante-1\/\"><br><\/a>Wanderson Luiz Silva<\/td><\/tr><\/tbody><\/table><\/figure>\n\n\n\n<hr class=\"wp-block-separator has-css-opacity\" \/>\n\n\n\n<h4 class=\"wp-block-heading\" id=\"ST1\"><mark class=\"has-inline-color has-vivid-purple-color\">Tuesday, September 20th<\/mark><\/h4>\n\n\n\n<figure class=\"wp-block-table has-small-font-size\"><table><thead><tr><th class=\"has-text-align-center\" data-align=\"center\">Time<\/th><th>Lecture<\/th><\/tr><\/thead><tbody><tr><td class=\"has-text-align-center\" data-align=\"center\"><\/td><td><strong>MAIN EVENT &#8211; SBBD 2022<\/strong><\/td><\/tr><tr><td class=\"has-text-align-center\" data-align=\"center\">11:50<br>13:15<\/td><td><a href=\"https:\/\/sbbd.org.br\/2022\/palestrante-1\/\">Responsible Data Management<br><\/a>Julia Stoyanovich (New York University, USA)<\/td><\/tr><tr><td class=\"has-text-align-center\" data-align=\"center\"><\/td><td>CO-LOCATED WORKSHOP &#8211; <a href=\"https:\/\/sbbd.org.br\/2022\/dbai-program\/\">DB+AI<\/a><\/td><\/tr><tr><td class=\"has-text-align-center\" data-align=\"center\">15:15<br>17:00<\/td><td><a href=\"https:\/\/sbbd.org.br\/2022\/workshop-db-ai-using-provenance-to-steer-hyperparameter-in-deep-neural-networks\/\">Using Provenance to Steer Hyperparameter in Deep Neural Networks<\/a><strong> <\/strong><br>Marta Mattoso (COPPE\/UFRJ)<\/td><\/tr><\/tbody><\/table><\/figure>\n\n\n\n<hr class=\"wp-block-separator has-css-opacity\" \/>\n\n\n\n<h4 class=\"wp-block-heading\" id=\"ST1\"><mark class=\"has-inline-color has-vivid-purple-color\">Wednesday, September 21st<\/mark><\/h4>\n\n\n\n<div style=\"height:4px\" aria-hidden=\"true\" class=\"wp-block-spacer\"><\/div>\n\n\n\n<figure class=\"wp-block-table has-small-font-size\"><table><thead><tr><th class=\"has-text-align-center\" data-align=\"center\">Time<\/th><th>Lecture<\/th><\/tr><\/thead><tbody><tr><td class=\"has-text-align-center\" data-align=\"center\"><\/td><td><strong>MAIN EVENT &#8211; SBBD 2022<\/strong><\/td><\/tr><tr><td class=\"has-text-align-center\" data-align=\"center\">11:50<br>13:15<\/td><td><a href=\"https:\/\/sbbd.org.br\/2022\/palestrante-2\/\"><strong>Saga: Continuous Construction and Serving of Large Scale Knowledge Graphs<\/strong><br><\/a>Ihab Ilyas (University of Waterloo, Canada)<\/td><\/tr><\/tbody><\/table><\/figure>\n\n\n\n<hr class=\"wp-block-separator has-css-opacity\" \/>\n\n\n\n<h4 class=\"wp-block-heading\" id=\"ST1\"><mark class=\"has-inline-color has-vivid-purple-color\">Thursday, September 22nd<\/mark><\/h4>\n\n\n\n<div style=\"height:4px\" aria-hidden=\"true\" class=\"wp-block-spacer\"><\/div>\n\n\n\n<figure class=\"wp-block-table has-small-font-size\"><table><thead><tr><th class=\"has-text-align-center\" data-align=\"center\">Time<\/th><th>Lecture<\/th><\/tr><\/thead><tbody><tr><td class=\"has-text-align-center\" data-align=\"center\"><\/td><td><strong>MAIN EVENT &#8211;<\/strong> <strong>SBBD 2022<\/strong><\/td><\/tr><tr><td class=\"has-text-align-center\" data-align=\"center\">11:50<br>13:15<\/td><td><a href=\"https:\/\/sbbd.org.br\/2022\/palestrante-3\/\"><strong>Restri\u00e7\u00f5es de Integridade: do Relacional aos Grafos<\/strong><br><\/a>Carmem Hara (Universidade Federal do Paran\u00e1, Brasil) &#8211; Honored Speaker<\/td><\/tr><\/tbody><\/table><\/figure>\n\n\n\n<hr class=\"wp-block-separator has-css-opacity\" \/>\n\n\n\n<div style=\"height:4px\" aria-hidden=\"true\" class=\"wp-block-spacer\"><\/div>\n\n\n\n<div style=\"height:30px\" aria-hidden=\"true\" class=\"wp-block-spacer\"><\/div>\n","protected":false},"excerpt":{"rendered":"<p>Monday, September 19th Time Lecture CO-LOCATED WORKSHOP &#8211; DEXEA 16:0017:00 Tend\u00eancias Detectadas e Cen\u00e1rios Futuros de Extremos Clim\u00e1ticos: Dados Observados&hellip; <\/p>\n","protected":false},"author":18,"featured_media":0,"parent":0,"menu_order":0,"comment_status":"closed","ping_status":"closed","template":"","meta":{"footnotes":""},"class_list":["post-6537","page","type-page","status-publish","hentry"],"_links":{"self":[{"href":"https:\/\/sbbd.org.br\/2022\/wp-json\/wp\/v2\/pages\/6537","targetHints":{"allow":["GET"]}}],"collection":[{"href":"https:\/\/sbbd.org.br\/2022\/wp-json\/wp\/v2\/pages"}],"about":[{"href":"https:\/\/sbbd.org.br\/2022\/wp-json\/wp\/v2\/types\/page"}],"author":[{"embeddable":true,"href":"https:\/\/sbbd.org.br\/2022\/wp-json\/wp\/v2\/users\/18"}],"replies":[{"embeddable":true,"href":"https:\/\/sbbd.org.br\/2022\/wp-json\/wp\/v2\/comments?post=6537"}],"version-history":[{"count":5,"href":"https:\/\/sbbd.org.br\/2022\/wp-json\/wp\/v2\/pages\/6537\/revisions"}],"predecessor-version":[{"id":6552,"href":"https:\/\/sbbd.org.br\/2022\/wp-json\/wp\/v2\/pages\/6537\/revisions\/6552"}],"wp:attachment":[{"href":"https:\/\/sbbd.org.br\/2022\/wp-json\/wp\/v2\/media?parent=6537"}],"curies":[{"name":"wp","href":"https:\/\/api.w.org\/{rel}","templated":true}]}}