{"id":6519,"date":"2022-09-11T15:16:45","date_gmt":"2022-09-11T18:16:45","guid":{"rendered":"https:\/\/sbbd.org.br\/2022\/?page_id=6519"},"modified":"2022-09-11T15:28:31","modified_gmt":"2022-09-11T18:28:31","slug":"stone","status":"publish","type":"page","link":"https:\/\/sbbd.org.br\/2022\/stone\/","title":{"rendered":"Stone"},"content":{"rendered":"\n<h3 class=\"wp-block-heading\">Coopera\u00e7\u00e3o Universidade-Empresa na \u00e1rea de Ci\u00eancia de Dados &#8211; um case Stone Co. e PUC-Rio<\/h3>\n\n\n\n<h4 class=\"wp-block-heading\">Resumo<\/h4>\n\n\n\n<p>A coopera\u00e7\u00e3o entre o mundo acad\u00eamico e o corporativo pode trazer frutos importantes, em especial no que diz respeito a adequar inova\u00e7\u00f5es cient\u00edficas \u00e0s demandas por an\u00e1lises e predi\u00e7\u00f5es que venham a dar efetivo suporte a decis\u00f5es complexas que devem ser tomadas no dia a dia empresarial. Entretanto, muitos desafios se imp\u00f5em a uma coopera\u00e7\u00e3o universidade-empresa, principalmente relacionados \u00e0 gest\u00e3o integrada dos projetos e \u00e0 consolida\u00e7\u00e3o dos resultados na melhor forma para ambas as partes.<br>Tomando como caso de estudo principal a parceria de Pesquisa e Desenvolvimento (P&amp;D) firmada entre o grupo Stone Co. e o LAMPS &#8211; Laboratory of Applied Mathematical Programming and Statistics, da PUC-Rio, este artigo discute a Coopera\u00e7\u00e3o Universidade-Empresa, na \u00e1rea da Ci\u00eancia de Dados, trazendo reflex\u00f5es sobre como transpor os desafios mais comuns e tirar o melhor proveito de uma iniciativa como essa.<\/p>\n\n\n\n<h4 class=\"wp-block-heading\">Autores<\/h4>\n\n\n\n<div class=\"wp-block-media-text alignwide is-stacked-on-mobile\" style=\"grid-template-columns:21% auto\"><figure class=\"wp-block-media-text__media\"><img loading=\"lazy\" decoding=\"async\" width=\"1020\" height=\"1024\" src=\"https:\/\/sbbd.org.br\/2022\/wp-content\/uploads\/sites\/15\/2022\/09\/IMG_1959-1020x1024.jpg\" alt=\"\" class=\"wp-image-6521 size-full\" srcset=\"https:\/\/sbbd.org.br\/2022\/wp-content\/uploads\/sites\/15\/2022\/09\/IMG_1959-1020x1024.jpg 1020w, https:\/\/sbbd.org.br\/2022\/wp-content\/uploads\/sites\/15\/2022\/09\/IMG_1959-300x300.jpg 300w, https:\/\/sbbd.org.br\/2022\/wp-content\/uploads\/sites\/15\/2022\/09\/IMG_1959-150x150.jpg 150w, https:\/\/sbbd.org.br\/2022\/wp-content\/uploads\/sites\/15\/2022\/09\/IMG_1959-768x771.jpg 768w, https:\/\/sbbd.org.br\/2022\/wp-content\/uploads\/sites\/15\/2022\/09\/IMG_1959-1530x1536.jpg 1530w, https:\/\/sbbd.org.br\/2022\/wp-content\/uploads\/sites\/15\/2022\/09\/IMG_1959-2040x2048.jpg 2040w\" sizes=\"auto, (max-width: 1020px) 100vw, 1020px\" \/><\/figure><div class=\"wp-block-media-text__content\">\n<p style=\"font-size:17px\"><strong>Marcelo Ruas<\/strong>, cientista de dados da Stone<\/p>\n<\/div><\/div>\n\n\n\n<hr class=\"wp-block-separator has-css-opacity\" \/>\n\n\n\n<div class=\"wp-block-media-text alignwide is-stacked-on-mobile\" style=\"grid-template-columns:21% auto\"><figure class=\"wp-block-media-text__media\"><img loading=\"lazy\" decoding=\"async\" width=\"800\" height=\"800\" src=\"https:\/\/sbbd.org.br\/2022\/wp-content\/uploads\/sites\/15\/2022\/09\/fontoura.jpg\" alt=\"\" class=\"wp-image-6522 size-full\" srcset=\"https:\/\/sbbd.org.br\/2022\/wp-content\/uploads\/sites\/15\/2022\/09\/fontoura.jpg 800w, https:\/\/sbbd.org.br\/2022\/wp-content\/uploads\/sites\/15\/2022\/09\/fontoura-300x300.jpg 300w, https:\/\/sbbd.org.br\/2022\/wp-content\/uploads\/sites\/15\/2022\/09\/fontoura-150x150.jpg 150w, https:\/\/sbbd.org.br\/2022\/wp-content\/uploads\/sites\/15\/2022\/09\/fontoura-768x768.jpg 768w\" sizes=\"auto, (max-width: 800px) 100vw, 800px\" \/><\/figure><div class=\"wp-block-media-text__content\">\n<p style=\"font-size:17px\"><strong>Marcus Fontoura<\/strong>, CTO da Stone<\/p>\n<\/div><\/div>\n\n\n\n<hr class=\"wp-block-separator has-css-opacity\" \/>\n\n\n\n<p><br><\/p>\n","protected":false},"excerpt":{"rendered":"<p>Coopera\u00e7\u00e3o Universidade-Empresa na \u00e1rea de Ci\u00eancia de Dados &#8211; um case Stone Co. e PUC-Rio Resumo A coopera\u00e7\u00e3o entre o&hellip; <\/p>\n","protected":false},"author":18,"featured_media":0,"parent":0,"menu_order":0,"comment_status":"closed","ping_status":"closed","template":"","meta":{"footnotes":""},"class_list":["post-6519","page","type-page","status-publish","hentry"],"_links":{"self":[{"href":"https:\/\/sbbd.org.br\/2022\/wp-json\/wp\/v2\/pages\/6519","targetHints":{"allow":["GET"]}}],"collection":[{"href":"https:\/\/sbbd.org.br\/2022\/wp-json\/wp\/v2\/pages"}],"about":[{"href":"https:\/\/sbbd.org.br\/2022\/wp-json\/wp\/v2\/types\/page"}],"author":[{"embeddable":true,"href":"https:\/\/sbbd.org.br\/2022\/wp-json\/wp\/v2\/users\/18"}],"replies":[{"embeddable":true,"href":"https:\/\/sbbd.org.br\/2022\/wp-json\/wp\/v2\/comments?post=6519"}],"version-history":[{"count":3,"href":"https:\/\/sbbd.org.br\/2022\/wp-json\/wp\/v2\/pages\/6519\/revisions"}],"predecessor-version":[{"id":6524,"href":"https:\/\/sbbd.org.br\/2022\/wp-json\/wp\/v2\/pages\/6519\/revisions\/6524"}],"wp:attachment":[{"href":"https:\/\/sbbd.org.br\/2022\/wp-json\/wp\/v2\/media?parent=6519"}],"curies":[{"name":"wp","href":"https:\/\/api.w.org\/{rel}","templated":true}]}}