{"id":6458,"date":"2022-09-06T13:26:30","date_gmt":"2022-09-06T16:26:30","guid":{"rendered":"https:\/\/sbbd.org.br\/2022\/?page_id=6458"},"modified":"2022-09-11T15:42:28","modified_gmt":"2022-09-11T18:42:28","slug":"workshop-dexea","status":"publish","type":"page","link":"https:\/\/sbbd.org.br\/2022\/workshop-dexea\/","title":{"rendered":"Workshop DEXEA &#8211; Tend\u00eancias Detectadas e Cen\u00e1rios Futuros de Extremos Clim\u00e1ticos: Dados Observados e Modelagem Num\u00e9rica"},"content":{"rendered":"\n<h4 class=\"wp-block-heading\">Resumo<\/h4>\n\n\n\n<p>Extremos clim\u00e1ticos t\u00eam o potencial de ocasionar graves danos ambientais e preju\u00edzos nos mais diversos setores socioecon\u00f4micos. Os \u00faltimos relat\u00f3rios do Painel Intergovernamental sobre Mudan\u00e7as Clim\u00e1ticas (IPCC) mostram que tais eventos clim\u00e1ticos extremos t\u00eam se tornado mais frequentes e intensos em diversas \u00e1reas do globo. O maior desafio para a detec\u00e7\u00e3o de tend\u00eancias no decorrer dos \u00faltimos anos \u00e9 a consolida\u00e7\u00e3o de um robusto banco de dados di\u00e1rios de vari\u00e1veis meteorol\u00f3gicas, como temperatura do ar e precipita\u00e7\u00e3o. Desse modo, v\u00e1rias pesquisas v\u00eam reunindo e analisando esses dados para a identifica\u00e7\u00e3o de poss\u00edveis mudan\u00e7as no comportamento dos epis\u00f3dios extremos. No Brasil, h\u00e1 uma tend\u00eancia quase que geral de aumento dos dias e noites extremamente quentes, assim como das chuvas intensas e secas prolongadas em determinadas regi\u00f5es. O estado da arte em simula\u00e7\u00e3o clim\u00e1tica para as pr\u00f3ximas d\u00e9cadas prov\u00e9m dos modelos num\u00e9ricos que representam o sistema clim\u00e1tico terrestre. Trata-se da simula\u00e7\u00e3o de complexas intera\u00e7\u00f5es conforme as emiss\u00f5es de gases de efeito estufa com o objetivo de projetar tend\u00eancias at\u00e9 o final do s\u00e9culo XXI. Nesse sentido, muitos trabalhos v\u00eam mostrando uma continuidade dos eventos clim\u00e1ticos extremos para o futuro em grande parte do planeta, como eleva\u00e7\u00e3o na dura\u00e7\u00e3o e frequ\u00eancia de ondas de calor, bem como acentuados acumulados de chuva ocorrendo em curtos per\u00edodos. A preocupa\u00e7\u00e3o com o clima futuro motiva estudos que aprimorem a predi\u00e7\u00e3o de tais eventos severos no curt\u00edssimo prazo, especialmente por meio de t\u00e9cnicas de intelig\u00eancia artificial.<\/p>\n\n\n\n<h4 class=\"wp-block-heading\">Palestrante<\/h4>\n\n\n\n<div class=\"wp-block-media-text alignwide is-stacked-on-mobile\" style=\"grid-template-columns:21% auto\"><figure class=\"wp-block-media-text__media\"><img loading=\"lazy\" decoding=\"async\" width=\"300\" height=\"300\" src=\"https:\/\/sbbd.org.br\/2022\/wp-content\/uploads\/sites\/15\/2022\/09\/Wanderson_Keynote_Dexea.jpeg\" alt=\"\" class=\"wp-image-6460 size-full\" srcset=\"https:\/\/sbbd.org.br\/2022\/wp-content\/uploads\/sites\/15\/2022\/09\/Wanderson_Keynote_Dexea.jpeg 300w, https:\/\/sbbd.org.br\/2022\/wp-content\/uploads\/sites\/15\/2022\/09\/Wanderson_Keynote_Dexea-150x150.jpeg 150w\" sizes=\"auto, (max-width: 300px) 100vw, 300px\" \/><\/figure><div class=\"wp-block-media-text__content\">\n<p style=\"font-size:17px\"><strong>Wanderson Luiz Silva<\/strong> (UFRJ)<\/p>\n\n\n\n<p>\u00e9 Meteorologista, Mestre em Meteorologia e Doutor em Engenharia Civil (\u00c1rea de Meio Ambiente e Recursos H\u00eddricos) pela Universidade Federal do Rio de Janeiro (UFRJ). Atualmente \u00e9 Professor Adjunto, Pesquisador e Chefe do Departamento de Meteorologia da UFRJ e Coordenador do Laborat\u00f3rio de Previs\u00e3o de Curt\u00edssimo Prazo e Eventos Extremos. Atua tamb\u00e9m como Professor Colaborador no Programa de P\u00f3s-Gradua\u00e7\u00e3o (Mestrado e Doutorado) em Meteorologia da UFRJ e no Programa de P\u00f3s-Gradua\u00e7\u00e3o (Mestrado Profissional) em Defesa e Seguran\u00e7a Civil da Universidade Federal Fluminense (UFF) e como Conselheiro Regional Suplente para a categoria de Agronomia do CREA-RJ. Foi Profissional Pesquisador no Centro de Pesquisas de Energia El\u00e9trica (CEPEL) entre 2014 e 2021.<\/p>\n<\/div><\/div>\n\n\n\n<hr class=\"wp-block-separator has-css-opacity\" \/>\n","protected":false},"excerpt":{"rendered":"<p>Resumo Extremos clim\u00e1ticos t\u00eam o potencial de ocasionar graves danos ambientais e preju\u00edzos nos mais diversos setores socioecon\u00f4micos. Os \u00faltimos&hellip; <\/p>\n","protected":false},"author":18,"featured_media":0,"parent":0,"menu_order":0,"comment_status":"closed","ping_status":"closed","template":"","meta":{"footnotes":""},"class_list":["post-6458","page","type-page","status-publish","hentry"],"_links":{"self":[{"href":"https:\/\/sbbd.org.br\/2022\/wp-json\/wp\/v2\/pages\/6458","targetHints":{"allow":["GET"]}}],"collection":[{"href":"https:\/\/sbbd.org.br\/2022\/wp-json\/wp\/v2\/pages"}],"about":[{"href":"https:\/\/sbbd.org.br\/2022\/wp-json\/wp\/v2\/types\/page"}],"author":[{"embeddable":true,"href":"https:\/\/sbbd.org.br\/2022\/wp-json\/wp\/v2\/users\/18"}],"replies":[{"embeddable":true,"href":"https:\/\/sbbd.org.br\/2022\/wp-json\/wp\/v2\/comments?post=6458"}],"version-history":[{"count":3,"href":"https:\/\/sbbd.org.br\/2022\/wp-json\/wp\/v2\/pages\/6458\/revisions"}],"predecessor-version":[{"id":6528,"href":"https:\/\/sbbd.org.br\/2022\/wp-json\/wp\/v2\/pages\/6458\/revisions\/6528"}],"wp:attachment":[{"href":"https:\/\/sbbd.org.br\/2022\/wp-json\/wp\/v2\/media?parent=6458"}],"curies":[{"name":"wp","href":"https:\/\/api.w.org\/{rel}","templated":true}]}}