{"id":6317,"date":"2022-08-29T13:43:36","date_gmt":"2022-08-29T16:43:36","guid":{"rendered":"https:\/\/sbbd.org.br\/2022\/?page_id=6317"},"modified":"2022-09-22T13:33:49","modified_gmt":"2022-09-22T16:33:49","slug":"dsw-program","status":"publish","type":"page","link":"https:\/\/sbbd.org.br\/2022\/dsw-program\/","title":{"rendered":"DSW"},"content":{"rendered":"\n<div style=\"height:31px\" aria-hidden=\"true\" class=\"wp-block-spacer\"><\/div>\n\n\n\n<h3 class=\"wp-block-heading\" id=\"ST2\">Dataset Showcase Workshop<\/h3>\n\n\n\n<h4 class=\"wp-block-heading\" id=\"ST1\"><mark class=\"has-inline-color has-vivid-purple-color\">Segunda-feira, 19 de setembro de 2022<\/mark><\/h4>\n\n\n\n<div style=\"height:4px\" aria-hidden=\"true\" class=\"wp-block-spacer\"><\/div>\n\n\n\n<figure class=\"wp-block-table has-small-font-size\"><table><thead><tr><th class=\"has-text-align-center\" data-align=\"center\">Hor\u00e1rio<\/th><th>Artigo \/ Atividade<\/th><th>Tema<\/th><\/tr><\/thead><tbody><tr><td class=\"has-text-align-center\" data-align=\"center\">15:00<\/td><td>Abertura<\/td><td><\/td><\/tr><tr><td class=\"has-text-align-center\" data-align=\"center\">15:05<\/td><td>Um Dataset Enriquecido com Dados Extra\u00eddos da Web para Aplica\u00e7\u00f5es de Georreferenciamento<\/td><td>Agro<\/td><\/tr><tr><td class=\"has-text-align-center\" data-align=\"center\">15:25<\/td><td>Proposta de um Dataset para a Agricultura Utilizando Dicion\u00e1rio de Termos Agrovoc como Fonte de Dados<\/td><td>Agro<\/td><\/tr><tr><td class=\"has-text-align-center\" data-align=\"center\">15:45<\/td><td>LiPSet: Um conjunto de Dados com Documentos Rotulados de Licita\u00e7\u00f5es P\u00fablicas<\/td><td>Institui\u00e7\u00f5es P\u00fablicas<\/td><\/tr><tr><td class=\"has-text-align-center\" data-align=\"center\">16:05<\/td><td>Indicadores e Dados Municipais: Um banco de dados para avaliar a eficie\u0302ncia das despesas pu\u0301blicas<\/td><td>Institui\u00e7\u00f5es P\u00fablicas<\/td><\/tr><tr><td class=\"has-text-align-center\" data-align=\"center\">16:25<\/td><td>Dataset de Estimativas populacionais desagregada por munic\u00edpio e idade 2014-2020<\/td><td>Educa\u00e7\u00e3o em Computa\u00e7\u00e3o<\/td><\/tr><tr><td class=\"has-text-align-center\" data-align=\"center\">16:45<\/td><td>Elabora\u00e7\u00e3o do conjunto de dados agregados do censo da educa\u00e7\u00e3o b\u00e1sica<\/td><td>Educa\u00e7\u00e3o em Computa\u00e7\u00e3o<\/td><\/tr><tr><td class=\"has-text-align-center\" data-align=\"center\"><\/td><td>Intervalo<\/td><td><\/td><\/tr><tr><td class=\"has-text-align-center\" data-align=\"center\">17:30<\/td><td>RODA DE CONVERSA com pesquisador(a) convidado(a)<\/td><td><\/td><\/tr><tr><td class=\"has-text-align-center\" data-align=\"center\">17:50<\/td><td>Cria\u00e7\u00e3o de Conjuntos de Dados Textuais Jur\u00eddicos em Portugu\u00eas a partir de Processo de Extra\u00e7\u00e3o e Heur\u00edstica<\/td><td>PLN<\/td><\/tr><tr><td class=\"has-text-align-center\" data-align=\"center\">18:10<\/td><td>Wiki evolution: Wikipedia english revision articles represented through quality atributes<\/td><td>PLN<\/td><\/tr><tr><td class=\"has-text-align-center\" data-align=\"center\">18:30<\/td><td>Textual Datasets For Portuguese-Brazilian Language Models<\/td><td>PLN<\/td><\/tr><tr><td class=\"has-text-align-center\" data-align=\"center\">18:50<\/td><td>Encerramento<\/td><td><\/td><\/tr><\/tbody><\/table><figcaption>15min de apresenta\u00e7\u00e3o + 5 de perguntas + ABERTURA\/ENCERRAMENTO + RODA DE CONVERSA<\/figcaption><\/figure>\n\n\n\n<hr class=\"wp-block-separator has-css-opacity\" \/>\n\n\n\n<div style=\"height:30px\" aria-hidden=\"true\" class=\"wp-block-spacer\"><\/div>\n\n\n\n<p><a href=\"https:\/\/photos.google.com\/share\/AF1QipPChcVvogOGB8YAGrLEKuNHGngDnQAoGWxymQsk0vI10b2GM2TQEBEnZzdzGM8FiA?key=c09XVkZXMHdUdE1xbmRVM2o3YzYzNFV5MkZWOHFR\">Fotos do evento<\/a><\/p>\n","protected":false},"excerpt":{"rendered":"<p>Dataset Showcase Workshop Segunda-feira, 19 de setembro de 2022 Hor\u00e1rio Artigo \/ Atividade Tema 15:00 Abertura 15:05 Um Dataset Enriquecido&hellip; <\/p>\n","protected":false},"author":18,"featured_media":0,"parent":0,"menu_order":0,"comment_status":"closed","ping_status":"closed","template":"","meta":{"footnotes":""},"class_list":["post-6317","page","type-page","status-publish","hentry"],"_links":{"self":[{"href":"https:\/\/sbbd.org.br\/2022\/wp-json\/wp\/v2\/pages\/6317","targetHints":{"allow":["GET"]}}],"collection":[{"href":"https:\/\/sbbd.org.br\/2022\/wp-json\/wp\/v2\/pages"}],"about":[{"href":"https:\/\/sbbd.org.br\/2022\/wp-json\/wp\/v2\/types\/page"}],"author":[{"embeddable":true,"href":"https:\/\/sbbd.org.br\/2022\/wp-json\/wp\/v2\/users\/18"}],"replies":[{"embeddable":true,"href":"https:\/\/sbbd.org.br\/2022\/wp-json\/wp\/v2\/comments?post=6317"}],"version-history":[{"count":11,"href":"https:\/\/sbbd.org.br\/2022\/wp-json\/wp\/v2\/pages\/6317\/revisions"}],"predecessor-version":[{"id":6710,"href":"https:\/\/sbbd.org.br\/2022\/wp-json\/wp\/v2\/pages\/6317\/revisions\/6710"}],"wp:attachment":[{"href":"https:\/\/sbbd.org.br\/2022\/wp-json\/wp\/v2\/media?parent=6317"}],"curies":[{"name":"wp","href":"https:\/\/api.w.org\/{rel}","templated":true}]}}