{"id":6276,"date":"2022-08-29T09:55:50","date_gmt":"2022-08-29T12:55:50","guid":{"rendered":"https:\/\/sbbd.org.br\/2022\/?page_id=6276"},"modified":"2022-09-16T15:54:33","modified_gmt":"2022-09-16T18:54:33","slug":"palestrantes-program","status":"publish","type":"page","link":"https:\/\/sbbd.org.br\/2022\/palestrantes-program\/","title":{"rendered":"Palestrantes convidados"},"content":{"rendered":"\n<div style=\"height:19px\" aria-hidden=\"true\" class=\"wp-block-spacer\"><\/div>\n\n\n\n<h4 class=\"wp-block-heading\" id=\"ST1\"><mark class=\"has-inline-color has-vivid-purple-color\">Segunda-feira, 19 de setembro de 2022<\/mark><\/h4>\n\n\n\n<div style=\"height:4px\" aria-hidden=\"true\" class=\"wp-block-spacer\"><\/div>\n\n\n\n<figure class=\"wp-block-table has-small-font-size\"><table><thead><tr><th class=\"has-text-align-center\" data-align=\"center\">Hor\u00e1rio<\/th><th>Palestra<\/th><\/tr><\/thead><tbody><tr><td class=\"has-text-align-center\" data-align=\"center\">16:00<br>17:00<\/td><td>WORKSHOP COLOCALIZADO <a href=\"https:\/\/sbbd.org.br\/2022\/dexea-program\/\">DEXEA<\/a><br><a href=\"https:\/\/sbbd.org.br\/2022\/workshop-dexea\/\">Tend\u00eancias Detectadas e Cen\u00e1rios Futuros de Extremos Clim\u00e1ticos: Dados Observados e Modelagem Num\u00e9rica<\/a><a href=\"https:\/\/sbbd.org.br\/2022\/palestrante-1\/\"><br><\/a>Wanderson Luiz Silva<\/td><\/tr><\/tbody><\/table><\/figure>\n\n\n\n<figure class=\"wp-block-table has-small-font-size\"><table><thead><tr><th class=\"has-text-align-center\" data-align=\"center\">Hor\u00e1rio<\/th><th>Palestra<\/th><\/tr><\/thead><tbody><tr><td class=\"has-text-align-center\" data-align=\"center\">19:30<br>20:30<\/td><td>Minute Madness<br><strong>Abertura informal &#8211; Palestra \u2013 <a href=\"https:\/\/sbbd.org.br\/2022\/abertura%20informal\/\">O Projeto Portinari: Ci\u00eancia e Tecnologia promovem Arte e Cultura<\/a><\/strong><br>com Jo\u00e3o Candido Portinari<\/td><\/tr><\/tbody><\/table><\/figure>\n\n\n\n<hr class=\"wp-block-separator has-css-opacity\" \/>\n\n\n\n<h4 class=\"wp-block-heading\" id=\"ST1\"><mark class=\"has-inline-color has-vivid-purple-color\">Ter\u00e7a-feira, 20 de setembro de 2022<\/mark><\/h4>\n\n\n\n<figure class=\"wp-block-table has-small-font-size\"><table><thead><tr><th class=\"has-text-align-center\" data-align=\"center\">Hor\u00e1rio<\/th><th class=\"has-text-align-center\" data-align=\"center\">Chair<\/th><th>Palestra<\/th><\/tr><\/thead><tbody><tr><td class=\"has-text-align-center\" data-align=\"center\"><\/td><td class=\"has-text-align-center\" data-align=\"center\"><\/td><td><strong>EVENTO PRINCIPAL<\/strong> <strong>SBBD 2022<\/strong><\/td><\/tr><tr><td class=\"has-text-align-center\" data-align=\"center\">11:50<br>13:15<\/td><td class=\"has-text-align-center\" data-align=\"center\">Karin Becker (UFRGS, Brasil)<\/td><td><a href=\"https:\/\/sbbd.org.br\/2022\/palestrante-1\/\">Responsible Data Management<br><\/a>Julia Stoyanovich (New York University, USA)<\/td><\/tr><tr><td class=\"has-text-align-center\" data-align=\"center\">15:15<br>17:00<\/td><td class=\"has-text-align-center\" data-align=\"center\"><\/td><td>WORKSHOP COLOCALIZADO <a href=\"https:\/\/sbbd.org.br\/2022\/dbai-program\/\">DB+AI<\/a><br><a href=\"https:\/\/sbbd.org.br\/2022\/workshop-db-ai-using-provenance-to-steer-hyperparameter-in-deep-neural-networks\/\">Using Provenance to Steer Hyperparameter in Deep Neural Networks<\/a><strong> <\/strong><br>Marta Mattoso (COPPE\/UFRJ)<\/td><\/tr><\/tbody><\/table><\/figure>\n\n\n\n<hr class=\"wp-block-separator has-css-opacity\" \/>\n\n\n\n<h4 class=\"wp-block-heading\" id=\"ST1\"><mark class=\"has-inline-color has-vivid-purple-color\">Quarta-feira, 21 de setembro de 2022<\/mark><\/h4>\n\n\n\n<div style=\"height:4px\" aria-hidden=\"true\" class=\"wp-block-spacer\"><\/div>\n\n\n\n<figure class=\"wp-block-table has-small-font-size\"><table><thead><tr><th class=\"has-text-align-center\" data-align=\"center\">Hor\u00e1rio<\/th><th class=\"has-text-align-center\" data-align=\"center\">Chair<\/th><th class=\"has-text-align-left\" data-align=\"left\">Palestra<\/th><\/tr><\/thead><tbody><tr><td class=\"has-text-align-center\" data-align=\"center\"><\/td><td class=\"has-text-align-center\" data-align=\"center\"><\/td><td class=\"has-text-align-left\" data-align=\"left\"><strong>EVENTO PRINCIPAL<\/strong> <strong>SBBD 2022<\/strong><\/td><\/tr><tr><td class=\"has-text-align-center\" data-align=\"center\">11:50<br>13:15<\/td><td class=\"has-text-align-center\" data-align=\"center\">Fabio Porto (LNCC, Brasil)<\/td><td class=\"has-text-align-left\" data-align=\"left\"><a href=\"https:\/\/sbbd.org.br\/2022\/palestrante-2\/\"><strong>Saga: Continuous Construction and Serving of Large Scale Knowledge Graphs<\/strong><br><\/a>Ihab Ilyas (University of Waterloo, Canada)<\/td><\/tr><\/tbody><\/table><\/figure>\n\n\n\n<hr class=\"wp-block-separator has-css-opacity\" \/>\n\n\n\n<h4 class=\"wp-block-heading\" id=\"ST1\"><mark class=\"has-inline-color has-vivid-purple-color\">Quinta-feira, 22 de setembro de 2022<\/mark><\/h4>\n\n\n\n<div style=\"height:4px\" aria-hidden=\"true\" class=\"wp-block-spacer\"><\/div>\n\n\n\n<figure class=\"wp-block-table has-small-font-size\"><table><thead><tr><th class=\"has-text-align-center\" data-align=\"center\">Hor\u00e1rio<\/th><th class=\"has-text-align-center\" data-align=\"center\">Chair<\/th><th>Palestra<\/th><\/tr><\/thead><tbody><tr><td class=\"has-text-align-center\" data-align=\"center\"><\/td><td class=\"has-text-align-center\" data-align=\"center\"><\/td><td><strong>EVENTO PRINCIPAL<\/strong> <strong>SBBD 2022<\/strong><\/td><\/tr><tr><td class=\"has-text-align-center\" data-align=\"center\">11:50<br>13:15<\/td><td class=\"has-text-align-center\" data-align=\"center\">Damires Souza (IFPB,Brasil)<\/td><td><a href=\"https:\/\/sbbd.org.br\/2022\/palestrante-3\/\"><strong>Restri\u00e7\u00f5es de Integridade: do Relacional aos Grafos<\/strong><br><\/a>Carmem Hara (Universidade Federal do Paran\u00e1, Brasil) &#8211; Palestrante Homenageada<\/td><\/tr><\/tbody><\/table><\/figure>\n\n\n\n<hr class=\"wp-block-separator has-css-opacity\" \/>\n\n\n\n<div style=\"height:4px\" aria-hidden=\"true\" class=\"wp-block-spacer\"><\/div>\n\n\n\n<div style=\"height:30px\" aria-hidden=\"true\" class=\"wp-block-spacer\"><\/div>\n","protected":false},"excerpt":{"rendered":"<p>Segunda-feira, 19 de setembro de 2022 Hor\u00e1rio Palestra 16:0017:00 WORKSHOP COLOCALIZADO DEXEATend\u00eancias Detectadas e Cen\u00e1rios Futuros de Extremos Clim\u00e1ticos: Dados&hellip; <\/p>\n","protected":false},"author":18,"featured_media":0,"parent":0,"menu_order":0,"comment_status":"closed","ping_status":"closed","template":"","meta":{"footnotes":""},"class_list":["post-6276","page","type-page","status-publish","hentry"],"_links":{"self":[{"href":"https:\/\/sbbd.org.br\/2022\/wp-json\/wp\/v2\/pages\/6276","targetHints":{"allow":["GET"]}}],"collection":[{"href":"https:\/\/sbbd.org.br\/2022\/wp-json\/wp\/v2\/pages"}],"about":[{"href":"https:\/\/sbbd.org.br\/2022\/wp-json\/wp\/v2\/types\/page"}],"author":[{"embeddable":true,"href":"https:\/\/sbbd.org.br\/2022\/wp-json\/wp\/v2\/users\/18"}],"replies":[{"embeddable":true,"href":"https:\/\/sbbd.org.br\/2022\/wp-json\/wp\/v2\/comments?post=6276"}],"version-history":[{"count":30,"href":"https:\/\/sbbd.org.br\/2022\/wp-json\/wp\/v2\/pages\/6276\/revisions"}],"predecessor-version":[{"id":6799,"href":"https:\/\/sbbd.org.br\/2022\/wp-json\/wp\/v2\/pages\/6276\/revisions\/6799"}],"wp:attachment":[{"href":"https:\/\/sbbd.org.br\/2022\/wp-json\/wp\/v2\/media?parent=6276"}],"curies":[{"name":"wp","href":"https:\/\/api.w.org\/{rel}","templated":true}]}}