{"id":6258,"date":"2022-08-28T20:20:16","date_gmt":"2022-08-28T23:20:16","guid":{"rendered":"https:\/\/sbbd.org.br\/2022\/?page_id=6258"},"modified":"2023-07-13T17:56:52","modified_gmt":"2023-07-13T20:56:52","slug":"tutoriais-program","status":"publish","type":"page","link":"https:\/\/sbbd.org.br\/2022\/tutoriais-program\/","title":{"rendered":"Tutoriais"},"content":{"rendered":"\n<div style=\"height:20px\" aria-hidden=\"true\" class=\"wp-block-spacer\"><\/div>\n\n\n\n<h3 class=\"wp-block-heading\"><a href=\"https:\/\/sbbd.org.br\/2022\/tutorial-estrategias-para-recuperacao-de-mmdb\/\">Tutorial 1 \u2013 Estrat\u00e9gias para recupera\u00e7\u00e3o de MMDB<\/a><br><a href=\"https:\/\/sbbd.org.br\/2022\/tutorial-the-era-of-co-designed-storage-devices\/\">Tutorial 2 \u2013 Not your Grandpa\u2019s SSD: The Era of Co-Designed Storage Devices<\/a><\/h3>\n\n\n\n<div style=\"height:22px\" aria-hidden=\"true\" class=\"wp-block-spacer\"><\/div>\n\n\n\n<h4 class=\"wp-block-heading\" id=\"ST1\"><mark class=\"has-inline-color has-vivid-purple-color\">Ter\u00e7a-feira, 20 de setembro de 2022<\/mark><\/h4>\n\n\n\n<div style=\"height:4px\" aria-hidden=\"true\" class=\"wp-block-spacer\"><\/div>\n\n\n\n<figure class=\"wp-block-table has-small-font-size\"><table><thead><tr><th class=\"has-text-align-center\" data-align=\"center\">Hor\u00e1rio<\/th><th>Programa\u00e7\u00e3o<\/th><\/tr><\/thead><tbody><tr><td class=\"has-text-align-center\" data-align=\"center\">17:30<br>19:30<\/td><td><strong>Tutorial 1 \u2013 Estrat\u00e9gias para recupera\u00e7\u00e3o de MMDB<\/strong> <a href=\"https:\/\/sol.sbc.org.br\/index.php\/sbbd_estendido\/article\/view\/21861\/21685\">Abrir PDF<\/a><br>Autores: Angelo Roncalli de Alencar Brayner (UFC), Jose Maria da Silva Monteiro Filho (UFC) e Arlino Henrique Magalhaes de Araujo (UFPI)<\/td><\/tr><\/tbody><\/table><\/figure>\n\n\n\n<hr class=\"wp-block-separator has-css-opacity\" \/>\n\n\n\n<h4 class=\"wp-block-heading\" id=\"ST1\"><mark class=\"has-inline-color has-vivid-purple-color\">Quinta-feira, 22 de setembro de 2022<\/mark><\/h4>\n\n\n\n<div style=\"height:4px\" aria-hidden=\"true\" class=\"wp-block-spacer\"><\/div>\n\n\n\n<figure class=\"wp-block-table has-small-font-size\"><table><thead><tr><th class=\"has-text-align-center\" data-align=\"center\">Hor\u00e1rio<\/th><th>Programa\u00e7\u00e3o<\/th><\/tr><\/thead><tbody><tr><td class=\"has-text-align-center\" data-align=\"center\">18:00<br>20:00<\/td><td><strong>Tutorial 2 \u2013 Not your Grandpa\u2019s SSD: The Era of Co-Designed Storage Devices<\/strong><br>Authors: Alberto Lerner (University of Fribourg, Switzerland) and Philippe Bonnet (IT University of Copenhagen, Danmark)<\/td><\/tr><\/tbody><\/table><\/figure>\n\n\n\n<hr class=\"wp-block-separator has-css-opacity\" \/>\n\n\n\n<div style=\"height:30px\" aria-hidden=\"true\" class=\"wp-block-spacer\"><\/div>\n","protected":false},"excerpt":{"rendered":"<p>Tutorial 1 \u2013 Estrat\u00e9gias para recupera\u00e7\u00e3o de MMDBTutorial 2 \u2013 Not your Grandpa\u2019s SSD: The Era of Co-Designed Storage Devices&hellip; <\/p>\n","protected":false},"author":18,"featured_media":0,"parent":0,"menu_order":0,"comment_status":"closed","ping_status":"closed","template":"","meta":{"footnotes":""},"class_list":["post-6258","page","type-page","status-publish","hentry"],"_links":{"self":[{"href":"https:\/\/sbbd.org.br\/2022\/wp-json\/wp\/v2\/pages\/6258","targetHints":{"allow":["GET"]}}],"collection":[{"href":"https:\/\/sbbd.org.br\/2022\/wp-json\/wp\/v2\/pages"}],"about":[{"href":"https:\/\/sbbd.org.br\/2022\/wp-json\/wp\/v2\/types\/page"}],"author":[{"embeddable":true,"href":"https:\/\/sbbd.org.br\/2022\/wp-json\/wp\/v2\/users\/18"}],"replies":[{"embeddable":true,"href":"https:\/\/sbbd.org.br\/2022\/wp-json\/wp\/v2\/comments?post=6258"}],"version-history":[{"count":8,"href":"https:\/\/sbbd.org.br\/2022\/wp-json\/wp\/v2\/pages\/6258\/revisions"}],"predecessor-version":[{"id":6842,"href":"https:\/\/sbbd.org.br\/2022\/wp-json\/wp\/v2\/pages\/6258\/revisions\/6842"}],"wp:attachment":[{"href":"https:\/\/sbbd.org.br\/2022\/wp-json\/wp\/v2\/media?parent=6258"}],"curies":[{"name":"wp","href":"https:\/\/api.w.org\/{rel}","templated":true}]}}