{"id":6237,"date":"2022-08-28T19:32:37","date_gmt":"2022-08-28T22:32:37","guid":{"rendered":"https:\/\/sbbd.org.br\/2022\/?page_id=6237"},"modified":"2022-08-29T10:42:47","modified_gmt":"2022-08-29T13:42:47","slug":"minicursos-program","status":"publish","type":"page","link":"https:\/\/sbbd.org.br\/2022\/minicursos-program\/","title":{"rendered":"Minicursos"},"content":{"rendered":"\n<div style=\"height:31px\" aria-hidden=\"true\" class=\"wp-block-spacer\"><\/div>\n\n\n\n<h3 class=\"wp-block-heading\"><a href=\"https:\/\/sbbd.org.br\/2022\/minicurso-1\/\">Processamento de Linguagem Natural<\/a><br><a href=\"https:\/\/sbbd.org.br\/2022\/minicurso-2\/\">Projeto de Bancos de Dados NoSQL<\/a><br><a href=\"https:\/\/sbbd.org.br\/2022\/minicurso-3\/\">Uso de Meta-Learning em Tarefas de Aprendizado\u00a0Profundo<\/a><br><a href=\"https:\/\/sbbd.org.br\/2022\/minicurso-4\/\">Introdu\u00e7\u00e3o a plataforma de grafos Neo4j<\/a><\/h3>\n\n\n\n<div style=\"height:22px\" aria-hidden=\"true\" class=\"wp-block-spacer\"><\/div>\n\n\n\n<h4 class=\"wp-block-heading\" id=\"ST1\"><mark class=\"has-inline-color has-vivid-purple-color\">Segunda-feira, 19 de setembro de 2022<\/mark><\/h4>\n\n\n\n<div style=\"height:4px\" aria-hidden=\"true\" class=\"wp-block-spacer\"><\/div>\n\n\n\n<figure class=\"wp-block-table has-small-font-size\"><table><thead><tr><th class=\"has-text-align-center\" data-align=\"center\">Hor\u00e1rio<\/th><th>Programa\u00e7\u00e3o<\/th><\/tr><\/thead><tbody><tr><td class=\"has-text-align-center\" data-align=\"center\">15:30<br>17:00<\/td><td><strong>Processamento de Linguagem Natural<\/strong><br>Autoras: Helena de Medeiros Caseli (UFSCar), Cl\u00e1udia Freitas (PUC-Rio), Roberta Viola (consultoria Kunumi)<\/td><\/tr><tr><td class=\"has-text-align-center\" data-align=\"center\">17:00<br>17:30<\/td><td>Coffee-break<\/td><\/tr><tr><td class=\"has-text-align-center\" data-align=\"center\">17:30<br>19:00<\/td><td><strong>Processamento de Linguagem Natural<\/strong><br>Autoras: Helena de Medeiros Caseli (UFSCar), Cl\u00e1udia Freitas (PUC-Rio), Roberta Viola (consultoria Kunumi)<\/td><\/tr><\/tbody><\/table><\/figure>\n\n\n\n<hr class=\"wp-block-separator has-css-opacity\" \/>\n\n\n\n<h4 class=\"wp-block-heading\" id=\"ST1\"><mark class=\"has-inline-color has-vivid-purple-color\">Ter\u00e7a-feira, 20 de setembro de 2022<\/mark><\/h4>\n\n\n\n<div style=\"height:4px\" aria-hidden=\"true\" class=\"wp-block-spacer\"><\/div>\n\n\n\n<figure class=\"wp-block-table has-small-font-size\"><table><thead><tr><th class=\"has-text-align-center\" data-align=\"center\">Hor\u00e1rio<\/th><th>Programa\u00e7\u00e3o<\/th><\/tr><\/thead><tbody><tr><td class=\"has-text-align-center\" data-align=\"center\">09:00<br>11:30<\/td><td><strong>Introdu\u00e7\u00e3o \u00e0 plataforma de grafos Neo4j &#8211; Parte 1<\/strong><br>Instrutores: Jos\u00e9 Eduardo Machado e Felipe Nunes (Neo4j)<\/td><\/tr><tr><td class=\"has-text-align-center\" data-align=\"center\">15:00<br>16:30<\/td><td><strong>Projeto de Bancos de Dados NoSQL<\/strong><br>Instrutores: Angelo Augusto Frozza (IFC), Geomar Andr\u00e9 Schreiner (UNOESC), Ronaldo dos Santos Mello (UFSC)<\/td><\/tr><tr><td class=\"has-text-align-center\" data-align=\"center\">17:00<br>17:30<\/td><td>Coffee-break<\/td><\/tr><tr><td class=\"has-text-align-center\" data-align=\"center\">17:30<br>19:00<\/td><td><strong>Projeto de Bancos de Dados NoSQL<\/strong><br>Instrutores: Angelo Augusto Frozza (IFC), Geomar Andr\u00e9 Schreiner (UNOESC), Ronaldo dos Santos Mello (UFSC)<\/td><\/tr><\/tbody><\/table><\/figure>\n\n\n\n<hr class=\"wp-block-separator has-css-opacity\" \/>\n\n\n\n<h4 class=\"wp-block-heading\" id=\"ST1\"><mark class=\"has-inline-color has-vivid-purple-color\">Quarta-feira, 21 de setembro de 2022<\/mark><\/h4>\n\n\n\n<div style=\"height:4px\" aria-hidden=\"true\" class=\"wp-block-spacer\"><\/div>\n\n\n\n<figure class=\"wp-block-table has-small-font-size\"><table><thead><tr><th class=\"has-text-align-center\" data-align=\"center\">Hor\u00e1rio<\/th><th>Programa\u00e7\u00e3o<\/th><\/tr><\/thead><tbody><tr><td class=\"has-text-align-center\" data-align=\"center\">09:00<br>11:30<\/td><td><strong>Introdu\u00e7\u00e3o \u00e0 plataforma de grafos Neo4j &#8211; Parte <\/strong>2<br>Instrutores: Jos\u00e9 Eduardo Machado e Felipe Nunes (Neo4j)<\/td><\/tr><tr><td class=\"has-text-align-center\" data-align=\"center\">15:00<br>16:30<\/td><td><strong>Uso de Meta-Learning em Tarefas de Aprendizado Profundo<\/strong><br>Lu\u00eds Gustavo Coutinho do R\u00eago (UFC), B\u00e1rbara St\u00e9phanie Neves Oliveira (UFC), Lucas Peres Gaspar (UFC), Jo\u00e3o Ara\u00fajo Castelo Branco (UFC), Jos\u00e9 Ant\u00f4nio Fernandes de Mac\u00eado (UFC)<\/td><\/tr><tr><td class=\"has-text-align-center\" data-align=\"center\">17:00<br>17:30<\/td><td>Coffee-break<\/td><\/tr><tr><td class=\"has-text-align-center\" data-align=\"center\">18:00<br>19:30<\/td><td><strong>Uso de Meta-Learning em Tarefas de Aprendizado Profundo<\/strong><br>Lu\u00eds Gustavo Coutinho do R\u00eago (UFC), B\u00e1rbara St\u00e9phanie Neves Oliveira (UFC), Lucas Peres Gaspar (UFC), Jo\u00e3o Ara\u00fajo Castelo Branco (UFC), Jos\u00e9 Ant\u00f4nio Fernandes de Mac\u00eado (UFC)<\/td><\/tr><\/tbody><\/table><\/figure>\n\n\n\n<hr class=\"wp-block-separator has-css-opacity\" \/>\n\n\n\n<div style=\"height:30px\" aria-hidden=\"true\" class=\"wp-block-spacer\"><\/div>\n","protected":false},"excerpt":{"rendered":"<p>Processamento de Linguagem NaturalProjeto de Bancos de Dados NoSQLUso de Meta-Learning em Tarefas de Aprendizado\u00a0ProfundoIntrodu\u00e7\u00e3o a plataforma de grafos Neo4j&hellip; <\/p>\n","protected":false},"author":18,"featured_media":0,"parent":0,"menu_order":0,"comment_status":"closed","ping_status":"closed","template":"","meta":{"footnotes":""},"class_list":["post-6237","page","type-page","status-publish","hentry"],"_links":{"self":[{"href":"https:\/\/sbbd.org.br\/2022\/wp-json\/wp\/v2\/pages\/6237","targetHints":{"allow":["GET"]}}],"collection":[{"href":"https:\/\/sbbd.org.br\/2022\/wp-json\/wp\/v2\/pages"}],"about":[{"href":"https:\/\/sbbd.org.br\/2022\/wp-json\/wp\/v2\/types\/page"}],"author":[{"embeddable":true,"href":"https:\/\/sbbd.org.br\/2022\/wp-json\/wp\/v2\/users\/18"}],"replies":[{"embeddable":true,"href":"https:\/\/sbbd.org.br\/2022\/wp-json\/wp\/v2\/comments?post=6237"}],"version-history":[{"count":14,"href":"https:\/\/sbbd.org.br\/2022\/wp-json\/wp\/v2\/pages\/6237\/revisions"}],"predecessor-version":[{"id":6303,"href":"https:\/\/sbbd.org.br\/2022\/wp-json\/wp\/v2\/pages\/6237\/revisions\/6303"}],"wp:attachment":[{"href":"https:\/\/sbbd.org.br\/2022\/wp-json\/wp\/v2\/media?parent=6237"}],"curies":[{"name":"wp","href":"https:\/\/api.w.org\/{rel}","templated":true}]}}