{"id":6221,"date":"2022-08-28T19:03:51","date_gmt":"2022-08-28T22:03:51","guid":{"rendered":"https:\/\/sbbd.org.br\/2022\/?page_id=6221"},"modified":"2023-07-13T18:14:13","modified_gmt":"2023-07-13T21:14:13","slug":"dbai-program","status":"publish","type":"page","link":"https:\/\/sbbd.org.br\/2022\/dbai-program\/","title":{"rendered":"DB+AI"},"content":{"rendered":"\n<div style=\"height:20px\" aria-hidden=\"true\" class=\"wp-block-spacer\"><\/div>\n\n\n\n<h3 class=\"wp-block-heading\" id=\"ST2\">1\u00ba Workshop Brasileiro de Integra\u00e7\u00e3o de Bancos de Dados e Intelig\u00eancia Artificial<\/h3>\n\n\n\n<h4 class=\"wp-block-heading\" id=\"ST1\"><mark class=\"has-inline-color has-vivid-purple-color\">Ter\u00e7a-feira, 20 de setembro de 2022<\/mark><\/h4>\n\n\n\n<div style=\"height:4px\" aria-hidden=\"true\" class=\"wp-block-spacer\"><\/div>\n\n\n\n<figure class=\"wp-block-table has-small-font-size\"><table><thead><tr><th class=\"has-text-align-center\" data-align=\"center\">Hor\u00e1rio<\/th><th>Programa\u00e7\u00e3o<\/th><\/tr><\/thead><tbody><tr><td class=\"has-text-align-center\" data-align=\"center\">15:00<br>15:15<\/td><td>Abertura do Workshop. Aline Paes (IC\/UFF) Daniel de Oliveira (IC\/UFF), Marcos Bedo (INFES\/UFF)<\/td><\/tr><tr><td class=\"has-text-align-center\" data-align=\"center\">15:15<br>17:00<\/td><td><strong>Using Provenance to Steer Hyperparameter in Deep Neural Networks<\/strong><br>Palestrante convidada: Marta Mattoso (COPPE\/UFRJ)<\/td><\/tr><tr><td class=\"has-text-align-center\" data-align=\"center\">17:00<br>17:30<\/td><td>Coffee-Break<\/td><\/tr><tr><td class=\"has-text-align-center\" data-align=\"center\">17:30<br>18:05<\/td><td><strong>Integrating Machine Learning Model Ensembles to the SAVIME Database System<\/strong> <a href=\"https:\/\/sol.sbc.org.br\/index.php\/sbbd_estendido\/article\/view\/21870\/21694\">Abrir PDF<\/a><br>Andreson Silva (LNCC), Patrick Valduriez (INRIA), Fabio Porto (LNCC)<\/td><\/tr><tr><td class=\"has-text-align-center\" data-align=\"center\">18:05<br>18:40<\/td><td><strong>Learned Index Baseado na Predi\u00e7\u00e3o de V\u00e9rtices iniciais em Grafos de Proximidade<\/strong> <a href=\"https:\/\/sol.sbc.org.br\/index.php\/sbbd_estendido\/article\/view\/21869\/21693\">Abrir PDF<\/a><br>Matheus B. Bastos (UEL) e Daniel S. Kaster (UEL)<\/td><\/tr><tr><td class=\"has-text-align-center\" data-align=\"center\">18:40<br>19:15<\/td><td><strong>M\u00e9todos de Sele\u00e7\u00e3o de Piv\u00f4s: Uma avalia\u00e7\u00e3o experimental<\/strong> <a href=\"https:\/\/sol.sbc.org.br\/index.php\/sbbd_estendido\/article\/view\/21868\/21692\">Abrir PDF<\/a><br>Jo\u00e3o V. S. Leite (INFES\/UFF), Wagner R.<\/td><\/tr><tr><td class=\"has-text-align-center\" data-align=\"center\">19:15<br>19:30<\/td><td>Encerramento do Workshop. Aline Paes (IC\/UFF) Daniel de Oliveira (IC\/UFF), Marcos Bedo (INFES\/UFF)<\/td><\/tr><\/tbody><\/table><\/figure>\n\n\n\n<hr class=\"wp-block-separator has-css-opacity\" \/>\n\n\n\n<div style=\"height:30px\" aria-hidden=\"true\" class=\"wp-block-spacer\"><\/div>\n","protected":false},"excerpt":{"rendered":"<p>1\u00ba Workshop Brasileiro de Integra\u00e7\u00e3o de Bancos de Dados e Intelig\u00eancia Artificial Ter\u00e7a-feira, 20 de setembro de 2022 Hor\u00e1rio Programa\u00e7\u00e3o&hellip; <\/p>\n","protected":false},"author":18,"featured_media":0,"parent":0,"menu_order":0,"comment_status":"closed","ping_status":"closed","template":"","meta":{"footnotes":""},"class_list":["post-6221","page","type-page","status-publish","hentry"],"_links":{"self":[{"href":"https:\/\/sbbd.org.br\/2022\/wp-json\/wp\/v2\/pages\/6221","targetHints":{"allow":["GET"]}}],"collection":[{"href":"https:\/\/sbbd.org.br\/2022\/wp-json\/wp\/v2\/pages"}],"about":[{"href":"https:\/\/sbbd.org.br\/2022\/wp-json\/wp\/v2\/types\/page"}],"author":[{"embeddable":true,"href":"https:\/\/sbbd.org.br\/2022\/wp-json\/wp\/v2\/users\/18"}],"replies":[{"embeddable":true,"href":"https:\/\/sbbd.org.br\/2022\/wp-json\/wp\/v2\/comments?post=6221"}],"version-history":[{"count":12,"href":"https:\/\/sbbd.org.br\/2022\/wp-json\/wp\/v2\/pages\/6221\/revisions"}],"predecessor-version":[{"id":6852,"href":"https:\/\/sbbd.org.br\/2022\/wp-json\/wp\/v2\/pages\/6221\/revisions\/6852"}],"wp:attachment":[{"href":"https:\/\/sbbd.org.br\/2022\/wp-json\/wp\/v2\/media?parent=6221"}],"curies":[{"name":"wp","href":"https:\/\/api.w.org\/{rel}","templated":true}]}}