{"id":6197,"date":"2022-08-28T18:41:44","date_gmt":"2022-08-28T21:41:44","guid":{"rendered":"https:\/\/sbbd.org.br\/2022\/?page_id=6197"},"modified":"2023-07-13T18:01:41","modified_gmt":"2023-07-13T21:01:41","slug":"dexea-program","status":"publish","type":"page","link":"https:\/\/sbbd.org.br\/2022\/dexea-program\/","title":{"rendered":"Dexea"},"content":{"rendered":"\n<div style=\"height:31px\" aria-hidden=\"true\" class=\"wp-block-spacer\"><\/div>\n\n\n\n<h3 class=\"wp-block-heading\" id=\"ST2\">Workshop sobre Data Driven Extreme Events Analytics<\/h3>\n\n\n\n<h4 class=\"wp-block-heading\" id=\"ST1\"><mark class=\"has-inline-color has-vivid-purple-color\">Segunda-feira, 19 de setembro de 2022<\/mark><\/h4>\n\n\n\n<div style=\"height:4px\" aria-hidden=\"true\" class=\"wp-block-spacer\"><\/div>\n\n\n\n<figure class=\"wp-block-table has-small-font-size\"><table><thead><tr><th class=\"has-text-align-center\" data-align=\"center\">Hor\u00e1rio<\/th><th>Programa\u00e7\u00e3o<\/th><\/tr><\/thead><tbody><tr><td class=\"has-text-align-center\" data-align=\"center\">14:30<br>14:45<\/td><td><strong>Opening Session<\/strong><\/td><\/tr><tr><td class=\"has-text-align-center\" data-align=\"center\">14:45<br>15:05<\/td><td><strong>Towards a Definition for Extreme Weather Events in Rio de Janeiro City<\/strong> <a href=\"https:\/\/sol.sbc.org.br\/index.php\/sbbd_estendido\/article\/view\/21862\/21686\">Abrir PDF<\/a><br>Mariza Ferro (IC-UFF\/LNCC), Eduardo Bezerra (CEFET-RJ), Eduardo Ogasawara (CEFET-RJ), Nilton Moraes (Alerta Rio), Fabio Porto (LNCC)<\/td><\/tr><tr><td class=\"has-text-align-center\" data-align=\"center\">15:05<br>15:25<\/td><td><strong>@WeatherNit: uma Plataforma Orientada a Dados para Monitoramento de Chuvas e Ocorr\u00eancias de Eventos Clim\u00e1ticos<\/strong> <a href=\"https:\/\/sol.sbc.org.br\/index.php\/sbbd_estendido\/article\/view\/21867\/21691\">Abrir PDF<\/a><br>Marcos Lage (UFF), Aline Paes (UFF), Daniel de Oliveira (UFF)<\/td><\/tr><tr><td class=\"has-text-align-center\" data-align=\"center\">15:25<br>15:45<\/td><td><strong>Analysis and Visualization of Extreme Weather Events in the City of Rio de Janeiro<\/strong> <a href=\"https:\/\/sol.sbc.org.br\/index.php\/sbbd_estendido\/article\/view\/21866\/21690\">Abrir PDF<\/a><br>Anderson Silva (LNCC), Thiago Moeda (Observat\u00f3rio Nacional), Fabio Porto (LNCC)<\/td><\/tr><tr><td class=\"has-text-align-center\" data-align=\"center\">15:45<br>16:00<\/td><td>Light Break<\/td><\/tr><tr><td class=\"has-text-align-center\" data-align=\"center\">16:00<br>17:00<\/td><td><strong>Tend\u00eancias Detectadas e Cen\u00e1rios Futuros de Extremos Clim\u00e1ticos: Dados Observados e Modelagem Num\u00e9rica<\/strong><br>Keynote speaker &#8211; Wanderson Luiz Silva<\/td><\/tr><tr><td class=\"has-text-align-center\" data-align=\"center\">17:00<br>17:30<\/td><td>Coffee-Break<\/td><\/tr><tr><td class=\"has-text-align-center\" data-align=\"center\">17:30<br>17:50<\/td><td><strong>Analysis of precipitation data in Rio de Janeiro city using Extreme Value Theory<\/strong> <a href=\"https:\/\/sol.sbc.org.br\/index.php\/sbbd_estendido\/article\/view\/21864\/21688\">Abrir PDF<\/a><br>Augusto Fonseca (CEFET-RJ), Fabio Porto (LNCC), Mariza Ferro (IC-UFF\/LNCC), Eduardo Ogasawara (CEFET-RJ), Eduardo Bezerra (CEFET-RJ).<\/td><\/tr><tr><td class=\"has-text-align-center\" data-align=\"center\">17:50<br>18:10<\/td><td><strong>Towards a cloud-based framework for online and integrated event detection<\/strong> <a href=\"https:\/\/sol.sbc.org.br\/index.php\/sbbd_estendido\/article\/view\/21865\/21689\">Abrir PDF<\/a><br>Janio Lima (CEFET-RJ), Rebecca Salles (CEFET-RJ), Luciana Escobar (CEFET-RJ), Cristiane G\u00e9a (CEFET-RJ\/UFF), Pedro Alpis Fernandes (CEFET-RJ), Esther Pacitti (INRIA), Fabio Porto (LNCC), Rafaelli Coutinho (CEFET-RJ), Eduardo Ogasawara (CEFET-RJ)<\/td><\/tr><tr><td class=\"has-text-align-center\" data-align=\"center\">18:10<br>18:30<\/td><td><strong>Evaluating ML models for Atmospheric electrical discharges forecast<\/strong> <a href=\"https:\/\/sol.sbc.org.br\/index.php\/sbbd_estendido\/article\/view\/21863\/21687\">Abrir PDF<\/a><br>Arielle Bassanelli Pereira (UNIFESP), Alvaro Fazenda (UNIFESP), Alan James Calheiros (INPE)<\/td><\/tr><tr><td class=\"has-text-align-center\" data-align=\"center\">18:30<br>19:00<\/td><td>Closing Session<\/td><\/tr><\/tbody><\/table><\/figure>\n\n\n\n<p><a href=\"https:\/\/photos.google.com\/share\/AF1QipOoLdbkkTQM3MAKvh_7m0hu8luh1EQ7X3QMEMXK9SvmTm1R9AsIT71fmm6rDXVkRw?key=elB0bU9FSGwyY2picG1uZzRmQ1F4cW16RlNXRVZn\">Fotos do evento<\/a><\/p>\n\n\n\n<hr class=\"wp-block-separator has-css-opacity\" \/>\n\n\n\n<div style=\"height:30px\" aria-hidden=\"true\" class=\"wp-block-spacer\"><\/div>\n","protected":false},"excerpt":{"rendered":"<p>Workshop sobre Data Driven Extreme Events Analytics Segunda-feira, 19 de setembro de 2022 Hor\u00e1rio Programa\u00e7\u00e3o 14:3014:45 Opening Session 14:4515:05 Towards&hellip; <\/p>\n","protected":false},"author":18,"featured_media":0,"parent":0,"menu_order":0,"comment_status":"closed","ping_status":"closed","template":"","meta":{"footnotes":""},"class_list":["post-6197","page","type-page","status-publish","hentry"],"_links":{"self":[{"href":"https:\/\/sbbd.org.br\/2022\/wp-json\/wp\/v2\/pages\/6197","targetHints":{"allow":["GET"]}}],"collection":[{"href":"https:\/\/sbbd.org.br\/2022\/wp-json\/wp\/v2\/pages"}],"about":[{"href":"https:\/\/sbbd.org.br\/2022\/wp-json\/wp\/v2\/types\/page"}],"author":[{"embeddable":true,"href":"https:\/\/sbbd.org.br\/2022\/wp-json\/wp\/v2\/users\/18"}],"replies":[{"embeddable":true,"href":"https:\/\/sbbd.org.br\/2022\/wp-json\/wp\/v2\/comments?post=6197"}],"version-history":[{"count":21,"href":"https:\/\/sbbd.org.br\/2022\/wp-json\/wp\/v2\/pages\/6197\/revisions"}],"predecessor-version":[{"id":6848,"href":"https:\/\/sbbd.org.br\/2022\/wp-json\/wp\/v2\/pages\/6197\/revisions\/6848"}],"wp:attachment":[{"href":"https:\/\/sbbd.org.br\/2022\/wp-json\/wp\/v2\/media?parent=6197"}],"curies":[{"name":"wp","href":"https:\/\/api.w.org\/{rel}","templated":true}]}}