{"id":6172,"date":"2022-08-28T15:04:57","date_gmt":"2022-08-28T18:04:57","guid":{"rendered":"https:\/\/sbbd.org.br\/2022\/?page_id=6172"},"modified":"2023-07-13T17:46:15","modified_gmt":"2023-07-13T20:46:15","slug":"demos-program","status":"publish","type":"page","link":"https:\/\/sbbd.org.br\/2022\/demos-program\/","title":{"rendered":"DEMOS"},"content":{"rendered":"\n<div style=\"height:31px\" aria-hidden=\"true\" class=\"wp-block-spacer\"><\/div>\n\n\n\n<h4 class=\"wp-block-heading\" id=\"ST1\"><mark class=\"has-inline-color has-vivid-purple-color\">Quarta-feira, 21 de setembro de 2022<\/mark><br><mark class=\"has-inline-color has-vivid-purple-color\">Quinta-feira, 22 de setembro de 2022<\/mark><\/h4>\n\n\n\n<h5 class=\"wp-block-heading\">Hor\u00e1rio: 17h \u00e0s 18h (coffee-break)<\/h5>\n\n\n\n<div style=\"height:4px\" aria-hidden=\"true\" class=\"wp-block-spacer\"><\/div>\n\n\n\n<figure class=\"wp-block-table has-small-font-size\"><table><thead><tr><th>Programa\u00e7\u00e3o<\/th><\/tr><\/thead><tbody><tr><td><strong>Legacy-DB:Uma ferramenta para valida\u00e7\u00e3o da migra\u00e7\u00e3o de dados em bases de dados heterog\u00eaneas<\/strong> <a href=\"https:\/\/sol.sbc.org.br\/index.php\/sbbd_estendido\/article\/view\/21843\/21667\">Abrir PDF<\/a><br><br>Marlon Duarte (UFC &#8211; Brasil)<br>Gustavo Moraes (UFC &#8211; Brasil)<br>Amanda D. P. Venceslay (UFC &#8211; Brasil)<br>Wellington Franco (UFC &#8211; Brasil)<br>Paulo A. L. Rego (UFC &#8211; Brasil)<br>Paulo Hon\u00f3rio (UFC &#8211; Brasil)<br><\/td><\/tr><tr><td><strong>@Minerva_web: An\u00e1lise de Colabora\u00e7\u00e3o em Processos de Neg\u00f3cio por meio de Dados de Proveni\u00eancia Multimodais<\/strong> <a href=\"https:\/\/sol.sbc.org.br\/index.php\/sbbd_estendido\/article\/view\/21844\/21668\">Abrir PDF<\/a><br><br>Ana Luisa Esposito (UFF &#8211; Brasil)<br>Lucas Ferreira (UFF &#8211; Brasil)<br>Maria Luiza Falci (UFF &#8211; Brasil)<br>Daniel de Oliveira (UFF &#8211; Brasil)<br><\/td><\/tr><tr><td><strong>Um Sistema para Consultar Eventos de Tr\u00e2nsito Hist\u00f3ricos do Waze<\/strong> <a href=\"https:\/\/sol.sbc.org.br\/index.php\/sbbd_estendido\/article\/view\/21845\/21669\">Abrir PDF<\/a><br><br>Marcos Pontarolo (UFPR &#8211; Brasil)<br>Carmem Hara (UFPR &#8211; Brasil)<br>Rebeca Schroeder (UDESC &#8211; Brasil)<br>Murilo Ferreira (UFPR \u2013 Brasil)<br><\/td><\/tr><tr><td><strong>Python OAM: apresenta\u00e7\u00e3o e uso de uma biblioteca de explicabilidade para processos de detec\u00e7\u00e3o de outliers<\/strong> <a href=\"https:\/\/sol.sbc.org.br\/index.php\/sbbd_estendido\/article\/view\/21846\/21670\">Abrir PDF<\/a><br><br>Rodrigo Santos (UTFPR &#8211; Brasil),<br>Luiz Celso Gomes Jr (UTFPR &#8211; Brasil)<br><\/td><\/tr><tr><td><strong>Exposer: Framework para Detec\u00e7\u00e3o de Anomalias em Licita\u00e7\u00f5es P\u00fablicas<\/strong><a href=\"https:\/\/sol.sbc.org.br\/index.php\/sbbd_estendido\/article\/view\/21847\/21671\"> Abrir PDF<\/a><br><br>Ednael F. V. Silva (UFPE &#8211; Brasil)<br>Liviany R. Rodrigues (UFPE &#8211; Brasil)<br>Gabriel Arnaud Fragoso (UFPE &#8211; Brasil)<br>Tiago Vinuto (Samsung Development Institute for Informatics (SiDi) &#8211; Algeria)<br>Nicksson Freitas (SiDi &#8211; Brazil)<br><\/td><\/tr><tr><td><strong>Uma Extens\u00e3o da Ferramenta brModeloWeb para o Suporte \u00e0 Defini\u00e7\u00e3o de Vis\u00f5es e Restri\u00e7\u00f5es de Integridade<\/strong> <a href=\"https:\/\/sol.sbc.org.br\/index.php\/sbbd_estendido\/article\/view\/21848\/21672\">Abrir PDF<\/a><br><br>Arthur Mota (Mercado Livre &#8211; Brasil)<br>Milton Bittencourt Neto (Mercado Livre &#8211; Brasil)<br>Ronaldo Mello (UFSC &#8211; Brasil)<br><\/td><\/tr><\/tbody><\/table><figcaption>Apresenta\u00e7\u00e3o interativa de todos os trabalhos simultaneamente. Exposi\u00e7\u00e3o de posters na \u00e1rea de Coffee Break.<\/figcaption><\/figure>\n\n\n\n<hr class=\"wp-block-separator has-css-opacity\" \/>\n\n\n\n<div style=\"height:30px\" aria-hidden=\"true\" class=\"wp-block-spacer\"><\/div>\n","protected":false},"excerpt":{"rendered":"<p>Quarta-feira, 21 de setembro de 2022Quinta-feira, 22 de setembro de 2022 Hor\u00e1rio: 17h \u00e0s 18h (coffee-break) Programa\u00e7\u00e3o Legacy-DB:Uma ferramenta para&hellip; <\/p>\n","protected":false},"author":18,"featured_media":0,"parent":0,"menu_order":0,"comment_status":"closed","ping_status":"closed","template":"","meta":{"footnotes":""},"class_list":["post-6172","page","type-page","status-publish","hentry"],"_links":{"self":[{"href":"https:\/\/sbbd.org.br\/2022\/wp-json\/wp\/v2\/pages\/6172","targetHints":{"allow":["GET"]}}],"collection":[{"href":"https:\/\/sbbd.org.br\/2022\/wp-json\/wp\/v2\/pages"}],"about":[{"href":"https:\/\/sbbd.org.br\/2022\/wp-json\/wp\/v2\/types\/page"}],"author":[{"embeddable":true,"href":"https:\/\/sbbd.org.br\/2022\/wp-json\/wp\/v2\/users\/18"}],"replies":[{"embeddable":true,"href":"https:\/\/sbbd.org.br\/2022\/wp-json\/wp\/v2\/comments?post=6172"}],"version-history":[{"count":10,"href":"https:\/\/sbbd.org.br\/2022\/wp-json\/wp\/v2\/pages\/6172\/revisions"}],"predecessor-version":[{"id":6825,"href":"https:\/\/sbbd.org.br\/2022\/wp-json\/wp\/v2\/pages\/6172\/revisions\/6825"}],"wp:attachment":[{"href":"https:\/\/sbbd.org.br\/2022\/wp-json\/wp\/v2\/media?parent=6172"}],"curies":[{"name":"wp","href":"https:\/\/api.w.org\/{rel}","templated":true}]}}