{"id":6116,"date":"2022-08-25T14:09:26","date_gmt":"2022-08-25T17:09:26","guid":{"rendered":"https:\/\/sbbd.org.br\/2022\/?page_id=6116"},"modified":"2023-07-13T17:43:19","modified_gmt":"2023-07-13T20:43:19","slug":"wtag-program","status":"publish","type":"page","link":"https:\/\/sbbd.org.br\/2022\/wtag-program\/","title":{"rendered":"WTAG"},"content":{"rendered":"\n<div style=\"height:31px\" aria-hidden=\"true\" class=\"wp-block-spacer\"><\/div>\n\n\n\n<h3 class=\"wp-block-heading\">III Workshop de Trabalhos de Alunos de Gradua\u00e7\u00e3o (WTAG)<\/h3>\n\n\n\n<h4 class=\"wp-block-heading\" id=\"ST1\"><mark class=\"has-inline-color has-vivid-purple-color\">Quinta-feira, 22 de setembro de 2022<\/mark><\/h4>\n\n\n\n<div style=\"height:4px\" aria-hidden=\"true\" class=\"wp-block-spacer\"><\/div>\n\n\n\n<figure class=\"wp-block-table has-small-font-size\"><table><thead><tr><th class=\"has-text-align-center\" data-align=\"center\">Hor\u00e1rio<\/th><th>Artigos<\/th><\/tr><\/thead><tbody><tr><td class=\"has-text-align-center\" data-align=\"center\">09:30<br>09:45<\/td><td><strong>Pr\u00e9-processamento de dados para Modelos Hidrol\u00f3gicos com o algoritmo k-Medoids: O caso do Rio Pomba<\/strong> <a href=\"https:\/\/sol.sbc.org.br\/index.php\/sbbd_estendido\/article\/view\/21835\/21659\">Abrir PDF<\/a><br>Heitor G. B. Magacho (INFES\/UFF), Wagner R. Telles (INFES\/UFF), Marcos Bedo (FMRP\/USP)<\/td><\/tr><tr><td class=\"has-text-align-center\" data-align=\"center\">09:45<br>10:00<\/td><td><strong>Visualiza\u00e7\u00e3o 3D para Bancos de Dados Orientados a Grafos: Um Estudo de Caso Utilizando Redes Sociais<\/strong> <a href=\"https:\/\/sol.sbc.org.br\/index.php\/sbbd_estendido\/article\/view\/21836\/21660\">Abrir PDF<\/a><br>Lucas C. Lemos (UnB), Celia G. Ralha (UnB)<\/td><\/tr><tr><td class=\"has-text-align-center\" data-align=\"center\">10:00<br>10:15<\/td><td><strong>Uma an\u00e1lise emp\u00edrica do efeito do Ru\u00eddo de Classe no aprendizado de Redes Neurais Artificiais<\/strong> <a href=\"https:\/\/sol.sbc.org.br\/index.php\/sbbd_estendido\/article\/view\/21837\/21661\">Abrir PDF<\/a><br>L\u00edvia de Azevedo (UFRRJ), Filipe Braida (UFRRJ)<\/td><\/tr><tr><td class=\"has-text-align-center\" data-align=\"center\">10:15<br>10:30<\/td><td><strong>An\u00e1lises comparativas entre diferentes t\u00e9cnicas de indexa\u00e7\u00e3o para dados esparsos no sistema SAVIME<\/strong> <a href=\"https:\/\/sol.sbc.org.br\/index.php\/sbbd_estendido\/article\/view\/21838\/21662\">Abrir PDF<\/a><br>Gabriel T. Vale (LNCC), Anderson Silva (LNCC), Fabio Porto (LNCC)<\/td><\/tr><tr><td class=\"has-text-align-center\" data-align=\"center\">10:30<br>10:45<\/td><td><strong>Localiza\u00e7\u00e3o de Faltas em Linhas de Transmiss\u00e3o de Energia El\u00e9trica Utilizando as Redes Neurais Recorrentes LSTM e GRU<\/strong> <a href=\"https:\/\/sol.sbc.org.br\/index.php\/sbbd_estendido\/article\/view\/21839\/21663\">Abrir PDF<\/a><br>Patrick E. M. Karvat (UFPR), Eduardo C. Almeida (UFPR), Leandro A. Ensina (UFPR), Luiz E. S. Oliveira (UFPR), Signie L. F. Santos (LACTEC), Leandro S. Bernardino (Copel)<\/td><\/tr><tr><td class=\"has-text-align-center\" data-align=\"center\">10:45<br>11:00<\/td><td><strong>DW-ENEM: a Data Warehouse for Analytics Exploration of National High School Exams Results<\/strong> <a href=\"https:\/\/sol.sbc.org.br\/index.php\/sbbd_estendido\/article\/view\/21840\/21664\">Abrir PDF<\/a><br>Saulo Fonseca (UERJ), Lucas Penedo (UERJ), Breno Antunes (UERJ), S\u00e9rgio Lifschitz (PUC-Rio), Maria Luiza Machado Campos (UFRJ), Ana Carolina Almeida (UERJ)<\/td><\/tr><tr><td class=\"has-text-align-center\" data-align=\"center\">11:00<br>11:15<\/td><td><strong>An\u00e1lise do Sucesso Musical no Brasil Utilizando Dados do Twitter<\/strong> <a href=\"https:\/\/sol.sbc.org.br\/index.php\/sbbd_estendido\/article\/view\/21841\/21665\">Abrir PDF<\/a><br>Luiza de Melo-Gomes (UFMG), Danilo B. Seufitelli (UFMG), Gabriel P. Oliveira (UFMG), Mariana O. Silva (UFMG), Mirella M. Moro (UFMG)<\/td><\/tr><tr><td class=\"has-text-align-center\" data-align=\"center\">11:15<br>11:30<\/td><td><strong>Busc@NIMA: Um sistema de recupera\u00e7\u00e3o de informa\u00e7\u00f5es com sem\u00e2ntica de meio ambiente<\/strong> <a href=\"https:\/\/sol.sbc.org.br\/index.php\/sbbd_estendido\/article\/view\/21842\/21666\">Abrir PDF<\/a><br>Andr\u00e9 L. C. R\u00eago (PUC-Rio), Daniel S. Guimar\u00e3es (PUC-Rio), Marcos V. Villas (PUC-Rio), S\u00e9rgio Lifschitz (PUC-Rio)<\/td><\/tr><\/tbody><\/table><figcaption>Tempo de apresenta\u00e7\u00e3o: 10 minutos<\/figcaption><\/figure>\n\n\n\n<hr class=\"wp-block-separator has-css-opacity\" \/>\n\n\n\n<div style=\"height:30px\" aria-hidden=\"true\" class=\"wp-block-spacer\"><\/div>\n","protected":false},"excerpt":{"rendered":"<p>III Workshop de Trabalhos de Alunos de Gradua\u00e7\u00e3o (WTAG) Quinta-feira, 22 de setembro de 2022 Hor\u00e1rio Artigos 09:3009:45 Pr\u00e9-processamento de&hellip; <\/p>\n","protected":false},"author":18,"featured_media":0,"parent":0,"menu_order":0,"comment_status":"closed","ping_status":"closed","template":"","meta":{"footnotes":""},"class_list":["post-6116","page","type-page","status-publish","hentry"],"_links":{"self":[{"href":"https:\/\/sbbd.org.br\/2022\/wp-json\/wp\/v2\/pages\/6116","targetHints":{"allow":["GET"]}}],"collection":[{"href":"https:\/\/sbbd.org.br\/2022\/wp-json\/wp\/v2\/pages"}],"about":[{"href":"https:\/\/sbbd.org.br\/2022\/wp-json\/wp\/v2\/types\/page"}],"author":[{"embeddable":true,"href":"https:\/\/sbbd.org.br\/2022\/wp-json\/wp\/v2\/users\/18"}],"replies":[{"embeddable":true,"href":"https:\/\/sbbd.org.br\/2022\/wp-json\/wp\/v2\/comments?post=6116"}],"version-history":[{"count":19,"href":"https:\/\/sbbd.org.br\/2022\/wp-json\/wp\/v2\/pages\/6116\/revisions"}],"predecessor-version":[{"id":6818,"href":"https:\/\/sbbd.org.br\/2022\/wp-json\/wp\/v2\/pages\/6116\/revisions\/6818"}],"wp:attachment":[{"href":"https:\/\/sbbd.org.br\/2022\/wp-json\/wp\/v2\/media?parent=6116"}],"curies":[{"name":"wp","href":"https:\/\/api.w.org\/{rel}","templated":true}]}}