{"id":6093,"date":"2022-08-25T13:35:56","date_gmt":"2022-08-25T16:35:56","guid":{"rendered":"https:\/\/sbbd.org.br\/2022\/?page_id=6093"},"modified":"2023-07-13T17:54:20","modified_gmt":"2023-07-13T20:54:20","slug":"wtdbd-program","status":"publish","type":"page","link":"https:\/\/sbbd.org.br\/2022\/wtdbd-program\/","title":{"rendered":"WTDBD"},"content":{"rendered":"\n<div style=\"height:24px\" aria-hidden=\"true\" class=\"wp-block-spacer\"><\/div>\n\n\n\n<h3 class=\"wp-block-heading\">Workshop de Teses e Disserta\u00e7\u00f5es em Bancos de Dados<\/h3>\n\n\n\n<h4 class=\"wp-block-heading\" id=\"ST1\"><mark class=\"has-inline-color has-vivid-purple-color\">Quarta-feira, 21 de setembro de 2022<\/mark><\/h4>\n\n\n\n<h4 class=\"wp-block-heading\" id=\"ST2\">Hor\u00e1rio 1 (14:30 &#8211; 17:00)<\/h4>\n\n\n\n<div style=\"height:4px\" aria-hidden=\"true\" class=\"wp-block-spacer\"><\/div>\n\n\n\n<figure class=\"wp-block-table has-small-font-size\"><table><thead><tr><th class=\"has-text-align-center\" data-align=\"center\">Hor\u00e1rio<\/th><th class=\"has-text-align-center\" data-align=\"center\">Tipo<\/th><th>T\u00edtulo e Autor<\/th><\/tr><\/thead><tbody><tr><td class=\"has-text-align-center\" data-align=\"center\">14:30<br>14:55<\/td><td class=\"has-text-align-center\" data-align=\"center\">D<\/td><td><strong><strong>On Generating Representative Data for Multiple Aspects Trajectory Data <a href=\"https:\/\/sol.sbc.org.br\/index.php\/sbbd_estendido\/article\/view\/21850\/21674\">Abrir PDF<\/a><br><\/strong><\/strong>Vanessa Lago Machado, Ronaldo Mello, Vania Bogorny<\/td><\/tr><tr><td class=\"has-text-align-center\" data-align=\"center\">14:55<br>15:15<\/td><td class=\"has-text-align-center\" data-align=\"center\">M<\/td><td><strong>Integra\u00e7\u00e3o e Rotula\u00e7\u00e3o Automatizada de Dados sobre o Cnid\u00e1rio Physalia physalis, usando a<\/strong> <strong>Geolocaliza\u00e7\u00e3o como Refer\u00eancia &#8211; Pesquisa de Mestrado. <a href=\"https:\/\/sol.sbc.org.br\/index.php\/sbbd_estendido\/article\/view\/21851\/21675\">Abrir PDF<\/a> <\/strong>Lisiane Reips, Carmem Hara<\/td><\/tr><tr><td class=\"has-text-align-center\" data-align=\"center\">15:15<br>15:35<\/td><td class=\"has-text-align-center\" data-align=\"center\">M<\/td><td><strong>Identifica\u00e7\u00e3o de Ocorr\u00eancias do Cnid\u00e1rio Physalia physalis em Dados Extra\u00eddos de M\u00eddias Sociais <a href=\"https:\/\/sol.sbc.org.br\/index.php\/sbbd_estendido\/article\/view\/21853\/21677\">Abrir PDF<\/a><br><\/strong>Heloisa Rocha, Carmem Hara<\/td><\/tr><tr><td class=\"has-text-align-center\" data-align=\"center\">15:35<br>16:00<\/td><td class=\"has-text-align-center\" data-align=\"center\">D<\/td><td><strong>Big Spatial Data Integration and Enrichment with Provenance Control <a href=\"https:\/\/sol.sbc.org.br\/index.php\/sbbd_estendido\/article\/view\/21856\/21680\">Abrir PDF<\/a><br><\/strong>Paulo Pintor, Jos\u00e9 Moreira, Rog\u00e9rio Luis de Carvalho Costa<\/td><\/tr><tr><td class=\"has-text-align-center\" data-align=\"center\">16:00<br>16:20<\/td><td class=\"has-text-align-center\" data-align=\"center\">M<\/td><td><strong><strong>Jun\u00e7\u00f5es por Similaridade em Espa\u00e7os Vetoriais Sem\u00e2nticos <a href=\"https:\/\/sol.sbc.org.br\/index.php\/sbbd_estendido\/article\/view\/21857\/21681\">Abrir PDF<\/a><br><\/strong><\/strong>Douglas Rolins de Santana, Leonardo Andrade Ribeiro<\/td><\/tr><tr><td class=\"has-text-align-center\" data-align=\"center\">16:20<br>16:40<\/td><td class=\"has-text-align-center\" data-align=\"center\">M<\/td><td><strong><strong>Encontrando Regras de Associa\u00e7\u00e3o sem Especificar Suporte M\u00ednimo e Confian\u00e7a M\u00ednima <a href=\"https:\/\/sol.sbc.org.br\/index.php\/sbbd_estendido\/article\/view\/21860\/21684\">Abrir PDF<\/a><br><\/strong><\/strong>Oto Cunha, Jo\u00e3o B. Rocha-Junior<\/td><\/tr><tr><td class=\"has-text-align-center\" data-align=\"center\">16:40<br>17:00<\/td><td class=\"has-text-align-center\" data-align=\"center\">M<\/td><td><strong>NAEWI &#8211; Non-rendering Approach to Extract Web Information <a href=\"https:\/\/sol.sbc.org.br\/index.php\/sbbd_estendido\/article\/view\/21859\/21683\">Abrir PDF<\/a><br><\/strong>Marcelo Canzian Nunes, Carina F. Dorneles<\/td><\/tr><\/tbody><\/table><\/figure>\n\n\n\n<hr class=\"wp-block-separator has-css-opacity\" \/>\n\n\n\n<h4 class=\"wp-block-heading\">Hor\u00e1rio 2 (18:00 &#8211; 20:00)<\/h4>\n\n\n\n<figure class=\"wp-block-table has-small-font-size\"><table><thead><tr><th class=\"has-text-align-center\" data-align=\"center\">Hor\u00e1rio<\/th><th class=\"has-text-align-center\" data-align=\"center\">Tipo<\/th><th>T\u00edtulo e Autor<\/th><\/tr><\/thead><tbody><tr><td class=\"has-text-align-center\" data-align=\"center\">18:00<br>18:25<\/td><td class=\"has-text-align-center\" data-align=\"center\">D<\/td><td><strong>Provenance, Blockchain, and Smart Contracts as a Traceable Soil Mapping Solution <a href=\"https:\/\/sol.sbc.org.br\/index.php\/sbbd_estendido\/article\/view\/21849\/21673\">Abrir PDF<\/a><br><\/strong>\u00c9lton Marinho, S\u00e9rgio Manuel Serra da Cruz, Eber Schmitz<\/td><\/tr><tr><td class=\"has-text-align-center\" data-align=\"center\">18:25<br>18:45<\/td><td class=\"has-text-align-center\" data-align=\"center\">M<\/td><td><strong><strong>Um Estudo de Modelos e Sistemas de Bancos de Dados para Redes Sociais<\/strong> <a href=\"https:\/\/sol.sbc.org.br\/index.php\/sbbd_estendido\/article\/view\/21855\/21679\">Abrir PDF<\/a><br><\/strong>Mariana Salgueiro, Sergio Lifschitz<\/td><\/tr><tr><td class=\"has-text-align-center\" data-align=\"center\">18:45<br>19:05<\/td><td class=\"has-text-align-center\" data-align=\"center\">M<\/td><td><strong>Challenges on Classifying Data Streams with Concept Drift<\/strong> <a href=\"https:\/\/sol.sbc.org.br\/index.php\/sbbd_estendido\/article\/view\/21854\/21678\">Abrir PDF<\/a><br>Eduardo Barboza, Paulo Ricardo de Almeida<\/td><\/tr><tr><td class=\"has-text-align-center\" data-align=\"center\">19:05<br>19:25<\/td><td class=\"has-text-align-center\" data-align=\"center\">M<\/td><td><strong><strong>A modular approach to Hybrid Blockchain-based and Relational Database Architectures <a href=\"https:\/\/sol.sbc.org.br\/index.php\/sbbd_estendido\/article\/view\/21858\/21682\">Abrir PDF<\/a><br><\/strong><\/strong>Rafael Avilar S\u00e1, Javam Machado, Leonardo Moreira<\/td><\/tr><tr><td class=\"has-text-align-center\" data-align=\"center\">19:25<br>19:45<\/td><td class=\"has-text-align-center\" data-align=\"center\">M<\/td><td><strong>A Unified Data Model for Blockchains<\/strong><a href=\"https:\/\/sol.sbc.org.br\/index.php\/sbbd_estendido\/article\/view\/21852\/21676\"> Abrir PDF<\/a><br>Jo\u00e3o Meyer, Ronaldo Mello<\/td><\/tr><\/tbody><\/table><\/figure>\n\n\n\n<p class=\"has-small-font-size\">M &#8211; 10 min de apresenta\u00e7\u00e3o + 10 min banca<br>D &#8211; 15 min de apresenta\u00e7\u00e3o + 10 min banca<\/p>\n\n\n\n<hr class=\"wp-block-separator has-css-opacity\" \/>\n\n\n\n<div style=\"height:30px\" aria-hidden=\"true\" class=\"wp-block-spacer\"><\/div>\n","protected":false},"excerpt":{"rendered":"<p>Workshop de Teses e Disserta\u00e7\u00f5es em Bancos de Dados Quarta-feira, 21 de setembro de 2022 Hor\u00e1rio 1 (14:30 &#8211; 17:00)&hellip; <\/p>\n","protected":false},"author":18,"featured_media":0,"parent":0,"menu_order":0,"comment_status":"closed","ping_status":"closed","template":"","meta":{"footnotes":""},"class_list":["post-6093","page","type-page","status-publish","hentry"],"_links":{"self":[{"href":"https:\/\/sbbd.org.br\/2022\/wp-json\/wp\/v2\/pages\/6093","targetHints":{"allow":["GET"]}}],"collection":[{"href":"https:\/\/sbbd.org.br\/2022\/wp-json\/wp\/v2\/pages"}],"about":[{"href":"https:\/\/sbbd.org.br\/2022\/wp-json\/wp\/v2\/types\/page"}],"author":[{"embeddable":true,"href":"https:\/\/sbbd.org.br\/2022\/wp-json\/wp\/v2\/users\/18"}],"replies":[{"embeddable":true,"href":"https:\/\/sbbd.org.br\/2022\/wp-json\/wp\/v2\/comments?post=6093"}],"version-history":[{"count":52,"href":"https:\/\/sbbd.org.br\/2022\/wp-json\/wp\/v2\/pages\/6093\/revisions"}],"predecessor-version":[{"id":6841,"href":"https:\/\/sbbd.org.br\/2022\/wp-json\/wp\/v2\/pages\/6093\/revisions\/6841"}],"wp:attachment":[{"href":"https:\/\/sbbd.org.br\/2022\/wp-json\/wp\/v2\/media?parent=6093"}],"curies":[{"name":"wp","href":"https:\/\/api.w.org\/{rel}","templated":true}]}}