{"id":6058,"date":"2022-08-25T13:05:58","date_gmt":"2022-08-25T16:05:58","guid":{"rendered":"https:\/\/sbbd.org.br\/2022\/?page_id=6058"},"modified":"2023-07-13T17:34:40","modified_gmt":"2023-07-13T20:34:40","slug":"st-artigos-curtos","status":"publish","type":"page","link":"https:\/\/sbbd.org.br\/2022\/st-artigos-curtos\/","title":{"rendered":"Artigos Curtos"},"content":{"rendered":"\n<p>Dispon\u00edveis na <a href=\"https:\/\/sol.sbc.org.br\/index.php\/sbbd\">SOL \u2013 Biblioteca Digital Aberta da Sociedade Brasileira de Computa\u00e7\u00e3o<\/a>.<\/p>\n\n\n\n<h5 class=\"wp-block-heading\"><a href=\"#ST2\" data-type=\"internal\" data-id=\"#ST2\">ST2 &#8211; Pipelines de Ci\u00eancia de Dados e Aplica\u00e7\u00f5es<\/a><br><a href=\"#ST6\">ST6 &#8211; Modelos de Dados, Desempenho e Arquiteturas de Bancos de Dados<\/a><br><a href=\"#ST10\">ST10 &#8211; Minera\u00e7\u00e3o de Dados, Proveni\u00eancia de Dados e Big Data<\/a><\/h5>\n\n\n\n<div style=\"height:31px\" aria-hidden=\"true\" class=\"wp-block-spacer\"><\/div>\n\n\n\n<h4 class=\"wp-block-heading\" id=\"ST1\"><mark class=\"has-inline-color has-vivid-purple-color\">Ter\u00e7a-feira, 20 de setembro de 2022<\/mark><\/h4>\n\n\n\n<h3 class=\"wp-block-heading\" id=\"ST2\">ST2 &#8211; Pipelines de Ci\u00eancia de Dados e Aplica\u00e7\u00f5es<\/h3>\n\n\n\n<div style=\"height:4px\" aria-hidden=\"true\" class=\"wp-block-spacer\"><\/div>\n\n\n\n<figure class=\"wp-block-table has-small-font-size\"><table><thead><tr><th class=\"has-text-align-center\" data-align=\"center\">Hor\u00e1rio<\/th><th class=\"has-text-align-center\" data-align=\"center\">Chair<\/th><th>Artigos<\/th><\/tr><\/thead><tbody><tr><td class=\"has-text-align-center\" data-align=\"center\">10:00<br>10:15<\/td><td class=\"has-text-align-center\" data-align=\"center\">Luiz Celso Gomes Jr.<\/td><td><strong>Identificando Websites de Desinformac\u0327a\u0303o no Brasil<\/strong> <br>Leandro Arau\u0301jo (UFMG), Luiz Felipe Nery (UFMG) , Isadora C. Rodrigues (UFMG) , Joa\u0303o M. M. Couto (UFMG), Julio C. S. Reis (UFV) , Ana P. C. Silva (UFMG), Jussara M. Almeida (UFMG) , Fabr\u0131\u0301cio Benevenuto (UFMG)<\/td><\/tr><tr><td class=\"has-text-align-center\" data-align=\"center\">10:15<br>10:30<\/td><td class=\"has-text-align-center\" data-align=\"center\">Luiz Celso Gomes Jr.<\/td><td><strong>Predic\u0327a\u0303o de Resilie\u0302ncia Econo\u0302mica a partir de Me\u0301todos Supervisionados baseados em Grafos Dina\u0302micos<\/strong> <br>Marcus Arau\u0301jo (USP) , Francisco A. Rodrigues (USP) , Elaine P. Sousa (USP)<\/td><\/tr><tr><td class=\"has-text-align-center\" data-align=\"center\">10:30<br>10:45<\/td><td class=\"has-text-align-center\" data-align=\"center\">Luiz Celso Gomes Jr.<\/td><td><strong>Te\u0301cnicas de Minerac\u0327a\u0303o de Dados e Aprendizado de Ma\u0301quina Aplicadas a Dados Ambientais de Uso e Cobertura de Solo<\/strong> <br>Mariana Albuquerque Reynaud Schaefer (UFV), Carlos H. T. Brumatti (UFV), Gustavo V. Veloso (UFV), Jugurta Lisboa-Filho (UFV), Elp\u0131\u0301dio Ina\u0301cio Fernandes Filho (UFV), Julio C. S. Reis (UFV)<\/td><\/tr><tr><td class=\"has-text-align-center\" data-align=\"center\">10:45<br>11:00<\/td><td class=\"has-text-align-center\" data-align=\"center\">Luiz Celso Gomes Jr.<\/td><td><strong>Padroniza\u00e7\u00e3o da Descri\u00e7\u00e3o de Produtos Comerciais utilizando NER<\/strong> <br>La\u00e9rcio Lucchesi (PUC-Rio), Tatiana Escovedo (PUC-Rio), Marcos Kalinowski (PUC-Rio)<\/td><\/tr><tr><td class=\"has-text-align-center\" data-align=\"center\">11:00<br>11:15<\/td><td class=\"has-text-align-center\" data-align=\"center\">Luiz Celso Gomes Jr.<\/td><td><strong>EduVizBR: A decision support system for Brazilian high school students\u2019 performance analysis<\/strong> <br>Chrystinne Fernandes (UFPE), Dienert Vieira (UFPE), Tassiane Barros (UFPE), Aian Shay (UFPE), Nicksson Freitas (Samsung SiDi) and Tiago Vinuto (Samsung SiDi)<\/td><\/tr><tr><td class=\"has-text-align-center\" data-align=\"center\">11:15<br>11:30<\/td><td class=\"has-text-align-center\" data-align=\"center\">Luiz Celso Gomes Jr.<\/td><td><strong>Identifying named entity from researcher curricula<\/strong> <br>Rodrigo Gon\u00e7alves (UFSC), Carina F. Dorneles (UFSC)<\/td><\/tr><\/tbody><\/table><\/figure>\n\n\n\n<hr class=\"wp-block-separator has-css-opacity\" \/>\n\n\n\n<h4 class=\"wp-block-heading\" id=\"ST1\"><mark class=\"has-inline-color has-vivid-purple-color\">Quarta-feira, 21 de setembro de 2022<\/mark><\/h4>\n\n\n\n<h3 class=\"wp-block-heading\" id=\"ST6\">ST6 &#8211; Modelos de Dados, Desempenho e Arquiteturas de Bancos de Dados<\/h3>\n\n\n\n<figure class=\"wp-block-table has-small-font-size\"><table><thead><tr><th class=\"has-text-align-center\" data-align=\"center\">Hor\u00e1rio<\/th><th class=\"has-text-align-center\" data-align=\"center\">Chair<\/th><th>Artigos<\/th><\/tr><\/thead><tbody><tr><td class=\"has-text-align-center\" data-align=\"center\">10:00<br>10:15<\/td><td class=\"has-text-align-center\" data-align=\"center\">Jos\u00e9 Maria Monteiro<\/td><td><strong>A Study of Database Models for Social Network Analysis<\/strong> <br>Mariana D. A. Salgueiro (PUC-Rio), Se\u0301rgio Lifschitz (PUC-Rio), Edward Hermann Haeusler (PUC-Rio), Vero\u0302nica dos Santos (PUC-Rio), Alexandre A. P. Heine (PUC-Rio)<\/td><\/tr><tr><td class=\"has-text-align-center\" data-align=\"center\">10:15<br>10:30<\/td><td class=\"has-text-align-center\" data-align=\"center\">Jos\u00e9 Maria Monteiro<\/td><td><strong>AER-MinT &#8211; Apoio ao processo de Extrac\u0327a\u0303o de Relac\u0327o\u0303es baseado em Minerac\u0327a\u0303o de dados Textuais<\/strong> <br>Jones O. Avelino (Centro de Ana\u0301lise de Sistemas Navais), Kelli F. Cordeiro (Centro de Ana\u0301lise de Sistemas Navais), Maria C. Cavalcanti (IME)<\/td><\/tr><tr><td class=\"has-text-align-center\" data-align=\"center\">10:30<br>10:45<\/td><td class=\"has-text-align-center\" data-align=\"center\">Jos\u00e9 Maria Monteiro<\/td><td><strong>Junc\u0327o\u0303es por Similaridade usando Processamento Distribu\u0131\u0301do e Paralelismo Massivo<\/strong> <br>Larissa Ramos Marques Silva (UFG), Leonardo Andrade Ribeiro (UFG)<\/td><\/tr><tr><td class=\"has-text-align-center\" data-align=\"center\">10:45<br>11:00<\/td><td class=\"has-text-align-center\" data-align=\"center\">Jos\u00e9 Maria Monteiro<\/td><td><strong>TuningChef: an approach for choosing the best cost-benefit database tuning actions<\/strong> <br>Victor Augusto Lima Lins de Souza (PUC-Rio), Sergio Lifschitz (PUC-Rio)<\/td><\/tr><tr><td class=\"has-text-align-center\" data-align=\"center\">11:00<br>11:15<\/td><td class=\"has-text-align-center\" data-align=\"center\">Jos\u00e9 Maria Monteiro<\/td><td><strong>ORBITER: um Arcabouc\u0327o para Implantac\u0327a\u0303o Automa\u0301tica de Aplicac\u0327o\u0303es Big Data em Arquiteturas Serverless<\/strong> <br>Joa\u0303o Loureiro (UFF), Daniel de Oliveira (UFF)<\/td><\/tr><tr><td class=\"has-text-align-center\" data-align=\"center\">11:15<br>11:30<\/td><td class=\"has-text-align-center\" data-align=\"center\">Jos\u00e9 Maria Monteiro<\/td><td><strong>Adoc\u0327a\u0303o de SGBDs NoSQL em Empresas Brasileiras: um Levantamento Preliminar<\/strong> <br>Nicolas Atmatzides (UFF), Marcos Bedo (UFF), Daniel de Oliveira (UFF)<\/td><\/tr><\/tbody><\/table><\/figure>\n\n\n\n<hr class=\"wp-block-separator has-css-opacity\" \/>\n\n\n\n<h4 class=\"wp-block-heading\" id=\"ST1\"><mark class=\"has-inline-color has-vivid-purple-color\">Quinta-feira, 22 de setembro de 2022<\/mark><\/h4>\n\n\n\n<h3 class=\"wp-block-heading\" id=\"ST10\">ST10 &#8211; Minera\u00e7\u00e3o de Dados, Proveni\u00eancia de Dados e Big Data<\/h3>\n\n\n\n<figure class=\"wp-block-table has-small-font-size\"><table><thead><tr><th class=\"has-text-align-center\" data-align=\"center\">Hor\u00e1rio<\/th><th class=\"has-text-align-center\" data-align=\"center\">Chair<\/th><th>Artigos<\/th><\/tr><\/thead><tbody><tr><td class=\"has-text-align-center\" data-align=\"center\">10:00<br>10:15<\/td><td class=\"has-text-align-center\" data-align=\"center\">Jos\u00e9 Ant\u00f4nio F. de Mac\u00eado<\/td><td><strong>TRUMiner: Minerac\u0327a\u0303o de Regras Temporais em Bases de Se\u0301ries Multivariadas e Heteroge\u0302neas<\/strong> <br>Eliane Karasawa (USP), Elaine P. M. Sousa (USP)<\/td><\/tr><tr><td class=\"has-text-align-center\" data-align=\"center\">10:15<br>10:30<\/td><td class=\"has-text-align-center\" data-align=\"center\">Jos\u00e9 Ant\u00f4nio F. de Mac\u00eado<\/td><td><strong>Towards Robust Cluster-Based Hyperparameter Optimization<\/strong> <br>Leonardo Iza\u00fa (CEFET\/RJ), Mariana Fortes (CEFET\/RJ), Vitor Ribeiro (LNCC) , Celso Marques (CEFET\/RJ),Carla Oliveira (CEFET\/RJ) , Eduardo Bezerra (CEFET\/RJ) , Fabio Porto (LNCC) , Rebecca Salles (CEFET\/RJ) , Eduardo Ogasawara (CEFET\/RJ)<\/td><\/tr><tr><td class=\"has-text-align-center\" data-align=\"center\">10:30<br>10:45<\/td><td class=\"has-text-align-center\" data-align=\"center\">Jos\u00e9 Ant\u00f4nio F. de Mac\u00eado<\/td><td><strong>Dados de provenie\u0302ncia para redes neurais guiadas pela F\u0131\u0301sica: o caso da equac\u0327a\u0303o eikonal<\/strong> <br>Lyncoln S. de Oliveira (UFRJ), Ro\u0302mulo M. Silva (UFRJ), Liliane Kunstmann (UFRJ), De\u0301bora Pina (UFRJ), Daniel de Oliveira (UFF), Alvaro L. G. A Coutinho (UFRJ), Marta Mattoso (UFRJ)<\/td><\/tr><tr><td class=\"has-text-align-center\" data-align=\"center\">10:45<br>11:00<\/td><td class=\"has-text-align-center\" data-align=\"center\">Jos\u00e9 Ant\u00f4nio F. de Mac\u00eado<\/td><td><strong>Otimizac\u0327a\u0303o de Dataflows em Frameworks de Big Data por meio do Reu\u0301so de Dados<\/strong> <br>Gustavo Decarlo (LNCC), Daniel de Oliveira (UFF) , Fabio Porto (LNCC)<\/td><\/tr><tr><td class=\"has-text-align-center\" data-align=\"center\">11:00<br>11:30<\/td><td class=\"has-text-align-center\" data-align=\"center\">Jos\u00e9 Ant\u00f4nio F. de Mac\u00eado<\/td><td>(Full\/JIDM\/Dissemination)<\/td><\/tr><\/tbody><\/table><\/figure>\n\n\n\n<hr class=\"wp-block-separator has-css-opacity\" \/>\n\n\n\n<div style=\"height:30px\" aria-hidden=\"true\" class=\"wp-block-spacer\"><\/div>\n","protected":false},"excerpt":{"rendered":"<p>Dispon\u00edveis na SOL \u2013 Biblioteca Digital Aberta da Sociedade Brasileira de Computa\u00e7\u00e3o. ST2 &#8211; Pipelines de Ci\u00eancia de Dados e&hellip; <\/p>\n","protected":false},"author":18,"featured_media":0,"parent":0,"menu_order":0,"comment_status":"closed","ping_status":"closed","template":"","meta":{"footnotes":""},"class_list":["post-6058","page","type-page","status-publish","hentry"],"_links":{"self":[{"href":"https:\/\/sbbd.org.br\/2022\/wp-json\/wp\/v2\/pages\/6058","targetHints":{"allow":["GET"]}}],"collection":[{"href":"https:\/\/sbbd.org.br\/2022\/wp-json\/wp\/v2\/pages"}],"about":[{"href":"https:\/\/sbbd.org.br\/2022\/wp-json\/wp\/v2\/types\/page"}],"author":[{"embeddable":true,"href":"https:\/\/sbbd.org.br\/2022\/wp-json\/wp\/v2\/users\/18"}],"replies":[{"embeddable":true,"href":"https:\/\/sbbd.org.br\/2022\/wp-json\/wp\/v2\/comments?post=6058"}],"version-history":[{"count":48,"href":"https:\/\/sbbd.org.br\/2022\/wp-json\/wp\/v2\/pages\/6058\/revisions"}],"predecessor-version":[{"id":6809,"href":"https:\/\/sbbd.org.br\/2022\/wp-json\/wp\/v2\/pages\/6058\/revisions\/6809"}],"wp:attachment":[{"href":"https:\/\/sbbd.org.br\/2022\/wp-json\/wp\/v2\/media?parent=6058"}],"curies":[{"name":"wp","href":"https:\/\/api.w.org\/{rel}","templated":true}]}}