{"id":6016,"date":"2022-08-25T09:56:24","date_gmt":"2022-08-25T12:56:24","guid":{"rendered":"https:\/\/sbbd.org.br\/2022\/?page_id=6016"},"modified":"2023-07-13T17:31:08","modified_gmt":"2023-07-13T20:31:08","slug":"st-artigos-completos","status":"publish","type":"page","link":"https:\/\/sbbd.org.br\/2022\/st-artigos-completos\/","title":{"rendered":"Artigos Completos"},"content":{"rendered":"\n<p>Dispon\u00edveis na <a href=\"https:\/\/sol.sbc.org.br\/index.php\/sbbd\">SOL \u2013 Biblioteca Digital Aberta da Sociedade Brasileira de Computa\u00e7\u00e3o<\/a>.<\/p>\n\n\n\n<h5 class=\"wp-block-heading\"><a href=\"#TS1\" data-type=\"internal\" data-id=\"#TS1\">TS1 &#8211; Data Quality and Schema Management<\/a><br><a href=\"#TS3\" data-type=\"internal\" data-id=\"#TS3\">TS3 &#8211; Data Science and Machine Learning I<\/a><br><a href=\"#TS4\" data-type=\"internal\" data-id=\"#TS4\">TS4 &#8211; Databases, experiments and privacy<\/a><br><a href=\"#TS5\" data-type=\"internal\" data-id=\"#TS5\">TS5 &#8211; Data Integration, Ontologies and Machine Learning<\/a><br><a href=\"#TS7\" data-type=\"internal\" data-id=\"#TS7\">TS7 &#8211; Data Science and Machine Learning II<\/a><br><a href=\"#TS8\" data-type=\"internal\" data-id=\"#TS8\">TS8 &#8211; Data Science and Machine Learning III<\/a><br><a href=\"#TS9\" data-type=\"internal\" data-id=\"#TS9\">TS9 &#8211; Semantics, Ontologies and Knowledge graphs<\/a><br><a href=\"#TS11\" data-type=\"internal\" data-id=\"#TS11\">TS11 &#8211; Data Analytics and Knowledge<\/a><br><a href=\"#TS12\" data-type=\"internal\" data-id=\"#TS12\">TS12 &#8211; Data Management and Recommendation Systems<\/a><\/h5>\n\n\n\n<div style=\"height:31px\" aria-hidden=\"true\" class=\"wp-block-spacer\"><\/div>\n\n\n\n<h4 class=\"wp-block-heading\" id=\"ST1\"><mark class=\"has-inline-color has-vivid-purple-color\">Ter\u00e7a-feira, 20 de setembro de 2022<\/mark><\/h4>\n\n\n\n<h3 class=\"wp-block-heading\" id=\"TS1\">TS1 &#8211; Data Quality and Schema Management<\/h3>\n\n\n\n<div style=\"height:4px\" aria-hidden=\"true\" class=\"wp-block-spacer\"><\/div>\n\n\n\n<figure class=\"wp-block-table has-small-font-size\"><table><thead><tr><th class=\"has-text-align-center\" data-align=\"center\">Hor\u00e1rio<\/th><th class=\"has-text-align-center\" data-align=\"center\">Chair<\/th><th>Artigos<\/th><\/tr><\/thead><tbody><tr><td class=\"has-text-align-center\" data-align=\"center\">10:00<br>10:30<\/td><td class=\"has-text-align-center\" data-align=\"center\">Rafaelli Coutinho<\/td><td><strong>Ferramentas open-source de qualidade de dados para licita\u00e7\u00f5es p\u00fablicas: Uma an\u00e1lise comparativa<\/strong><br>Gabriel P. Oliveira (UFMG &#8211; Brazil), Arthur Reis (UFMG &#8211; Brazil), B\u00e1rbara Mendes (UFMG \u2013 Brazil), Clara Bacha (UFMG &#8211; Brazil), Lucas Costa (UFMG &#8211; Brazil), Mariana Silva (UFMG &#8211; Brazil), Gabriel Cangu\u00e7u (UFMG \u2013 Brazil), Victor Caetano (UFMG \u2013 Brazil), Michele Brand\u00e3o (IFMG &#8211; Brazil), Anisio Lacerda (UFMG &#8211; Brazil), Anisio Lacerda (UFMG \u2013 Brazil), Gisele Pappa (UFMG &#8211; Brazil)<\/td><\/tr><tr><td class=\"has-text-align-center\" data-align=\"center\">10:30<br>11:00<\/td><td class=\"has-text-align-center\" data-align=\"center\">Rafaelli Coutinho<\/td><td><strong>Dados escuros \u00e0 luz do controle p\u00fablico<\/strong><br>Alessandro Albuquerque (UFSC &#8211; Brazil), Carina F. Dorneles (UFSC &#8211; Brazil) <\/td><\/tr><tr><td class=\"has-text-align-center\" data-align=\"center\">11:00<br>11:30<\/td><td class=\"has-text-align-center\" data-align=\"center\">Rafaelli Coutinho<\/td><td><strong>CoFFee: A Co-occurrence and Frequency-Based Approach to Schema Mining<\/strong><br>Everaldo Neto (UFPE &#8211; Brazil), Johny Moreira (UFPE &#8211; Brazil), Luciano Barbosa (UFPE &#8211; Brazil), Ana Carolina Salgado (UFPE &#8211; Brazil) <\/td><\/tr><\/tbody><\/table><\/figure>\n\n\n\n<hr class=\"wp-block-separator has-css-opacity\" \/>\n\n\n\n<h3 class=\"wp-block-heading\" id=\"TS3\">TS3 &#8211; Data Science and Machine Learning I<\/h3>\n\n\n\n<figure class=\"wp-block-table has-small-font-size\"><table><thead><tr><th class=\"has-text-align-center\" data-align=\"center\">Hor\u00e1rio<\/th><th class=\"has-text-align-center\" data-align=\"center\">Chair<\/th><th>Artigos<\/th><\/tr><\/thead><tbody><tr><td class=\"has-text-align-center\" data-align=\"center\">15:00<br>15:30<\/td><td class=\"has-text-align-center\" data-align=\"center\">Elaine Souza<\/td><td><strong>HubISC: um novo algoritmo baseado em hubness para a classifica\u00e7\u00e3o de fluxo de dados de imagens<\/strong><br>Mateus Curcino de Lima (UFU &#8211; Brazil), Elaine Faria (UFU &#8211; Brazil), Maria Camila Nardini Barioni (UFU &#8211; Brazil)<\/td><\/tr><tr><td class=\"has-text-align-center\" data-align=\"center\">15:30<br>16:00<\/td><td class=\"has-text-align-center\" data-align=\"center\">Elaine Souza<\/td><td><strong>Minera\u00e7\u00e3o de Processos Aplicada \u00e0 Auditoria Interna na Marinha do Brasil<\/strong> <br>Alexandre Junior (Marinha do Brasil &#8211; Brazil), Nelson Junior (PUC-Rio &#8211; Brazil), Tatiana Escovedo (PUC-Rio &#8211; Brazil), Helio Lopes (PUC-Rio &#8211; Brazil), Marcos Kalinowski (PUC-Rio &#8211; Brazil)<\/td><\/tr><tr><td class=\"has-text-align-center\" data-align=\"center\">16:00<br>16:30<\/td><td class=\"has-text-align-center\" data-align=\"center\">Elaine Souza<\/td><td><strong>Machine Learning Aplicado \u00e0 Predi\u00e7\u00e3o da Obriga\u00e7\u00e3o do Investimento em P,D&amp;I<\/strong> <br>Fl\u00e1via Bravo (PUC Rio &#8211; Brazil), Luciana Sousa (PUC Rio &#8211; Brazil), Tatiana Escovedo (PUC Rio &#8211; Brazil), Helio Lopes (PUC-Rio &#8211; Brazil), Marcos Kalinowski (PUC-Rio &#8211; Brazil)<\/td><\/tr><tr><td class=\"has-text-align-center\" data-align=\"center\">16:30<br>17:00<\/td><td class=\"has-text-align-center\" data-align=\"center\">Elaine Souza<\/td><td>[Whitepaper] Coopera\u00e7\u00e3o Universidade-Empresa na \u00e1rea de Ci\u00eancia de Dados &#8211; um case Stone Co. e LAMPS\/PUC-Rio<\/td><\/tr><\/tbody><\/table><\/figure>\n\n\n\n<hr class=\"wp-block-separator has-css-opacity\" \/>\n\n\n\n<h3 class=\"wp-block-heading\" id=\"TS4\">TS4 &#8211; Databases, experiments and privacy<\/h3>\n\n\n\n<figure class=\"wp-block-table has-small-font-size\"><table><thead><tr><th class=\"has-text-align-center\" data-align=\"center\">Hor\u00e1rio<\/th><th class=\"has-text-align-center\" data-align=\"center\">Chair<\/th><th>Artigos<\/th><\/tr><\/thead><tbody><tr><td class=\"has-text-align-center\" data-align=\"center\">15:00<br>15:30<\/td><td class=\"has-text-align-center\" data-align=\"center\">Regis Magalh\u00e3es<\/td><td><strong>Autonomic Combination and Selection of Tuning Actions<\/strong> <br>Rafael Oliveira (PUC-Rio &#8211; Brazil), Fernanda Baiao (PUC-Rio &#8211; Brazil), Javam Machado (UFC &#8211; Brazil), Ana Carolina Almeida (UERJ &#8211; Brazil), Sergio Lifschitz (PUC-Rio &#8211; Brazil) <\/td><\/tr><tr><td class=\"has-text-align-center\" data-align=\"center\">15:30<br>16:00<\/td><td class=\"has-text-align-center\" data-align=\"center\">Regis Magalh\u00e3es<\/td><td><strong>EBRES &#8211; Efficient Buffer Replacement with Exponential Smoothing<\/strong> <br>Gustavo Moraes (UFC &#8211; Brazil), Angelo Brayner (UFC &#8211; Brazil), Jos\u00e9 de Aguiar Moraes Filho (SERPRO &#8211; Brazil)<\/td><\/tr><tr><td class=\"has-text-align-center\" data-align=\"center\">16:00<br>16:30<\/td><td class=\"has-text-align-center\" data-align=\"center\">Regis Magalh\u00e3es<\/td><td><strong>Privacidade Diferencial em Sistemas Polystore: uma Abordagem Pr\u00e1tica<\/strong> <br>Lucas Bertelli (UFF &#8211; Brazil), Victor Stroele (UFJF &#8211; Brazil), Javam Machado (UFC &#8211; Brazil),<br>Daniel de Oliveira (UFF &#8211; Brazil)<\/td><\/tr><\/tbody><\/table><\/figure>\n\n\n\n<hr class=\"wp-block-separator has-css-opacity\" \/>\n\n\n\n<h4 class=\"wp-block-heading\" id=\"ST1\"><mark class=\"has-inline-color has-vivid-purple-color\">Quarta-feira, 21 de setembro de 2022<\/mark><\/h4>\n\n\n\n<h3 class=\"wp-block-heading\" id=\"TS5\">TS5 &#8211; Data Integration, Ontologies and Machine Learning<\/h3>\n\n\n\n<figure class=\"wp-block-table has-small-font-size\"><table><thead><tr><th class=\"has-text-align-center\" data-align=\"center\">Hor\u00e1rio<\/th><th class=\"has-text-align-center\" data-align=\"center\">Chair<\/th><th>Artigos<\/th><\/tr><\/thead><tbody><tr><td class=\"has-text-align-center\" data-align=\"center\">10:00<br>10:30<\/td><td class=\"has-text-align-center\" data-align=\"center\">Carlos Eduardo Pires<\/td><td><strong>DedupeGov: Um Ambiente para Integra\u00e7\u00e3o de Grandes Volumes de Dados de Pessoas F\u00edsicas e Jur\u00eddicas em \u00c2mbito Governamental<\/strong> <br>Vitor Mangaravite (UFMG &#8211; Brazil), Marcos Carvalho (UFMG &#8211; Brazil), Luis Cantelli (UFMG &#8211; Brazil), Lucas M. Ponce (UFMG &#8211; Brazil), Bruno Campoi (UFMG &#8211; Brazil), Gabriel Nunes (UFMG &#8211; Brazil), Alberto H. F. Laender (UFMG &#8211; Brazil), Marcos Andr\u00e9 Gon\u00e7alves (UFMG &#8211; Brazil)<\/td><\/tr><tr><td class=\"has-text-align-center\" data-align=\"center\">10:30<br>11:00<\/td><td class=\"has-text-align-center\" data-align=\"center\">Carlos Eduardo Pires<\/td><td><strong>Refor\u00e7o e Delimita\u00e7\u00e3o Contextual para Reconhecimento de Entidades e Rela\u00e7\u00f5es em Documentos Oficiais<\/strong> <br>Fabiano Bel\u00e9m (UFMG &#8211; Brazil), Marcos Gon\u00e7alves (UFMG &#8211; Brazil), Alberto Laender (UFMG &#8211; Brazil), Marcos Carvalho (UFMG &#8211; Brazil), Marcelo Ganem (UFMG &#8211; Brazil), Celso Fran\u00e7a (UFMG \u2013 Brazil)<\/td><\/tr><tr><td class=\"has-text-align-center\" data-align=\"center\">11:00<br>11:30<\/td><td class=\"has-text-align-center\" data-align=\"center\">Carlos Eduardo Pires<\/td><td><strong>DIKW4IoT: Uma abordagem baseada na hierarquia DIKW para a constru\u00e7\u00e3o de grafos de conhecimento para integra\u00e7\u00e3o de dados de IoT<\/strong> <br>Jamires da Costa (UFC &#8211; Brazil), Caio Avila (UFC &#8211; Brazil), Tulio Rolim (UFC &#8211; Brazil), Rossana Andrade (UFC &#8211; Brazil), V\u00e2nia Vidal (UFC &#8211; Brazil)<\/td><\/tr><\/tbody><\/table><\/figure>\n\n\n\n<hr class=\"wp-block-separator has-css-opacity\" \/>\n\n\n\n<h3 class=\"wp-block-heading\" id=\"TS7\">TS7 &#8211; Data Science and Machine Learning II<\/h3>\n\n\n\n<figure class=\"wp-block-table has-small-font-size\"><table><thead><tr><th class=\"has-text-align-center\" data-align=\"center\">Hor\u00e1rio<\/th><th class=\"has-text-align-center\" data-align=\"center\">Chair<\/th><th>Artigos<\/th><\/tr><\/thead><tbody><tr><td class=\"has-text-align-center\" data-align=\"center\">15:00<br>15:30<\/td><td class=\"has-text-align-center\" data-align=\"center\">Carina Dorneles<\/td><td><strong>Detecc\u00e7\u00e3o Autom\u00e1tica de Desinforma\u00e7\u00e3o Relacionada \u00e0 Covid-19 no Brasil <\/strong><strong><br><\/strong>Jo\u00e3o Marcos Couto (UFMG &#8211; Brazil), Isadora Salles (UFMG &#8211; Brazil), Breno Pimenta (UFMG &#8211; Brazil), Samuel Vieira (UFMG &#8211; Brazil), Leandro Silva (UFMG &#8211; Brazil), Julio Reis (UFV &#8211; Brazil), Fabricio Benevenuto (UFMG &#8211; Brazil)<\/td><\/tr><tr><td class=\"has-text-align-center\" data-align=\"center\">15:30<br>16:00<\/td><td class=\"has-text-align-center\" data-align=\"center\">Carina Dorneles<\/td><td><strong>Modelagem de T\u00f3picos em Textos Curtos: uma Avalia\u00e7\u00e3o Experimental<a href=\"https:\/\/sol.sbc.org.br\/index.php\/sbbd\/article\/view\/21811\/21635\"> <\/a><\/strong><br>Annie Amorim (UFF &#8211; Brazil), Nils Murrugarra-Llerena (Weber State University &#8211; USA), Vitor Sousa (Snap &#8211; USA), Daniel de Oliveira (UFF &#8211; Brazil), Aline Paes (UFF &#8211; Brazil)<\/td><\/tr><tr><td class=\"has-text-align-center\" data-align=\"center\">16:00<br>16:30<\/td><td class=\"has-text-align-center\" data-align=\"center\">Carina Dorneles<\/td><td><strong>OpenImages Cyclists: Expandindo a Generaliza\u00e7\u00e3o na Detec\u00e7\u00e3o de Ciclistas em C\u00e2meras de Seguran\u00e7a<\/strong> <br>Ednilza Nardi (IME\/USP &#8211; Brazil), Bruno Padilha (USP &#8211; Brazil), Leonardo Kamaura (USP &#8211; Brazil), Jo\u00e3o Eduardo Ferreira (IME\/USP &#8211; Brazil)<\/td><\/tr><tr><td class=\"has-text-align-center\" data-align=\"center\">16:30<br>17:00<\/td><td class=\"has-text-align-center\" data-align=\"center\">Carina Dorneles<\/td><td><strong>Um M\u00e9todo Baseado em Fingerprint de Sinais e Aprendizado de M\u00e1quina para Identifica\u00e7\u00e3o de Esta\u00e7\u00f5es Terrenas Interferentes<\/strong> <br>Josinaldo Azevedo (IME &#8211; Brazil), Paulo Cesar Vidal (IME &#8211; Brazil), Ronaldo Goldschmidt (IME &#8211; Brazil)<\/td><\/tr><\/tbody><\/table><\/figure>\n\n\n\n<hr class=\"wp-block-separator has-css-opacity\" \/>\n\n\n\n<h3 class=\"wp-block-heading\" id=\"TS8\">TS8 &#8211; Data Science and Machine Learning III<\/h3>\n\n\n\n<figure class=\"wp-block-table has-small-font-size\"><table><thead><tr><th class=\"has-text-align-center\" data-align=\"center\">Hor\u00e1rio<\/th><th class=\"has-text-align-center\" data-align=\"center\">Chair<\/th><th>Artigos<\/th><\/tr><\/thead><tbody><tr><td class=\"has-text-align-center\" data-align=\"center\">18:00<br>18:30<\/td><td class=\"has-text-align-center\" data-align=\"center\">Marcos Bedo<\/td><td><strong>Adaptive Fast XGBoost for Binary Classification<\/strong> <br>Fabiano Baldo (UDESC &#8211; Brazil), Julia Grando (UDESC &#8211; Brazil), Kawan Weege (UDESC &#8211; Brazil), Gustavo Bonassa (UDESC &#8211; Brazil)<strong> <\/strong><\/td><\/tr><tr><td class=\"has-text-align-center\" data-align=\"center\">18:30<br>19:00<\/td><td class=\"has-text-align-center\" data-align=\"center\">Marcos Bedo<\/td><td><strong>Large-scale Translation to Enable Response Selection in Low Resource Languages: A COVID-19 Chatbot Experiment<\/strong> <br>Lucas Aguiar (UECE &#8211; Brazil), L\u00edvia Cruz (UFC &#8211; Brazil), Ticiana Coelho (UFC &#8211; Brazil), Rafael Carmo (Instituto UFC Virtual &#8211; Brazil), Matheus Paix\u00e3o (UECE &#8211; Brazil)<\/td><\/tr><tr><td class=\"has-text-align-center\" data-align=\"center\">19:00<br>19:30<\/td><td class=\"has-text-align-center\" data-align=\"center\">Marcos Bedo<\/td><td><strong>Aplica\u00e7\u00e3o de t\u00e9cnicas de minera\u00e7\u00e3o em dados sint\u00e9ticos para manuten\u00e7\u00e3o preditiva: um estudo de caso<\/strong> <br>Rafael Schena (UFRGS &#8211; Brazil), Jo\u00e3o Netto (UFRGS &#8211; Brazil), Karin Becker (UFRGS &#8211; Brazil) <\/td><\/tr><tr><td class=\"has-text-align-center\" data-align=\"center\">19:30<br>20:00<\/td><td class=\"has-text-align-center\" data-align=\"center\">Marcos Bedo<\/td><td><strong>Comparando os posicionamentos a favor\/contra a vacina\u00e7\u00e3o COVID nos Estados Unidos da Am\u00e9rica e no Brasil <br><\/strong>Andr\u00e9 de Sousa (UFRGS &#8211; Brazil), Karin Becker (UFRGS &#8211; Brazil) <\/td><\/tr><\/tbody><\/table><\/figure>\n\n\n\n<hr class=\"wp-block-separator has-css-opacity\" \/>\n\n\n\n<h4 class=\"wp-block-heading\" id=\"ST1\"><mark class=\"has-inline-color has-vivid-purple-color\">Quinta-feira, 22 de setembro de 2022<\/mark><\/h4>\n\n\n\n<h3 class=\"wp-block-heading\" id=\"TS9\">TS9 &#8211; Semantics, Ontologies and Knowledge graphs<\/h3>\n\n\n\n<figure class=\"wp-block-table has-small-font-size\"><table><thead><tr><th class=\"has-text-align-center\" data-align=\"center\">Hor\u00e1rio<\/th><th class=\"has-text-align-center\" data-align=\"center\">Chair<\/th><th>Artigos<\/th><\/tr><\/thead><tbody><tr><td class=\"has-text-align-center\" data-align=\"center\">10:00<br>10:30<\/td><td class=\"has-text-align-center\" data-align=\"center\">Ana Carolina Salgado<\/td><td><strong>Visualiza\u00e7\u00e3o Interativa da Evolu\u00e7\u00e3o de Grafos de Conhecimento<\/strong> <br>Eduardo Moreira (UNICAMP &#8211; Brazil), Anderson Rossanez (UNICAMP &#8211; Brazil), Julio Dos Reis (UNICAMP &#8211; Brazil), Ricardo Torres (Wageningen University &amp; Research &#8211; The Netherlands)<\/td><\/tr><tr><td class=\"has-text-align-center\" data-align=\"center\">10:30<br>11:00<\/td><td class=\"has-text-align-center\" data-align=\"center\">Ana Carolina Salgado<\/td><td><strong>Outlier detection with ontology-driven fault contextualization in the Industry 4.0<\/strong> <br>Dionei Miodutzki (UTFPR &#8211; Brazil), Cesar Tacla (UTFPR &#8211; Brazil), Luiz Celso Gomes Jr (UTFPR &#8211; Brazil)<\/td><\/tr><tr><td class=\"has-text-align-center\" data-align=\"center\">11:00<br>11:30<\/td><td class=\"has-text-align-center\" data-align=\"center\">Ana Carolina Salgado<\/td><td><strong>[whitepaper] DuckDB: O SQLite para an\u00e1lise de dados<\/strong><\/td><\/tr><\/tbody><\/table><\/figure>\n\n\n\n<hr class=\"wp-block-separator has-css-opacity\" \/>\n\n\n\n<h3 class=\"wp-block-heading\" id=\"TS11\">TS11 &#8211; Data Analytics and Knowledge<\/h3>\n\n\n\n<figure class=\"wp-block-table has-small-font-size\"><table><thead><tr><th class=\"has-text-align-center\" data-align=\"center\">Hor\u00e1rio<\/th><th class=\"has-text-align-center\" data-align=\"center\">Chair<\/th><th>Artigos<\/th><\/tr><\/thead><tbody><tr><td class=\"has-text-align-center\" data-align=\"center\">18:00<br>18:30<\/td><td class=\"has-text-align-center\" data-align=\"center\">Leonardo Ribeiro<\/td><td><strong>A Data-Driven Model Selection Approach to Spatio-Temporal Prediction<\/strong> <br>Rocio Zorrilla (LNCC \u2013 Brazil), Eduardo Ogasawara (CEFET\/RJ \u2013 Brazil), Patrick Valduriez (INRIA-France), Fabio Porto (LNCC \u2013 Brazil). <\/td><\/tr><tr><td class=\"has-text-align-center\" data-align=\"center\">18:30<br>19:00<\/td><td class=\"has-text-align-center\" data-align=\"center\">Leonardo Ribeiro<\/td><td><strong>Handling Multi-chapter Inconsistencies in DBpedia Evolution<\/strong> <br>Julio dos Reis (UNICAMP &#8211; Brazil), Tulio Brand\u00e3o Martins (IC &#8211; Brazil)<\/td><\/tr><tr><td class=\"has-text-align-center\" data-align=\"center\">19:00<br>19:30<\/td><td class=\"has-text-align-center\" data-align=\"center\">Leonardo Ribeiro<\/td><td><strong>SeAct: Semantic Adaptive Segmentation of Sensor Data Streams for Human Activity Recognition<\/strong> <br>Amanda Venceslau (UFC &#8211; Brazil), V\u00e2nia Vidal (UFC &#8211; Brazil), Rossana Andrade (UFC &#8211; Brazil), Jos\u00e9 Gilvan Maia (UFC &#8211; Brazil), Jos\u00e9 Wellington Silva (UFC &#8211; Brazil)<\/td><\/tr><tr><td class=\"has-text-align-center\" data-align=\"center\">19:30<br>20:00<\/td><td class=\"has-text-align-center\" data-align=\"center\">Leonardo Ribeiro<\/td><td><strong><strong>[Dissemination] Publication and maintenance of RDB2RDF views externally materialized in enterprise knowledge graphs<br><\/strong><\/strong>Vania Vidal (UFC, Brazil), Val\u00e9ria M. Pequeno (Universidade Aut\u00f3noma de Lisboa Lu\u00eds de Cam\u00f5es, Portugal e Escola Superior N\u00e1utica Infante D Henrique, Portugal), Narciso M. Arruda J\u00fanior (UFC, Brazil), Marco Antonio Casanova (PUC-Rio, Brazil)<\/td><\/tr><\/tbody><\/table><\/figure>\n\n\n\n<hr class=\"wp-block-separator has-css-opacity\" \/>\n\n\n\n<h3 class=\"wp-block-heading\" id=\"TS12\">TS12 &#8211; Data Management and Recommendation Systems<\/h3>\n\n\n\n<figure class=\"wp-block-table has-small-font-size\"><table><thead><tr><th class=\"has-text-align-center\" data-align=\"center\">Hor\u00e1rio<\/th><th class=\"has-text-align-center\" data-align=\"center\">Chair<\/th><th>Artigos<\/th><\/tr><\/thead><tbody><tr><td class=\"has-text-align-center\" data-align=\"center\">18:00<br>18:30<\/td><td class=\"has-text-align-center\" data-align=\"center\">Eduardo Ogasawara<\/td><td><strong>Segmenta\u00e7\u00e3o e Classifica\u00e7\u00e3o Sem\u00e2ntica de Trechos de Di\u00e1rios Oficiais Usando Aprendizado<\/strong> <br>Kattiana Constantino (UFMG &#8211; Brazil), Victor Lima Cruz (UFMG &#8211; Brazil), Ot\u00e1vio Maciel Zucheratto (UFMG \u2013 Brazil), Celso Fran\u00e7a (UFMG &#8211; Brazil), Marcos Carvalho (UFMG &#8211; Brazil), Thiago Silva (UFMG &#8211; Brazil), Alberto Laender (UFMG &#8211; Brazil), Marcos Gon\u00e7alves (UFMG &#8211; Brazil)<\/td><\/tr><tr><td class=\"has-text-align-center\" data-align=\"center\">18:30<br>19:00<\/td><td class=\"has-text-align-center\" data-align=\"center\">Eduardo Ogasawara<\/td><td><strong>HURRICANE: um Servi\u00e7o para Ger\u00eancia de Dados de Aplica\u00e7\u00f5es de Cidades Inteligentes<\/strong> <br>Maicon Banni (UFF &#8211; Brazil), Isabel Rosseti (UFF &#8211; Brazil), Daniel de Oliveira (UFF &#8211; Brazil)<\/td><\/tr><tr><td class=\"has-text-align-center\" data-align=\"center\">19:00<br>19:30<\/td><td class=\"has-text-align-center\" data-align=\"center\">Eduardo Ogasawara<\/td><td><strong>Justi\u00e7a em Sistemas de Recomenda\u00e7\u00e3o: Uma An\u00e1lise de T\u00e9cnicas de Regulariza\u00e7\u00e3o<\/strong> <br>Rodrigo Lima (UFV &#8211; Brazil), Giovanni Comarela (UFES &#8211; Brazil), Fabiano Bel\u00e9m (UFMG &#8211; Brazil), Julio Reis (UFV &#8211; Brazil)<\/td><\/tr><tr><td class=\"has-text-align-center\" data-align=\"center\">19:30<br>20:00<\/td><td class=\"has-text-align-center\" data-align=\"center\">Eduardo Ogasawara<\/td><td><strong><strong>[Dissemination] Fast Detection of Denial Constraint Violations<br><\/strong><\/strong>Eduardo H. M. Pena (UTFPR-Campo Mour\u00e3o, Brazil), Eduardo C. de Almeida (UFPR, Brazil), Felix Naumann (University of Potsdam, Germany)<\/td><\/tr><\/tbody><\/table><\/figure>\n\n\n\n<hr class=\"wp-block-separator has-css-opacity\" \/>\n\n\n\n<div style=\"height:30px\" aria-hidden=\"true\" class=\"wp-block-spacer\"><\/div>\n","protected":false},"excerpt":{"rendered":"<p>Dispon\u00edveis na SOL \u2013 Biblioteca Digital Aberta da Sociedade Brasileira de Computa\u00e7\u00e3o. TS1 &#8211; Data Quality and Schema ManagementTS3 &#8211;&hellip; <\/p>\n","protected":false},"author":18,"featured_media":0,"parent":0,"menu_order":0,"comment_status":"closed","ping_status":"closed","template":"","meta":{"footnotes":""},"class_list":["post-6016","page","type-page","status-publish","hentry"],"_links":{"self":[{"href":"https:\/\/sbbd.org.br\/2022\/wp-json\/wp\/v2\/pages\/6016","targetHints":{"allow":["GET"]}}],"collection":[{"href":"https:\/\/sbbd.org.br\/2022\/wp-json\/wp\/v2\/pages"}],"about":[{"href":"https:\/\/sbbd.org.br\/2022\/wp-json\/wp\/v2\/types\/page"}],"author":[{"embeddable":true,"href":"https:\/\/sbbd.org.br\/2022\/wp-json\/wp\/v2\/users\/18"}],"replies":[{"embeddable":true,"href":"https:\/\/sbbd.org.br\/2022\/wp-json\/wp\/v2\/comments?post=6016"}],"version-history":[{"count":84,"href":"https:\/\/sbbd.org.br\/2022\/wp-json\/wp\/v2\/pages\/6016\/revisions"}],"predecessor-version":[{"id":6807,"href":"https:\/\/sbbd.org.br\/2022\/wp-json\/wp\/v2\/pages\/6016\/revisions\/6807"}],"wp:attachment":[{"href":"https:\/\/sbbd.org.br\/2022\/wp-json\/wp\/v2\/media?parent=6016"}],"curies":[{"name":"wp","href":"https:\/\/api.w.org\/{rel}","templated":true}]}}