{"id":5931,"date":"2022-08-21T13:39:29","date_gmt":"2022-08-21T16:39:29","guid":{"rendered":"https:\/\/sbbd.org.br\/2022\/?page_id=5931"},"modified":"2022-09-08T15:30:08","modified_gmt":"2022-09-08T18:30:08","slug":"minicurso-4","status":"publish","type":"page","link":"https:\/\/sbbd.org.br\/2022\/minicurso-4\/","title":{"rendered":"Minicurso 4"},"content":{"rendered":"\n<h3 class=\"wp-block-heading\">Introdu\u00e7\u00e3o \u00e0 plataforma de grafos Neo4j<\/h3>\n\n\n\n<p>O curso ter\u00e1 dura\u00e7\u00e3o total de 6 horas, sendo dividido em dois dias. No primeiro dia, ser\u00e1 dada uma vis\u00e3o de como a plataforma de grafos pode apoiar, com dados, empresas em sua jornada. Em seguida, haver\u00e1 um laborat\u00f3rio em que vamos fazer modelagem de um caso de uso baseado em filmes e uma carga de dados. No segundo dia, abordaremos a intera\u00e7\u00e3o com a base de dados, em que ser\u00e3o realizadas altera\u00e7\u00f5es no modelo, a compreens\u00e3o de consultas em grafos e, por fim, como podemos usar grafos como motor de recomenda\u00e7\u00e3o.<\/p>\n\n\n\n<h3 class=\"wp-block-heading\">Instrutores<\/h3>\n\n\n\n<div class=\"wp-block-media-text alignwide is-stacked-on-mobile\" style=\"grid-template-columns:21% auto\"><figure class=\"wp-block-media-text__media\"><img loading=\"lazy\" decoding=\"async\" width=\"285\" height=\"285\" src=\"https:\/\/sbbd.org.br\/2022\/wp-content\/uploads\/sites\/15\/2022\/08\/jose-eduardoOK.jpg\" alt=\"\" class=\"wp-image-5933 size-full\" srcset=\"https:\/\/sbbd.org.br\/2022\/wp-content\/uploads\/sites\/15\/2022\/08\/jose-eduardoOK.jpg 285w, https:\/\/sbbd.org.br\/2022\/wp-content\/uploads\/sites\/15\/2022\/08\/jose-eduardoOK-150x150.jpg 150w\" sizes=\"auto, (max-width: 285px) 100vw, 285px\" \/><\/figure><div class=\"wp-block-media-text__content\">\n<p style=\"font-size:17px\"><strong>Jos\u00e9 Eduardo Machado<\/strong> juntou-se \u00e0 Neo4j em 2022 para compor o time da Am\u00e9rica Latina. Ele estudou Ci\u00eancias da Computa\u00e7\u00e3o na USP e tem uma p\u00f3s-gradua\u00e7\u00e3o em Administra\u00e7\u00e3o pela FGV. Come\u00e7ou sua carreira como analista de dados em uma institui\u00e7\u00e3o financeira, depois foi consultor e migrou para a \u00e1rea de pr\u00e9-vendas. Em sua jornada, navegou por diferentes ind\u00fastrias e passou por empresas como Ita\u00fa, SAS, SAP e Salesforce, onde atuou nos \u00faltimos 4,5 anos. Dados, Servi\u00e7os Financeiros e CRM s\u00e3o suas paix\u00f5es.<\/p>\n<\/div><\/div>\n\n\n\n<hr class=\"wp-block-separator has-css-opacity\" \/>\n\n\n\n<div class=\"wp-block-media-text alignwide is-stacked-on-mobile\" style=\"grid-template-columns:21% auto\"><figure class=\"wp-block-media-text__media\"><img loading=\"lazy\" decoding=\"async\" width=\"334\" height=\"334\" src=\"https:\/\/sbbd.org.br\/2022\/wp-content\/uploads\/sites\/15\/2022\/08\/felipe-nunesOK.jpg\" alt=\"\" class=\"wp-image-5934 size-full\" srcset=\"https:\/\/sbbd.org.br\/2022\/wp-content\/uploads\/sites\/15\/2022\/08\/felipe-nunesOK.jpg 334w, https:\/\/sbbd.org.br\/2022\/wp-content\/uploads\/sites\/15\/2022\/08\/felipe-nunesOK-300x300.jpg 300w, https:\/\/sbbd.org.br\/2022\/wp-content\/uploads\/sites\/15\/2022\/08\/felipe-nunesOK-150x150.jpg 150w\" sizes=\"auto, (max-width: 334px) 100vw, 334px\" \/><\/figure><div class=\"wp-block-media-text__content\">\n<p style=\"font-size:17px\"><strong>Felipe Nunes<\/strong> \u00e9 Engenheiro de Solu\u00e7\u00f5es na Neo4J. Trabalha ajudando as organiza\u00e7\u00f5es a encontrarem e entenderem as conex\u00f5es dos dados para inovarem e se manterem competitivas. Enfrenta desafios de dados conectados, como an\u00e1lise e intelig\u00eancia artificial, detec\u00e7\u00e3o de fraudes, recomenda\u00e7\u00f5es em tempo real, resolu\u00e7\u00e3o de entidades e grafos do conhecimento.<\/p>\n<\/div><\/div>\n\n\n\n<hr class=\"wp-block-separator has-css-opacity\" \/>\n\n\n\n<div data-wp-interactive=\"core\/file\" class=\"wp-block-file\"><object data-wp-bind--hidden=\"!state.hasPdfPreview\" hidden class=\"wp-block-file__embed\" data=\"https:\/\/sbbd.org.br\/2022\/wp-content\/uploads\/sites\/15\/2022\/09\/SBDD2022-Mini-Curso-Introduc\u0327a\u0303o-a\u0300-Neo4j-JEM.pdf\" type=\"application\/pdf\" style=\"width:100%;height:600px\" aria-label=\"Incorporado de Incorporado de SBDD2022 - Mini Curso Introduc\u0327a\u0303o a\u0300 Neo4j (JEM)..\"><\/object><a id=\"wp-block-file--media-4bf7c59c-d71a-430c-ac93-74d04169d765\" href=\"https:\/\/sbbd.org.br\/2022\/wp-content\/uploads\/sites\/15\/2022\/09\/SBDD2022-Mini-Curso-Introduc\u0327a\u0303o-a\u0300-Neo4j-JEM.pdf\">SBDD2022 &#8211; Mini Curso Introduc\u0327a\u0303o a\u0300 Neo4j (JEM)<\/a><a href=\"https:\/\/sbbd.org.br\/2022\/wp-content\/uploads\/sites\/15\/2022\/09\/SBDD2022-Mini-Curso-Introduc\u0327a\u0303o-a\u0300-Neo4j-JEM.pdf\" class=\"wp-block-file__button\" download aria-describedby=\"wp-block-file--media-4bf7c59c-d71a-430c-ac93-74d04169d765\">Baixar<\/a><\/div>\n","protected":false},"excerpt":{"rendered":"<p>Introdu\u00e7\u00e3o \u00e0 plataforma de grafos Neo4j O curso ter\u00e1 dura\u00e7\u00e3o total de 6 horas, sendo dividido em dois dias. No&hellip; <\/p>\n","protected":false},"author":18,"featured_media":0,"parent":0,"menu_order":0,"comment_status":"closed","ping_status":"closed","template":"","meta":{"footnotes":""},"class_list":["post-5931","page","type-page","status-publish","hentry"],"_links":{"self":[{"href":"https:\/\/sbbd.org.br\/2022\/wp-json\/wp\/v2\/pages\/5931","targetHints":{"allow":["GET"]}}],"collection":[{"href":"https:\/\/sbbd.org.br\/2022\/wp-json\/wp\/v2\/pages"}],"about":[{"href":"https:\/\/sbbd.org.br\/2022\/wp-json\/wp\/v2\/types\/page"}],"author":[{"embeddable":true,"href":"https:\/\/sbbd.org.br\/2022\/wp-json\/wp\/v2\/users\/18"}],"replies":[{"embeddable":true,"href":"https:\/\/sbbd.org.br\/2022\/wp-json\/wp\/v2\/comments?post=5931"}],"version-history":[{"count":6,"href":"https:\/\/sbbd.org.br\/2022\/wp-json\/wp\/v2\/pages\/5931\/revisions"}],"predecessor-version":[{"id":6470,"href":"https:\/\/sbbd.org.br\/2022\/wp-json\/wp\/v2\/pages\/5931\/revisions\/6470"}],"wp:attachment":[{"href":"https:\/\/sbbd.org.br\/2022\/wp-json\/wp\/v2\/media?parent=5931"}],"curies":[{"name":"wp","href":"https:\/\/api.w.org\/{rel}","templated":true}]}}