{"id":5855,"date":"2022-08-20T10:22:34","date_gmt":"2022-08-20T13:22:34","guid":{"rendered":"https:\/\/sbbd.org.br\/2022\/?page_id=5855"},"modified":"2022-08-20T11:01:56","modified_gmt":"2022-08-20T14:01:56","slug":"chamada-dsw","status":"publish","type":"page","link":"https:\/\/sbbd.org.br\/2022\/chamada-dsw\/","title":{"rendered":"Chamada para DSW"},"content":{"rendered":"<h3>DATAS IMPORTANTES<\/h3>\n<p>\u2022 Prazo para envio: <span style=\"color: #ff0000\"><del>26 de junho de 2022<\/del><\/span> 13 de julho de 2022<br \/>\n\u2022 Notifica\u00e7\u00e3o de trabalhos aceitos: <span style=\"color: #ff0000\"><del>25 de julho de 2022<\/del><\/span> 31 de julho de 2022<br \/>\n\u2022 Envio da vers\u00e3o final: <span style=\"color: #ff0000\"><del>31 de julho de 2022<\/del><\/span> 7 de agosto de 2022<\/p>\n<h3>DSW \u2013 Dataset Showcase Workshop<\/h3>\n<p>A publica\u00e7\u00e3o e disponibiliza\u00e7\u00e3o de conjuntos de dados (abertos ou n\u00e3o) tornaram-se altamente relevantes devido \u00e0 grande aten\u00e7\u00e3o dada por diversos segmentos, como m\u00eddia, ind\u00fastria, academia e governo. A tarefa de disponibilizar dados \u00e9 importante por in\u00fameros motivos, que v\u00e3o desde sua reutiliza\u00e7\u00e3o em aplicativos digitais desenvolvidos pela sociedade, at\u00e9 a possibilidade de reprodu\u00e7\u00e3o de experimentos e desenvolvimentos pela comunidade cient\u00edfica. Portanto, no contexto da comunidade brasileira de banco de dados, disponibilizar conjuntos de dados \u00e9 intrinsecamente importante devido \u00e0 promo\u00e7\u00e3o de novas quest\u00f5es de pesquisa e desenvolvimento que tal tarefa pode alcan\u00e7ar.<\/p>\n<p>Assim, o objetivo do SBBD DSW \u00e9 fornecer um f\u00f3rum para compartilhar e discutir as formas de constru\u00e7\u00e3o e organiza\u00e7\u00e3o de conjuntos de dados que servem de base para os trabalhos de pesquisa realizados na comunidade cient\u00edfica brasileira. A contribui\u00e7\u00e3o de um artigo a ser publicado no SBBD DSW \u00e9 o produto final na forma de um dataset, geralmente extra\u00eddo de alguma base de dados ou plataforma Web, limpo e tratado, muitas vezes aumentado com dados externos, e pass\u00edvel de ser reutilizado em outros cen\u00e1rios, ou para reproduzir experimentos. A contribui\u00e7\u00e3o \u00e9 o produto na forma do conjunto de dados, mas o artigo deve apresentar todas as informa\u00e7\u00f5es necess\u00e1rias para compreend\u00ea-lo e utiliz\u00e1-lo.<\/p>\n<h3><span class=\"tlid-translation translation\" lang=\"en\"><span class=\"\" title=\"\">Submiss\u00f5es<\/span><\/span><\/h3>\n<p>Os artigos devem descrever os dados tratados por sua equipe de autoria e disponibilizados ao p\u00fablico. Em princ\u00edpio, o conjunto de dados precisa ser \u00fatil e rapidamente reutilizado por terceiros, por meio, por exemplo: agregar valor aos dados para outras pessoas da comunidade, sendo pr\u00e9-processados ou filtrados de alguma forma; organiza\u00e7\u00e3o f\u00e1cil de entender por meio de um esquema, dicion\u00e1rio, taxonomia, ontologia ou outro formalismo; acesso facilitado por mecanismos pr\u00f3prios; ou apresenta\u00e7\u00e3o de qualidade distingu\u00edvel atrav\u00e9s de curadoria e limpeza complexa.<\/p>\n<p>Os artigos submetidos ao SBBD DSW devem ser redigidos em portugu\u00eas, ingl\u00eas ou espanhol, devem ter resumo em ingl\u00eas, estar no formato SBC, ter entre 6 e 10 p\u00e1ginas (sendo poss\u00edveis at\u00e9 duas p\u00e1ginas extras apenas para refer\u00eancias e agradecimentos) ) e ser submetido via JEMS (dispon\u00edvel em breve). Cada submiss\u00e3o deve incluir conforme apropriado e na ordem que a equipe de autoria preferir:<\/p>\n<ul>\n<li>descri\u00e7\u00e3o da(s) fonte(s) de dados e da metodologia completa de coleta ou gera\u00e7\u00e3o (com disponibiliza\u00e7\u00e3o p\u00fablica da ferramenta utilizada para criar ou gerar os dados, se for o caso, e);<\/li>\n<li>descri\u00e7\u00e3o do mecanismo de armazenamento, incluindo, se houver, esquema ou dicion\u00e1rio de dados, taxonomia, ontologia ou outro formalismo que facilite seu uso por terceiros;<\/li>\n<li>descri\u00e7\u00e3o quantitativa da base de dados criada, bem como an\u00e1lise inicial dos dados caracterizando a base de dados e relatando a quantidade de dados faltantes, tabelas e outras informa\u00e7\u00f5es importantes que podem ser utilizadas para avaliar a qualidade da base de dados;<\/li>\n<li>descri\u00e7\u00e3o de como os dados foram utilizados (se houver, referem-se a artigos publicados ou em processo de submiss\u00e3o que utilizam os dados e como) e de seu car\u00e1ter in\u00e9dito, pois mesmo com o uso em qualquer artigo ou submiss\u00e3o, a descri\u00e7\u00e3o completa dos dados o conjunto de dados conforme realizado na submiss\u00e3o ao DSW deve ser in\u00e9dito;<\/li>\n<li>discuss\u00e3o dos desafios existentes e poss\u00edveis limita\u00e7\u00f5es no uso de dados;<\/li>\n<li>ideias para diferentes usos dos dados, cen\u00e1rios, quest\u00f5es de pesquisa que poderiam ser elaboradas ou resolvidas a partir da disponibilidade dos dados e quais melhorias poderiam ser aplicadas aos dados;<\/li>\n<li>e local p\u00fablico para download, pois o conjunto de dados deve estar dispon\u00edvel publicamente no momento da submiss\u00e3o do artigo para revis\u00e3o. De prefer\u00eancia, use plataformas online especializadas adequadas para manuten\u00e7\u00e3o de dados p\u00fablicos, incluindo github, zenodo, figshare ou osf (ou seja, evite reposit\u00f3rios privados, como diret\u00f3rio do Google Drive, dropbox, onedrive e similares).<\/li>\n<\/ul>\n<p>\u00c9 importante observar que as submiss\u00f5es ao DSW do SBBD n\u00e3o devem se sobrepor \u00e0s submiss\u00f5es ao evento principal e seus sat\u00e9lites, pois a contribui\u00e7\u00e3o \u00e9 completamente diferente dos artigos atualmente publicados no SBBD. Em particular, os artigos de demonstra\u00e7\u00e3o de dados *not*:<\/p>\n<ul>\n<li>levantamento, revis\u00f5es sistem\u00e1ticas, estudos emp\u00edricos ou avalia\u00e7\u00e3o experimental;<\/li>\n<li>artigos com propostas de ferramentas para gera\u00e7\u00e3o e processamento de dados;<\/li>\n<li>baseado em heur\u00edsticas de coleta fracas e duvidosas;<\/li>\n<li>ou aplica\u00e7\u00f5es simples de ferramentas gen\u00e9ricas para gerar dados que podem ser usados de forma r\u00e1pida e f\u00e1cil por qualquer pessoa.<\/li>\n<\/ul>\n<h3>T\u00f3picos de Interesse<\/h3>\n<p>Os temas de interesse do SBBD DSW s\u00e3o os mesmos da confer\u00eancia principal, ampliando-se para temas atuais de pesquisa em diversas \u00e1reas da Ci\u00eancia da Computa\u00e7\u00e3o e outras ci\u00eancias, bem como diferentes contextos relacionados a governo, educa\u00e7\u00e3o, cultura, economia, transporte e sa\u00fade. Em particular, espera-se que os artigos apresentem conjuntos de dados que possam ser usados \u200b\u200bem pesquisas relacionadas a (lista n\u00e3o exaustiva):<\/p>\n<p>Aplica\u00e7\u00f5es Cient\u00edficas, Ci\u00eancia de Dados e Interdisciplinaridade com outras Ci\u00eancias, incluindo e-science;<br \/>\nAplica\u00e7\u00f5es e \u00c1reas Relacionadas a Bancos de Dados (an\u00e1lise e visualiza\u00e7\u00e3o de dados, aprendizado de m\u00e1quina, bibliotecas digitais, minera\u00e7\u00e3o de dados, recupera\u00e7\u00e3o de informa\u00e7\u00e3o, redes sociais, sistemas de recomenda\u00e7\u00e3o, sistemas de informa\u00e7\u00e3o, Web, workflow e afins);<br \/>\nOutras \u00e1reas relacionadas \u00e0 Computa\u00e7\u00e3o (incluindo, mas n\u00e3o se limitando a, todas aquelas que possuem Grupo de Interesse ou Comiss\u00e3o Especial na SBC, e suas aplica\u00e7\u00f5es como benchmarks, baselines, ground truths e afins);<br \/>\nDiferentes tipos de Bancos de Dados (ativos, Web, streams, strings, documentos, na nuvem, dados interligados, Web Sem\u00e2ntica e RDF, heterog\u00eaneos, semiestruturados, XML, m\u00f3veis, sensores, multidimensionais, temporais, espaciais e GPS, multim\u00eddia, NoSQL , NewSQL, estat\u00edsticas e similares);<br \/>\nEngenharia de Dados (data warehouses e OLAP; autoriza\u00e7\u00e3o, privacidade, anonimiza\u00e7\u00e3o e seguran\u00e7a em bancos de dados; integra\u00e7\u00e3o e interoperabilidade de informa\u00e7\u00f5es; processamento de dados em novo hardware; proveni\u00eancia de dados).<\/p>\n<h3>Coordena\u00e7\u00e3o DSW<\/h3>\n<p><a href=\"http:\/\/www.inf.ufsc.br\/~carina.dorneles\/\"><strong>Carina F. Dorneles<\/strong><\/a>, UFSC<\/p>\n<p><a href=\"https:\/\/linktr.ee\/mirellammoro\"><strong>Mirella M. Moro<\/strong><\/a>, UFMG<\/p>\n<p><a href=\"http:\/\/professores.dcc.ufla.br\/~eric\/\"><strong>Eric Araujo<\/strong><\/a>, UFLA<\/p>\n<p><strong>As edi\u00e7\u00f5es anteriores est\u00e3o dispon\u00edveis em <\/strong><a href=\"http:\/\/bit.ly\/sbbd-dsw\"><strong><em>http:\/\/bit.ly\/sbbd-dsw<\/em><\/strong><\/a><\/p>\n<h6><\/h6>\n","protected":false},"excerpt":{"rendered":"<p>DATAS IMPORTANTES \u2022 Prazo para envio: 26 de junho de 2022 13 de julho de 2022 \u2022 Notifica\u00e7\u00e3o de trabalhos&hellip; <\/p>\n","protected":false},"author":18,"featured_media":0,"parent":0,"menu_order":0,"comment_status":"closed","ping_status":"closed","template":"","meta":{"footnotes":""},"class_list":["post-5855","page","type-page","status-publish","hentry"],"_links":{"self":[{"href":"https:\/\/sbbd.org.br\/2022\/wp-json\/wp\/v2\/pages\/5855","targetHints":{"allow":["GET"]}}],"collection":[{"href":"https:\/\/sbbd.org.br\/2022\/wp-json\/wp\/v2\/pages"}],"about":[{"href":"https:\/\/sbbd.org.br\/2022\/wp-json\/wp\/v2\/types\/page"}],"author":[{"embeddable":true,"href":"https:\/\/sbbd.org.br\/2022\/wp-json\/wp\/v2\/users\/18"}],"replies":[{"embeddable":true,"href":"https:\/\/sbbd.org.br\/2022\/wp-json\/wp\/v2\/comments?post=5855"}],"version-history":[{"count":7,"href":"https:\/\/sbbd.org.br\/2022\/wp-json\/wp\/v2\/pages\/5855\/revisions"}],"predecessor-version":[{"id":5911,"href":"https:\/\/sbbd.org.br\/2022\/wp-json\/wp\/v2\/pages\/5855\/revisions\/5911"}],"wp:attachment":[{"href":"https:\/\/sbbd.org.br\/2022\/wp-json\/wp\/v2\/media?parent=5855"}],"curies":[{"name":"wp","href":"https:\/\/api.w.org\/{rel}","templated":true}]}}