{"id":5761,"date":"2022-08-16T15:24:45","date_gmt":"2022-08-16T18:24:45","guid":{"rendered":"https:\/\/sbbd.org.br\/2022\/?page_id=5761"},"modified":"2023-07-13T17:20:49","modified_gmt":"2023-07-13T20:20:49","slug":"infos-gerais-sbbd-2022","status":"publish","type":"page","link":"https:\/\/sbbd.org.br\/2022\/","title":{"rendered":"Informa\u00e7\u00f5es Gerais"},"content":{"rendered":"\n<p class=\"has-medium-font-size\"><mark class=\"has-inline-color has-vivid-red-color\"><strong>SIMP\u00d3SIO BRASILEIRO DE BANCOS DE DADOS (SBBD 2022) &#8211; EVENTO ENCERRADO<\/strong><\/mark><\/p>\n\n\n\n<p class=\"has-medium-font-size\"><strong>Datas: 19-23 de setembro, 2022<br>Cidade: B\u00fazios &#8211; Rio de Janeiro<br>Local: Atl\u00e2ntico B\u00fazios Convention <\/strong><\/p>\n\n\n\n<p>A Principal Confer\u00eancia Brasileira em Big Data, Engenharia e Ci\u00eancia de Dados do Brasil foi realizada na cidade de Arma\u00e7\u00e3o de B\u00fazios, Rio de Janeiro. Foi o primeiro evento ao ar livre desde o lockdown por causa da pandemia de Covid-19.  <\/p>\n\n\n\n<p>Assim como j\u00e1 ocorreu em outros anos, o SBBD foi co-localizado com o Simp\u00f3sio Brasileiro de Bioinform\u00e1tica (<a href=\"https:\/\/bsb.sbc.org.br\/2022\/\">BSB2022<\/a>). Inscritos no SBBD puderam participar do BSB e vice-versa.<\/p>\n\n\n\n<p>Informa\u00e7\u00f5es detalhadas sobre todas as sess\u00f5es t\u00e9cnicas e programa v\u00e3o permanecer dispon\u00edveis aqui. Os anais do SBBD 2022 podem ser acessados  na <a href=\"https:\/\/sol.sbc.org.br\/index.php\/sbbd\">SOL \u2013 Biblioteca Digital Aberta da Sociedade Brasileira de Computa\u00e7\u00e3o<\/a>.<\/p>\n\n\n\n<p>Obrigado por seu apoio e participa\u00e7\u00e3o.<\/p>\n\n\n\n<div class=\"wp-block-columns is-layout-flex wp-container-core-columns-is-layout-9d6595d7 wp-block-columns-is-layout-flex\">\n<div class=\"wp-block-column is-layout-flow wp-block-column-is-layout-flow\" style=\"flex-basis:100%\"><\/div>\n<\/div>\n","protected":false},"excerpt":{"rendered":"<p>SIMP\u00d3SIO BRASILEIRO DE BANCOS DE DADOS (SBBD 2022) &#8211; EVENTO ENCERRADO Datas: 19-23 de setembro, 2022Cidade: B\u00fazios &#8211; Rio de&hellip; <\/p>\n","protected":false},"author":18,"featured_media":0,"parent":0,"menu_order":-4,"comment_status":"closed","ping_status":"closed","template":"","meta":{"footnotes":""},"class_list":["post-5761","page","type-page","status-publish","hentry"],"_links":{"self":[{"href":"https:\/\/sbbd.org.br\/2022\/wp-json\/wp\/v2\/pages\/5761","targetHints":{"allow":["GET"]}}],"collection":[{"href":"https:\/\/sbbd.org.br\/2022\/wp-json\/wp\/v2\/pages"}],"about":[{"href":"https:\/\/sbbd.org.br\/2022\/wp-json\/wp\/v2\/types\/page"}],"author":[{"embeddable":true,"href":"https:\/\/sbbd.org.br\/2022\/wp-json\/wp\/v2\/users\/18"}],"replies":[{"embeddable":true,"href":"https:\/\/sbbd.org.br\/2022\/wp-json\/wp\/v2\/comments?post=5761"}],"version-history":[{"count":11,"href":"https:\/\/sbbd.org.br\/2022\/wp-json\/wp\/v2\/pages\/5761\/revisions"}],"predecessor-version":[{"id":6804,"href":"https:\/\/sbbd.org.br\/2022\/wp-json\/wp\/v2\/pages\/5761\/revisions\/6804"}],"wp:attachment":[{"href":"https:\/\/sbbd.org.br\/2022\/wp-json\/wp\/v2\/media?parent=5761"}],"curies":[{"name":"wp","href":"https:\/\/api.w.org\/{rel}","templated":true}]}}