{"id":5573,"date":"2022-08-09T14:28:46","date_gmt":"2022-08-09T17:28:46","guid":{"rendered":"https:\/\/sbbd.org.br\/2022\/?page_id=5573"},"modified":"2022-08-17T18:19:31","modified_gmt":"2022-08-17T21:19:31","slug":"identidade-visual","status":"publish","type":"page","link":"https:\/\/sbbd.org.br\/2022\/identidade-visual\/","title":{"rendered":"Identidade Visual"},"content":{"rendered":"\n<p>A escolha da identidade visual do SBBD 2022 aconteceu por meio de vota\u00e7\u00e3o dos coordenadores e de visitantes de nossas redes sociais.  A marca escolhida foi um peixe estilizado, simbolizando comunica\u00e7\u00e3o, fluxo de dados e, ao mesmo tempo, fazendo alus\u00e3o \u00e0 cidade de B\u00fazios, originariamente uma vila de pescadores. <\/p>\n\n\n\n<p>Logo: <\/p>\n\n\n\n<figure class=\"wp-block-image size-large is-resized\"><img loading=\"lazy\" decoding=\"async\" src=\"https:\/\/sbbd.org.br\/2022\/wp-content\/uploads\/sites\/15\/2022\/08\/logo-cor-1021x1024.jpg\" alt=\"\" class=\"wp-image-5623\" width=\"320\" height=\"321\" srcset=\"https:\/\/sbbd.org.br\/2022\/wp-content\/uploads\/sites\/15\/2022\/08\/logo-cor-1021x1024.jpg 1021w, https:\/\/sbbd.org.br\/2022\/wp-content\/uploads\/sites\/15\/2022\/08\/logo-cor-300x300.jpg 300w, https:\/\/sbbd.org.br\/2022\/wp-content\/uploads\/sites\/15\/2022\/08\/logo-cor-150x150.jpg 150w, https:\/\/sbbd.org.br\/2022\/wp-content\/uploads\/sites\/15\/2022\/08\/logo-cor-768x770.jpg 768w, https:\/\/sbbd.org.br\/2022\/wp-content\/uploads\/sites\/15\/2022\/08\/logo-cor-1532x1536.jpg 1532w, https:\/\/sbbd.org.br\/2022\/wp-content\/uploads\/sites\/15\/2022\/08\/logo-cor-2043x2048.jpg 2043w\" sizes=\"auto, (max-width: 320px) 100vw, 320px\" \/><\/figure>\n\n\n\n<div style=\"height:41px\" aria-hidden=\"true\" class=\"wp-block-spacer\"><\/div>\n\n\n\n<p>Formatos: jpg (<a rel=\"noreferrer noopener\" href=\"https:\/\/sbbd.org.br\/2022\/wp-content\/uploads\/sites\/15\/2022\/08\/logo-cor-1-scaled.jpg\" target=\"_blank\">1<\/a>, <a rel=\"noreferrer noopener\" href=\"https:\/\/sbbd.org.br\/2022\/wp-content\/uploads\/sites\/15\/2022\/08\/logo-preto-1-scaled.jpg\" target=\"_blank\">2<\/a>, <a rel=\"noreferrer noopener\" href=\"https:\/\/sbbd.org.br\/2022\/wp-content\/uploads\/sites\/15\/2022\/08\/logo-negativo-scaled.jpg\" target=\"_blank\">3<\/a>, <a rel=\"noreferrer noopener\" href=\"https:\/\/sbbd.org.br\/2022\/wp-content\/uploads\/sites\/15\/2022\/08\/logo-escala-de-cinza-1-scaled.jpg\" target=\"_blank\">4<\/a>), png (<a rel=\"noreferrer noopener\" href=\"https:\/\/sbbd.org.br\/2022\/wp-content\/uploads\/sites\/15\/2022\/08\/logo-cor.png\" target=\"_blank\">1<\/a>, <a href=\"https:\/\/sbbd.org.br\/2022\/wp-content\/uploads\/sites\/15\/2022\/08\/logo-monocromatica.png\">2<\/a>, <a rel=\"noreferrer noopener\" href=\"https:\/\/sbbd.org.br\/2022\/wp-content\/uploads\/sites\/15\/2022\/08\/logo-escala-de-cinzas.png\" target=\"_blank\">3<\/a>, <a href=\"https:\/\/sbbd.org.br\/2022\/wp-content\/uploads\/sites\/15\/2022\/08\/logo-negativo.png\">4<\/a>), pdf (<a rel=\"noreferrer noopener\" href=\"https:\/\/sbbd.org.br\/2022\/wp-content\/uploads\/sites\/15\/2022\/08\/logo-cor.pdf\" target=\"_blank\">1<\/a>, <a rel=\"noreferrer noopener\" href=\"https:\/\/sbbd.org.br\/2022\/wp-content\/uploads\/sites\/15\/2022\/08\/logo-monocromatica.pdf\" target=\"_blank\">2<\/a>, <a rel=\"noreferrer noopener\" href=\"https:\/\/sbbd.org.br\/2022\/wp-content\/uploads\/sites\/15\/2022\/08\/logo-escala-de-cinza.pdf\" target=\"_blank\">3<\/a>, <a rel=\"noreferrer noopener\" href=\"https:\/\/sbbd.org.br\/2022\/wp-content\/uploads\/sites\/15\/2022\/08\/logo-negativo.pdf\" target=\"_blank\">4<\/a>)<br><br>Templates para apresenta\u00e7\u00f5es: <a rel=\"noreferrer noopener\" href=\"https:\/\/sbbd.org.br\/2022\/wp-content\/uploads\/sites\/15\/2022\/08\/Template-1-scaled.jpg\" target=\"_blank\">1<\/a>, <a rel=\"noreferrer noopener\" href=\"https:\/\/sbbd.org.br\/2022\/wp-content\/uploads\/sites\/15\/2022\/08\/Template-2-scaled.jpg\" target=\"_blank\">2<\/a>, <a rel=\"noreferrer noopener\" href=\"https:\/\/sbbd.org.br\/2022\/wp-content\/uploads\/sites\/15\/2022\/08\/Template-3-scaled.jpg\" target=\"_blank\">3<\/a>, <a rel=\"noreferrer noopener\" href=\"https:\/\/sbbd.org.br\/2022\/wp-content\/uploads\/sites\/15\/2022\/08\/Template-4-scaled.jpg\" target=\"_blank\">4<\/a><\/p>\n\n\n\n<div style=\"height:34px\" aria-hidden=\"true\" class=\"wp-block-spacer\"><\/div>\n\n\n\n<div data-wp-interactive=\"core\/file\" class=\"wp-block-file\"><object data-wp-bind--hidden=\"!state.hasPdfPreview\" hidden class=\"wp-block-file__embed\" data=\"https:\/\/sbbd.org.br\/2022\/wp-content\/uploads\/sites\/15\/2022\/08\/IDENTIDADE-VISUAL-SBBD-2022-1.pdf\" type=\"application\/pdf\" style=\"width:100%;height:600px\" aria-label=\"Incorporado de Incorporado de IDENTIDADE VISUAL SBBD 2022..\"><\/object><a id=\"wp-block-file--media-e3036e25-00ce-4c22-9b43-7dd7cb034ca0\" href=\"https:\/\/sbbd.org.br\/2022\/wp-content\/uploads\/sites\/15\/2022\/08\/IDENTIDADE-VISUAL-SBBD-2022-1.pdf\">IDENTIDADE VISUAL SBBD 2022<\/a><a href=\"https:\/\/sbbd.org.br\/2022\/wp-content\/uploads\/sites\/15\/2022\/08\/IDENTIDADE-VISUAL-SBBD-2022-1.pdf\" class=\"wp-block-file__button\" download aria-describedby=\"wp-block-file--media-e3036e25-00ce-4c22-9b43-7dd7cb034ca0\">Baixar<\/a><\/div>\n\n\n\n<div style=\"height:42px\" aria-hidden=\"true\" class=\"wp-block-spacer\"><\/div>\n","protected":false},"excerpt":{"rendered":"<p>A escolha da identidade visual do SBBD 2022 aconteceu por meio de vota\u00e7\u00e3o dos coordenadores e de visitantes de nossas&hellip; <\/p>\n","protected":false},"author":18,"featured_media":0,"parent":0,"menu_order":0,"comment_status":"closed","ping_status":"closed","template":"","meta":{"footnotes":""},"class_list":["post-5573","page","type-page","status-publish","hentry"],"_links":{"self":[{"href":"https:\/\/sbbd.org.br\/2022\/wp-json\/wp\/v2\/pages\/5573","targetHints":{"allow":["GET"]}}],"collection":[{"href":"https:\/\/sbbd.org.br\/2022\/wp-json\/wp\/v2\/pages"}],"about":[{"href":"https:\/\/sbbd.org.br\/2022\/wp-json\/wp\/v2\/types\/page"}],"author":[{"embeddable":true,"href":"https:\/\/sbbd.org.br\/2022\/wp-json\/wp\/v2\/users\/18"}],"replies":[{"embeddable":true,"href":"https:\/\/sbbd.org.br\/2022\/wp-json\/wp\/v2\/comments?post=5573"}],"version-history":[{"count":18,"href":"https:\/\/sbbd.org.br\/2022\/wp-json\/wp\/v2\/pages\/5573\/revisions"}],"predecessor-version":[{"id":5828,"href":"https:\/\/sbbd.org.br\/2022\/wp-json\/wp\/v2\/pages\/5573\/revisions\/5828"}],"wp:attachment":[{"href":"https:\/\/sbbd.org.br\/2022\/wp-json\/wp\/v2\/media?parent=5573"}],"curies":[{"name":"wp","href":"https:\/\/api.w.org\/{rel}","templated":true}]}}