{"id":5570,"date":"2022-08-09T14:17:36","date_gmt":"2022-08-09T17:17:36","guid":{"rendered":"https:\/\/sbbd.org.br\/2022\/?page_id=5570"},"modified":"2022-08-10T19:34:58","modified_gmt":"2022-08-10T22:34:58","slug":"artigos-curtos-aceitos","status":"publish","type":"page","link":"https:\/\/sbbd.org.br\/2022\/artigos-curtos-aceitos\/","title":{"rendered":"Artigos curtos aceitos"},"content":{"rendered":"\n<ul class=\"wp-block-list\"><li><strong>A Study of Database Models for Social Network Analysis<\/strong><\/li><\/ul>\n\n\n\n<p>Mariana Salgueiro (PUC-Rio, Brasil),<br>Sergio Lifschitz (PUC-Rio, Brasil),<br>Edward Hermann Haeusler (PUC-Rio, Brasil),<br>Veronica Santos (PUC-RIO, Brasil),<br>Alexandre Heine (PUC-Rio, Brasil)<\/p>\n\n\n\n<ul class=\"wp-block-list\"><li><strong>Ado\u00e7\u00e3o de SGBDs NoSQL em Empresas Brasileiras: um Levantamento Preliminar<\/strong><\/li><\/ul>\n\n\n\n<p>Nicolas Atmatzides (UFF, Brasil),<br>Marcos Bedo (UFF, Brasil),<br>Daniel de Oliveira (UFF, Brasil)<\/p>\n\n\n\n<ul class=\"wp-block-list\"><li><strong>AER-MinT &#8211; Apoio ao processo de Extra\u00e7\u00e3o de Rela\u00e7\u00f5es baseado em Minera\u00e7\u00e3o de dados Textuais<\/strong><\/li><\/ul>\n\n\n\n<p>Jones Oliveira Avelino (IME, Brasil),<br>Kelli de Faria Cordeiro (Centro de An\u00e1lise de Sistemas Navais, Brasil),<br>Maria Claudia Cavalcanti (IME, Brasil)<\/p>\n\n\n\n<ul class=\"wp-block-list\"><li><strong>Dados de proveni\u00eancia para Redes Neurais Guiadas pela F\u00edsica: o caso da equa\u00e7\u00e3o Eikonal<\/strong><\/li><\/ul>\n\n\n\n<p>Lyncoln Oliveira (COPPE\/UFRJ, Brasil),<br>R\u00f4mulo Silva (COPPE\/UFRJ, Brasil),<br>Liliane Neves de Oliveira Kunstmann (COPPE\/UFRJ, Brasil),<br>D\u00e9bora Pina (COPPE\/UFRJ, Brasil),<br>Daniel de Oliveira (UFF, Brasil),<br>Alvaro Coutinho (COPPE\/UFRJ, Brasil),<br>Marta Mattoso (COPPE\/UFRJ, Brasil)<\/p>\n\n\n\n<ul class=\"wp-block-list\"><li><strong>EduVizBR: A decision support system for Brazilian high school students performance analysis<\/strong><\/li><\/ul>\n\n\n\n<p>Chrystinne Fernandes (UFPE, Brasil),<br>Di\u00e9nert de Alencar Vieira (UFPE, Brasil),<br>Tassiane Barros (UFPE, Brasil),<br>Aian Shay (UFPE, Brasil),<br>Nicksson Freitas (UFCE, Brasil),<br>Tiago Vinuto (UFCE, Brasil)<\/p>\n\n\n\n<ul class=\"wp-block-list\"><li><strong>Estudo de t\u00e9cnicas de minera\u00e7\u00e3o de dados e aprendizado de m\u00e1quina aplicadas a dados ambientais<\/strong><\/li><\/ul>\n\n\n\n<p>Mariana Schaefer (UFV, Brasil),<br>Julio Reis (UFV, Brasil)<\/p>\n\n\n\n<ul class=\"wp-block-list\"><li><strong>Identificando Sites de Fake News no Brasil<\/strong><\/li><\/ul>\n\n\n\n<p>Luiz Felipe Nery (UFMG, Brasil),<br>Julio Reis (UFV, Brasil),<br>Leandro Silva (UFMG, Brasil),<br>Isadora Rodrigues (UFMG, Brasil),<br>Fabricio Benevenuto (UFMG, Brasil),<br>Jo\u00e3o Marcos Machado Couto (UFMG, Brasil),<br>Jussara Almeida (UFMG, Brasil),<br>Ana Paula Couto da Silva (UFMG, Brasil)<\/p>\n\n\n\n<ul class=\"wp-block-list\"><li><strong>Identifying named entity from researcher curricula: a case study in Lattes Platform<\/strong><\/li><\/ul>\n\n\n\n<p>Rodrigo Gon\u00e7alves (UFSC, Brasil),<br>Carina F. Dorneles (UFSC, Brasil)<\/p>\n\n\n\n<ul class=\"wp-block-list\"><li><strong>Jun\u00e7\u00f5es por Similaridade usando Processamento Distribu\u00eddo e Paralelismo Massivo<\/strong><\/li><\/ul>\n\n\n\n<p>Larissa Silva (UFG, Brasil),<br>Leonardo Andrade Ribeiro (UFG, Brasil)<\/p>\n\n\n\n<ul class=\"wp-block-list\"><li><strong>ORBITER: um Arcabou\u00e7o para Implanta\u00e7\u00e3o Autom\u00e1tica de Aplica\u00e7\u00f5es Big Data em Arquiteturas Serverless<\/strong><\/li><\/ul>\n\n\n\n<p>Jo\u00e3o Loureiro (UFF, Brasil),<br>Daniel de Oliveira (UFF, Brasil)<\/p>\n\n\n\n<ul class=\"wp-block-list\"><li><strong>Otimiza\u00e7\u00e3o de Dataflows em Frameworks de Big Data por meio do Reuso de Dados<\/strong><\/li><\/ul>\n\n\n\n<p>Gustavo Decarlo (LNCC, Brasil),<br>Fabio Porto (LNCC, Brasil),<br>Daniel de Oliveira (UFF, Brasil)<\/p>\n\n\n\n<ul class=\"wp-block-list\"><li><strong>Padroniza\u00e7\u00e3o da Descri\u00e7\u00e3o de Produtos Comerciais utilizando NER<\/strong><\/li><\/ul>\n\n\n\n<p>La\u00e9rcio Lucchesi (PUC-Rio, Brasil),<br>Tatiana Escovedo (PUC-Rio, Brasil),<br>Marcos Kalinowski (PUC-Rio, Brasil)<\/p>\n\n\n\n<ul class=\"wp-block-list\"><li><strong>Predi\u00e7\u00e3o de Resili\u00eancia Econ\u00f4mica a partir de M\u00e9todos Supervisionados baseados em Grafos Din\u00e2micos<\/strong><\/li><\/ul>\n\n\n\n<p>Marcus Araujo (ICMC\/USP, Brasil),<br>Elaine Sousa (ICMC\/USP, Brasil),<br>Francisco Rodrigues (ICMC\/USP, Brasil)<\/p>\n\n\n\n<ul class=\"wp-block-list\"><li><strong>TRUMiner: Minera\u00e7\u00e3o de Regras Temporais em Bases de S\u00e9ries Multivariadas e Heterog\u00eaneas<\/strong><\/li><\/ul>\n\n\n\n<p>Eliane Karasawa (ICMC\/USP, Brasil),<br>Elaine Sousa (ICMC\/USP, Brasil)<\/p>\n\n\n\n<ul class=\"wp-block-list\"><li><strong>Towards Robust Cluster-Based Hyperparameter Optimization<\/strong><\/li><\/ul>\n\n\n\n<p>Leonardo Iza\u00fa de Souza (CEFET\/RJ, Brasil),<br>Mariana Rocha Fortes da Silva (CEFET\/RJ, Brasil),Victor Ribeiro (LNCC, Brasil),<br>Celso Marques da Silva Junior (CEFET\/RJ, Brasil),<br>Carla Silva Oliveira (IBGE, Brasil),<br>Eduardo Bezerra (CEFET\/RJ, Brasil),<br>Fabio Porto (LNCC, Brasil),<br>Rebecca Salles (CEFET\/RJ, Brasil),<br>Eduardo Ogasawara (CEFET\/RJ, Brasil)<\/p>\n\n\n\n<p><strong>TuningChef: an approach for choosing the best cost-benefit database tuning actions<\/strong><\/p>\n\n\n\n<p>Victor Souza (PUC-Rio, Brasil),<br>Sergio Lifschitz (PUC-Rio, Brasil)<\/p>\n","protected":false},"excerpt":{"rendered":"<p>A Study of Database Models for Social Network Analysis Mariana Salgueiro (PUC-Rio, Brasil),Sergio Lifschitz (PUC-Rio, Brasil),Edward Hermann Haeusler (PUC-Rio, Brasil),Veronica&hellip; <\/p>\n","protected":false},"author":18,"featured_media":0,"parent":0,"menu_order":0,"comment_status":"closed","ping_status":"closed","template":"","meta":{"footnotes":""},"class_list":["post-5570","page","type-page","status-publish","hentry"],"_links":{"self":[{"href":"https:\/\/sbbd.org.br\/2022\/wp-json\/wp\/v2\/pages\/5570","targetHints":{"allow":["GET"]}}],"collection":[{"href":"https:\/\/sbbd.org.br\/2022\/wp-json\/wp\/v2\/pages"}],"about":[{"href":"https:\/\/sbbd.org.br\/2022\/wp-json\/wp\/v2\/types\/page"}],"author":[{"embeddable":true,"href":"https:\/\/sbbd.org.br\/2022\/wp-json\/wp\/v2\/users\/18"}],"replies":[{"embeddable":true,"href":"https:\/\/sbbd.org.br\/2022\/wp-json\/wp\/v2\/comments?post=5570"}],"version-history":[{"count":12,"href":"https:\/\/sbbd.org.br\/2022\/wp-json\/wp\/v2\/pages\/5570\/revisions"}],"predecessor-version":[{"id":5602,"href":"https:\/\/sbbd.org.br\/2022\/wp-json\/wp\/v2\/pages\/5570\/revisions\/5602"}],"wp:attachment":[{"href":"https:\/\/sbbd.org.br\/2022\/wp-json\/wp\/v2\/media?parent=5570"}],"curies":[{"name":"wp","href":"https:\/\/api.w.org\/{rel}","templated":true}]}}