{"id":5364,"date":"2022-07-26T12:00:41","date_gmt":"2022-07-26T15:00:41","guid":{"rendered":"https:\/\/sbbd.org.br\/2022\/hospedagem-copy\/"},"modified":"2022-09-01T13:44:19","modified_gmt":"2022-09-01T16:44:19","slug":"transfer","status":"publish","type":"page","link":"https:\/\/sbbd.org.br\/2022\/transfer\/","title":{"rendered":"Transfer"},"content":{"rendered":"\n<p>Participantes do SBBD 2022 (ou BSB 2022)&nbsp;ter\u00e3o direito a descontos especiais <strong><mark><mark class=\"has-inline-color has-vivid-red-color\">at\u00e9 dia 4 de setembro<\/mark><\/mark><\/strong>.<\/p>\n\n\n\n<div class=\"wp-block-buttons is-layout-flex wp-block-buttons-is-layout-flex\">\n<div class=\"wp-block-button\"><a class=\"wp-block-button__link\" href=\"https:\/\/creacteve.com.br\/proximos-eventos\/sbbd-bsb-2022\/\">Reserve j\u00e1!<\/a><\/div>\n<\/div>\n\n\n\n<p>Tarifas especiais com desconto para participantes inscritos no SBBD2022, com sa\u00eddas dos aeroportos Santos Dumont (SDU) e Tom Jobim (Gale\u00e3o &#8211; GIG). Os valores por pessoa, ida e volta at\u00e9 Buzios, s\u00e3o:<\/p>\n\n\n\n<figure class=\"wp-block-table\"><table><thead><tr><th>Tarifas<\/th><th><strong><mark><mark class=\"has-inline-color has-vivid-red-color\">At\u00e9 4\/9<\/mark><\/mark><\/strong><\/th><th>De 5\/9<br>a 19\/9<\/th><\/tr><\/thead><tbody><tr><td>Inscritos no SBBD 2022 ou BSB 2022<\/td><td>R$ 150,00<\/td><td>R$ 200,00<\/td><\/tr><tr><td>Acompanhantes n\u00e3o inscritos<\/td><td>R$ 220,00<\/td><td>R$ 270,00<\/td><\/tr><tr><td>Somente ida ou volta (inscritos)<\/td><td>R$ 100,00<\/td><td>R$ 120,00<\/td><\/tr><tr><td>Somente ida ou volta (acompanhantes n\u00e3o inscritos)<\/td><td>R$ 150,00<\/td><td>R$ 200,00<\/td><\/tr><\/tbody><\/table><\/figure>\n\n\n\n<p>Os interessados devem verificar os hor\u00e1rios previstos pela organiza\u00e7\u00e3o para os traslados de ida e volta.<\/p>\n\n\n\n<p>B\u00fazios \u00e9 uma cidade tur\u00edstica com muitas op\u00e7\u00f5es de transporte (\u00f4nibus regulares e vans) diariamente em diversos hor\u00e1rios. Os participantes que precisarem de transfer em outros dias e hor\u00e1rios, al\u00e9m dos divulgados abaixo, podem consultar a ag\u00eancia do SBBD2022.<\/p>\n\n\n\n<p>Em caso de d\u00favidas ou situa\u00e7\u00f5es especiais, contactar a Creacteve, ag\u00eancia oficial do SBBD2022, pelo e-mail&nbsp;<a rel=\"noreferrer noopener\" href=\"mailto:sbbd@creacteve.com.br\" target=\"_blank\">sbbd@creacteve.com.br<\/a>&nbsp;ou whatsapp +55 21 99557-0582<\/p>\n\n\n\n<p><strong>Voc\u00ea pode contratar os servi\u00e7os de transfer e hospedagem numa s\u00f3 compra, colocando as escolhas no carrinho de compras e efetuando um \u00fanico pagamento.<\/strong><\/p>\n\n\n\n<div class=\"wp-block-buttons is-layout-flex wp-block-buttons-is-layout-flex\">\n<div class=\"wp-block-button\"><a class=\"wp-block-button__link\" href=\"https:\/\/creacteve.com.br\/proximos-eventos\/sbbd-bsb-2022\/\">Reserve j\u00e1!<\/a><\/div>\n<\/div>\n\n\n\n<div style=\"height:11px\" aria-hidden=\"true\" class=\"wp-block-spacer\"><\/div>\n\n\n\n<hr class=\"wp-block-separator has-css-opacity\" \/>\n\n\n\n<p>Organize sua ida para o SBBD 2022, em B\u00fazios. Conhe\u00e7a os dias e hor\u00e1rios do transfer dos aeroportos do Rio para o balne\u00e1rio da Regi\u00e3o dos Lagos:<\/p>\n\n\n\n<p><strong>Hor\u00e1rios Previstos<\/strong><\/p>\n\n\n\n<p><strong>RIO \/ B\u00daZIOS<\/strong><\/p>\n\n\n\n<p><strong>Domingo \u2013 18 de setembro<\/strong><\/p>\n\n\n\n<p>10h00 \u2013 sa\u00edda SDU (segue para GIG)<br>10h30 \u2013 sa\u00edda GIG<br>15h00 \u2013 sa\u00edda SDU (segue para GIG)<br>15h30 \u2013 saida GIG<br>19h00 \u2013 sa\u00edda SDU (segue para GIG)<br>19h30 \u2013 sa\u00edda GIG<\/p>\n\n\n\n<p><strong>Segunda \u2013 19 de Setembro<\/strong><\/p>\n\n\n\n<p>10h00 \u2013 sa\u00edda SDU (segue para GIG)<br>10h30 \u2013 sa\u00edda GIG<\/p>\n\n\n\n<p><strong>Ter\u00e7a \u2013 20 de setembro<\/strong><\/p>\n\n\n\n<p>15h00 \u2013 sa\u00edda SDU (segue para GIG)<br>15h30 \u2013 saida GIG<\/p>\n\n\n\n<p><strong>Quarta \u2013 21 de setembro<\/strong><\/p>\n\n\n\n<p>10h00 \u2013 sa\u00edda SDU (segue para GIG)10h30 \u2013 sa\u00edda GIG<\/p>\n\n\n\n<p><strong>B\u00daZIOS \/ RIO<\/strong><\/p>\n\n\n\n<p><strong>SEXTA \u2013 23 de setembro<\/strong><\/p>\n\n\n\n<p>07h00 \u2013 sa\u00edda Atl\u00e2ntico Buzios para GIG e SDU (para voos a partir do meio-dia)<br>11h00 \u2013 sa\u00edda Atl\u00e2ntico Buzios para GIG e SDU (para voos a partir do 17h00)<br>13h00 \u2013 sa\u00edda Atl\u00e2ntico Buzios para GIG e SDU (para voos a partir do 18h00)<br>15h00 \u2013 sa\u00edda Atl\u00e2ntico Buzios para GIG e SDU (para voos a partir do 20h00)<\/p>\n\n\n\n<div style=\"height:19px\" aria-hidden=\"true\" class=\"wp-block-spacer\"><\/div>\n","protected":false},"excerpt":{"rendered":"<p>Participantes do SBBD 2022 (ou BSB 2022)&nbsp;ter\u00e3o direito a descontos especiais at\u00e9 dia 4 de setembro. Tarifas especiais com desconto&hellip; <\/p>\n","protected":false},"author":18,"featured_media":0,"parent":0,"menu_order":0,"comment_status":"closed","ping_status":"closed","template":"","meta":{"footnotes":""},"class_list":["post-5364","page","type-page","status-publish","hentry"],"_links":{"self":[{"href":"https:\/\/sbbd.org.br\/2022\/wp-json\/wp\/v2\/pages\/5364","targetHints":{"allow":["GET"]}}],"collection":[{"href":"https:\/\/sbbd.org.br\/2022\/wp-json\/wp\/v2\/pages"}],"about":[{"href":"https:\/\/sbbd.org.br\/2022\/wp-json\/wp\/v2\/types\/page"}],"author":[{"embeddable":true,"href":"https:\/\/sbbd.org.br\/2022\/wp-json\/wp\/v2\/users\/18"}],"replies":[{"embeddable":true,"href":"https:\/\/sbbd.org.br\/2022\/wp-json\/wp\/v2\/comments?post=5364"}],"version-history":[{"count":27,"href":"https:\/\/sbbd.org.br\/2022\/wp-json\/wp\/v2\/pages\/5364\/revisions"}],"predecessor-version":[{"id":6422,"href":"https:\/\/sbbd.org.br\/2022\/wp-json\/wp\/v2\/pages\/5364\/revisions\/6422"}],"wp:attachment":[{"href":"https:\/\/sbbd.org.br\/2022\/wp-json\/wp\/v2\/media?parent=5364"}],"curies":[{"name":"wp","href":"https:\/\/api.w.org\/{rel}","templated":true}]}}