{"id":5310,"date":"2022-07-26T08:53:39","date_gmt":"2022-07-26T11:53:39","guid":{"rendered":"https:\/\/sbbd.org.br\/2022\/minicurso-1-copy\/"},"modified":"2022-08-29T10:45:53","modified_gmt":"2022-08-29T13:45:53","slug":"minicurso-2","status":"publish","type":"page","link":"https:\/\/sbbd.org.br\/2022\/minicurso-2\/","title":{"rendered":"Minicurso 2"},"content":{"rendered":"\n<h3 class=\"wp-block-heading\"><strong>Projeto de Bancos de Dados NoSQL<\/strong><\/h3>\n\n\n\n<h4 class=\"wp-block-heading\">Resumo<\/h4>\n\n\n\n<p>Bancos de Dados (BDs) NoSQL s\u00e3o uma tecnologia relativamente recente para gerenciamento de dados cuja principal motiva\u00e7\u00e3o \u00e9 um melhor atendimento dos desafios do Big Data, como volume, variedade e velocidade. Centenas de sistemas gerenciadores de BDs (SGBDs) NoSQL est\u00e3o hoje dispon\u00edveis e alguns deles j\u00e1 ocupam posi\u00e7\u00f5es elevadas no ranking de SGBDs populares mundialmente. NoSQL engloba uma fam\u00edlia de modelos de dados n\u00e3o-relacionais: chave-valor, orientado a colunas, orientado a documentos e orientado a grafos. Considerando essa popularidade crescente e variedade de modelos de dados, torna-se pertinente a defini\u00e7\u00e3o e ado\u00e7\u00e3o de uma metodologia de projeto para BDs NoSQL quando se deseja um esquema de base para a manipula\u00e7\u00e3o dos dados. Este minicurso apresenta uma vis\u00e3o geral dos modelos de dados NoSQL e uma proposta para projeto l\u00f3gico de BDs NoSQL nos quatro modelos de dados supracitados, a partir de uma modelagem conceitual definida no modelo entidade-relacionamento estendido (modelo EER). Discute-se tamb\u00e9m a implementa\u00e7\u00e3o deste projeto l\u00f3gico em dois SGBDs NoSQL de amplo uso na ind\u00fastria: MongoDB e Neo4j.<\/p>\n\n\n\n<h3 class=\"wp-block-heading\">Instrutores<\/h3>\n\n\n\n<div class=\"wp-block-media-text alignwide is-stacked-on-mobile\" style=\"grid-template-columns:21% auto\"><figure class=\"wp-block-media-text__media\"><img loading=\"lazy\" decoding=\"async\" width=\"210\" height=\"249\" src=\"https:\/\/sbbd.org.br\/2022\/wp-content\/uploads\/sites\/15\/2022\/07\/angelo.png\" alt=\"\" class=\"wp-image-5313 size-full\" \/><\/figure><div class=\"wp-block-media-text__content\">\n<p style=\"font-size:17px\"><strong>Angelo Augusto Frozza<\/strong> (IFC) \u00e9 doutor em Ci\u00eancia da Computa\u00e7\u00e3o pela Universidade Federal de Santa Catarina (UFSC) e professor efetivo no Instituto Federal Catarinense (IFC), Campus Cambori\u00fa. Sua \u00e1rea de atua\u00e7\u00e3o \u00e9 BD e seus principais t\u00f3picos de pesquisa s\u00e3o data warehouse, BDs geogr\u00e1ficos e modelagem de dados. <a href=\"http:\/\/lattes.cnpq.br\/5878372087019892.\">CV Lattes<\/a><\/p>\n<\/div><\/div>\n\n\n\n<hr class=\"wp-block-separator has-css-opacity\" \/>\n\n\n\n<div class=\"wp-block-media-text alignwide is-stacked-on-mobile\" style=\"grid-template-columns:21% auto\"><figure class=\"wp-block-media-text__media\"><img loading=\"lazy\" decoding=\"async\" width=\"529\" height=\"623\" src=\"https:\/\/sbbd.org.br\/2022\/wp-content\/uploads\/sites\/15\/2022\/07\/geomar.png\" alt=\"\" class=\"wp-image-5315 size-full\" srcset=\"https:\/\/sbbd.org.br\/2022\/wp-content\/uploads\/sites\/15\/2022\/07\/geomar.png 529w, https:\/\/sbbd.org.br\/2022\/wp-content\/uploads\/sites\/15\/2022\/07\/geomar-255x300.png 255w\" sizes=\"auto, (max-width: 529px) 100vw, 529px\" \/><\/figure><div class=\"wp-block-media-text__content\">\n<p style=\"font-size:17px\"><strong>Geomar Andr\u00e9 Schreiner<\/strong> (UNOESC) \u00e9 doutor em Ci\u00eancia da Computa\u00e7\u00e3o pela UFSC e professor na Universidade do Oeste de Santa Catarina (UNOESC) em Chapec\u00f3. Sua \u00e1rea de atua\u00e7\u00e3o \u00e9 BD e seus principais t\u00f3picos de pesquisa s\u00e3o BDs NoSQL, BDs NewSQL, interoperabilidade de dados e particionamento de dados. <a href=\"http:\/\/lattes.cnpq.br\/0776438722468291\">CV Lattes<\/a><\/p>\n<\/div><\/div>\n\n\n\n<hr class=\"wp-block-separator has-css-opacity\" \/>\n\n\n\n<div class=\"wp-block-media-text alignwide is-stacked-on-mobile\" style=\"grid-template-columns:21% auto\"><figure class=\"wp-block-media-text__media\"><img loading=\"lazy\" decoding=\"async\" width=\"898\" height=\"1024\" src=\"https:\/\/sbbd.org.br\/2022\/wp-content\/uploads\/sites\/15\/2022\/07\/Ronaldo-898x1024.jpg\" alt=\"\" class=\"wp-image-5318 size-full\" srcset=\"https:\/\/sbbd.org.br\/2022\/wp-content\/uploads\/sites\/15\/2022\/07\/Ronaldo-898x1024.jpg 898w, https:\/\/sbbd.org.br\/2022\/wp-content\/uploads\/sites\/15\/2022\/07\/Ronaldo-263x300.jpg 263w, https:\/\/sbbd.org.br\/2022\/wp-content\/uploads\/sites\/15\/2022\/07\/Ronaldo-768x876.jpg 768w, https:\/\/sbbd.org.br\/2022\/wp-content\/uploads\/sites\/15\/2022\/07\/Ronaldo-1347x1536.jpg 1347w, https:\/\/sbbd.org.br\/2022\/wp-content\/uploads\/sites\/15\/2022\/07\/Ronaldo-1796x2048.jpg 1796w\" sizes=\"auto, (max-width: 898px) 100vw, 898px\" \/><\/figure><div class=\"wp-block-media-text__content\">\n<p style=\"font-size:17px\"><strong>Ronaldo dos Santos Mello<\/strong> (UFSC) \u00e9 doutor em Ci\u00eancia da Computa\u00e7\u00e3o pela Universidade Federal do Rio Grande do Sul (UFRGS) e professor titular na UFSC. Coordena o Grupo de pesquisa em BD da UFSC e o PET Computa\u00e7\u00e3o da UFSC. Sua \u00e1rea de atua\u00e7\u00e3o \u00e9 BD e seus principais t\u00f3picos de pesquisa s\u00e3o modelagem de dados, restri\u00e7\u00f5es de integridade, integra\u00e7\u00e3o e interoperabilidade de dados, BD NoSQL e BD NewSQL. <a href=\"http:\/\/lattes.cnpq.br\/5011370918857999\">CV Lattes<\/a><\/p>\n<\/div><\/div>\n\n\n\n<hr class=\"wp-block-separator has-css-opacity\" \/>\n\n\n\n<p><br><\/p>\n","protected":false},"excerpt":{"rendered":"<p>Projeto de Bancos de Dados NoSQL Resumo Bancos de Dados (BDs) NoSQL s\u00e3o uma tecnologia relativamente recente para gerenciamento de&hellip; <\/p>\n","protected":false},"author":18,"featured_media":0,"parent":0,"menu_order":0,"comment_status":"closed","ping_status":"closed","template":"","meta":{"footnotes":""},"class_list":["post-5310","page","type-page","status-publish","hentry"],"_links":{"self":[{"href":"https:\/\/sbbd.org.br\/2022\/wp-json\/wp\/v2\/pages\/5310","targetHints":{"allow":["GET"]}}],"collection":[{"href":"https:\/\/sbbd.org.br\/2022\/wp-json\/wp\/v2\/pages"}],"about":[{"href":"https:\/\/sbbd.org.br\/2022\/wp-json\/wp\/v2\/types\/page"}],"author":[{"embeddable":true,"href":"https:\/\/sbbd.org.br\/2022\/wp-json\/wp\/v2\/users\/18"}],"replies":[{"embeddable":true,"href":"https:\/\/sbbd.org.br\/2022\/wp-json\/wp\/v2\/comments?post=5310"}],"version-history":[{"count":8,"href":"https:\/\/sbbd.org.br\/2022\/wp-json\/wp\/v2\/pages\/5310\/revisions"}],"predecessor-version":[{"id":6307,"href":"https:\/\/sbbd.org.br\/2022\/wp-json\/wp\/v2\/pages\/5310\/revisions\/6307"}],"wp:attachment":[{"href":"https:\/\/sbbd.org.br\/2022\/wp-json\/wp\/v2\/media?parent=5310"}],"curies":[{"name":"wp","href":"https:\/\/api.w.org\/{rel}","templated":true}]}}