{"id":5300,"date":"2022-07-26T08:39:22","date_gmt":"2022-07-26T11:39:22","guid":{"rendered":"https:\/\/sbbd.org.br\/2022\/tutorial-estrategias-para-recuperacao-de-mmdb-copy\/"},"modified":"2022-09-22T13:31:35","modified_gmt":"2022-09-22T16:31:35","slug":"minicurso-1","status":"publish","type":"page","link":"https:\/\/sbbd.org.br\/2022\/minicurso-1\/","title":{"rendered":"Minicurso 1"},"content":{"rendered":"\n<h3 class=\"wp-block-heading\">Processamento de Linguagem Natural<\/h3>\n\n\n\n<h4 class=\"wp-block-heading\">Resumo<\/h4>\n\n\n\n<p>O processamento de linguagem natural (PLN) \u00e9 uma \u00e1rea de pesquisa interdisciplinar, envolvendo principalmente a Computa\u00e7\u00e3o e a Lingu\u00edstica, que visa processar o conte\u00fado oral e textual produzido pelos seres humanos. Neste minicurso o foco ser\u00e1 no processamento de textos escritos em portugu\u00eas do Brasil, com a apresenta\u00e7\u00e3o de toolkits e recursos espec\u00edficos para esse idioma. O minicurso, com dura\u00e7\u00e3o de 4 horas, ir\u00e1 abordar etapas de pr\u00e9-processamento, anota\u00e7\u00e3o de corpus e gera\u00e7\u00e3o de representa\u00e7\u00f5es e modelos de linguagem mais utilizados na atualidade para gerar importantes aplica\u00e7\u00f5es presentes em nosso dia-a-dia como os agentes conversacionais (chatbots), os assistentes virtuais e os analisadores sem\u00e2nticos capazes de retornar, por exemplo, a polaridade (val\u00eancia) de uma postagem em uma rede social.<\/p>\n\n\n\n<h3 class=\"wp-block-heading\">Instrutoras<\/h3>\n\n\n\n<div class=\"wp-block-media-text alignwide is-stacked-on-mobile\" style=\"grid-template-columns:21% auto\"><figure class=\"wp-block-media-text__media\"><img loading=\"lazy\" decoding=\"async\" width=\"1024\" height=\"1024\" src=\"https:\/\/sbbd.org.br\/2022\/wp-content\/uploads\/sites\/15\/2022\/07\/Foto_HelenaCaseli-1-1024x1024.jpg\" alt=\"\" class=\"wp-image-5308 size-full\" srcset=\"https:\/\/sbbd.org.br\/2022\/wp-content\/uploads\/sites\/15\/2022\/07\/Foto_HelenaCaseli-1-1024x1024.jpg 1024w, https:\/\/sbbd.org.br\/2022\/wp-content\/uploads\/sites\/15\/2022\/07\/Foto_HelenaCaseli-1-300x300.jpg 300w, https:\/\/sbbd.org.br\/2022\/wp-content\/uploads\/sites\/15\/2022\/07\/Foto_HelenaCaseli-1-150x150.jpg 150w, https:\/\/sbbd.org.br\/2022\/wp-content\/uploads\/sites\/15\/2022\/07\/Foto_HelenaCaseli-1-768x768.jpg 768w, https:\/\/sbbd.org.br\/2022\/wp-content\/uploads\/sites\/15\/2022\/07\/Foto_HelenaCaseli-1-1536x1536.jpg 1536w, https:\/\/sbbd.org.br\/2022\/wp-content\/uploads\/sites\/15\/2022\/07\/Foto_HelenaCaseli-1-2048x2048.jpg 2048w\" sizes=\"auto, (max-width: 1024px) 100vw, 1024px\" \/><\/figure><div class=\"wp-block-media-text__content\">\n<p style=\"font-size:17px\"><strong>Helena Caseli<\/strong> (UFSCar) \u00e9 bacharel em Ci\u00eancia da Computa\u00e7\u00e3o pela Universidade Federal de Uberl\u00e2ndia (UFU), mestre, doutora e p\u00f3s-doutora em Ci\u00eancia da Computa\u00e7\u00e3o pela Universidade de S\u00e3o Paulo (USP) e professora da Universidade Federal de S\u00e3o Carlos (UFSCar) desde 2008. Entre suas pesquisas no PLN est\u00e3o as relacionadas \u00e0 tradu\u00e7\u00e3o autom\u00e1tica, identifica\u00e7\u00e3o de rela\u00e7\u00f5es sem\u00e2nticas, processamento multimodal (texto e imagem), anota\u00e7\u00e3o de corpus e processamento de dados gerados pelos usu\u00e1rios (em especial, das redes sociais). Em 2020 foi uma das fundadoras do grupo \u201cBrasileiras em PLN\u201d (https:\/\/sites.google.com\/view\/brasileiras-pln) do qual as demais autoras deste minicurso tamb\u00e9m fazem parte.<\/p>\n<\/div><\/div>\n\n\n\n<hr class=\"wp-block-separator has-css-opacity\" \/>\n\n\n\n<div class=\"wp-block-media-text alignwide is-stacked-on-mobile\" style=\"grid-template-columns:21% auto\"><figure class=\"wp-block-media-text__media\"><img loading=\"lazy\" decoding=\"async\" width=\"893\" height=\"1024\" src=\"https:\/\/sbbd.org.br\/2022\/wp-content\/uploads\/sites\/15\/2022\/07\/Foto_ClaudiaFreitas-893x1024.jpg\" alt=\"\" class=\"wp-image-5306 size-full\" srcset=\"https:\/\/sbbd.org.br\/2022\/wp-content\/uploads\/sites\/15\/2022\/07\/Foto_ClaudiaFreitas-893x1024.jpg 893w, https:\/\/sbbd.org.br\/2022\/wp-content\/uploads\/sites\/15\/2022\/07\/Foto_ClaudiaFreitas-262x300.jpg 262w, https:\/\/sbbd.org.br\/2022\/wp-content\/uploads\/sites\/15\/2022\/07\/Foto_ClaudiaFreitas-768x881.jpg 768w, https:\/\/sbbd.org.br\/2022\/wp-content\/uploads\/sites\/15\/2022\/07\/Foto_ClaudiaFreitas-1339x1536.jpg 1339w, https:\/\/sbbd.org.br\/2022\/wp-content\/uploads\/sites\/15\/2022\/07\/Foto_ClaudiaFreitas.jpg 1395w\" sizes=\"auto, (max-width: 893px) 100vw, 893px\" \/><\/figure><div class=\"wp-block-media-text__content\">\n<p style=\"font-size:17px\"><strong>Cl\u00e1udia Freitas<\/strong> (PUC-Rio) \u00e9 doutora em Lingu\u00edstica pela PUC-Rio (2007) e professora da mesma institui\u00e7\u00e3o. Suas pesquisas em PLN est\u00e3o relacionadas principalmente \u00e0 anota\u00e7\u00e3o e \u00e0 cria\u00e7\u00e3o de datasets lingu\u00edsticos (de identifica\u00e7\u00e3o de opini\u00e3o; de rela\u00e7\u00f5es sem\u00e2nticas, de entidades mencionadas e treebanks). Participa do grupo \u201cBrasileiras em PLN\u201d.<\/p>\n<\/div><\/div>\n\n\n\n<hr class=\"wp-block-separator has-css-opacity\" \/>\n\n\n\n<div class=\"wp-block-media-text alignwide is-stacked-on-mobile\" style=\"grid-template-columns:21% auto\"><figure class=\"wp-block-media-text__media\"><img loading=\"lazy\" decoding=\"async\" width=\"965\" height=\"1024\" src=\"https:\/\/sbbd.org.br\/2022\/wp-content\/uploads\/sites\/15\/2022\/07\/Foto_RobertaViola-965x1024.jpg\" alt=\"\" class=\"wp-image-5307 size-full\" srcset=\"https:\/\/sbbd.org.br\/2022\/wp-content\/uploads\/sites\/15\/2022\/07\/Foto_RobertaViola-965x1024.jpg 965w, https:\/\/sbbd.org.br\/2022\/wp-content\/uploads\/sites\/15\/2022\/07\/Foto_RobertaViola-283x300.jpg 283w, https:\/\/sbbd.org.br\/2022\/wp-content\/uploads\/sites\/15\/2022\/07\/Foto_RobertaViola-768x815.jpg 768w, https:\/\/sbbd.org.br\/2022\/wp-content\/uploads\/sites\/15\/2022\/07\/Foto_RobertaViola-1448x1536.jpg 1448w, https:\/\/sbbd.org.br\/2022\/wp-content\/uploads\/sites\/15\/2022\/07\/Foto_RobertaViola.jpg 1508w\" sizes=\"auto, (max-width: 965px) 100vw, 965px\" \/><\/figure><div class=\"wp-block-media-text__content\">\n<p style=\"font-size:17px\"><strong>Roberta Viola<\/strong> (consultoria Kunumi) \u00e9 Mestre em Lingu\u00edstica pela Universidade Federal de Minas Gerais (UFMG). Suas pesquisas em PLN est\u00e3o relacionadas \u00e0 sem\u00e2ntica, pragm\u00e1tica, processamento de dados p\u00fablicos dos parlamentares brasileiros e processamento de dados de redes sociais. Participa do grupo \u201cBrasileiras em PLN\u201d e atualmente atua no setor privado, como engenheira de aprendizado de m\u00e1quina em uma empresa de consultoria (Kunumi).<\/p>\n<\/div><\/div>\n\n\n\n<hr class=\"wp-block-separator has-css-opacity\" \/>\n\n\n\n<p><a href=\"https:\/\/photos.google.com\/share\/AF1QipPChcVvogOGB8YAGrLEKuNHGngDnQAoGWxymQsk0vI10b2GM2TQEBEnZzdzGM8FiA?key=c09XVkZXMHdUdE1xbmRVM2o3YzYzNFV5MkZWOHFR\">Fotos do evento<\/a><br><\/p>\n","protected":false},"excerpt":{"rendered":"<p>Processamento de Linguagem Natural Resumo O processamento de linguagem natural (PLN) \u00e9 uma \u00e1rea de pesquisa interdisciplinar, envolvendo principalmente a&hellip; <\/p>\n","protected":false},"author":18,"featured_media":0,"parent":0,"menu_order":0,"comment_status":"closed","ping_status":"closed","template":"","meta":{"footnotes":""},"class_list":["post-5300","page","type-page","status-publish","hentry"],"_links":{"self":[{"href":"https:\/\/sbbd.org.br\/2022\/wp-json\/wp\/v2\/pages\/5300","targetHints":{"allow":["GET"]}}],"collection":[{"href":"https:\/\/sbbd.org.br\/2022\/wp-json\/wp\/v2\/pages"}],"about":[{"href":"https:\/\/sbbd.org.br\/2022\/wp-json\/wp\/v2\/types\/page"}],"author":[{"embeddable":true,"href":"https:\/\/sbbd.org.br\/2022\/wp-json\/wp\/v2\/users\/18"}],"replies":[{"embeddable":true,"href":"https:\/\/sbbd.org.br\/2022\/wp-json\/wp\/v2\/comments?post=5300"}],"version-history":[{"count":8,"href":"https:\/\/sbbd.org.br\/2022\/wp-json\/wp\/v2\/pages\/5300\/revisions"}],"predecessor-version":[{"id":6708,"href":"https:\/\/sbbd.org.br\/2022\/wp-json\/wp\/v2\/pages\/5300\/revisions\/6708"}],"wp:attachment":[{"href":"https:\/\/sbbd.org.br\/2022\/wp-json\/wp\/v2\/media?parent=5300"}],"curies":[{"name":"wp","href":"https:\/\/api.w.org\/{rel}","templated":true}]}}