{"id":5229,"date":"2022-07-24T18:38:04","date_gmt":"2022-07-24T21:38:04","guid":{"rendered":"https:\/\/sbbd.org.br\/2022\/inscricoes-copy\/"},"modified":"2022-09-01T13:57:48","modified_gmt":"2022-09-01T16:57:48","slug":"inscricoes-2022","status":"publish","type":"page","link":"https:\/\/sbbd.org.br\/2022\/inscricoes-2022\/","title":{"rendered":"Inscri\u00e7\u00f5es SBBD 2022"},"content":{"rendered":"\n<div class=\"wp-block-buttons is-layout-flex wp-block-buttons-is-layout-flex\">\n<div class=\"wp-block-button\"><a class=\"wp-block-button__link\" href=\"https:\/\/centraldesistemas.sbc.org.br\/ecos\/sbbd2022\" target=\"_blank\" rel=\"noreferrer noopener\">Inscreva-se<\/a><\/div>\n<\/div>\n\n\n\n<div style=\"height:16px\" aria-hidden=\"true\" class=\"wp-block-spacer\"><\/div>\n\n\n\n<figure class=\"wp-block-image size-large\"><img loading=\"lazy\" decoding=\"async\" width=\"915\" height=\"1024\" src=\"https:\/\/sbbd.org.br\/2022\/wp-content\/uploads\/sites\/15\/2022\/09\/Inscricao-1-9-22-1-915x1024.png\" alt=\"\" class=\"wp-image-6425\" srcset=\"https:\/\/sbbd.org.br\/2022\/wp-content\/uploads\/sites\/15\/2022\/09\/Inscricao-1-9-22-1-915x1024.png 915w, https:\/\/sbbd.org.br\/2022\/wp-content\/uploads\/sites\/15\/2022\/09\/Inscricao-1-9-22-1-268x300.png 268w, https:\/\/sbbd.org.br\/2022\/wp-content\/uploads\/sites\/15\/2022\/09\/Inscricao-1-9-22-1-768x859.png 768w, https:\/\/sbbd.org.br\/2022\/wp-content\/uploads\/sites\/15\/2022\/09\/Inscricao-1-9-22-1-1373x1536.png 1373w, https:\/\/sbbd.org.br\/2022\/wp-content\/uploads\/sites\/15\/2022\/09\/Inscricao-1-9-22-1-1830x2048.png 1830w, https:\/\/sbbd.org.br\/2022\/wp-content\/uploads\/sites\/15\/2022\/09\/Inscricao-1-9-22-1.png 1952w\" sizes=\"auto, (max-width: 915px) 100vw, 915px\" \/><\/figure>\n\n\n\n<h5 class=\"wp-block-heading\">Informa\u00e7\u00f5es Gerais<\/h5>\n\n\n\n<p>A inscri\u00e7\u00e3o inclui participa\u00e7\u00e3o em:<\/p>\n\n\n\n<ul class=\"wp-block-list\"><li><strong>todas as sess\u00f5es t\u00e9cnicas;<\/strong><\/li><li><strong>apresenta\u00e7\u00f5es de palestrantes convidados;<\/strong><\/li><li><strong>todos os tutoriais;<\/strong><\/li><li><strong>sess\u00f5es WTDBD;<\/strong><\/li><li><strong>sess\u00f5es de Demos;<\/strong><\/li><li><strong>todos os minicursos;<\/strong><\/li><li><strong>Reuni\u00e3o aberta da CEBD (Comiss\u00e3o Especial de Bancos de Dados) da SBC.<\/strong><\/li><\/ul>\n\n\n\n<p><strong>B\u00f4nus:<\/strong> inscritos no SBBD 2022 tamb\u00e9m poder\u00e3o participar do <a href=\"https:\/\/bsb.sbc.org.br\/2022\/\">BSB 2022<\/a> (de 21 a 23 de setembro).<\/p>\n\n\n\n<p>Al\u00e9m disso, todos os inscritos ter\u00e3o descontos especiais em hospedagem no hotel do evento (enquanto houver disponibilidade), desconto no traslado Rio-B\u00fazios-Rio e receber\u00e3o certificado de participa\u00e7\u00e3o.<\/p>\n\n\n\n<p><strong>Autores<\/strong><\/p>\n\n\n\n<p>Pelo menos um autor para cada artigo aceito a ser apresentado no SBBD 2022, ter\u00e1 de confirmar sua inscri\u00e7\u00e3o at\u00e9 <strong>21 de agosto de 2022<\/strong>.<\/p>\n\n\n\n<p><strong>Observa\u00e7\u00e3o para estudantes<\/strong><\/p>\n\n\n\n<p>Tarifas de estudante est\u00e3o dispon\u00edveis apenas para estudantes matriculados em institui\u00e7\u00f5es de ensino superior como aluno de gradua\u00e7\u00e3o ou de p\u00f3s-gradua\u00e7\u00e3o (mestrandos e doutorandos). Declara\u00e7\u00f5es de status contendo nome da institui\u00e7\u00e3o, nome do aluno, curso matriculado e data corrente dever\u00e3oe ser apresentados quando requisitado. A aus\u00eancia de documento implica no pagamento da diferen\u00e7a da tarifa profissional para a tarifa de estudante (sem desconto). Para&nbsp; posdocs, ser\u00e1 cobrada a tarifa de estudantes de p\u00f3s-gradua\u00e7\u00e3o.<\/p>\n\n\n\n<p><strong>Pol\u00edtica de cancelamento<\/strong><\/p>\n\n\n\n<p>Cancelamentos ou desist\u00eancias de inscri\u00e7\u00f5es realizadas dever\u00e3o ser feitas at\u00e9 dia <strong>11 de setembro de 2022<\/strong>. O inscrito dever\u00e1 enviar email para faturamento@sbc.org.br com c\u00f3pia ao coordenador geral do SBBD2022 (contato@sbbd.inf.puc-rio.br). O reembolso neste caso ser\u00e1 limitado a 80% do valor efetivamente pago.<\/p>\n","protected":false},"excerpt":{"rendered":"<p>Informa\u00e7\u00f5es Gerais A inscri\u00e7\u00e3o inclui participa\u00e7\u00e3o em: todas as sess\u00f5es t\u00e9cnicas; apresenta\u00e7\u00f5es de palestrantes convidados; todos os tutoriais; sess\u00f5es WTDBD;&hellip; <\/p>\n","protected":false},"author":18,"featured_media":0,"parent":0,"menu_order":0,"comment_status":"closed","ping_status":"closed","template":"","meta":{"footnotes":""},"class_list":["post-5229","page","type-page","status-publish","hentry"],"_links":{"self":[{"href":"https:\/\/sbbd.org.br\/2022\/wp-json\/wp\/v2\/pages\/5229","targetHints":{"allow":["GET"]}}],"collection":[{"href":"https:\/\/sbbd.org.br\/2022\/wp-json\/wp\/v2\/pages"}],"about":[{"href":"https:\/\/sbbd.org.br\/2022\/wp-json\/wp\/v2\/types\/page"}],"author":[{"embeddable":true,"href":"https:\/\/sbbd.org.br\/2022\/wp-json\/wp\/v2\/users\/18"}],"replies":[{"embeddable":true,"href":"https:\/\/sbbd.org.br\/2022\/wp-json\/wp\/v2\/comments?post=5229"}],"version-history":[{"count":22,"href":"https:\/\/sbbd.org.br\/2022\/wp-json\/wp\/v2\/pages\/5229\/revisions"}],"predecessor-version":[{"id":6426,"href":"https:\/\/sbbd.org.br\/2022\/wp-json\/wp\/v2\/pages\/5229\/revisions\/6426"}],"wp:attachment":[{"href":"https:\/\/sbbd.org.br\/2022\/wp-json\/wp\/v2\/media?parent=5229"}],"curies":[{"name":"wp","href":"https:\/\/api.w.org\/{rel}","templated":true}]}}