{"id":4895,"date":"2022-06-27T11:57:17","date_gmt":"2022-06-27T14:57:17","guid":{"rendered":"https:\/\/sbbd.org.br\/2022\/artigos-curtos-copy\/"},"modified":"2022-07-31T19:13:32","modified_gmt":"2022-07-31T22:13:32","slug":"wtag","status":"publish","type":"page","link":"https:\/\/sbbd.org.br\/2022\/wtag\/","title":{"rendered":"WTAG"},"content":{"rendered":"<h3>Coordenadora do Comit\u00ea de Programa Workshop de Trabalhos de Alunos de Gradua\u00e7\u00e3o (WTAG):<\/h3>\n<p><strong>Rafaelli Coutinho<\/strong> (CEFET\/RJ, Brasil)<\/p>\n<h3>Comit\u00ea de Programa WTAG<\/h3>\n<div>\n<p><strong>Andr\u00e9 Carvalho<\/strong> (Universidade Federal do Amazonas)<br \/>\n<strong>Damires Souza<\/strong> (Instituto Federal da Para\u00edba)<br \/>\n<strong>Daniel de Oliveira<\/strong> (Universidade Federal Fluminense)<br \/>\n<strong>Diego N. Brand\u00e3o<\/strong> (CEFET\/RJ)<br \/>\n<strong>Ducan Ruiz<\/strong> (Pontif\u00edcia Universidade Cat\u00f3lica do Rio Grande do Sul)<br \/>\n<strong>Fellipe Duarte<\/strong> (Universidade Federal Rural do Rio de Janeiro)<br \/>\n<strong>Fl\u00e1vio R. C. Sousa<\/strong> (Universidade Federal do Cear\u00e1)<br \/>\n<strong>Jos\u00e9 Monteiro<\/strong> (Universidade Federal do Cear\u00e1)<br \/>\n<strong>Karin Becker<\/strong> (UFRGS)<br \/>\n<strong>Kele Belloze<\/strong> (CEFET\/RJ)<br \/>\n<strong>Laura Assis<\/strong> (CEFET\/RJ)<br \/>\n<strong>L\u00edvia Cruz<\/strong> (Universidade Federal do Cear\u00e1)<br \/>\n<strong>Luis Gustavo Coutinho do R\u00eago<\/strong> (Instituto Federal do Cear\u00e1)<br \/>\n<strong>Marcelo Ar\u00eaas Rodrigues Silva<\/strong> (CEFET\/RJ)<br \/>\n<strong>Michele Brand\u00e3o<\/strong> (IFMG)<br \/>\n<strong>Rafaelli Coutinho<\/strong> (CEFET\/RJ)<br \/>\n<strong>Regis P. Magalh\u00e3es<\/strong> (Universidade Federal do Cear\u00e1)<br \/>\n<strong>Ticiana Coelho da Silva<\/strong> (Universidade Federal do Cear\u00e1)<\/p>\n<\/div>\n","protected":false},"excerpt":{"rendered":"<p>Coordenadora do Comit\u00ea de Programa Workshop de Trabalhos de Alunos de Gradua\u00e7\u00e3o (WTAG): Rafaelli Coutinho (CEFET\/RJ, Brasil) Comit\u00ea de Programa&hellip; <\/p>\n","protected":false},"author":18,"featured_media":0,"parent":0,"menu_order":0,"comment_status":"closed","ping_status":"closed","template":"","meta":{"footnotes":""},"class_list":["post-4895","page","type-page","status-publish","hentry"],"_links":{"self":[{"href":"https:\/\/sbbd.org.br\/2022\/wp-json\/wp\/v2\/pages\/4895","targetHints":{"allow":["GET"]}}],"collection":[{"href":"https:\/\/sbbd.org.br\/2022\/wp-json\/wp\/v2\/pages"}],"about":[{"href":"https:\/\/sbbd.org.br\/2022\/wp-json\/wp\/v2\/types\/page"}],"author":[{"embeddable":true,"href":"https:\/\/sbbd.org.br\/2022\/wp-json\/wp\/v2\/users\/18"}],"replies":[{"embeddable":true,"href":"https:\/\/sbbd.org.br\/2022\/wp-json\/wp\/v2\/comments?post=4895"}],"version-history":[{"count":4,"href":"https:\/\/sbbd.org.br\/2022\/wp-json\/wp\/v2\/pages\/4895\/revisions"}],"predecessor-version":[{"id":5469,"href":"https:\/\/sbbd.org.br\/2022\/wp-json\/wp\/v2\/pages\/4895\/revisions\/5469"}],"wp:attachment":[{"href":"https:\/\/sbbd.org.br\/2022\/wp-json\/wp\/v2\/media?parent=4895"}],"curies":[{"name":"wp","href":"https:\/\/api.w.org\/{rel}","templated":true}]}}