{"id":4888,"date":"2022-06-27T11:32:41","date_gmt":"2022-06-27T14:32:41","guid":{"rendered":"https:\/\/sbbd.org.br\/2022\/chamada-contribuicoes-copy\/"},"modified":"2022-08-29T14:04:01","modified_gmt":"2022-08-29T17:04:01","slug":"workshops-colocalizados","status":"publish","type":"page","link":"https:\/\/sbbd.org.br\/2022\/workshops-colocalizados\/","title":{"rendered":"Workshops colocalizados"},"content":{"rendered":"\n<div class=\"wp-block-columns is-layout-flex wp-container-core-columns-is-layout-9d6595d7 wp-block-columns-is-layout-flex\">\n<div class=\"wp-block-column is-layout-flow wp-block-column-is-layout-flow\">\n<h5 class=\"wp-block-heading\"><a href=\"https:\/\/sbbd.org.br\/2022\/dexea-program\/\">DEXEA &#8211; Data Driven Extreme Events Analytics <\/a><br><a href=\"https:\/\/sbbd.org.br\/2022\/dsw-program\/\">DSW &#8211; Dataset Showcase Workshop<\/a><br><a href=\"https:\/\/sbbd.org.br\/2022\/dbai-program\/\">DB+AI &#8211; 1\u00ba Workshop Brasileiro de Integra\u00e7\u00e3o de Bancos de Dados e Intelig\u00eancia Artificial<\/a><\/h5>\n<\/div>\n<\/div>\n","protected":false},"excerpt":{"rendered":"<p>DEXEA &#8211; Data Driven Extreme Events Analytics DSW &#8211; Dataset Showcase WorkshopDB+AI &#8211; 1\u00ba Workshop Brasileiro de Integra\u00e7\u00e3o de Bancos&hellip; <\/p>\n","protected":false},"author":18,"featured_media":0,"parent":0,"menu_order":0,"comment_status":"closed","ping_status":"closed","template":"","meta":{"footnotes":""},"class_list":["post-4888","page","type-page","status-publish","hentry"],"_links":{"self":[{"href":"https:\/\/sbbd.org.br\/2022\/wp-json\/wp\/v2\/pages\/4888","targetHints":{"allow":["GET"]}}],"collection":[{"href":"https:\/\/sbbd.org.br\/2022\/wp-json\/wp\/v2\/pages"}],"about":[{"href":"https:\/\/sbbd.org.br\/2022\/wp-json\/wp\/v2\/types\/page"}],"author":[{"embeddable":true,"href":"https:\/\/sbbd.org.br\/2022\/wp-json\/wp\/v2\/users\/18"}],"replies":[{"embeddable":true,"href":"https:\/\/sbbd.org.br\/2022\/wp-json\/wp\/v2\/comments?post=4888"}],"version-history":[{"count":22,"href":"https:\/\/sbbd.org.br\/2022\/wp-json\/wp\/v2\/pages\/4888\/revisions"}],"predecessor-version":[{"id":6335,"href":"https:\/\/sbbd.org.br\/2022\/wp-json\/wp\/v2\/pages\/4888\/revisions\/6335"}],"wp:attachment":[{"href":"https:\/\/sbbd.org.br\/2022\/wp-json\/wp\/v2\/media?parent=4888"}],"curies":[{"name":"wp","href":"https:\/\/api.w.org\/{rel}","templated":true}]}}