{"id":4702,"date":"2022-06-23T07:26:52","date_gmt":"2022-06-23T10:26:52","guid":{"rendered":"https:\/\/sbbd.org.br\/2022\/inscricoes-copy\/"},"modified":"2022-08-31T20:05:11","modified_gmt":"2022-08-31T23:05:11","slug":"hospedagem","status":"publish","type":"page","link":"https:\/\/sbbd.org.br\/2022\/hospedagem\/","title":{"rendered":"Hospedagem"},"content":{"rendered":"\n<p>Participantes do SBBD 2022 (ou BSB 2022) que fizerem sua reserva de hospedagem  <strong><mark class=\"has-inline-color has-vivid-red-color\">at\u00e9 dia 4 de setembro<\/mark><\/strong> ter\u00e3o desconto especial no Hotel Atl\u00e2ntico, local do evento.<\/p>\n\n\n\n<div class=\"wp-block-buttons is-layout-flex wp-block-buttons-is-layout-flex\">\n<div class=\"wp-block-button\"><a class=\"wp-block-button__link\" href=\"https:\/\/creacteve.com.br\/proximos-eventos\/sbbd-bsb-2022\/\" target=\"_blank\" rel=\"noreferrer noopener\">Contrate j\u00e1!<\/a><\/div>\n<\/div>\n\n\n\n<div class=\"wp-block-columns is-layout-flex wp-container-core-columns-is-layout-9d6595d7 wp-block-columns-is-layout-flex\">\n<div class=\"wp-block-column is-layout-flow wp-block-column-is-layout-flow\">\n<figure class=\"wp-block-table\"><table><thead><tr><th class=\"has-text-align-left\" data-align=\"left\">Descontos especiais*<\/th><th><strong><mark class=\"has-inline-color has-vivid-red-color\">At\u00e9 4\/9<\/mark><\/strong><\/th><th>De 5\/9 <br>a 19\/9<\/th><\/tr><\/thead><tbody><tr><td class=\"has-text-align-left\" data-align=\"left\">Single ou Double standard com no m\u00e1ximo 1 inscrito<\/td><td>R$ 350,00<\/td><td>R$ 400,00<\/td><\/tr><tr><td class=\"has-text-align-left\" data-align=\"left\">Double standard com 2 inscritos<\/td><td>R$ 280,00<\/td><td>R$ 360,00<\/td><\/tr><tr><td class=\"has-text-align-left\" data-align=\"left\">Triplo standard (1 cama de casal, 1 solteiro) com pelo menos 1 inscrito<\/td><td>R$ 390,00<\/td><td>R$ 450,00<\/td><\/tr><tr><td class=\"has-text-align-left\" data-align=\"left\">Qu\u00e1druplo standard (1 cama de casal, 2 solteiro) com pelo menos 1 inscrito<\/td><td>R$ 500,00 <\/td><td>R$560,00<\/td><\/tr><\/tbody><\/table><figcaption><br>* Quantidade de quartos com valores subsidiados \u00e9 limitada: os valores s\u00e3o v\u00e1lidos enquanto houver quartos dispon\u00edveis para reserva.<\/figcaption><\/figure>\n<\/div>\n<\/div>\n\n\n\n<p>Em caso de d\u00favidas ou situa\u00e7\u00f5es especiais, contactar a Creacteve, ag\u00eancia oficial do SBBD2022, pelo e-mail&nbsp;<a rel=\"noreferrer noopener\" href=\"mailto:sbbd@creacteve.com.br\" target=\"_blank\">sbbd@creacteve.com.br<\/a>&nbsp;ou whatsapp +55 21 99557-0582<\/p>\n\n\n\n<p><strong>Voc\u00ea pode contratar os servi\u00e7os de hospedagem e transfer numa s\u00f3 compra, colocando as escolhas no carrinho de compras e efetuando um \u00fanico pagamento.<\/strong><\/p>\n\n\n\n<div class=\"wp-block-buttons is-layout-flex wp-block-buttons-is-layout-flex\">\n<div class=\"wp-block-button\"><a class=\"wp-block-button__link\" href=\"https:\/\/creacteve.com.br\/proximos-eventos\/sbbd-bsb-2022\/\" target=\"_blank\" rel=\"noreferrer noopener\">Contrate j\u00e1!<\/a><\/div>\n<\/div>\n\n\n\n<div style=\"height:9px\" aria-hidden=\"true\" class=\"wp-block-spacer\"><\/div>\n\n\n\n<hr class=\"wp-block-separator has-css-opacity\" \/>\n\n\n\n<h5 class=\"wp-block-heading\">Atl\u00e2ntico B\u00fazios Convention<\/h5>\n\n\n<div class=\"wp-block-image\">\n<figure class=\"alignright size-full is-resized\"><img loading=\"lazy\" decoding=\"async\" src=\"https:\/\/sbbd.org.br\/2022\/wp-content\/uploads\/sites\/15\/2022\/01\/atlantico.jpg\" alt=\"\" class=\"wp-image-3788\" width=\"275\" height=\"206\" srcset=\"https:\/\/sbbd.org.br\/2022\/wp-content\/uploads\/sites\/15\/2022\/01\/atlantico.jpg 1024w, https:\/\/sbbd.org.br\/2022\/wp-content\/uploads\/sites\/15\/2022\/01\/atlantico-300x225.jpg 300w, https:\/\/sbbd.org.br\/2022\/wp-content\/uploads\/sites\/15\/2022\/01\/atlantico-768x576.jpg 768w, https:\/\/sbbd.org.br\/2022\/wp-content\/uploads\/sites\/15\/2022\/01\/atlantico-692x519.jpg 692w, https:\/\/sbbd.org.br\/2022\/wp-content\/uploads\/sites\/15\/2022\/01\/atlantico-630x473.jpg 630w\" sizes=\"auto, (max-width: 275px) 100vw, 275px\" \/><figcaption>Vista da Praia da Arma\u00e7\u00e3o<\/figcaption><\/figure>\n<\/div>\n\n\n<p>O hotel fica a 3 minutos a p\u00e9 da praia. De frente para a Praia da Arma\u00e7\u00e3o, perto da Orla Bardot e a poucos passos da popular Rua das Pedras, o Hotel Atl\u00e2ntico B\u00fazios apresenta quartos confort\u00e1veis e bem iluminados com mobili\u00e1rio em madeira.<\/p>\n\n\n\n<p><a href=\"https:\/\/www.atlanticobuzios.com.br\/\">Website do hotel Atl\u00e2ntico B\u00fazios<\/a><\/p>\n\n\n\n<p><a href=\"https:\/\/www.atlanticobuzios.com.br\/tour-virtual\">Tour virtual do hotel Atl\u00e2ntico B\u00fazios<\/a><\/p>\n\n\n\n<div style=\"height:10px\" aria-hidden=\"true\" class=\"wp-block-spacer\"><\/div>\n\n\n\n<hr class=\"wp-block-separator has-css-opacity\" \/>\n","protected":false},"excerpt":{"rendered":"<p>Participantes do SBBD 2022 (ou BSB 2022) que fizerem sua reserva de hospedagem at\u00e9 dia 4 de setembro ter\u00e3o desconto&hellip; <\/p>\n","protected":false},"author":18,"featured_media":0,"parent":0,"menu_order":0,"comment_status":"closed","ping_status":"closed","template":"","meta":{"footnotes":""},"class_list":["post-4702","page","type-page","status-publish","hentry"],"_links":{"self":[{"href":"https:\/\/sbbd.org.br\/2022\/wp-json\/wp\/v2\/pages\/4702","targetHints":{"allow":["GET"]}}],"collection":[{"href":"https:\/\/sbbd.org.br\/2022\/wp-json\/wp\/v2\/pages"}],"about":[{"href":"https:\/\/sbbd.org.br\/2022\/wp-json\/wp\/v2\/types\/page"}],"author":[{"embeddable":true,"href":"https:\/\/sbbd.org.br\/2022\/wp-json\/wp\/v2\/users\/18"}],"replies":[{"embeddable":true,"href":"https:\/\/sbbd.org.br\/2022\/wp-json\/wp\/v2\/comments?post=4702"}],"version-history":[{"count":29,"href":"https:\/\/sbbd.org.br\/2022\/wp-json\/wp\/v2\/pages\/4702\/revisions"}],"predecessor-version":[{"id":6396,"href":"https:\/\/sbbd.org.br\/2022\/wp-json\/wp\/v2\/pages\/4702\/revisions\/6396"}],"wp:attachment":[{"href":"https:\/\/sbbd.org.br\/2022\/wp-json\/wp\/v2\/media?parent=4702"}],"curies":[{"name":"wp","href":"https:\/\/api.w.org\/{rel}","templated":true}]}}