{"id":4332,"date":"2022-06-18T13:02:18","date_gmt":"2022-06-18T16:02:18","guid":{"rendered":"https:\/\/sbbd.org.br\/2022\/chamada-para-wtag-copy\/"},"modified":"2022-07-09T13:06:33","modified_gmt":"2022-07-09T16:06:33","slug":"call-for-wtag","status":"publish","type":"page","link":"https:\/\/sbbd.org.br\/2022\/call-for-wtag\/","title":{"rendered":"Call for WTAG"},"content":{"rendered":"\n<h3 class=\"wp-block-heading\" id=\"datas-importantes\">III Workshop de Trabalhos de Alunos de Gradua\u00e7\u00e3o (WTAG) SBBD 2022<br><\/h3>\n\n\n\n<h3 class=\"wp-block-heading\" id=\"datas-importantes\">Datas Importantes<\/h3>\n\n\n\n<ul class=\"wp-block-list\"><li><strong><strong>Registro e submiss\u00e3o de artigos:<\/strong> <\/strong>27 de junho de 2022<\/li><li><strong>Notifica\u00e7\u00e3o de aceite:<\/strong>&nbsp;25 de julho de 2022<\/li><li><strong>Envio da vers\u00e3o final:<\/strong>&nbsp;07 de agosto de 2022<\/li><\/ul>\n\n\n\n<h3 class=\"wp-block-heading\" id=\"apresentacao\">Apresenta\u00e7\u00e3o<\/h3>\n\n\n\n<p>O <strong>III Workshop de Trabalhos de Alunos de Gradua\u00e7\u00e3o<\/strong> (III&nbsp;WTAG) ser\u00e1 realizado durante o Simp\u00f3sio Brasileiro de Banco de Dados (SBBD) 2022. O&nbsp;WTAG&nbsp;visa promover a participa\u00e7\u00e3o de estudantes de gradua\u00e7\u00e3o e de rec\u00e9m-graduados na produ\u00e7\u00e3o e divulga\u00e7\u00e3o de trabalhos sobre temas relacionados \u00e0 \u00e1rea de Banco de Dados. Autores est\u00e3o convidados a submeter trabalhos que incluam resultados parciais ou finais das suas pesquisas tecnol\u00f3gicas e cient\u00edficas, incluindo: Trabalhos de Inicia\u00e7\u00e3o Cient\u00edfica (IC), Trabalhos de Inicia\u00e7\u00e3o Tecnol\u00f3gica (IT), Trabalhos de Conclus\u00e3o de Curso (TCC), implementa\u00e7\u00f5es de software e projetos de pesquisa ou desenvolvimento independentes que se encaixem nos <a href=\"https:\/\/sbbd.org.br\/2022\/topics-of-interest\/\">t\u00f3picos de interesse do SBBD 2022<\/a>.<\/p>\n\n\n\n<h3 class=\"wp-block-heading\" id=\"instrucoes-para-submissao\">Instru\u00e7\u00f5es para Submiss\u00e3o<\/h3>\n\n\n\n<p>A submiss\u00e3o de artigos ser\u00e1 exclusivamente eletr\u00f4nica, por meio do <a href=\"https:\/\/submissoes.sbc.org.br\/\">sistema JEMS<\/a>. Para a submiss\u00e3o, os autores devem escrever artigos em ingl\u00eas ou portugu\u00eas, limitados a 6 (seis) p\u00e1ginas de conte\u00fado incluindo resumo (e <em>abstract<\/em>, para artigos em portugu\u00eas), figuras, diagramas, e anexos, e uma p\u00e1gina extra para refer\u00eancias. Os trabalhos devem ser formatados seguindo <a href=\"https:\/\/www.sbc.org.br\/documentos-da-sbc\/summary\/169-templates-para-artigos-e-capitulos-de-livros\/878-modelosparapublicaodeartigos\">o modelo de artigos da SBC.<\/a><\/p>\n\n\n\n<p>Os artigos passar\u00e3o por um processo de revis\u00e3o pelo Comit\u00ea de Programa do&nbsp;WTAG, e os trabalhos selecionados ser\u00e3o organizados para apresenta\u00e7\u00e3o e publica\u00e7\u00e3o nos anais do evento.<\/p>\n\n\n\n<p>Cada artigo deve ter no m\u00ednimo 2 autores: (1) um estudante de gradua\u00e7\u00e3o ou rec\u00e9m-formado (graduado em 2021 ou 2020); e (2) professor orientador do trabalho.<\/p>\n\n\n\n<p>O estudante deve ser o primeiro autor da submiss\u00e3o.<\/p>\n\n\n\n<p>O estudante de cada artigo selecionado dever\u00e1 se inscrever no&nbsp;SBBD 2022 e apresentar o trabalho.<\/p>\n\n\n\n<h3 class=\"wp-block-heading\" id=\"premio-para-os-melhores-artigos\">Pr\u00eamio para os Melhores Artigos<\/h3>\n\n\n\n<p>Para fins de premia\u00e7\u00e3o, ser\u00e3o avaliados, por um Comit\u00ea espec\u00edfico do WTAG, os artigos aceitos revisados e a qualidade da apresenta\u00e7\u00e3o oral realizada pelo estudante. Os melhores artigos ser\u00e3o premiados com um certificado ao final do WTAG.<\/p>\n\n\n\n<h3 class=\"wp-block-heading\" id=\"premio-para-os-melhores-artigos\">Coordena\u00e7\u00e3o do WTAG<\/h3>\n\n\n\n<p>Rafaelli de Carvalho Coutinho (CEFET\/RJ, Brazil) &#8211;<em> rafaelli.coutinho@cefet-rj.br<\/em><\/p>\n\n\n\n<p><a href=\"https:\/\/sbbd.org.br\/2022\/attending\/\">Attending<\/a><br><a href=\"https:\/\/sbbd.org.br\/2022\/program\/\">Program<\/a><br><a href=\"https:\/\/sbbd.org.br\/2022\/sbbd-committes\/\">Committees<\/a><\/p>\n\n\n\n<h6 class=\"wp-block-heading\"><a href=\"https:\/\/sbbd.org.br\/2022\/sbbd2022-en\/\">HOME<\/a><\/h6>\n","protected":false},"excerpt":{"rendered":"<p>III Workshop de Trabalhos de Alunos de Gradua\u00e7\u00e3o (WTAG) SBBD 2022 Datas Importantes Registro e submiss\u00e3o de artigos: 27 de&hellip; <\/p>\n","protected":false},"author":18,"featured_media":0,"parent":0,"menu_order":0,"comment_status":"closed","ping_status":"closed","template":"","meta":{"footnotes":""},"class_list":["post-4332","page","type-page","status-publish","hentry"],"_links":{"self":[{"href":"https:\/\/sbbd.org.br\/2022\/wp-json\/wp\/v2\/pages\/4332","targetHints":{"allow":["GET"]}}],"collection":[{"href":"https:\/\/sbbd.org.br\/2022\/wp-json\/wp\/v2\/pages"}],"about":[{"href":"https:\/\/sbbd.org.br\/2022\/wp-json\/wp\/v2\/types\/page"}],"author":[{"embeddable":true,"href":"https:\/\/sbbd.org.br\/2022\/wp-json\/wp\/v2\/users\/18"}],"replies":[{"embeddable":true,"href":"https:\/\/sbbd.org.br\/2022\/wp-json\/wp\/v2\/comments?post=4332"}],"version-history":[{"count":5,"href":"https:\/\/sbbd.org.br\/2022\/wp-json\/wp\/v2\/pages\/4332\/revisions"}],"predecessor-version":[{"id":5158,"href":"https:\/\/sbbd.org.br\/2022\/wp-json\/wp\/v2\/pages\/4332\/revisions\/5158"}],"wp:attachment":[{"href":"https:\/\/sbbd.org.br\/2022\/wp-json\/wp\/v2\/media?parent=4332"}],"curies":[{"name":"wp","href":"https:\/\/api.w.org\/{rel}","templated":true}]}}