{"id":4176,"date":"2022-06-11T14:24:51","date_gmt":"2022-06-11T17:24:51","guid":{"rendered":"https:\/\/sbbd.org.br\/2022\/program-2-copy\/"},"modified":"2023-07-10T11:22:29","modified_gmt":"2023-07-10T14:22:29","slug":"program","status":"publish","type":"page","link":"https:\/\/sbbd.org.br\/2022\/program\/","title":{"rendered":"Program"},"content":{"rendered":"\n<h5 class=\"wp-block-heading\"><a href=\"https:\/\/sbbd.org.br\/2022\/overview2022\">Overview<\/a><\/h5>\n\n\n\n<h5 class=\"wp-block-heading\"><a href=\"https:\/\/sbbd.org.br\/2022\/speakers-program\/\">Invited Speakers<\/a><\/h5>\n\n\n\n<p><a rel=\"noreferrer noopener\" href=\"https:\/\/sbbd.org.br\/2022\/palestrante-1\/\" target=\"_blank\">Julia Stoyanovich<\/a>&nbsp;(New York University, USA)<br><a rel=\"noreferrer noopener\" href=\"https:\/\/sbbd.org.br\/2022\/palestrante-2\/\" target=\"_blank\">Ihab Ilyas<\/a>&nbsp;(University of Waterloo, Canada)<br><a href=\"https:\/\/sbbd.org.br\/2022\/palestrante-3-en\/\">Carmen Hara<\/a>&nbsp;(Universidade Federal do Paran\u00e1, Brazil)<br><a href=\"https:\/\/sbbd.org.br\/2022\/workshop-db-ai-using-provenance-to-steer-hyperparameter-in-deep-neural-networks\/\">Marta Mattoso<\/a> (COPPE\/UFRJ)<br><a href=\"https:\/\/sbbd.org.br\/2022\/workshop-dexea\/\">Wanderson Luiz Silva<\/a> (UFRJ)<\/p>\n\n\n\n<h5 class=\"wp-block-heading\">Tutorials<\/h5>\n\n\n\n<p><a href=\"https:\/\/sbbd.org.br\/2022\/tutorial-estrategias-para-recuperacao-de-mmdb\/\">Estrat\u00e9gias para recupera\u00e7\u00e3o de MMDB<\/a><br><a href=\"https:\/\/sbbd.org.br\/2022\/tutorial-the-era-of-co-designed-storage-devices\/\">Not your Grandpa\u2019s SSD: The Era of Co-Designed Storage Devices<\/a><\/p>\n\n\n\n<h5 class=\"wp-block-heading\">Short Courses (in Portuguese only)<\/h5>\n\n\n\n<p><a href=\"https:\/\/sbbd.org.br\/2022\/minicurso-1\/\">Processamento de Linguagem Natural<\/a><br><a href=\"https:\/\/sbbd.org.br\/2022\/minicurso-2\/\">Projeto de Bancos de Dados NoSQL<\/a><br><a href=\"https:\/\/sbbd.org.br\/2022\/minicurso-3\/\">Uso de Meta-Learning em Tarefas de Aprendizado&nbsp;Profundo<\/a><br><a href=\"https:\/\/sbbd.org.br\/2022\/minicurso-4\/\">Introdu\u00e7\u00e3o a plataforma de grafos Neo4j<\/a><\/p>\n\n\n\n<h5 class=\"wp-block-heading\">Invited Articles<\/h5>\n\n\n\n<p><a href=\"https:\/\/sbbd.org.br\/2022\/duckdb\/\">DuckDB<\/a><br><a href=\"https:\/\/sbbd.org.br\/2022\/stone\/\">Stone<\/a><br><a href=\"https:\/\/sbbd.org.br\/2022\/Neo4j\/\">Neo4J<\/a><\/p>\n\n\n\n<h5 class=\"wp-block-heading\">Technical Sessions<\/h5>\n\n\n\n<p><a href=\"https:\/\/sbbd.org.br\/2022\/st-artigos-completos\/\">Full Papers<\/a><br><a href=\"https:\/\/sbbd.org.br\/2022\/st-artigos-curtos\/\">Short Papers<\/a><br><a href=\"https:\/\/sbbd.org.br\/2022\/demos-program\/\">Demos<\/a><br><a href=\"https:\/\/sbbd.org.br\/2022\/wtdbd-program\/\">WTDBD<\/a><br><a href=\"https:\/\/sbbd.org.br\/2022\/wtag-program\/\">WTAG (in Portuguese only)<\/a><\/p>\n\n\n\n<h5 class=\"wp-block-heading\">Co-located workshops<\/h5>\n\n\n\n<p><a href=\"https:\/\/sbbd.org.br\/2022\/dexea-program\/\">DEXEA \u2013 Data Driven Extreme Events Analytics<\/a><br><a href=\"https:\/\/sbbd.org.br\/2022\/dsw-program\/\">DSW \u2013 Dataset Showcase Workshop<\/a><br><a href=\"https:\/\/sbbd.org.br\/2022\/dbai-program\/\">DB+AI \u2013 1\u00ba Workshop Brasileiro de Integra\u00e7\u00e3o de Bancos de Dados e Intelig\u00eancia Artificial<\/a><\/p>\n\n\n\n<p><\/p>\n\n\n\n<hr class=\"wp-block-separator has-css-opacity\" \/>\n\n\n\n<p><a href=\"https:\/\/sbbd.org.br\/2022\/sbbd-committes\/\">Committees<\/a><\/p>\n\n\n\n<h5 class=\"wp-block-heading\"><a href=\"https:\/\/sbbd.org.br\/2022\/sbbd2022-en\/\">HOME<\/a><\/h5>\n","protected":false},"excerpt":{"rendered":"<p>Overview Invited Speakers Julia Stoyanovich&nbsp;(New York University, USA)Ihab Ilyas&nbsp;(University of Waterloo, Canada)Carmen Hara&nbsp;(Universidade Federal do Paran\u00e1, Brazil)Marta Mattoso (COPPE\/UFRJ)Wanderson Luiz&hellip; <\/p>\n","protected":false},"author":18,"featured_media":0,"parent":0,"menu_order":0,"comment_status":"closed","ping_status":"closed","template":"","meta":{"footnotes":""},"class_list":["post-4176","page","type-page","status-publish","hentry"],"_links":{"self":[{"href":"https:\/\/sbbd.org.br\/2022\/wp-json\/wp\/v2\/pages\/4176","targetHints":{"allow":["GET"]}}],"collection":[{"href":"https:\/\/sbbd.org.br\/2022\/wp-json\/wp\/v2\/pages"}],"about":[{"href":"https:\/\/sbbd.org.br\/2022\/wp-json\/wp\/v2\/types\/page"}],"author":[{"embeddable":true,"href":"https:\/\/sbbd.org.br\/2022\/wp-json\/wp\/v2\/users\/18"}],"replies":[{"embeddable":true,"href":"https:\/\/sbbd.org.br\/2022\/wp-json\/wp\/v2\/comments?post=4176"}],"version-history":[{"count":39,"href":"https:\/\/sbbd.org.br\/2022\/wp-json\/wp\/v2\/pages\/4176\/revisions"}],"predecessor-version":[{"id":6795,"href":"https:\/\/sbbd.org.br\/2022\/wp-json\/wp\/v2\/pages\/4176\/revisions\/6795"}],"wp:attachment":[{"href":"https:\/\/sbbd.org.br\/2022\/wp-json\/wp\/v2\/media?parent=4176"}],"curies":[{"name":"wp","href":"https:\/\/api.w.org\/{rel}","templated":true}]}}