{"id":4013,"date":"2022-03-29T11:38:37","date_gmt":"2022-03-29T14:38:37","guid":{"rendered":"https:\/\/sbbd.org.br\/2022\/keynote-speaker-2-copy\/"},"modified":"2022-08-22T10:03:28","modified_gmt":"2022-08-22T13:03:28","slug":"palestrante-3","status":"publish","type":"page","link":"https:\/\/sbbd.org.br\/2022\/palestrante-3\/","title":{"rendered":"Carmem Hara"},"content":{"rendered":"\n<hr class=\"wp-block-separator has-css-opacity\" \/>\n\n\n\n<figure class=\"wp-block-image size-full is-resized\"><img loading=\"lazy\" decoding=\"async\" src=\"https:\/\/sbbd.org.br\/2022\/wp-content\/uploads\/sites\/15\/2022\/08\/carmemHaraBW.png\" alt=\"\" class=\"wp-image-5959\" width=\"196\" height=\"271\" srcset=\"https:\/\/sbbd.org.br\/2022\/wp-content\/uploads\/sites\/15\/2022\/08\/carmemHaraBW.png 292w, https:\/\/sbbd.org.br\/2022\/wp-content\/uploads\/sites\/15\/2022\/08\/carmemHaraBW-217x300.png 217w\" sizes=\"auto, (max-width: 196px) 100vw, 196px\" \/><\/figure>\n\n\n\n<h3 class=\"wp-block-heading\" id=\"TIM-KRASKA\">CARMEM HARA<br>(Universidade Federal do Paran\u00e1, Brasil)<\/h3>\n\n\n\n<p>***Professora homenageada***<\/p>\n\n\n\n<hr class=\"wp-block-separator has-css-opacity\" \/>\n\n\n\n<h3 class=\"wp-block-heading\">Restri\u00e7\u00f5es de Integridade: do Relacional aos Grafos<\/h3>\n\n\n\n<p><strong>Resumo:<\/strong> A veracidade \u00e9 um dos 5 V&#8217;s que caracterizam as grandes bases de dados, ou Big Data.&nbsp; Ela se refere \u00e0 qualidade dos dados, que envolve a sua corretude e consist\u00eancia.&nbsp; A consist\u00eancia dos dados sempre foi uma preocupa\u00e7\u00e3o na \u00e1rea de banco de dados e uma das formas de defini-la \u00e9 atrav\u00e9s de restri\u00e7\u00f5es de integridade. &nbsp; O estudo das restri\u00e7\u00f5es de integridade \u00e9 uma parte tradicional dos grupos de teoria de banco de dados.&nbsp; No entanto, diversas aplica\u00e7\u00f5es s\u00e3o derivadas destes estudos, tais como na \u00e1rea de integra\u00e7\u00e3o de dados e limpeza de dados.&nbsp; Nesta palestra vamos revisitar a influ\u00eancia dos modelos de dados sobre a defini\u00e7\u00e3o das restri\u00e7\u00f5es de integridade a apresentar algumas aplica\u00e7\u00f5es nestes diversos modelos.&nbsp; Vamos come\u00e7ar com os tradicionais conceitos de chaves e depend\u00eancias funcionais nos modelos relacionais, passando pelos modelos hier\u00e1rquicos e finalizar com as propostas de defini\u00e7\u00e3o destas depend\u00eancias nos modelos de grafos.<\/p>\n\n\n\n<p><strong>Bio: <\/strong>Carmem Satie Hara \u00e9 professora titular do Departamento de Inform\u00e1tica da UFPR, onde coordena o Grupo de Pesquisa em Ger\u00eancia de Dados e Informa\u00e7\u00f5es (GDAI). Ela obteve o doutorado na University of Pennsylvania &#8211; EUA (2004), mestrado na Universidade Estadual de Campinas (1990) e gradua\u00e7\u00e3o na Universidade Federal do Paran\u00e1 (1985).&nbsp; Organizou o SBBD 2014 em Curitiba, foi coordenadora da Comiss\u00e3o Especial de Banco de Dados da SBC em 2018 e pesquisadora visitante na Universit\u00e9 d&#8217;Orl\u00e9ans &#8211; Fran\u00e7a em 2015 e 2022.&nbsp; Desenvolveu projetos de pesquisa nas \u00e1reas de restri\u00e7\u00f5es de integridade, integra\u00e7\u00e3o e atualiza\u00e7\u00e3o de dados XML, monitoramento de tr\u00e1fego de redes utilizando sistemas gerenciadores de fluxos de dados, ger\u00eancia de dados distribu\u00eddos e de sensores e ger\u00eancia de dados em grafos.&nbsp; Atualmente participa do projeto &#8220;Sistema Inteligente de Monitoramento de Esp\u00e9cies Marinhas&#8221;, junto ao Centro de Estudos do Mar da UFPR.<\/p>\n\n\n\n<p> <\/p>\n","protected":false},"excerpt":{"rendered":"<p>CARMEM HARA(Universidade Federal do Paran\u00e1, Brasil) ***Professora homenageada*** Restri\u00e7\u00f5es de Integridade: do Relacional aos Grafos Resumo: A veracidade \u00e9 um&hellip; <\/p>\n","protected":false},"author":18,"featured_media":0,"parent":0,"menu_order":0,"comment_status":"closed","ping_status":"closed","template":"","meta":{"footnotes":""},"class_list":["post-4013","page","type-page","status-publish","hentry"],"_links":{"self":[{"href":"https:\/\/sbbd.org.br\/2022\/wp-json\/wp\/v2\/pages\/4013","targetHints":{"allow":["GET"]}}],"collection":[{"href":"https:\/\/sbbd.org.br\/2022\/wp-json\/wp\/v2\/pages"}],"about":[{"href":"https:\/\/sbbd.org.br\/2022\/wp-json\/wp\/v2\/types\/page"}],"author":[{"embeddable":true,"href":"https:\/\/sbbd.org.br\/2022\/wp-json\/wp\/v2\/users\/18"}],"replies":[{"embeddable":true,"href":"https:\/\/sbbd.org.br\/2022\/wp-json\/wp\/v2\/comments?post=4013"}],"version-history":[{"count":10,"href":"https:\/\/sbbd.org.br\/2022\/wp-json\/wp\/v2\/pages\/4013\/revisions"}],"predecessor-version":[{"id":5960,"href":"https:\/\/sbbd.org.br\/2022\/wp-json\/wp\/v2\/pages\/4013\/revisions\/5960"}],"wp:attachment":[{"href":"https:\/\/sbbd.org.br\/2022\/wp-json\/wp\/v2\/media?parent=4013"}],"curies":[{"name":"wp","href":"https:\/\/api.w.org\/{rel}","templated":true}]}}