{"id":3987,"date":"2022-03-11T12:07:20","date_gmt":"2022-03-11T15:07:20","guid":{"rendered":"https:\/\/sbbd.org.br\/2022\/call-for-demos-2-copy\/"},"modified":"2022-06-25T13:12:54","modified_gmt":"2022-06-25T16:12:54","slug":"chamada-tutoriais","status":"publish","type":"page","link":"https:\/\/sbbd.org.br\/2022\/chamada-tutoriais\/","title":{"rendered":"Chamada \u2013 Tutoriais"},"content":{"rendered":"\n<div style=\"height:7px\" aria-hidden=\"true\" class=\"wp-block-spacer\"><\/div>\n\n\n\n<h3 class=\"wp-block-heading\">SBBD 2022 Tutoriais<\/h3>\n\n\n\n<p>A sess\u00e3o Demos and Applications do SBBD 2022 \u00e9 um f\u00f3rum de discuss\u00e3o para troca de experi\u00eancias e o SBBD 2022 convida a submiss\u00e3o de propostas de tutoriais. Cada tutorial ser\u00e1 apresentado em at\u00e9 3 horas. Consideraremos propostas de tutoriais introdut\u00f3rios e avan\u00e7ados sobre temas da \u00e1rea de banco de dados ou \u00e1rea afim. Os t\u00f3picos de interesse incluem, mas n\u00e3o est\u00e3o limitados aos seguintes <a href=\"https:\/\/sbbd.org.br\/2022\/topics-of-interest\">t\u00f3picos de interesse<\/a>. Tutoriais introdut\u00f3rios devem ter como alvo um p\u00fablico composto por estudantes avan\u00e7ados de gradua\u00e7\u00e3o e p\u00f3s-gradua\u00e7\u00e3o, bem como participantes da ind\u00fastria. Portanto, eles podem ser considerados como cursos de \u201creciclagem\u201d, embora n\u00e3o devam ser sobre t\u00f3picos tradicionais de \u201clivros did\u00e1ticos\u201d. Tutoriais avan\u00e7ados, por outro lado, devem cobrir o estado da arte de um t\u00f3pico, motivando e expondo poss\u00edveis problemas de pesquisa.<\/p>\n\n\n\n<h3 class=\"wp-block-heading\" id=\"submissoes\">Instru\u00e7\u00f5es para autores<\/h3>\n\n\n\n<p>Authors must submit a paper of up to 6 pages, including images and references, describing the main Os autores devem submeter um artigo de at\u00e9 6 p\u00e1ginas, incluindo imagens e refer\u00eancias, descrevendo as principais propostas do fTutorial, devendo ter no m\u00e1ximo 5 p\u00e1ginas, em fonte Times New Roman, corpo 12, e deve incluir os seguintes itens (nesta ordem):<\/p>\n\n\n\n<ul class=\"wp-block-list\"><li>T\u00edtulo do tutorial, nome completo dos autores, afilia\u00e7\u00f5es, e-mails e URL das respectivas home pages (se dispon\u00edveis).<\/li><li>Caso o tutorial proposto tenha sido apresentado anteriormente, indique onde o tutorial foi apresentado anteriormente e como ele ser\u00e1 atualizado e aprimorado para o SBBD 2022.<\/li><li>Tipo de tutorial (introdut\u00f3rio ou avan\u00e7ado).<\/li><li>O p\u00fablico-alvo e seu hist\u00f3rico assumido.<\/li><li>O idioma em que o tutorial ser\u00e1 apresentado (ingl\u00eas ou portugu\u00eas).<\/li><li>Um resumo (n\u00e3o mais que 100 palavras) descrevendo o objetivo principal do tutorial.<\/li><li>Esbo\u00e7o do tutorial (lista de t\u00f3picos e uma breve descri\u00e7\u00e3o de como os t\u00f3picos ser\u00e3o abordados).<\/li><li>Lista de (at\u00e9 10) refer\u00eancias relacionadas.<\/li><li>Uma breve biografia dos autores (at\u00e9 20 linhas\/autor).<\/li><li>O nome de quem apresentar\u00e1 o tutorial, no caso de tutorial proposto por mais de um autor. Os autores podem compartilhar a apresenta\u00e7\u00e3o, ou seja, mais de um autor pode apresentar o tutorial.<\/li><li>Equipamento audiovisual necess\u00e1rio (por exemplo, projetor multim\u00eddia e recursos de computador).<\/li><\/ul>\n\n\n\n<h3 class=\"wp-block-heading\" id=\"submissoes\">Instru\u00e7\u00f5es para submiss\u00f5es<\/h3>\n\n\n\n<p>As propostas de tutoriais submetidas podem ser redigidas em portugu\u00eas ou ingl\u00eas. Submiss\u00f5es em ingl\u00eas s\u00e3o fortemente encorajadas. As propostas submetidas ser\u00e3o analisadas com base na originalidade, relev\u00e2ncia, solidez t\u00e9cnica e clareza de apresenta\u00e7\u00e3o. As propostas de tutoriais devem ser enviadas como anexos em PDF para RRC@ufscar.br. O assunto do e-mail deve ser: \u201cSBBD 2022 Tutorial Session\u201d. Por favor, envie e-mail com o assunto sugerido para auxiliar o coordenador a filtrar as mensagens de seu interesse. Formatos diferentes de PDF n\u00e3o ser\u00e3o aceitos. O SBBD 2022 reserva-se o direito de recusar todas as propostas de tutoriais submetidas, bem como incluir apresenta\u00e7\u00f5es de tutoriais convidadas.<\/p>\n\n\n\n<h3 class=\"wp-block-heading\" id=\"datas-importantes\">Datas importantes<\/h3>\n\n\n\n<p>\u2013 Submiss\u00e3o de Propostas: 15 de junho de 2022<br>\u2013 Notifica\u00e7\u00e3o dos Autores: 15 de julho de 2022<br>\u2013 Submiss\u00e3o da vers\u00e3o final: 1\u00ba de agosto de 2022<\/p>\n\n\n\n<h3 class=\"wp-block-heading\" id=\"coordenacao-do-wtdbd\">Coordena\u00e7\u00e3o do Programa de Tutoriais<\/h3>\n\n\n\n<p>Ricardo Rodrigues Ciferri<br>Departamento of Computa\u00e7\u00e3o<br>da Universidade Federal de S\u00e3o Carlos (UFSCar)<br>Brasil<\/p>\n\n\n\n<h3 class=\"wp-block-heading\" id=\"coordenacao-do-wtdbd\">Contato<\/h3>\n\n\n\n<p>Para outras informa\u00e7\u00f5es favor entrar em contato com Ricardo Rodrigues Ciferri <a href=\"mailto:RRC@ufscar.br\">RRC@ufscar.br<\/a>, anotando, no assunto, \u201cSess\u00e3o Tutorial SBBD 2022\u201d. Por favor, envie e-mail com o assunto sugerido para auxiliar o coordenador a filtrar as mensagens de seu interesse.<\/p>\n","protected":false},"excerpt":{"rendered":"<p>SBBD 2022 Tutoriais A sess\u00e3o Demos and Applications do SBBD 2022 \u00e9 um f\u00f3rum de discuss\u00e3o para troca de experi\u00eancias&hellip; <\/p>\n","protected":false},"author":18,"featured_media":0,"parent":0,"menu_order":0,"comment_status":"closed","ping_status":"closed","template":"","meta":{"footnotes":""},"class_list":["post-3987","page","type-page","status-publish","hentry"],"_links":{"self":[{"href":"https:\/\/sbbd.org.br\/2022\/wp-json\/wp\/v2\/pages\/3987","targetHints":{"allow":["GET"]}}],"collection":[{"href":"https:\/\/sbbd.org.br\/2022\/wp-json\/wp\/v2\/pages"}],"about":[{"href":"https:\/\/sbbd.org.br\/2022\/wp-json\/wp\/v2\/types\/page"}],"author":[{"embeddable":true,"href":"https:\/\/sbbd.org.br\/2022\/wp-json\/wp\/v2\/users\/18"}],"replies":[{"embeddable":true,"href":"https:\/\/sbbd.org.br\/2022\/wp-json\/wp\/v2\/comments?post=3987"}],"version-history":[{"count":15,"href":"https:\/\/sbbd.org.br\/2022\/wp-json\/wp\/v2\/pages\/3987\/revisions"}],"predecessor-version":[{"id":4862,"href":"https:\/\/sbbd.org.br\/2022\/wp-json\/wp\/v2\/pages\/3987\/revisions\/4862"}],"wp:attachment":[{"href":"https:\/\/sbbd.org.br\/2022\/wp-json\/wp\/v2\/media?parent=3987"}],"curies":[{"name":"wp","href":"https:\/\/api.w.org\/{rel}","templated":true}]}}