{"id":3973,"date":"2022-03-10T08:37:35","date_gmt":"2022-03-10T11:37:35","guid":{"rendered":"https:\/\/sbbd.org.br\/2022\/chamada-para-wtdbd-copy\/"},"modified":"2022-08-06T09:21:21","modified_gmt":"2022-08-06T12:21:21","slug":"chamada-demos","status":"publish","type":"page","link":"https:\/\/sbbd.org.br\/2022\/chamada-demos\/","title":{"rendered":"Chamada \u2013 Demos"},"content":{"rendered":"\n<div style=\"height:7px\" aria-hidden=\"true\" class=\"wp-block-spacer\"><\/div>\n\n\n\n<h3 class=\"wp-block-heading\">Sess\u00e3o de Demos<\/h3>\n\n\n\n<p>A sess\u00e3o Demos do SBBD 2022 \u00e9 um f\u00f3rum de discuss\u00e3o para troca de experi\u00eancias e apresenta\u00e7\u00e3o de solu\u00e7\u00f5es inovadoras. Convidamos a submiss\u00e3o de pesquisadores, desenvolvedores e profissionais, tanto da academia quanto da ind\u00fastria, interessados em solu\u00e7\u00f5es pr\u00e1ticas e funcionais para problemas relevantes envolvendo tecnologia de gerenciamento de dados e informa\u00e7\u00f5es.<\/p>\n\n\n\n<h3 class=\"wp-block-heading\" id=\"submissoes\">Instru\u00e7\u00f5es para submiss\u00f5es<\/h3>\n\n\n\n<p>Os autores devem submeter um artigo de at\u00e9 6 p\u00e1ginas, incluindo imagens e refer\u00eancias, descrevendo as principais caracter\u00edsticas de sua demonstra\u00e7\u00e3o\/aplica\u00e7\u00e3o.<\/p>\n\n\n\n<p>Cada artigo ser\u00e1 analisado por pelo menos tr\u00eas membros do comit\u00ea de programa quanto \u00e0 originalidade, alcance pr\u00e1tico, contribui\u00e7\u00e3o t\u00e9cnica e apresenta\u00e7\u00e3o. Juntamente com o artigo submetido, os autores s\u00e3o fortemente encorajados a fornecer um link para um v\u00eddeo de demonstra\u00e7\u00e3o (screencast) de at\u00e9 5 minutos de dura\u00e7\u00e3o, apresentando a demonstra\u00e7\u00e3o\/aplica\u00e7\u00e3o. Este recurso ser\u00e1 muito apreciado e considerado como uma caracter\u00edstica distintiva no processo de revis\u00e3o.<\/p>\n\n\n\n<p>Os trabalhos devem ser redigidos em portugu\u00eas ou ingl\u00eas e formatados de acordo com o<a href=\"https:\/\/www.sbc.org.br\/documentos-da-sbc\/category\/169-templates-para-artigos-e-capitulos-de-livros\"> modelo da SBC<\/a>. Ser\u00e3o consideradas apenas submiss\u00f5es eletr\u00f4nicas em formato PDF. O link para o v\u00eddeo de demonstra\u00e7\u00e3o ou a vers\u00e3o online da demonstra\u00e7\u00e3o deve ser informado na nota de rodap\u00e9 na primeira p\u00e1gina do trabalho (na primeira men\u00e7\u00e3o). Por favor, fa\u00e7a o upload da sua submiss\u00e3o dentro do prazo por meio do site <a href=\"https:\/\/jems.sbc.org.br\/jems2\/index.php?r=site\/login\">JEMS<\/a>.<\/p>\n\n\n\n<p>D\u00favidas sobre submiss\u00f5es devem ser direcionadas para parros@icmc.usp.br com o prefixo \u201c[SBBD2022 Demos]\u201d na linha de assunto. Pelo menos um autor de cada trabalho aceito deve se registrar e comparecer \u00e0 confer\u00eancia para apresentar o trabalho. Os trabalhos aceitos ser\u00e3o publicados nos Anais do SBBD 2022 Satellite Events.<\/p>\n\n\n\n<h3 class=\"wp-block-heading\" id=\"datas-importantes\">Datas Importantes<\/h3>\n\n\n\n<p>\u2013 Submiss\u00e3o dos artigos: <mark class=\"has-inline-color has-vivid-red-color\"><s>28 de junho de 2022<\/s><\/mark> <mark class=\"has-inline-color has-vivid-red-color\"><s>11 de julho de 2022<\/s><\/mark> 13 de julho de 2022<br>\u2013 Notifica\u00e7\u00e3o dos autores:\u00a0 5 de agosto de 2022<br>\u2013 Submiss\u00e3o da vers\u00e3o final: <mark class=\"has-inline-color has-vivid-red-color\"><s>23 de agosto de 2022 <\/s><\/mark>20 de agosto de 2022<\/p>\n\n\n\n<h3 class=\"wp-block-heading\" id=\"coordenacao-do-wtdbd\">Comit\u00ea do programa<\/h3>\n\n\n\n<p><strong>Angelo Brayner <\/strong>(Universidade Federal do Cear\u00e1)<br><strong>Carina F. Dorneles<\/strong> (Universidade Federal de Santa Catarina)<br><strong>Carmem Hara<\/strong>&nbsp;(Universidade Federal do Paran\u00e1)<br><strong>Daniel de Oliveira<\/strong> (Universidade Federal Fluminense)<br><strong>Denilson Pereira<\/strong> (Universidade Federal de Lavras)<br><strong>Denio Duarte<\/strong>&nbsp; (Universidade Federal da Fronteira Sul)<br><strong>Eduardo Bezerra<\/strong> (CEFET\/RJ)<br><strong>Eduardo de Almeida<\/strong> (Universidade Federal do Paran\u00e1)<br><strong>Humberto Razente<\/strong> (Universidade Federal de Uberl\u00e2ndia)<br><strong>Leonardo Andrade Ribeiro<\/strong> (Universidade Federal de Goi\u00e1s)<br><strong>Leonardo Guerreiro Azevedo<\/strong>&nbsp;(IBM Research \u2013 Brazil)<br><strong>Marcela Ribeiro<\/strong> (Universidade Federal de S\u00e3o Carlos)<br><strong>Marcos Bedo<\/strong> (Universidade Federal Fluminense)<br><strong>Maristela Holanda<\/strong> (Universidade de Bras\u00edlia)<br><strong>Ricardo Marcacini<\/strong> (ICMC &#8211; USP)<br><strong>Robson Cordeiro<\/strong> (ICMC \u2013 USP)<br><strong>Rodrigo Monteiro<\/strong> (Universidade Federal Fluminense)<br><strong>Ronaldo Mello<\/strong>&nbsp;(Universidade Federal de Santa Catarina)<br><strong>Tiago de Melo<\/strong>&nbsp;&nbsp;(Universidade do Estado do Amazonas)<br><strong>Victor de Almeida<\/strong> (Petrobras)<\/p>\n\n\n\n<h3 class=\"wp-block-heading\" id=\"coordenacao-do-wtdbd\">Coordena\u00e7\u00e3o do Programa de Demos<\/h3>\n\n\n\n<p>Elaine Parros Machado de Sousa<br>Universidade de S\u00e3o Paulo (ICMC\/USP)<br><a href=\"mailto:parros@icmc.usp.br\">parros@icmc.usp.br<\/a><\/p>\n","protected":false},"excerpt":{"rendered":"<p>Sess\u00e3o de Demos A sess\u00e3o Demos do SBBD 2022 \u00e9 um f\u00f3rum de discuss\u00e3o para troca de experi\u00eancias e apresenta\u00e7\u00e3o&hellip; <\/p>\n","protected":false},"author":18,"featured_media":0,"parent":0,"menu_order":0,"comment_status":"closed","ping_status":"closed","template":"","meta":{"footnotes":""},"class_list":["post-3973","page","type-page","status-publish","hentry"],"_links":{"self":[{"href":"https:\/\/sbbd.org.br\/2022\/wp-json\/wp\/v2\/pages\/3973","targetHints":{"allow":["GET"]}}],"collection":[{"href":"https:\/\/sbbd.org.br\/2022\/wp-json\/wp\/v2\/pages"}],"about":[{"href":"https:\/\/sbbd.org.br\/2022\/wp-json\/wp\/v2\/types\/page"}],"author":[{"embeddable":true,"href":"https:\/\/sbbd.org.br\/2022\/wp-json\/wp\/v2\/users\/18"}],"replies":[{"embeddable":true,"href":"https:\/\/sbbd.org.br\/2022\/wp-json\/wp\/v2\/comments?post=3973"}],"version-history":[{"count":19,"href":"https:\/\/sbbd.org.br\/2022\/wp-json\/wp\/v2\/pages\/3973\/revisions"}],"predecessor-version":[{"id":5510,"href":"https:\/\/sbbd.org.br\/2022\/wp-json\/wp\/v2\/pages\/3973\/revisions\/5510"}],"wp:attachment":[{"href":"https:\/\/sbbd.org.br\/2022\/wp-json\/wp\/v2\/media?parent=3973"}],"curies":[{"name":"wp","href":"https:\/\/api.w.org\/{rel}","templated":true}]}}