{"id":3871,"date":"2022-02-07T19:13:18","date_gmt":"2022-02-07T22:13:18","guid":{"rendered":"https:\/\/sbbd.org.br\/2022\/topics-of-interest-copy\/"},"modified":"2022-06-21T14:04:35","modified_gmt":"2022-06-21T17:04:35","slug":"diretrizes-gerais-autores","status":"publish","type":"page","link":"https:\/\/sbbd.org.br\/2022\/diretrizes-gerais-autores\/","title":{"rendered":"Diretrizes gerais \u2013 autores"},"content":{"rendered":"\n<p>Os autores de trabalhos aceitos devem se registrar e apresentar seus trabalhos durante a confer\u00eancia.<\/p>\n\n\n\n<p>Considerando os temas de interesse do SBBD (isoladamente ou em conjunto), os autores dos trabalhos submetidos ao congresso devem seguir as seguintes recomenda\u00e7\u00f5es:<\/p>\n\n\n\n<ul class=\"wp-block-list\"><li>Os artigos devem destacar claramente o contexto da pesquisa relatada.<\/li><li>Os autores devem indicar os temas de interesse para o SBBD 2022.<\/li><li>Na introdu\u00e7\u00e3o, n\u00e3o deixe de destacar a motiva\u00e7\u00e3o do trabalho, o problema de pesquisa, os objetivos gerais e espec\u00edficos, a contribui\u00e7\u00e3o e sua originalidade cient\u00edfica, apresentando a justificativa e relev\u00e2ncia do trabalho.<\/li><li>Os trabalhos do SBBD devem posicionar os trabalhos apresentados em rela\u00e7\u00e3o aos trabalhos relacionados publicados na literatura especializada, mostrando a necessidade de uma nova abordagem, o aprimoramento de uma j\u00e1 existente ou mesmo a aplica\u00e7\u00e3o do gerenciamento de dados em problemas reais. Algumas sugest\u00f5es de peri\u00f3dicos e eventos cient\u00edficos da \u00e1rea, que podem servir de base para a pesquisa s\u00e3o (lista n\u00e3o exaustiva): SBBD, JIDM, KDMile, VLDB, SIGMOD, EDBT, ICDE, CIDR,\u00a0Journal of Information Systems, Decision Sistemas de Suporte,\u00a0Jornal de Ci\u00eancias da Informa\u00e7\u00e3o.<\/li><li>Os trabalhos do SBBD devem descrever com clareza a metodologia cient\u00edfica empregada, bem como apresentar a an\u00e1lise ou discuss\u00e3o dos resultados, destacando as contribui\u00e7\u00f5es da pesquisa e inova\u00e7\u00e3o e, para uma determinada \u00e1rea de aplica\u00e7\u00e3o, posicionando-a em rela\u00e7\u00e3o a outros trabalhos da \u00e1rea. Os autores devem descrever os resultados de forma objetiva, relacionando o problema e os objetivos da pesquisa. As limita\u00e7\u00f5es da pesquisa e de trabalhos futuros tamb\u00e9m devem ser apontadas.<\/li><li>Por favor, revise o texto de acordo com o idioma utilizado e a formata\u00e7\u00e3o. O texto deve ser cuidadosamente revisado quanto \u00e0 sua reda\u00e7\u00e3o, devendo ser claro, objetivo e n\u00e3o conter erros de linguagem. Formate seu artigo de acordo com o modelo de artigo da SBC e revise os formatos de cita\u00e7\u00e3o e refer\u00eancia. As figuras e tabelas devem ser leg\u00edveis.<\/li><li>Em rela\u00e7\u00e3o \u00e0 fase de revis\u00e3o, os trabalhos submetidos ao SBBD 2022 que passar\u00e3o por um processo de revis\u00e3o &#8221;duplo-cego&#8221; (artigos completos e curtos) devem garantir o anonimato da autoria. Os autores devem, pelo menos, fazer o seguinte: (i) os nomes e afilia\u00e7\u00f5es dos autores n\u00e3o devem aparecer na p\u00e1gina de rosto ou em qualquer outro lugar do artigo; (ii) as autorrefer\u00eancias devem ser limitadas apenas a artigos que sejam relevantes para os revisores do artigo submetido, e a terceira pessoa deve ser usada para se referir a trabalhos que os autores tenham realizado anteriormente, por exemplo, substituir quaisquer frases como \u201ccomo mostramos antes\u201d com \u201c\u2026 foi exibido antes de [Autor 2020]\u201d; (iii) quando a autocita\u00e7\u00e3o expl\u00edcita for necess\u00e1ria, a lista de refer\u00eancia deve ser ocultada:\u00a0 &#8216;[Autor 2007] Detalhes omitidos para revis\u00e3o duplo-cega.&#8217;; e (iv) fontes de financiamento, membros do grupo de pesquisa ou outros colegas ou colaboradores, n\u00e3o devem ser citados em nenhuma parte do trabalho. O objetivo \u00e9 permitir que o leitor compreenda plenamente o contexto do artigo submetido, preservando o anonimato. \u00c9 responsabilidade dos autores fazer o poss\u00edvel para preservar o anonimato. Artigos que n\u00e3o seguem as diretrizes, ou de outra forma divulgam a identidade dos autores, est\u00e3o sujeitos a rejei\u00e7\u00e3o instant\u00e2nea.<\/li><li>Por favor, revise o texto de acordo com o idioma utilizado e a formata\u00e7\u00e3o. O texto deve ser cuidadosamente revisado quanto \u00e0 sua reda\u00e7\u00e3o, devendo ser claro, objetivo e n\u00e3o conter erros de linguagem. Formate seu artigo de acordo com o <a href=\"https:\/\/www.sbc.org.br\/documentos-da-sbc\/category\/169-templates-para-artigos-e-capitulos-de-livros\">modelo de artigo da SBC<\/a> e revise a cita\u00e7\u00e3o e formatos de refer\u00eancia. As figuras e tabelas devem ser leg\u00edveis.<\/li><\/ul>\n\n\n\n<p>Sugerimos que todos os trabalhos completos disponibilizem seus c\u00f3digos, dados, scripts e notebooks, se poss\u00edvel. Embora n\u00e3o seja obrigat\u00f3rio para aceita\u00e7\u00e3o, fornecer esse material extra pode ajudar os revisores a avaliar seu trabalho mais detalhadamente.<\/p>\n","protected":false},"excerpt":{"rendered":"<p>Os autores de trabalhos aceitos devem se registrar e apresentar seus trabalhos durante a confer\u00eancia. Considerando os temas de interesse&hellip; <\/p>\n","protected":false},"author":18,"featured_media":0,"parent":0,"menu_order":0,"comment_status":"closed","ping_status":"closed","template":"","meta":{"footnotes":""},"class_list":["post-3871","page","type-page","status-publish","hentry"],"_links":{"self":[{"href":"https:\/\/sbbd.org.br\/2022\/wp-json\/wp\/v2\/pages\/3871","targetHints":{"allow":["GET"]}}],"collection":[{"href":"https:\/\/sbbd.org.br\/2022\/wp-json\/wp\/v2\/pages"}],"about":[{"href":"https:\/\/sbbd.org.br\/2022\/wp-json\/wp\/v2\/types\/page"}],"author":[{"embeddable":true,"href":"https:\/\/sbbd.org.br\/2022\/wp-json\/wp\/v2\/users\/18"}],"replies":[{"embeddable":true,"href":"https:\/\/sbbd.org.br\/2022\/wp-json\/wp\/v2\/comments?post=3871"}],"version-history":[{"count":9,"href":"https:\/\/sbbd.org.br\/2022\/wp-json\/wp\/v2\/pages\/3871\/revisions"}],"predecessor-version":[{"id":4662,"href":"https:\/\/sbbd.org.br\/2022\/wp-json\/wp\/v2\/pages\/3871\/revisions\/4662"}],"wp:attachment":[{"href":"https:\/\/sbbd.org.br\/2022\/wp-json\/wp\/v2\/media?parent=3871"}],"curies":[{"name":"wp","href":"https:\/\/api.w.org\/{rel}","templated":true}]}}