{"id":3822,"date":"2022-02-07T18:26:58","date_gmt":"2022-02-07T21:26:58","guid":{"rendered":"https:\/\/sbbd.org.br\/2022\/call-for-papers-2-copy\/"},"modified":"2022-07-21T09:17:03","modified_gmt":"2022-07-21T12:17:03","slug":"chamada-artigos-completos","status":"publish","type":"page","link":"https:\/\/sbbd.org.br\/2022\/chamada-artigos-completos\/","title":{"rendered":"Chamada \u2013 Artigos completos"},"content":{"rendered":"\n<p>Os artigos completos devem ser submiss\u00f5es de alta qualidade, originais e in\u00e9ditas em teoria, tecnologia ou pr\u00e1tica de gerenciamento de dados. As submiss\u00f5es nesta categoria devem apresentar resultados de pesquisa e discuss\u00e3o em qualquer um dos <a href=\"https:\/\/sbbd.org.br\/2022\/topicos-de-interesse\/\">t\u00f3picos de interesse<\/a> do SBBD. O SBBD recebe artigos completos de acordo com as seguintes categorias:<\/p>\n\n\n\n<p><strong>PESQUISA<\/strong>: Artigos cient\u00edficos com contribui\u00e7\u00f5es para a pesquisa na \u00e1rea de SBBD.<\/p>\n\n\n\n<p><strong>VIS\u00c3O<\/strong>: Os documentos de vis\u00e3o devem apresentar novos problemas, novos dom\u00ednios de aplica\u00e7\u00e3o ou novas metodologias que possam estimular novas pesquisas e discuss\u00f5es significativas. Os documentos de vis\u00e3o devem convencer o p\u00fablico de que a ideia em m\u00e3os \u00e9 v\u00e1lida e vale a pena ouvir, sem a necessidade de apresentar trabalhos de pesquisa conclu\u00eddos e\/ou resultados validados.<\/p>\n\n\n\n<p><strong>INDUSTRIAL ou APLICA\u00c7\u00d5ES<\/strong>: Documentos industriais apresentam novas aplica\u00e7\u00f5es do mundo real de sistemas de gerenciamento de dados e experi\u00eancia na aplica\u00e7\u00e3o de avan\u00e7os de pesquisas recentes para problemas do mundo real. Problemas do mundo real podem surgir da ind\u00fastria, sociedade, governo, comunidade cient\u00edfica ou outros tipos de empresas.<\/p>\n\n\n\n<p>Sugerimos que todos os trabalhos completos disponibilizem seus c\u00f3digos, dados, scripts e anota\u00e7\u00f5es, se poss\u00edvel. Embora n\u00e3o seja obrigat\u00f3rio para aceita\u00e7\u00e3o, fornecer esse material extra pode ajudar os revisores a avaliar seu trabalho mais detalhadamente.<\/p>\n\n\n\n<h4 class=\"wp-block-heading\">Instru\u00e7\u00f5es para submiss\u00f5es<\/h4>\n\n\n\n<p>No momento da submiss\u00e3o, os trabalhos completos devem incluir uma categoria (Pesquisa, Vis\u00e3o ou Industrial\/Aplica\u00e7\u00e3o).<\/p>\n\n\n\n<p>Os trabalhos completos devem ser redigidos em portugu\u00eas ou ingl\u00eas e n\u00e3o exceder 12 p\u00e1ginas, conforme modelo da SBC. Os trabalhos completos submetidos ao SBBD n\u00e3o devem ter sido submetidos simultaneamente a qualquer outro f\u00f3rum (confer\u00eancia ou revista), nem j\u00e1 ter sido publicados em outro lugar. A aceita\u00e7\u00e3o de um trabalho implica que pelo menos um de seus autores se inscreva no simp\u00f3sio para apresent\u00e1-lo. Os trabalhos devem ser enviados dentro do prazo por meio do site do <a href=\"https:\/\/jems.sbc.org.br\/jems2\/\">JEMS <\/a>.<\/p>\n\n\n\n<p>Os artigos submetidos passar\u00e3o por um processo de revis\u00e3o &#8220;duplo-cego&#8221;, em que as identidades dos autores s\u00e3o ocultadas dos revisores e as identidades dos revisores s\u00e3o ocultadas dos autores. Os artigos ser\u00e3o revisados com base na originalidade, relev\u00e2ncia, solidez t\u00e9cnica e clareza de apresenta\u00e7\u00e3o. Particularmente, documentos industriais ou de aplica\u00e7\u00e3o tamb\u00e9m ser\u00e3o revisados com base no contexto e potencial de inova\u00e7\u00e3o.<\/p>\n\n\n\n<p>Os artigos completos do SBBD ter\u00e3o um processo de revis\u00e3o de duas rodadas para artigos no limite entre aceita\u00e7\u00e3o ou recusa, onde os autores podem ver uma vers\u00e3o das revis\u00f5es e podem escrever uma contesta\u00e7\u00e3o para defender seu artigo contra os coment\u00e1rios dos revisores. Na contesta\u00e7\u00e3o, os autores podem propor fazer algumas coisas para corrigir pequenos problemas no artigo para a vers\u00e3o final pronta para publica\u00e7\u00e3o.<\/p>\n\n\n\n<p>Considerando os temas de interesse do SBBD (isoladamente ou em conjunto), os autores dos trabalhos submetidos ao congresso devem seguir algumas <a href=\"https:\/\/sbbd.org.br\/2022\/diretrizes-gerais-autores\/\">recomenda\u00e7\u00f5es<\/a>.<\/p>\n\n\n\n<h3 class=\"wp-block-heading\" id=\"full-papers\">Datas importantes<\/h3>\n\n\n\n<p>\u2013 Resumos at\u00e9: <mark class=\"has-inline-color has-black-color\">14 de junho de 2022 <\/mark><br>\u2013 Submiss\u00f5es at\u00e9: 21 de junho de 2022<br>\u2013 Prazo de notifica\u00e7\u00e3o:\u00a0 <mark class=\"has-inline-color has-vivid-red-color\"><s>21 de julho de 2022<\/s><\/mark> 25 de julho de 2022<br>\u2013 Prazo de contesta\u00e7\u00e3o (rebuttal, apenas para artigos lim\u00edtrofes): <mark class=\"has-inline-color has-vivid-red-color\"><s>29 de julho de 2022<\/s><\/mark> 1 de agosto de 2022<br>\u2013 Notifica\u00e7\u00e3o final:\u00a0 <mark class=\"has-inline-color has-vivid-red-color\"><s>16 de agosto de 2022<\/s><\/mark>  9 de agosto de\u00a02022<br>\u2013 Vers\u00e3o final: <mark class=\"has-inline-color has-vivid-red-color\"><s>26 de agosto de 2022<\/s><\/mark> 22 de agosto de 2022<\/p>\n\n\n\n<p>Coordena\u00e7\u00e3o do Programa de Artigos Completos:<\/p>\n\n\n\n<p>Damires Souza<br>Instituto Federal da Para\u00edba (IFPB) <a href=\"mailto:damires@ifpb.edu.br\">damires@ifpb.edu.br<\/a><\/p>\n","protected":false},"excerpt":{"rendered":"<p>Os artigos completos devem ser submiss\u00f5es de alta qualidade, originais e in\u00e9ditas em teoria, tecnologia ou pr\u00e1tica de gerenciamento de&hellip; <\/p>\n","protected":false},"author":18,"featured_media":0,"parent":0,"menu_order":0,"comment_status":"closed","ping_status":"closed","template":"","meta":{"footnotes":""},"class_list":["post-3822","page","type-page","status-publish","hentry"],"_links":{"self":[{"href":"https:\/\/sbbd.org.br\/2022\/wp-json\/wp\/v2\/pages\/3822","targetHints":{"allow":["GET"]}}],"collection":[{"href":"https:\/\/sbbd.org.br\/2022\/wp-json\/wp\/v2\/pages"}],"about":[{"href":"https:\/\/sbbd.org.br\/2022\/wp-json\/wp\/v2\/types\/page"}],"author":[{"embeddable":true,"href":"https:\/\/sbbd.org.br\/2022\/wp-json\/wp\/v2\/users\/18"}],"replies":[{"embeddable":true,"href":"https:\/\/sbbd.org.br\/2022\/wp-json\/wp\/v2\/comments?post=3822"}],"version-history":[{"count":47,"href":"https:\/\/sbbd.org.br\/2022\/wp-json\/wp\/v2\/pages\/3822\/revisions"}],"predecessor-version":[{"id":5214,"href":"https:\/\/sbbd.org.br\/2022\/wp-json\/wp\/v2\/pages\/3822\/revisions\/5214"}],"wp:attachment":[{"href":"https:\/\/sbbd.org.br\/2022\/wp-json\/wp\/v2\/media?parent=3822"}],"curies":[{"name":"wp","href":"https:\/\/api.w.org\/{rel}","templated":true}]}}