{"id":3684,"date":"2022-01-23T12:02:49","date_gmt":"2022-01-23T15:02:49","guid":{"rendered":"https:\/\/sbbd.org.br\/2022\/short-vision-industrial-committee-copy\/"},"modified":"2022-08-08T18:59:12","modified_gmt":"2022-08-08T21:59:12","slug":"organizacao","status":"publish","type":"page","link":"https:\/\/sbbd.org.br\/2022\/organizacao\/","title":{"rendered":"Organiza\u00e7\u00e3o"},"content":{"rendered":"\n<div class=\"wp-block-columns is-layout-flex wp-container-core-columns-is-layout-9d6595d7 wp-block-columns-is-layout-flex\">\n<div class=\"wp-block-column is-layout-flow wp-block-column-is-layout-flow\" style=\"flex-basis:33.33%\"><\/div>\n\n\n\n<div class=\"wp-block-column is-layout-flow wp-block-column-is-layout-flow\" style=\"flex-basis:66.66%\">\n<h4 class=\"wp-block-heading\">Coordena\u00e7\u00e3o de Programa Acad\u00eamico e Cient\u00edfico<\/h4>\n\n\n\n<p>Comit\u00ea de Programa e Artigos Completos: <strong>Damires Souza <\/strong>(IFPB, Brasil)<br>Artigos curtos: <strong>Daniel Kaster <\/strong>(UEL, Brasil)<br>Demos e Aplica\u00e7\u00f5es: <strong>Elaine Sousa (USP, Brasil)<\/strong><br>Workshops de Teses e Disserta\u00e7\u00f5es (WTDBD): <strong>Eduardo C. de Almeida \u00a0<\/strong>(UFPR, Brasil)<br>Minicursos: <strong>Ticiana L. Coelho da Silva<\/strong> (UFC, Brasil)<br>Tutoriais: <strong>Ricardo Ciferri<\/strong> (UFSCar, Brasil)<br>Workshops: <strong>Carlos Eduardo Pires<\/strong> (UFCG, Brasil)<br>Workshop de Trabalhos de Alunos de Gradua\u00e7\u00e3o (WTAG): <strong>Rafaelli Coutinho<\/strong> (CEFET\/RJ, Brasil)<\/p>\n\n\n\n<h4 class=\"wp-block-heading\">Coordena\u00e7\u00e3o Geral e Local<\/h4>\n\n\n\n<p><strong>S\u00e9rgio Lifschitz<\/strong> (PUC-Rio, Brasil)<br>contato@sbbd.inf.puc-rio.br<\/p>\n\n\n\n<p>Publica\u00e7\u00f5es: <strong>Eduardo Ogasawara<\/strong> (CEFET-RJ) eduardo.ogasawara@cefet-rj.br<\/p>\n\n\n\n<p>Comunica\u00e7\u00e3o:&nbsp;<strong>Jos\u00e9 Maria Monteiro<\/strong> (UFC, Brasil)<br>info@sbbd.inf.puc-rio.br<br>Comunica\u00e7\u00e3o e Design:&nbsp;<strong>Carla Paes Leme<\/strong>&nbsp;\/&nbsp;<strong>Antonio Augusto Brito<\/strong><\/p>\n\n\n<div class=\"wp-block-image\">\n<figure class=\"alignleft size-large is-resized\"><a href=\"https:\/\/www.facebook.com\/abritodesignstudio\"><img loading=\"lazy\" decoding=\"async\" src=\"https:\/\/sbbd.org.br\/2022\/wp-content\/uploads\/sites\/15\/2022\/07\/AUGUSTO_BRITOlogoHorizLaranja-1024x320.png\" alt=\"\" class=\"wp-image-5023\" width=\"144\" height=\"44\" srcset=\"https:\/\/sbbd.org.br\/2022\/wp-content\/uploads\/sites\/15\/2022\/07\/AUGUSTO_BRITOlogoHorizLaranja-1024x320.png 1024w, https:\/\/sbbd.org.br\/2022\/wp-content\/uploads\/sites\/15\/2022\/07\/AUGUSTO_BRITOlogoHorizLaranja-300x94.png 300w, https:\/\/sbbd.org.br\/2022\/wp-content\/uploads\/sites\/15\/2022\/07\/AUGUSTO_BRITOlogoHorizLaranja-768x240.png 768w, https:\/\/sbbd.org.br\/2022\/wp-content\/uploads\/sites\/15\/2022\/07\/AUGUSTO_BRITOlogoHorizLaranja.png 1231w\" sizes=\"auto, (max-width: 144px) 100vw, 144px\" \/><\/a><\/figure>\n<\/div><\/div>\n<\/div>\n\n\n\n<div class=\"wp-block-columns is-layout-flex wp-container-core-columns-is-layout-9d6595d7 wp-block-columns-is-layout-flex\">\n<div class=\"wp-block-column is-layout-flow wp-block-column-is-layout-flow\" style=\"flex-basis:100%\"><\/div>\n<\/div>\n","protected":false},"excerpt":{"rendered":"<p>Coordena\u00e7\u00e3o de Programa Acad\u00eamico e Cient\u00edfico Comit\u00ea de Programa e Artigos Completos: Damires Souza (IFPB, Brasil)Artigos curtos: Daniel Kaster (UEL,&hellip; <\/p>\n","protected":false},"author":18,"featured_media":0,"parent":0,"menu_order":0,"comment_status":"closed","ping_status":"closed","template":"","meta":{"footnotes":""},"class_list":["post-3684","page","type-page","status-publish","hentry"],"_links":{"self":[{"href":"https:\/\/sbbd.org.br\/2022\/wp-json\/wp\/v2\/pages\/3684","targetHints":{"allow":["GET"]}}],"collection":[{"href":"https:\/\/sbbd.org.br\/2022\/wp-json\/wp\/v2\/pages"}],"about":[{"href":"https:\/\/sbbd.org.br\/2022\/wp-json\/wp\/v2\/types\/page"}],"author":[{"embeddable":true,"href":"https:\/\/sbbd.org.br\/2022\/wp-json\/wp\/v2\/users\/18"}],"replies":[{"embeddable":true,"href":"https:\/\/sbbd.org.br\/2022\/wp-json\/wp\/v2\/comments?post=3684"}],"version-history":[{"count":39,"href":"https:\/\/sbbd.org.br\/2022\/wp-json\/wp\/v2\/pages\/3684\/revisions"}],"predecessor-version":[{"id":5559,"href":"https:\/\/sbbd.org.br\/2022\/wp-json\/wp\/v2\/pages\/3684\/revisions\/5559"}],"wp:attachment":[{"href":"https:\/\/sbbd.org.br\/2022\/wp-json\/wp\/v2\/media?parent=3684"}],"curies":[{"name":"wp","href":"https:\/\/api.w.org\/{rel}","templated":true}]}}