{"id":3093,"date":"2020-09-26T15:36:16","date_gmt":"2020-09-26T18:36:16","guid":{"rendered":"https:\/\/sbbd.org.br\/2022\/wtdbd-2\/trabalhos-aceitos-copy\/"},"modified":"2023-07-13T17:22:09","modified_gmt":"2023-07-13T20:22:09","slug":"sbbd2022-en","status":"publish","type":"page","link":"https:\/\/sbbd.org.br\/2022\/sbbd2022-en\/","title":{"rendered":"English version"},"content":{"rendered":"\n<p>SBBD 2022<\/p>\n\n\n\n<p><strong>Dates: September 19-23, 2022<br>City: B\u00fazios \u2013 Rio de Janeiro<br>Venue: Atl\u00e2ntico B\u00fazios Convention<\/strong><\/p>\n\n\n\n<h4 class=\"wp-block-heading\"><mark class=\"has-inline-color has-vivid-red-color\">About SBBD 2022 (CLOSED)<\/mark><\/h4>\n\n\n\n<p>The Main Brazilian Conference on Big Data, Engineering and Data Science in Brazil was held in the city of Arma\u00e7\u00e3o de B\u00fazios, Rio de Janeiro. It was the first outdoor event since the lockdown because of the Covid-19 pandemic.<\/p>\n\n\n\n<p>As in other years, the SBBD was co-located with the Brazilian Symposium on Bioinformatics (BSB2022). Subscribers to the SBBD were able to participate in the BSB and vice versa.<\/p>\n\n\n\n<p>Detailed information about all technical sessions and program will remain available here. The annals of SBBD 2022 can be accessed at <a href=\"https:\/\/sol.sbc.org.br\/index.php\/sbbd\">SOL \u2013 SBC Open Digital Library<\/a>.<\/p>\n\n\n\n<p><a href=\"https:\/\/sbbd.org.br\/2022\/program\/\">Program<\/a><br><a href=\"https:\/\/sbbd.org.br\/2022\/sbbd-committes\/\">Committees<\/a><\/p>\n\n\n\n<div style=\"height:21px\" aria-hidden=\"true\" class=\"wp-block-spacer\"><\/div>\n","protected":false},"excerpt":{"rendered":"<p>SBBD 2022 Dates: September 19-23, 2022City: B\u00fazios \u2013 Rio de JaneiroVenue: Atl\u00e2ntico B\u00fazios Convention About SBBD 2022 (CLOSED) The Main&hellip; <\/p>\n","protected":false},"author":13,"featured_media":0,"parent":0,"menu_order":0,"comment_status":"closed","ping_status":"closed","template":"","meta":{"footnotes":""},"class_list":["post-3093","page","type-page","status-publish","hentry"],"_links":{"self":[{"href":"https:\/\/sbbd.org.br\/2022\/wp-json\/wp\/v2\/pages\/3093","targetHints":{"allow":["GET"]}}],"collection":[{"href":"https:\/\/sbbd.org.br\/2022\/wp-json\/wp\/v2\/pages"}],"about":[{"href":"https:\/\/sbbd.org.br\/2022\/wp-json\/wp\/v2\/types\/page"}],"author":[{"embeddable":true,"href":"https:\/\/sbbd.org.br\/2022\/wp-json\/wp\/v2\/users\/13"}],"replies":[{"embeddable":true,"href":"https:\/\/sbbd.org.br\/2022\/wp-json\/wp\/v2\/comments?post=3093"}],"version-history":[{"count":50,"href":"https:\/\/sbbd.org.br\/2022\/wp-json\/wp\/v2\/pages\/3093\/revisions"}],"predecessor-version":[{"id":6805,"href":"https:\/\/sbbd.org.br\/2022\/wp-json\/wp\/v2\/pages\/3093\/revisions\/6805"}],"wp:attachment":[{"href":"https:\/\/sbbd.org.br\/2022\/wp-json\/wp\/v2\/media?parent=3093"}],"curies":[{"name":"wp","href":"https:\/\/api.w.org\/{rel}","templated":true}]}}