{"id":552,"date":"2019-01-25T16:47:59","date_gmt":"2019-01-25T16:47:59","guid":{"rendered":"http:\/\/sbbd.org.br\/2021\/?page_id=552"},"modified":"2021-10-07T10:35:03","modified_gmt":"2021-10-07T13:35:03","slug":"demos","status":"publish","type":"page","link":"https:\/\/sbbd.org.br\/2021\/demos\/","title":{"rendered":"Demos Papers"},"content":{"rendered":"\n<h6 class=\"wp-block-heading\"><strong>Technical Session 01<\/strong><\/h6>\n\n\n\n<p><\/p>\n\n\n\n<p><strong><span class=\"has-inline-color has-vivid-red-color\"><strong><span class=\"has-inline-color has-vivid-red-color\"><strong><span class=\"has-inline-color has-vivid-red-color\"><strong><span class=\"has-inline-color has-vivid-red-color\"><strong><span class=\"has-inline-color has-vivid-red-color\"><strong><span class=\"has-inline-color has-vivid-red-color\"><strong>Presentation<\/strong> video<\/span><\/strong><\/span><\/strong><\/span><\/strong><\/span><\/strong><\/span><\/strong>:<\/span><\/strong> <a rel=\"noreferrer noopener\" href=\"https:\/\/youtu.be\/mwBHckHD1cU\" target=\"_blank\">https:\/\/youtu.be\/mwBHckHD1cU<\/a><\/p>\n\n\n\n<h2 class=\"wp-block-heading\">  <\/h2>\n\n\n\n<ul class=\"wp-block-list\"><li><strong>Quem@PUC \u2013 A tool to find researchers at PUC-Rio<\/strong><br>Mariana D. A. Salgueiro (PUC-Rio), Veronica dos Santos (PUC-Rio), Andre L. C. R\u00eago (PUC-Rio), Daniel S. Guimar\u00e3es (PUC-Rio), Edward H. Haeusler (PUC-Rio), Jefferson B. dos Santos (PUC-Rio), Marcos V. Villas (PUC-Rio), S\u00e9rgio Lifschitz (PUC-Rio)<\/li><\/ul>\n\n\n\n<p><\/p>\n\n\n\n<ul class=\"wp-block-list\"><li><strong>Dsadvisor: A Tool to Support Predictive Tasks in Data Science<\/strong><br>Jos\u00e9 Augusto C\u00e2mara Filho (UFC), Jos\u00e9 Maria Monteiro (UFC)<\/li><\/ul>\n\n\n\n<p><\/p>\n\n\n\n<ul class=\"wp-block-list\"><li><strong>Captura Autom\u00e1tica de Dados de Proveni\u00eancia de Experimentos&nbsp;de Aprendizado de M\u00e1quina com Keras-Prov<\/strong><br>D\u00e9bora Pina (UFRJ), Liliane Neves (UFRJ), Daniel de Oliveira (UFF), Marta Mattoso (UFRJ)<\/li><\/ul>\n\n\n\n<h6 class=\"wp-block-heading\"><strong>Technical Session 02<\/strong><\/h6>\n\n\n\n<p><\/p>\n\n\n\n<p><strong><span class=\"has-inline-color has-vivid-red-color\"><strong><span class=\"has-inline-color has-vivid-red-color\"><strong><span class=\"has-inline-color has-vivid-red-color\"><strong><span class=\"has-inline-color has-vivid-red-color\"><strong><span class=\"has-inline-color has-vivid-red-color\"><strong><span class=\"has-inline-color has-vivid-red-color\"><strong>Presentation<\/strong> video<\/span><\/strong><\/span><\/strong><\/span><\/strong><\/span><\/strong><\/span><\/strong>:<\/span><\/strong> <a rel=\"noreferrer noopener\" href=\"https:\/\/youtu.be\/i8XPLefIccY\" target=\"_blank\">https:\/\/youtu.be\/i8XPLefIccY<\/a><\/p>\n\n\n\n<h5 class=\"wp-block-heading\">   <\/h5>\n\n\n\n<ul class=\"wp-block-list\"><li><strong>EERCASE: Uma Ferramenta Robusta para Projeto Conceitual de Banco de Dados<\/strong><br>Edson A. Silva (UFPE), Robson N. Fidalgo (UFPE)<\/li><\/ul>\n\n\n\n<p><\/p>\n\n\n\n<ul class=\"wp-block-list\"><li><strong>Compiladores para as Linguagens da Abordagem WED-flow<\/strong><br>Eduardo D. Filho (IME-USP), Bruno Padilha (IME-USP), Jo\u00e3o E. Ferreira (IME-USP)<\/li><\/ul>\n\n\n\n<p><\/p>\n\n\n\n<ul class=\"wp-block-list\"><li><strong>Analisador de Estruturas de Bases de Dados para o Agroneg\u00f3cio com Dimens\u00f5es de Qualidade de Dados<\/strong><br>Clovis S. Junior (UFR), Carina F. Dorneles (UFSC)<\/li><\/ul>\n","protected":false},"excerpt":{"rendered":"<p>Technical Session 01 Presentation video: https:\/\/youtu.be\/mwBHckHD1cU Quem@PUC \u2013 A tool to find researchers at PUC-RioMariana D. A. Salgueiro (PUC-Rio), Veronica&hellip; <\/p>\n","protected":false},"author":12,"featured_media":0,"parent":0,"menu_order":0,"comment_status":"closed","ping_status":"closed","template":"templates\/template-fullwidth.php","meta":{"footnotes":""},"class_list":["post-552","page","type-page","status-publish","hentry"],"_links":{"self":[{"href":"https:\/\/sbbd.org.br\/2021\/wp-json\/wp\/v2\/pages\/552","targetHints":{"allow":["GET"]}}],"collection":[{"href":"https:\/\/sbbd.org.br\/2021\/wp-json\/wp\/v2\/pages"}],"about":[{"href":"https:\/\/sbbd.org.br\/2021\/wp-json\/wp\/v2\/types\/page"}],"author":[{"embeddable":true,"href":"https:\/\/sbbd.org.br\/2021\/wp-json\/wp\/v2\/users\/12"}],"replies":[{"embeddable":true,"href":"https:\/\/sbbd.org.br\/2021\/wp-json\/wp\/v2\/comments?post=552"}],"version-history":[{"count":8,"href":"https:\/\/sbbd.org.br\/2021\/wp-json\/wp\/v2\/pages\/552\/revisions"}],"predecessor-version":[{"id":4670,"href":"https:\/\/sbbd.org.br\/2021\/wp-json\/wp\/v2\/pages\/552\/revisions\/4670"}],"wp:attachment":[{"href":"https:\/\/sbbd.org.br\/2021\/wp-json\/wp\/v2\/media?parent=552"}],"curies":[{"name":"wp","href":"https:\/\/api.w.org\/{rel}","templated":true}]}}