{"id":4494,"date":"2021-09-28T11:10:17","date_gmt":"2021-09-28T14:10:17","guid":{"rendered":"https:\/\/sbbd.org.br\/2021\/?page_id=4494"},"modified":"2021-09-28T13:48:55","modified_gmt":"2021-09-28T16:48:55","slug":"ctdbd-program-committee","status":"publish","type":"page","link":"https:\/\/sbbd.org.br\/2021\/ctdbd-program-committee\/","title":{"rendered":"CTDBD Committee"},"content":{"rendered":"<p><strong><span style=\"color: #008000\">CTDBD Chair<\/span><\/strong>:<strong> Cristina Dutra de Aguiar <\/strong>(USP, Brazil) \u2013 <em>cdac@icmc.usp.br<\/em><\/p>\n<hr \/>\n\n\n<p>Altigran Soares da Silva (Universidade Federal do Amazonas)<\/p>\n\n\n\n<p>Anderson Chaves Carniel (Universidade Federal de S\u00e3o Carlos)<\/p>\n\n\n\n<p>\u00c2ngelo Brayner (Universidade Federal do Cear\u00e1)<\/p>\n\n\n\n<p>Caetano Traina J\u00fanior (Universidade de S\u00e3o Paulo)<\/p>\n\n\n\n<p>Carina F. Dorneles (Universidade Federal de Santa Catarina)<\/p>\n\n\n\n<p>Carmem Satie Hara (Universidade Federal do Paran\u00e1)<\/p>\n\n\n\n<p>Daniel Kaster (Universidade Estadual de Londrina)<\/p>\n\n\n\n<p>F\u00e1bio Porto (Laborat\u00f3rio Nacional de Computa\u00e7\u00e3o Cient\u00edfica)<\/p>\n\n\n\n<p>Javam Machado (Universidade Federal do Cear\u00e1)<\/p>\n\n\n\n<p>Jos\u00e9 Maria Monteiro (Universidade Federal do Cear\u00e1)<\/p>\n\n\n\n<p>Jos\u00e9 Palazzo Moreira de Oliveira (Universidade Federal do Rio Grande do Sul)<\/p>\n\n\n\n<p>Mirella Moro (Universidade Federal de Minas Gerais)<\/p>\n\n\n\n<p>Renata Galante (Universidade Federal do Rio Grande do Sul)<\/p>\n\n\n\n<p>Renato Fileto (Universidade Federal de Santa Catarina)<\/p>\n\n\n\n<p>Ronaldo Mello (Universidade Federal de Santa Catarina)<\/p>\n\n\n\n<p>S\u00e9rgio Lifschitz (Pontif\u00edcia Universidade Cat\u00f3lica do Rio de Janeiro)<\/p>\n\n\n\n<p>Val\u00e9ria Ces\u00e1rio Times (Universidade Federal de Pernambuco)<\/p>\n","protected":false},"excerpt":{"rendered":"<p>CTDBD Chair: Cristina Dutra de Aguiar (USP, Brazil) \u2013 cdac@icmc.usp.br Altigran Soares da Silva (Universidade Federal do Amazonas) Anderson Chaves&hellip; <\/p>\n","protected":false},"author":19,"featured_media":0,"parent":0,"menu_order":0,"comment_status":"closed","ping_status":"closed","template":"templates\/template-fullwidth.php","meta":{"footnotes":""},"class_list":["post-4494","page","type-page","status-publish","hentry"],"_links":{"self":[{"href":"https:\/\/sbbd.org.br\/2021\/wp-json\/wp\/v2\/pages\/4494","targetHints":{"allow":["GET"]}}],"collection":[{"href":"https:\/\/sbbd.org.br\/2021\/wp-json\/wp\/v2\/pages"}],"about":[{"href":"https:\/\/sbbd.org.br\/2021\/wp-json\/wp\/v2\/types\/page"}],"author":[{"embeddable":true,"href":"https:\/\/sbbd.org.br\/2021\/wp-json\/wp\/v2\/users\/19"}],"replies":[{"embeddable":true,"href":"https:\/\/sbbd.org.br\/2021\/wp-json\/wp\/v2\/comments?post=4494"}],"version-history":[{"count":8,"href":"https:\/\/sbbd.org.br\/2021\/wp-json\/wp\/v2\/pages\/4494\/revisions"}],"predecessor-version":[{"id":4509,"href":"https:\/\/sbbd.org.br\/2021\/wp-json\/wp\/v2\/pages\/4494\/revisions\/4509"}],"wp:attachment":[{"href":"https:\/\/sbbd.org.br\/2021\/wp-json\/wp\/v2\/media?parent=4494"}],"curies":[{"name":"wp","href":"https:\/\/api.w.org\/{rel}","templated":true}]}}