{"id":4446,"date":"2021-09-23T11:57:40","date_gmt":"2021-09-23T14:57:40","guid":{"rendered":"https:\/\/sbbd.org.br\/2021\/?page_id=4446"},"modified":"2021-10-08T16:06:14","modified_gmt":"2021-10-08T19:06:14","slug":"painel-2","status":"publish","type":"page","link":"https:\/\/sbbd.org.br\/2021\/painel-2\/","title":{"rendered":"Painel 2"},"content":{"rendered":"\n<h5 class=\"wp-block-heading\"><span style=\"color:#1500a3\" class=\"has-inline-color\"><strong>Tema:<\/strong><\/span><\/h5>\n\n\n\n<blockquote class=\"wp-block-quote is-layout-flow wp-block-quote-is-layout-flow\"><p><strong>Academia e Empresas juntos na Solu\u00e7\u00e3o de Problemas em Ci\u00eancia de Dados e Big Data<\/strong><\/p><\/blockquote>\n\n\n\n<p> <\/p>\n\n\n\n<p><\/p>\n\n\n\n<p><strong><span class=\"has-inline-color has-vivid-red-color\">V\u00eddeo da apresenta\u00e7\u00e3o:<\/span><\/strong> <a rel=\"noreferrer noopener\" href=\"https:\/\/youtu.be\/1zSJxyDMyCw\" target=\"_blank\">https:\/\/youtu.be\/1zSJxyDMyCw<\/a><\/p>\n\n\n\n<h2 class=\"wp-block-heading\"> <\/h2>\n\n\n\n<p>Participam dessa conversa os convidados:<\/p>\n\n\n\n<ul class=\"wp-block-list\"><li>Marcelo Rodrigues dos Santos (Loggi)<\/li><li>Mauro Rojas Herrera (M\u00e9liuz)<\/li><li>Moderador: Angelo Ciarlini<\/li><\/ul>\n\n\n\n<p><\/p>\n\n\n\n<p><strong>Quando ser\u00e1?<\/strong><\/p>\n\n\n\n<p>Dia 08\/10\/2021 \u00e0s 11:30h.<\/p>\n\n\n\n<h2 class=\"wp-block-heading\">   <\/h2>\n\n\n\n<p><strong>N\u00e3o percam!<\/strong><\/p>\n\n\n\n<p><\/p>\n\n\n\n<p><a href=\"https:\/\/www.loggi.com\/\"><strong><span style=\"color:#5db0e4\" class=\"has-inline-color\">Loggi<\/span><\/strong><\/a><\/p>\n\n\n\n<div class=\"wp-block-image\"><figure class=\"alignleft size-full is-resized\"><img loading=\"lazy\" decoding=\"async\" src=\"https:\/\/sbbd.org.br\/2021\/wp-content\/uploads\/sites\/14\/2021\/09\/image.png\" alt=\"\" class=\"wp-image-4332\" width=\"112\" height=\"125\" srcset=\"https:\/\/sbbd.org.br\/2021\/wp-content\/uploads\/sites\/14\/2021\/09\/image.png 602w, https:\/\/sbbd.org.br\/2021\/wp-content\/uploads\/sites\/14\/2021\/09\/image-268x300.png 268w\" sizes=\"auto, (max-width: 112px) 100vw, 112px\" \/><figcaption>Marcelo dos Santos<\/figcaption><\/figure><\/div>\n\n\n\n<p><strong>Marcelo Rodrigues dos Santos&nbsp;<\/strong>is a Mathematician and holds a PhD in Information Sciences (UFMG). Currently, he is a Data Analytics Manager at Loggi.&nbsp;<\/p>\n\n\n\n<p><\/p>\n\n\n\n<p> <\/p>\n\n\n\n<h2 class=\"wp-block-heading\">  <\/h2>\n\n\n\n<hr class=\"wp-block-separator\" \/>\n\n\n\n<p><a href=\"https:\/\/meliuz.gupy.io\/\"><strong><span style=\"color:#f24a4a\" class=\"has-inline-color\">M\u00e9liuz<\/span><\/strong><\/a><\/p>\n\n\n\n<div class=\"wp-block-image\"><figure class=\"alignleft size-large is-resized\"><img loading=\"lazy\" decoding=\"async\" src=\"https:\/\/sbbd.org.br\/2021\/wp-content\/uploads\/sites\/14\/2021\/09\/image-1-925x1024.png\" alt=\"\" class=\"wp-image-4525\" width=\"103\" height=\"114\" srcset=\"https:\/\/sbbd.org.br\/2021\/wp-content\/uploads\/sites\/14\/2021\/09\/image-1-925x1024.png 925w, https:\/\/sbbd.org.br\/2021\/wp-content\/uploads\/sites\/14\/2021\/09\/image-1-271x300.png 271w, https:\/\/sbbd.org.br\/2021\/wp-content\/uploads\/sites\/14\/2021\/09\/image-1-768x850.png 768w, https:\/\/sbbd.org.br\/2021\/wp-content\/uploads\/sites\/14\/2021\/09\/image-1-692x766.png 692w, https:\/\/sbbd.org.br\/2021\/wp-content\/uploads\/sites\/14\/2021\/09\/image-1-630x698.png 630w, https:\/\/sbbd.org.br\/2021\/wp-content\/uploads\/sites\/14\/2021\/09\/image-1.png 1304w\" sizes=\"auto, (max-width: 103px) 100vw, 103px\" \/><figcaption>Mauro Herrera<\/figcaption><\/figure><\/div>\n\n\n\n<p><strong>Mauro Herrera<\/strong> \u00e9 formado em ci\u00eancia da computa\u00e7\u00e3o pelo Instituto de Computa\u00e7\u00e3o da UFAM, com mestrado focado nas \u00e1reas de Recupera\u00e7\u00e3o de Informa\u00e7\u00e3o e Banco de Dados. \u00c9 co-fundador da Neemu, empresa amazonense que se tornou refer\u00eancia nacional no desenvolvimento de sistemas de busca e personaliza\u00e7\u00e3o para E-commerces e Varejo F\u00edsico. A Neemu dominou o mercado de tecnologia nesse segmento e foi adquirida pela Linx em 2015. Atualmente Mauro \u00e9 Head de Engenharia do M\u00e9liuz, a qual foi a primeira startup brasileira a abrir capital na B3 e est\u00e1 em crescimento acelerado no mercado de Marketplace e Servi\u00e7os Financeiros.<\/p>\n","protected":false},"excerpt":{"rendered":"<p>Tema: Academia e Empresas juntos na Solu\u00e7\u00e3o de Problemas em Ci\u00eancia de Dados e Big Data V\u00eddeo da apresenta\u00e7\u00e3o: https:\/\/youtu.be\/1zSJxyDMyCw&hellip; <\/p>\n","protected":false},"author":19,"featured_media":0,"parent":0,"menu_order":0,"comment_status":"closed","ping_status":"closed","template":"templates\/template-fullwidth.php","meta":{"footnotes":""},"class_list":["post-4446","page","type-page","status-publish","hentry"],"_links":{"self":[{"href":"https:\/\/sbbd.org.br\/2021\/wp-json\/wp\/v2\/pages\/4446","targetHints":{"allow":["GET"]}}],"collection":[{"href":"https:\/\/sbbd.org.br\/2021\/wp-json\/wp\/v2\/pages"}],"about":[{"href":"https:\/\/sbbd.org.br\/2021\/wp-json\/wp\/v2\/types\/page"}],"author":[{"embeddable":true,"href":"https:\/\/sbbd.org.br\/2021\/wp-json\/wp\/v2\/users\/19"}],"replies":[{"embeddable":true,"href":"https:\/\/sbbd.org.br\/2021\/wp-json\/wp\/v2\/comments?post=4446"}],"version-history":[{"count":8,"href":"https:\/\/sbbd.org.br\/2021\/wp-json\/wp\/v2\/pages\/4446\/revisions"}],"predecessor-version":[{"id":4694,"href":"https:\/\/sbbd.org.br\/2021\/wp-json\/wp\/v2\/pages\/4446\/revisions\/4694"}],"wp:attachment":[{"href":"https:\/\/sbbd.org.br\/2021\/wp-json\/wp\/v2\/media?parent=4446"}],"curies":[{"name":"wp","href":"https:\/\/api.w.org\/{rel}","templated":true}]}}