{"id":4444,"date":"2021-09-23T11:56:48","date_gmt":"2021-09-23T14:56:48","guid":{"rendered":"https:\/\/sbbd.org.br\/2021\/?page_id=4444"},"modified":"2021-10-07T10:30:43","modified_gmt":"2021-10-07T13:30:43","slug":"painel-1","status":"publish","type":"page","link":"https:\/\/sbbd.org.br\/2021\/painel-1\/","title":{"rendered":"Painel 1"},"content":{"rendered":"\n<h5 class=\"wp-block-heading\"> <span style=\"color:#1500a3\" class=\"has-inline-color\"><strong>Tema:<\/strong><\/span> <\/h5>\n\n\n\n<blockquote class=\"wp-block-quote is-layout-flow wp-block-quote-is-layout-flow\"><p><strong>Desafios na forma\u00e7\u00e3o do Cientista de Dados em uma Sociedade Orientada a Dados<\/strong><\/p><\/blockquote>\n\n\n\n<p><\/p>\n\n\n\n<p><strong><span class=\"has-inline-color has-vivid-red-color\"><strong><strong><span class=\"has-inline-color has-vivid-red-color\"><strong><span class=\"has-inline-color has-vivid-red-color\"><strong><span class=\"has-inline-color has-vivid-red-color\">V\u00eddeo da apresenta\u00e7\u00e3o<\/span><\/strong><\/span><\/strong><\/span><\/strong><\/strong>:<\/span><\/strong> <a rel=\"noreferrer noopener\" href=\"https:\/\/youtu.be\/Ni3S2bUR8Lk\" target=\"_blank\">https:\/\/youtu.be\/Ni3S2bUR8Lk<\/a><\/p>\n\n\n\n<h2 class=\"wp-block-heading\">   <\/h2>\n\n\n\n<p id=\"block-d2a7d66f-fa5f-4408-bd83-036a460256d3\">Participam dessa conversa os convidados:<\/p>\n\n\n\n<ul class=\"wp-block-list\" id=\"block-3fa2a27f-2cc4-4f17-a929-7913748573cc\"><li>Andre Ponce de Leon (USP-SC)<\/li><li>Angelo&nbsp;Brayner (UFC)<\/li><li>Duncan Ruiz (PUCRS-BR)<\/li><li>Eduardo Ogasawara (CEFET-RJ)<\/li><li>Moderadora: Karin Becker (UFRGS)<\/li><\/ul>\n\n\n\n<p id=\"block-c8a83d72-9787-4cfc-8b87-a8880dd6f1fb\"><strong>Quando ser\u00e1?<\/strong><\/p>\n\n\n\n<p id=\"block-4dee5f14-0b92-4ee8-8127-de1b0c331726\">Dia 05\/10\/2021 \u00e0s 18:00h.<\/p>\n\n\n\n<h2 class=\"wp-block-heading\">   <\/h2>\n\n\n\n<p><strong>N\u00e3o percam!<\/strong><\/p>\n","protected":false},"excerpt":{"rendered":"<p>Tema: Desafios na forma\u00e7\u00e3o do Cientista de Dados em uma Sociedade Orientada a Dados V\u00eddeo da apresenta\u00e7\u00e3o: https:\/\/youtu.be\/Ni3S2bUR8Lk Participam dessa&hellip; <\/p>\n","protected":false},"author":19,"featured_media":0,"parent":0,"menu_order":0,"comment_status":"closed","ping_status":"closed","template":"templates\/template-fullwidth.php","meta":{"footnotes":""},"class_list":["post-4444","page","type-page","status-publish","hentry"],"_links":{"self":[{"href":"https:\/\/sbbd.org.br\/2021\/wp-json\/wp\/v2\/pages\/4444","targetHints":{"allow":["GET"]}}],"collection":[{"href":"https:\/\/sbbd.org.br\/2021\/wp-json\/wp\/v2\/pages"}],"about":[{"href":"https:\/\/sbbd.org.br\/2021\/wp-json\/wp\/v2\/types\/page"}],"author":[{"embeddable":true,"href":"https:\/\/sbbd.org.br\/2021\/wp-json\/wp\/v2\/users\/19"}],"replies":[{"embeddable":true,"href":"https:\/\/sbbd.org.br\/2021\/wp-json\/wp\/v2\/comments?post=4444"}],"version-history":[{"count":6,"href":"https:\/\/sbbd.org.br\/2021\/wp-json\/wp\/v2\/pages\/4444\/revisions"}],"predecessor-version":[{"id":4664,"href":"https:\/\/sbbd.org.br\/2021\/wp-json\/wp\/v2\/pages\/4444\/revisions\/4664"}],"wp:attachment":[{"href":"https:\/\/sbbd.org.br\/2021\/wp-json\/wp\/v2\/media?parent=4444"}],"curies":[{"name":"wp","href":"https:\/\/api.w.org\/{rel}","templated":true}]}}