{"id":4427,"date":"2021-09-23T11:39:10","date_gmt":"2021-09-23T14:39:10","guid":{"rendered":"https:\/\/sbbd.org.br\/2021\/?page_id=4427"},"modified":"2021-10-07T18:15:14","modified_gmt":"2021-10-07T21:15:14","slug":"talk-meliuz","status":"publish","type":"page","link":"https:\/\/sbbd.org.br\/2021\/talk-meliuz\/","title":{"rendered":"Palestra #1"},"content":{"rendered":"\n<hr class=\"wp-block-separator\" \/>\n\n\n\n<p><\/p>\n\n\n\n<p><strong><span class=\"has-inline-color has-vivid-red-color\">V\u00eddeo da apresenta\u00e7\u00e3o:<\/span><\/strong> <a rel=\"noreferrer noopener\" href=\"https:\/\/youtu.be\/_LsTkyXSiDc\" target=\"_blank\">https:\/\/youtu.be\/_LsTkyXSiDc<\/a><\/p>\n\n\n\n<h2 class=\"wp-block-heading\"> <\/h2>\n\n\n\n<h4 class=\"wp-block-heading\"><strong>Daniel Ribeiro Fernandes (M\u00e9liuz)<\/strong><\/h4>\n\n\n\n<p><strong>Data:<\/strong> 07\/10 (quinta-feira), 16:00h <\/p>\n\n\n\n<blockquote class=\"wp-block-quote is-layout-flow wp-block-quote-is-layout-flow\"><p><strong><span style=\"color:#150996\" class=\"has-inline-color\">Desafios da \u00c1rea de Dados na M\u00e9liuz<\/span><\/strong><\/p><\/blockquote>\n\n\n\n<p><strong>Resumo:<\/strong> Nesta palestra iremos apresentar a \u00c1rea de Dados na M\u00e9liuz, sua organiza\u00e7\u00e3o, os principais problemas enfrentados e como \u00e9 a nossa rotina de desenvolvimento de produtos de intelig\u00eancia de dados. Em particular, discutiremos os grandes desafios trazidos com a abertura das a\u00e7\u00f5es da empresa na bolsa de valores brasileira (B3) a partir da oferta p\u00fablica inicial (IPO), a primeira de uma startup brasileira.<\/p>\n\n\n\n<hr class=\"wp-block-separator\" \/>\n\n\n\n<div class=\"wp-block-image\"><figure class=\"alignleft size-large is-resized\"><img loading=\"lazy\" decoding=\"async\" src=\"https:\/\/sbbd.org.br\/2021\/wp-content\/uploads\/sites\/14\/2021\/09\/daniel_meliuz_oficial-2-1024x683.jpg\" alt=\"\" class=\"wp-image-4434\" width=\"167\" height=\"111\" srcset=\"https:\/\/sbbd.org.br\/2021\/wp-content\/uploads\/sites\/14\/2021\/09\/daniel_meliuz_oficial-2-1024x683.jpg 1024w, https:\/\/sbbd.org.br\/2021\/wp-content\/uploads\/sites\/14\/2021\/09\/daniel_meliuz_oficial-2-300x200.jpg 300w, https:\/\/sbbd.org.br\/2021\/wp-content\/uploads\/sites\/14\/2021\/09\/daniel_meliuz_oficial-2-768x512.jpg 768w, https:\/\/sbbd.org.br\/2021\/wp-content\/uploads\/sites\/14\/2021\/09\/daniel_meliuz_oficial-2-1536x1024.jpg 1536w, https:\/\/sbbd.org.br\/2021\/wp-content\/uploads\/sites\/14\/2021\/09\/daniel_meliuz_oficial-2-2048x1365.jpg 2048w, https:\/\/sbbd.org.br\/2021\/wp-content\/uploads\/sites\/14\/2021\/09\/daniel_meliuz_oficial-2-692x461.jpg 692w, https:\/\/sbbd.org.br\/2021\/wp-content\/uploads\/sites\/14\/2021\/09\/daniel_meliuz_oficial-2-1316x877.jpg 1316w, https:\/\/sbbd.org.br\/2021\/wp-content\/uploads\/sites\/14\/2021\/09\/daniel_meliuz_oficial-2-630x420.jpg 630w\" sizes=\"auto, (max-width: 167px) 100vw, 167px\" \/><figcaption>Daniel Fernandes<\/figcaption><\/figure><\/div>\n\n\n\n<p><strong><span style=\"color:#150996\" class=\"has-inline-color\">Daniel Fernandes<\/span><\/strong> \u00e9 Bacharel em Processamento de Dados e Mestre em Inform\u00e1tica pela Universidade Federal Amazonas (UFAM) tendo Recupera\u00e7\u00e3o de Informa\u00e7\u00e3o como linha de pesquisa.&nbsp; Atua h\u00e1 20 anos na \u00e1rea de tecnologia da informa\u00e7\u00e3o, tendo passado por cargos t\u00e9cnicos e tamb\u00e9m de lideran\u00e7a. Est\u00e1 no M\u00e9liuz desde 2016, tornou-se s\u00f3cio em 2019 e hoje \u00e9 Gerente da \u00c1rea de Dados.<\/p>\n\n\n\n<p><\/p>\n","protected":false},"excerpt":{"rendered":"<p>V\u00eddeo da apresenta\u00e7\u00e3o: https:\/\/youtu.be\/_LsTkyXSiDc Daniel Ribeiro Fernandes (M\u00e9liuz) Data: 07\/10 (quinta-feira), 16:00h Desafios da \u00c1rea de Dados na M\u00e9liuz Resumo:&hellip; <\/p>\n","protected":false},"author":19,"featured_media":0,"parent":0,"menu_order":0,"comment_status":"closed","ping_status":"closed","template":"templates\/template-fullwidth.php","meta":{"footnotes":""},"class_list":["post-4427","page","type-page","status-publish","hentry"],"_links":{"self":[{"href":"https:\/\/sbbd.org.br\/2021\/wp-json\/wp\/v2\/pages\/4427","targetHints":{"allow":["GET"]}}],"collection":[{"href":"https:\/\/sbbd.org.br\/2021\/wp-json\/wp\/v2\/pages"}],"about":[{"href":"https:\/\/sbbd.org.br\/2021\/wp-json\/wp\/v2\/types\/page"}],"author":[{"embeddable":true,"href":"https:\/\/sbbd.org.br\/2021\/wp-json\/wp\/v2\/users\/19"}],"replies":[{"embeddable":true,"href":"https:\/\/sbbd.org.br\/2021\/wp-json\/wp\/v2\/comments?post=4427"}],"version-history":[{"count":8,"href":"https:\/\/sbbd.org.br\/2021\/wp-json\/wp\/v2\/pages\/4427\/revisions"}],"predecessor-version":[{"id":4676,"href":"https:\/\/sbbd.org.br\/2021\/wp-json\/wp\/v2\/pages\/4427\/revisions\/4676"}],"wp:attachment":[{"href":"https:\/\/sbbd.org.br\/2021\/wp-json\/wp\/v2\/media?parent=4427"}],"curies":[{"name":"wp","href":"https:\/\/api.w.org\/{rel}","templated":true}]}}