{"id":4357,"date":"2021-09-21T11:45:19","date_gmt":"2021-09-21T14:45:19","guid":{"rendered":"https:\/\/sbbd.org.br\/2021\/full-papers-ts-copy-2\/"},"modified":"2021-10-08T16:05:02","modified_gmt":"2021-10-08T19:05:02","slug":"short-vision-industrial-papers-ts","status":"publish","type":"page","link":"https:\/\/sbbd.org.br\/2021\/short-vision-industrial-papers-ts\/","title":{"rendered":"Short-Vision-Industrial Papers Technical Sessions"},"content":{"rendered":"\n<h4 class=\"wp-block-heading\"><a href=\"#TS2\">TS2 &#8211; Spatio-temporal data, DB systems and architectures<\/a><\/h4>\n\n\n\n<h4 class=\"wp-block-heading\"><a href=\"#TS5\">TS5 &#8211; Data Mining, Analytics and Machine Learning (1)<\/a><\/h4>\n\n\n\n<h4 class=\"wp-block-heading\"><a href=\"#TS9\">TS9 &#8211; Data Mining, Analytics and Machine Learning (2)<\/a><\/h4>\n\n\n\n<h4 class=\"wp-block-heading\"><a href=\"#TS11\">TS11 &#8211; Data integration and Quality<\/a><\/h4>\n\n\n\n<h4 class=\"wp-block-heading\"> <\/h4>\n\n\n<hr>\n\n\n<h5 class=\"wp-block-heading\" id=\"TS2\"><strong>TS2 &#8211; Spatio-temporal data, DB systems and architectures<\/strong> <\/h5>\n\n\n\n<p><\/p>\n\n\n\n<p><strong><span class=\"has-inline-color has-vivid-red-color\"><strong><span class=\"has-inline-color has-vivid-red-color\"><strong><span class=\"has-inline-color has-vivid-red-color\"><strong><span class=\"has-inline-color has-vivid-red-color\"><strong>Presentation<\/strong> video<\/span><\/strong><\/span><\/strong><\/span><\/strong>:<\/span><\/strong> <a rel=\"noreferrer noopener\" href=\"https:\/\/youtu.be\/-q-qjmExK6E\" target=\"_blank\">https:\/\/youtu.be\/-q-qjmExK6E<\/a><\/p>\n\n\n\n<figure class=\"wp-block-table\"><table><tbody><tr><td>Em Dire\u00e7\u00e3o a uma Abordagem para Avalia\u00e7\u00e3o da Sa\u00fade de<br>Ecossistemas de Dados<\/td><td>Gl\u00f3ria Lima (UFPE, Brazil)<br>Marcelo Iury S . Oliveira (UFRPE, Brazil)<br>Bernadette Loscio (UFPE, Brazil)<br><\/td><\/tr><tr><td>Um Estudo Sobre o Uso de Abordagens de Ger\u00eancia de Dados em Sistemas de An\u00e1lise Visual de Dados Espa\u00e7o-Temporais<\/td><td>Lorenna Nascimento (UFF, Brazil)<br>Marcos Lage (UFF, Brazil)<br>Daniel de Oliveira (UFF, Brazil)<\/td><\/tr><tr><td>Managing Sparse Spatio-Temporal Data in SAVIME: an<br>Evaluation of the Ph-tree Index<\/td><td>Stiw Harrison Taipe (LNCC, Brazil)<br>Larissa Miguez (LNCC, Brazil)<br>Paulo Ricardo Reis (LNCC, Brazil)<br>Anderson Silva (LNCC, Brazil)<br>Fabio Porto (LNCC, Brazil)<br><\/td><\/tr><tr><td>An\u00e1lise da Infl\u00eancia da Modelagem e Formato de Dados no Desempenho de Data Warehouse Baseado em Hadoop-Hive<\/td><td>Beatriz Oliveira (UnB, Brazil),<br>Marcio Victorino (UnB,  Brazil),<br>Maristela Holanda (UCB, Brazil)<br><\/td><\/tr><\/tbody><\/table><\/figure>\n\n\n\n<hr class=\"wp-block-separator\" \/>\n\n\n\n<h5 class=\"wp-block-heading\" id=\"TS5\"><strong>TS5 &#8211; Data Mining, Analytics and Machine Learning (1)<\/strong><\/h5>\n\n\n\n<p><strong><span class=\"has-inline-color has-vivid-red-color\"><strong><span class=\"has-inline-color has-vivid-red-color\"><strong><span class=\"has-inline-color has-vivid-red-color\"><strong><span class=\"has-inline-color has-vivid-red-color\"><strong>Presentation<\/strong> video<\/span><\/strong><\/span><\/strong><\/span><\/strong>:<\/span><\/strong> <a rel=\"noreferrer noopener\" href=\"https:\/\/youtu.be\/IdIEw8_ZcLU\" target=\"_blank\">https:\/\/youtu.be\/IdIEw8_ZcLU<\/a><\/p>\n\n\n\n<figure class=\"wp-block-table\"><table><tbody><tr><td>Evaluation of Automatic Speech Recognition Systems<\/td><td>Matheus Xavier Sampaio (UFC, Brazil)<br>Ticiana Coelho da Silva (UFC, Brazil)<br>Regis Magalh\u00e3es (UFC, Brazil)<br>L\u00edvia Cruz (UFC, Brazil)<br>Davi Romero (UFC, Brazil)<br>Marianna Ferreira (UFC, Brazil)<br>Jos\u00e9 Macedo (UFC, Brazil)<\/td><\/tr><tr><td>HELIX:A data-driven characterization of Brazilian land snails<\/td><td>Marcelo Nocelle (UFF, Brazil)<br>Rodolfo de Oliveira (UFF, Brazil)<br>Luiz Olmes Carvalho (UNIFEI, Brazil)<br>Gustavo Semaan (UFF, Brazil)<br>Daniel de Oliveira (UFF, Brazil)<br>Lucio Fernandes Dutra Santos (IFNMG, Brazil)<br>Marcos Bedo (UFF, Brazil)<\/td><\/tr><tr><td>Generaliza\u00e7\u00e3o de Minera\u00e7\u00e3o de Sequ\u00eancias Restritas no<br>Espa\u00e7o e no Tempo<\/td><td>Antonio Castro (CEFET\/RJ, Brazil)<br>Heraldo Borges Filho (CEFET\/RJ, Brazil)<br>Esther Pacitti (INRIA &amp; LIRMM, France)<br>Fabio Porto (LNCC, Brazil)<br>Rafaelli Coutinho (CEFET\/RJ, Brazil)<br>Eduardo Ogasawara (CEFET\/RJ, Brazil)<\/td><\/tr><tr><td>How COVID-19 Impacted Data Science: a Topic Retrieval and Analysis from GitHub Projects\u2019 Descriptions<\/td><td>Amanda Tavares (UFMG, Brazil)<br>Nat\u00e9rcia A. Batista (UFMG, Brazil)<br>Mirella Moro (UFMG, Brazil)<\/td><\/tr><tr><td>Forense Digital e Bancos de Dados: um Survey<\/td><td>Danilo Seufitelli (UFMG, Brazil)<br>Ana Fl\u00e1via C. Moura (UFMG, Brazil)<br>Ayane Fernandes (IFMG &#8211; British Indian Ocean)<br>Kayque Siqueira (IFMG, Brazil)<br>Michele Brand\u00e3o (IFMG, Brazil)<br>Mirella Moro (UFMG, Brazil)<\/td><\/tr><\/tbody><\/table><\/figure>\n\n\n\n<hr class=\"wp-block-separator\" \/>\n\n\n\n<h5 class=\"wp-block-heading\" id=\"TS9\"><strong>TS9 &#8211; Data Mining, Analytics and Machine Learning (2)<\/strong><\/h5>\n\n\n\n<p><strong><span class=\"has-inline-color has-vivid-red-color\"><strong><span class=\"has-inline-color has-vivid-red-color\"><strong><span class=\"has-inline-color has-vivid-red-color\"><strong><span class=\"has-inline-color has-vivid-red-color\"><strong>Presentation<\/strong> video<\/span><\/strong><\/span><\/strong><\/span><\/strong>:<\/span><\/strong> <a rel=\"noreferrer noopener\" href=\"https:\/\/youtu.be\/-fQs9jwXkpA\" target=\"_blank\">https:\/\/youtu.be\/-fQs9jwXkpA<\/a><\/p>\n\n\n\n<figure class=\"wp-block-table\"><table><tbody><tr><td>SentiProdBR: Building Domain-Specific Sentiment Lexicons for the Portuguese Language<\/td><td>Tiago de Melo (UEA, Brazil)<\/td><\/tr><tr><td>A Recommender for Choosing Data Systems based on<br>Application Profiling and Benchmarking<\/td><td>Elton Figueiredo de Souza Soares (IBM Research, Brazil)<br>Renan Souza (COPPE\/UFRJ &amp; IBM Research, Brazil),<br>Raphael Thiago (IBM Research, Brazil)<br>Marcelo Machado (UNIRIO, Brazil)<br>Leonardo Guerreiro Azevedo (IBM Research, Brazil)<\/td><\/tr><tr><td>Evaluating the cohesion of municipalities\u2019 discourse during the COVID-19 pandemic<\/td><td>Victor Menuzzo (UTFPR, Brazil)<br>Luiz Celso Gomes Jr (UTFPR, Brazil)<br>Andr\u00e9 Santanch\u00e8 (UNICAMP, Brazil)<br><\/td><\/tr><tr><td>Um algoritmo gen\u00e9tico com fun\u00e7\u00e3o de aptid\u00e3o flex\u00edvel para sele\u00e7\u00e3o de atributos em dados educacionais<\/td><td>Danielle de Albuquerque (CEFET\/RJ, Brazil)<br>Diego Brand\u00e3o (CEFET\/RJ, Brazil)<br>Rafaelli Coutinho (CEFET\/RJ, Brazil)<\/td><\/tr><tr><td>An\u00e1lise de m\u00e9todos de tratamento de outliers para predi\u00e7\u00e3o dos retornos de \u00edndices de a\u00e7\u00f5es negociados em bolsa<\/td><td>Cristiane Gea (CEFET\/RJ, Brazil)<br>Janio Lima (CEFET\/RJ, Brazil)<br>Eduardo Bezerra (CEFET\/RJ, Brazil)<br>Eduardo Ogasawara (CEFET\/RJ, Brazil)<\/td><\/tr><\/tbody><\/table><\/figure>\n\n\n\n<hr class=\"wp-block-separator\" \/>\n\n\n\n<h5 class=\"wp-block-heading\" id=\"TS11\"><strong>TS11 &#8211; Data integration and Quality<\/strong><\/h5>\n\n\n\n<p><\/p>\n\n\n\n<p><strong><span class=\"has-inline-color has-vivid-red-color\"><strong><span class=\"has-inline-color has-vivid-red-color\"><strong><span class=\"has-inline-color has-vivid-red-color\"><strong><span class=\"has-inline-color has-vivid-red-color\"><strong><span class=\"has-inline-color has-vivid-red-color\"><strong>Presentation<\/strong> video<\/span><\/strong><\/span><\/strong><\/span><\/strong><\/span><\/strong>:<\/span><\/strong> <a rel=\"noreferrer noopener\" href=\"https:\/\/youtu.be\/5eWQ9MNFcKM\" target=\"_blank\">https:\/\/youtu.be\/5eWQ9MNFcKM<\/a><\/p>\n\n\n\n<figure class=\"wp-block-table\"><table><tbody><tr><td>N\u00facleo de Fus\u00e3o de Dados de um G\u00eameo Digital da ind\u00fastria de petr\u00f3leo e g\u00e1s<\/td><td>Jaqueline Correia (UFRGS, Brazil)<br>Mara Abel (UFRGS, Brazil)<br>Karin Becker (UFRGS, Brazil)<\/td><\/tr><tr><td>Uma proposta de data lake para pesquisa em sa\u00fade a partir de data pools multic\u00eantricos interoper\u00e1veis<\/td><td>Daniel M\u00e1rio Lima (InCor\/HCFMUSP &amp; ICMC-USP, Brazil)<br>Ramon Moreno (InCor\/HCFMUSP, Brazil),<br>Fabio Pires (INCOR, Brazil)<br>Marco Gutierrez (Heart Institute, University of Sao Paulo Medical School, Brazil)<\/td><\/tr><tr><td>Avalia\u00e7\u00e3o de Dimens\u00f5es de Qualidade de Dados para o<br>Agroneg\u00f3cio<\/td><td>Cl\u00f3vis J\u00fanior (UFR, Brazil)<br>Carina F. Dorneles (UFSC, Brazil)<\/td><\/tr><tr><td>INTEGRACuBe: Explora\u00e7\u00e3o de dados anal\u00edticos em RDF<\/td><td>Jones Oliveira Avelino (IME, Brazil)<br>Maria Claudia Cavalcanti (IME, Brazil)<br>Kelli de Faria Cordeiro (CASNAV, Brazil)<\/td><\/tr><\/tbody><\/table><\/figure>\n","protected":false},"excerpt":{"rendered":"<p>TS2 &#8211; Spatio-temporal data, DB systems and architectures TS5 &#8211; Data Mining, Analytics and Machine Learning (1) TS9 &#8211; Data&hellip; <\/p>\n","protected":false},"author":19,"featured_media":0,"parent":0,"menu_order":0,"comment_status":"closed","ping_status":"closed","template":"templates\/template-fullwidth.php","meta":{"footnotes":""},"class_list":["post-4357","page","type-page","status-publish","hentry"],"_links":{"self":[{"href":"https:\/\/sbbd.org.br\/2021\/wp-json\/wp\/v2\/pages\/4357","targetHints":{"allow":["GET"]}}],"collection":[{"href":"https:\/\/sbbd.org.br\/2021\/wp-json\/wp\/v2\/pages"}],"about":[{"href":"https:\/\/sbbd.org.br\/2021\/wp-json\/wp\/v2\/types\/page"}],"author":[{"embeddable":true,"href":"https:\/\/sbbd.org.br\/2021\/wp-json\/wp\/v2\/users\/19"}],"replies":[{"embeddable":true,"href":"https:\/\/sbbd.org.br\/2021\/wp-json\/wp\/v2\/comments?post=4357"}],"version-history":[{"count":13,"href":"https:\/\/sbbd.org.br\/2021\/wp-json\/wp\/v2\/pages\/4357\/revisions"}],"predecessor-version":[{"id":4690,"href":"https:\/\/sbbd.org.br\/2021\/wp-json\/wp\/v2\/pages\/4357\/revisions\/4690"}],"wp:attachment":[{"href":"https:\/\/sbbd.org.br\/2021\/wp-json\/wp\/v2\/media?parent=4357"}],"curies":[{"name":"wp","href":"https:\/\/api.w.org\/{rel}","templated":true}]}}