{"id":4103,"date":"2021-08-12T11:36:59","date_gmt":"2021-08-12T14:36:59","guid":{"rendered":"https:\/\/sbbd.org.br\/2021\/?page_id=4103"},"modified":"2021-10-08T15:03:44","modified_gmt":"2021-10-08T18:03:44","slug":"ctdbd","status":"publish","type":"page","link":"https:\/\/sbbd.org.br\/2021\/ctdbd\/","title":{"rendered":"CTDBD"},"content":{"rendered":"\n<h4 class=\"wp-block-heading\">TRABALHOS SELECIONADOS PARA SEGUNDA FASE<\/h4>\n\n\n\n<h6 class=\"wp-block-heading\">MESTRADO (Sess\u00e3o T\u00e9cnica 01)<\/h6>\n\n\n\n<p><\/p>\n\n\n\n<p><strong><span class=\"has-inline-color has-vivid-red-color\">V\u00eddeo da apresenta\u00e7\u00e3o:<\/span><\/strong> <a rel=\"noreferrer noopener\" href=\"https:\/\/youtu.be\/pPrmDCYmCY0\" target=\"_blank\">https:\/\/youtu.be\/pPrmDCYmCY0<\/a><\/p>\n\n\n\n<h4 class=\"wp-block-heading\"> <\/h4>\n\n\n\n<ul class=\"wp-block-list\"><li><strong><em>Extended Pre-Processing Pipeline for Text Classification: On the Role of Meta-Features, Sparsification and Selective Sampling<\/em><\/strong><br>Washington Cunha, Leonardo Rocha, Marcos A. Gon\u00e7alves<br>Universidade Federal de Minas Gerais (UFMG)<br>Universidade Federal de S\u00e3o Jo\u00e3o del-Rei (UFSJ)&nbsp;<\/li><\/ul>\n\n\n\n<p><\/p>\n\n\n\n<ul class=\"wp-block-list\"><li><strong><em>Proximity Graphs for Similarity Searches: Experimental Survey and the New Connected-Partition Approach HGraph<\/em><\/strong><br>Larissa C. Shimomura, Daniel Kaster<br>Universidade Estadual de Londrina (UEL)<\/li><\/ul>\n\n\n\n<p><\/p>\n\n\n\n<ul class=\"wp-block-list\"><li><strong><em>Benchmarking Nonstationary Time Series Prediction<\/em><\/strong><br>Rebecca Pontes Salles, Eduardo Ogasawara, Pedro Henrique Gonzalez<br>Centro Federal de Educa\u00e7\u00e3o Tecnol\u00f3gica Celso Suckow da Fonseca (CEFET\/RJ)<\/li><\/ul>\n\n\n\n<h6 class=\"wp-block-heading\">DOUTORADO  (Sess\u00e3o T\u00e9cnica 02) <\/h6>\n\n\n\n<p><\/p>\n\n\n\n<p><strong><span class=\"has-inline-color has-vivid-red-color\"><strong><span class=\"has-inline-color has-vivid-red-color\">V\u00eddeo da apresenta\u00e7\u00e3o<\/span><\/strong>:<\/span><\/strong> <a rel=\"noreferrer noopener\" href=\"https:\/\/youtu.be\/Kbnyt-T0EIs\" target=\"_blank\">https:\/\/youtu.be\/Kbnyt-T0EIs<\/a><\/p>\n\n\n\n<h4 class=\"wp-block-heading\"> <\/h4>\n\n\n\n<ul class=\"wp-block-list\"><li><strong>Detec\u00e7\u00e3o e Aplica\u00e7\u00e3o de Depend\u00eancia de Dados<\/strong><br>Eduardo Henrique Monteiro Pena, Eduardo Cunha de Almeida<br>Universidade Federal do Paran\u00e1 (UFPR)&nbsp;<\/li><\/ul>\n\n\n\n<p><\/p>\n\n\n\n<ul class=\"wp-block-list\"><li><strong><em>A Through Exploitation of Distance-Based Meta-Features for Automated Text Classification<\/em><\/strong><br>S\u00e9rgio Canuto, Marcos Andr\u00e9 Gon\u00e7alves, Thierson Couto Rosa<br>Universidade Federal de Minas Gerais (UFMG)<\/li><\/ul>\n\n\n\n<p><\/p>\n\n\n\n<ul class=\"wp-block-list\"><li><strong><em>User Steering Support in Large-Scale Workflows<\/em><\/strong><br>Renan Souza, Marta Mattoso, Patrick Valduriez<br>Universidade Federal do Rio&nbsp;de Janeiro (PESC\/COPPE\/UFRJ)<br>Inria, University of Montpellier, CNRS, LIRMM, France<br>IBM Research<\/li><\/ul>\n","protected":false},"excerpt":{"rendered":"<p>TRABALHOS SELECIONADOS PARA SEGUNDA FASE MESTRADO (Sess\u00e3o T\u00e9cnica 01) V\u00eddeo da apresenta\u00e7\u00e3o: https:\/\/youtu.be\/pPrmDCYmCY0 Extended Pre-Processing Pipeline for Text Classification: On&hellip; <\/p>\n","protected":false},"author":19,"featured_media":0,"parent":0,"menu_order":0,"comment_status":"closed","ping_status":"closed","template":"templates\/template-fullwidth.php","meta":{"footnotes":""},"class_list":["post-4103","page","type-page","status-publish","hentry"],"_links":{"self":[{"href":"https:\/\/sbbd.org.br\/2021\/wp-json\/wp\/v2\/pages\/4103","targetHints":{"allow":["GET"]}}],"collection":[{"href":"https:\/\/sbbd.org.br\/2021\/wp-json\/wp\/v2\/pages"}],"about":[{"href":"https:\/\/sbbd.org.br\/2021\/wp-json\/wp\/v2\/types\/page"}],"author":[{"embeddable":true,"href":"https:\/\/sbbd.org.br\/2021\/wp-json\/wp\/v2\/users\/19"}],"replies":[{"embeddable":true,"href":"https:\/\/sbbd.org.br\/2021\/wp-json\/wp\/v2\/comments?post=4103"}],"version-history":[{"count":10,"href":"https:\/\/sbbd.org.br\/2021\/wp-json\/wp\/v2\/pages\/4103\/revisions"}],"predecessor-version":[{"id":4684,"href":"https:\/\/sbbd.org.br\/2021\/wp-json\/wp\/v2\/pages\/4103\/revisions\/4684"}],"wp:attachment":[{"href":"https:\/\/sbbd.org.br\/2021\/wp-json\/wp\/v2\/media?parent=4103"}],"curies":[{"name":"wp","href":"https:\/\/api.w.org\/{rel}","templated":true}]}}