{"id":3982,"date":"2021-06-22T11:50:58","date_gmt":"2021-06-22T14:50:58","guid":{"rendered":"https:\/\/sbbd.org.br\/2021\/?page_id=3982"},"modified":"2021-09-20T21:04:03","modified_gmt":"2021-09-21T00:04:03","slug":"short-papers-program-committee","status":"publish","type":"page","link":"https:\/\/sbbd.org.br\/2021\/short-papers-program-committee\/","title":{"rendered":"Short Papers Program Committee"},"content":{"rendered":"\n<p><\/p>\n\n\n<p><span class=\"has-inline-color\" style=\"color: #008000\"><strong data-rich-text-format-boundary=\"true\">Short Vision Industrial Chair<span style=\"color: #000000\">:<\/span><\/strong><\/span> <strong>Damires Souza<\/strong> (PPGTI\/IFPB, Brazil) &#8211; <em>damires@ifpb.edu.br<\/em><\/p>\n<hr \/>\n<p>Alexis Iv\u00e1n Aspauza Lescano (Universidade de S\u00e3o Paulo)<\/p>\n<p>Altigran Soares da Silva (Universidade Federal do Amazonas)<\/p>\n<p>Angelo Brayner (Universidade Federal do Cear\u00e1)<\/p>\n<p>Caetano Traina J\u00fanior (Universidade de S\u00e3o Paulo)<\/p>\n<p>Carina F. Dorneles (Universidade Federal de Santa Catarina)<\/p>\n<p>Carlos Eduardo Santos Pires (Universidade Federal de Campina Grande)<\/p>\n<p>Carmem Hara 9Universidade Federal do Paran\u00e1)<\/p>\n<p>Celso Hirata (Instituto Tecnol\u00f3gico de Aeron\u00e1utica)<\/p>\n<p>Crishane Freire (Instituto Federal da Para\u00edba)<\/p>\n<p>Cristina Ciferri (Universidade de S\u00e3o Paulo)<\/p>\n<p>Daniel de Oliveira (Universidade Federal Fluminense)<\/p>\n<p>Daniel Kaster (Universidade Estadual de Londrina)<\/p>\n<p>Daniela Barreiro Claro (Universidade Federal da Bahia)<\/p>\n<p>Daniela Fernanda Milon Flores (Universidade de S\u00e3o Paulo)<\/p>\n<p>Denio Duarte (Universidade Federal da Fronteira Sul)<\/p>\n<p>Eduardo de Almeida (Universidade Federal do Paran\u00e1)<\/p>\n<p>Eduardo Nakamura (Universidade Federal do Amazonas)<\/p>\n<p>Eduardo Ogasawara (Centro Federal de Educa\u00e7\u00e3o Tecnol\u00f3gica Celso Suckow da Fonseca)<\/p>\n<p>Elaine Sousa (Universidade de S\u00e3o Paulo)<\/p>\n<p>Fabio Porto (Laborat\u00f3rio Nacional de Computa\u00e7\u00e3o Cient\u00edfica)<\/p>\n<p>Humberto Razente (Universidade Federal de Uberl\u00e2ndia)<\/p>\n<p>Julio Dos Reis (Universidade Estadual de Campinas)<\/p>\n<p>Karin Becker (Universidade Federal do Rio Grande do Sul)<\/p>\n<p>Kelly Braghetto (Universidade de S\u00e3o Paulo)<\/p>\n<p>Luiz Celso Gomes Jr (Universidade Tecnol\u00f3gica Federal do Paran\u00e1)<\/p>\n<p>Marcelo Iury S. Oliveira (Universidade Federal Rural de Pernambuco)<\/p>\n<p>Marcus Ara\u00fajo (Universidade de S\u00e3o Paulo)<\/p>\n<p>Maria Camila Nardini Barioni (Universidade Federal de Uberl\u00e2ndia)<\/p>\n<p>Maristela Holanda (Universidade de Bras\u00edlia)<\/p>\n<p>Michele Brand\u00e3o (Instituto Federal de Minas Gerais)<\/p>\n<p>Mirella Moro (Universidade Federal de Minas Gerais)<\/p>\n<p>Raqueline Penteado (Universidade Estadual de Maring\u00e1)<\/p>\n<p>Renata Galante (Universidade Federal do Rio Grande do Sul)<\/p>\n<p>Robson Cordeiro (Universidade de S\u00e3o Paulo)<\/p>\n<p>Ronaldo Mello (Universidade Federal de Santa Catarina)<\/p>\n<p>Santiago Ravelo (Universidade Federal do Rio Grande do Sul)<\/p>\n<p>Sergio Lifschitz (Pontif\u00edcia Universidade Cat\u00f3lica do Rio de Janeiro)<\/p>\n<p>Sergio Mergen (Universidade Federal de Santa Maria)<\/p>\n<p>Thiago Henrique Silva (Universidade Tecnol\u00f3gica Federal do Paran\u00e1)<\/p>\n<p>Ticiana Coelho da Silva (Universidade Federal do Cear\u00e1)<\/p>\n<p>Val\u00e9ria C. Times (Universidade Federal de Pernambuco)<\/p>\n<p>V\u00edtor Sousa (Universidade Federal do Rio de Janeiro)<\/p>\n<p>Victor de Almeida (Petrobras)<\/p>","protected":false},"excerpt":{"rendered":"<p>Short Vision Industrial Chair: Damires Souza (PPGTI\/IFPB, Brazil) &#8211; damires@ifpb.edu.br Alexis Iv\u00e1n Aspauza Lescano (Universidade de S\u00e3o Paulo) Altigran Soares&hellip; <\/p>\n","protected":false},"author":19,"featured_media":0,"parent":0,"menu_order":0,"comment_status":"closed","ping_status":"closed","template":"templates\/template-fullwidth.php","meta":{"footnotes":""},"class_list":["post-3982","page","type-page","status-publish","hentry"],"_links":{"self":[{"href":"https:\/\/sbbd.org.br\/2021\/wp-json\/wp\/v2\/pages\/3982","targetHints":{"allow":["GET"]}}],"collection":[{"href":"https:\/\/sbbd.org.br\/2021\/wp-json\/wp\/v2\/pages"}],"about":[{"href":"https:\/\/sbbd.org.br\/2021\/wp-json\/wp\/v2\/types\/page"}],"author":[{"embeddable":true,"href":"https:\/\/sbbd.org.br\/2021\/wp-json\/wp\/v2\/users\/19"}],"replies":[{"embeddable":true,"href":"https:\/\/sbbd.org.br\/2021\/wp-json\/wp\/v2\/comments?post=3982"}],"version-history":[{"count":9,"href":"https:\/\/sbbd.org.br\/2021\/wp-json\/wp\/v2\/pages\/3982\/revisions"}],"predecessor-version":[{"id":4288,"href":"https:\/\/sbbd.org.br\/2021\/wp-json\/wp\/v2\/pages\/3982\/revisions\/4288"}],"wp:attachment":[{"href":"https:\/\/sbbd.org.br\/2021\/wp-json\/wp\/v2\/media?parent=3982"}],"curies":[{"name":"wp","href":"https:\/\/api.w.org\/{rel}","templated":true}]}}