{"id":3735,"date":"2021-03-31T10:09:47","date_gmt":"2021-03-31T13:09:47","guid":{"rendered":"https:\/\/sbbd.org.br\/2021\/?page_id=3735"},"modified":"2021-09-28T13:49:23","modified_gmt":"2021-09-28T16:49:23","slug":"call-for-ctdbd","status":"publish","type":"page","link":"https:\/\/sbbd.org.br\/2021\/call-for-ctdbd\/","title":{"rendered":"Chamada para CTDBD"},"content":{"rendered":"\n<h3 class=\"wp-block-heading\"><span style=\"color:#0528ee\" class=\"has-inline-color\"><strong>DATAS IMPORTANTES<\/strong><\/span><\/h3>\n\n\n\n<p><strong>Primeira fase<\/strong><\/p>\n\n\n\n<ul class=\"wp-block-list\"><li>Registro do resumo: <s><strong>17 de maio de 2021<\/strong><\/s><strong>  <\/strong><s><strong><s><strong>24 de maio de 2021<\/strong><\/s><\/strong><\/s><strong><span style=\"color:#006b04\" class=\"has-inline-color\">  31 de maio de 2021<\/span><\/strong><\/li><li>Submiss\u00e3o da tese ou disserta\u00e7\u00e3o, do artigo, do certificado de conclus\u00e3o e do e-mail do orientador: <strong><s>24 de maio de 2021<\/s><\/strong>  <strong><s>31 de maio de 2021<\/s><\/strong>  <strong><span style=\"color:#006b04\" class=\"has-inline-color\">07 de junho de 2021<\/span><\/strong><\/li><li>Notifica\u00e7\u00e3o dos autores selecionados para a segunda fase: <strong><s>19 de julho de 2021<\/s><\/strong> <strong><span style=\"color:#006b04\" class=\"has-inline-color\">30 de julho de 2021<\/span><\/strong><\/li><\/ul>\n\n\n\n<p><strong>Segunda fase<\/strong><\/p>\n\n\n\n<ul class=\"wp-block-list\"><li>Submiss\u00e3o do artigo revisado (para os 6 trabalhos selecionados): <strong><s>02 de agosto de 2021<\/s><\/strong> <strong><span style=\"color:#006b04\" class=\"has-inline-color\">15 de agosto de 2021<\/span><\/strong><\/li><\/ul>\n\n\n\n<p><\/p>\n\n\n\n<h3 class=\"wp-block-heading\">IV CONCURSO DE TESES E DISSERTA\u00c7\u00d5ES EM BANCO DE DADOS (CTDBD 2021)<\/h3>\n\n\n\n<p>O Concurso de Teses e Disserta\u00e7\u00f5es em Banco de Dados (CTDBD) do Simp\u00f3sio Brasileiro de Banco de Dados (SBBD) tem como objetivos selecionar e premiar as melhores teses de doutorado e disserta\u00e7\u00f5es de mestrado em Banco de Dados do pa\u00eds que tenham sido conclu\u00eddas, defendidas e aprovadas no per\u00edodo de 1\u00ba de janeiro de 2019 a 31 de dezembro de 2020. Podem concorrer as teses e disserta\u00e7\u00f5es relacionadas aos temas listados na Chamada de Trabalhos do SBBD 2021.<\/p>\n\n\n\n<p><\/p>\n\n\n\n<p>As teses e disserta\u00e7\u00f5es s\u00e3o avaliadas de acordo com os resultados cient\u00edficos e tecnol\u00f3gicos gerados pelo trabalho, assim como pelo seu potencial de impacto na sociedade e no estado da arte em Banco de Dados.<\/p>\n\n\n\n<p><\/p>\n\n\n\n<h5 class=\"wp-block-heading\">PROCESSO DE SELE\u00c7\u00c3O<\/h5>\n\n\n\n<p>O processo de sele\u00e7\u00e3o ocorre em duas fases.&nbsp;<\/p>\n\n\n\n<ul class=\"wp-block-list\"><li><strong>Primeira fase<\/strong>: cada trabalho submetido \u00e9 avaliado por pelo menos tr\u00eas especialistas, os quais analisam o material submetido pelos autores (ver os documentos necess\u00e1rios na se\u00e7\u00e3o \u201cSubmiss\u00e3o de Trabalhos\u201d).&nbsp; Ap\u00f3s a an\u00e1lise, o Comit\u00ea Avaliador seleciona at\u00e9 3 (tr\u00eas) teses de doutorado e at\u00e9 3 (tr\u00eas) disserta\u00e7\u00f5es de mestrado para serem encaminhadas para a segunda fase.<\/li><li><strong>Segunda fase<\/strong>: os autores dos trabalhos selecionados devem submeter uma vers\u00e3o revisada do artigo, a qual deve conter altera\u00e7\u00f5es frente \u00e0s considera\u00e7\u00f5es realizadas pelo Comit\u00ea Avaliador.<\/li><\/ul>\n\n\n\n<p><\/p>\n\n\n\n<h5 class=\"wp-block-heading\">PREMIA\u00c7\u00c3O E PUBLICA\u00c7\u00c3O<\/h5>\n\n\n\n<p>Os trabalhos selecionados ser\u00e3o apresentados durante o CTDBD do SBBD 2021. Para fins de premia\u00e7\u00e3o, ser\u00e3o avaliados os artigos revisados submetidos, a qualidade da apresenta\u00e7\u00e3o oral e a desenvoltura nas respostas \u00e0s perguntas realizadas ap\u00f3s a apresenta\u00e7\u00e3o oral. Os autores que n\u00e3o apresentarem seus trabalhos no SBBD n\u00e3o concorrer\u00e3o aos pr\u00eamios.<\/p>\n\n\n\n<p><\/p>\n\n\n\n<p>Os artigos das teses e disserta\u00e7\u00f5es selecionadas ser\u00e3o publicados nos Anais do SBBD 2001 junto aos eventos sat\u00e9lites.<\/p>\n\n\n\n<p><\/p>\n\n\n\n<h3 class=\"wp-block-heading\">SUBMISS\u00c3O DOS TRABALHOS<\/h3>\n\n\n\n<p>As submiss\u00f5es devem ser realizadas usando o <a href=\"https:\/\/jems.sbc.org.br\/home.cgi?c=3842\">sistema JEMS<\/a>.<\/p>\n\n\n\n<p><\/p>\n\n\n\n<p>Cada submiss\u00e3o deve incluir os seguintes documentos:<\/p>\n\n\n\n<ul class=\"wp-block-list\"><li>Artigo de at\u00e9 seis p\u00e1ginas.<\/li><li>Documento que comprove que a tese ou disserta\u00e7\u00e3o foi defendida e aprovada.<\/li><li>Texto completo da tese ou disserta\u00e7\u00e3o.<\/li><\/ul>\n\n\n\n<p>Todos os documentos devem ser enviados em formato PDF. O texto completo da tese ou disserta\u00e7\u00e3o serve, essencialmente, como fonte de consulta para os avaliadores sobre os resultados do trabalho.<\/p>\n\n\n\n<p><\/p>\n\n\n\n<p>Adicionalmente, as submiss\u00f5es devem ter a aprova\u00e7\u00e3o do orientador do aluno. A aprova\u00e7\u00e3o deve ser realizada por <strong>e-mail<\/strong> enviado ao coordenador do CTDBD 20201 (<a href=\"mailto:cdac@icmc.usp.br\"><em>cdac@icmc.usp.br<\/em><\/a>) com o assunto \u201c<span class=\"has-inline-color has-vivid-cyan-blue-color\">Concord\u00e2ncia na submiss\u00e3o para o CTDBD 2021<\/span>\u201d e com o conte\u00fado \u201c<em>Concordo com a submiss\u00e3o da tese\/disserta\u00e7\u00e3o do aluno NOME ALUNO para o CTDBD 2021, bem como com a apresenta\u00e7\u00e3o do trabalho neste evento, caso o trabalho seja selecionado<\/em>.\u201d<\/p>\n\n\n\n<p><\/p>\n\n\n\n<h4 class=\"wp-block-heading\">INSTRU\u00c7\u00d5ES<\/h4>\n\n\n\n<p>Os artigos devem ser escritos em portugu\u00eas ou em ingl\u00eas, respeitando o limite m\u00e1ximo de 6 (seis) p\u00e1ginas, incluindo texto, figuras, refer\u00eancias bibliogr\u00e1ficas e ap\u00eandices. Os resumos devem seguir as regras de formata\u00e7\u00e3o do SBBD, as quais podem ser obtidas no s\u00edtio da confer\u00eancia.<\/p>\n\n\n\n<p><\/p>\n\n\n\n<p>O artigo deve destacar as contribui\u00e7\u00f5es, a originalidade e as possiblidades de impacto do trabalho desenvolvido durante o doutorado ou o mestrado. A organiza\u00e7\u00e3o do artigo deve conter, obrigatoriamente: (i) o t\u00edtulo do trabalho; (ii) o nome do autor da tese ou da disserta\u00e7\u00e3o; (iii) o departamento, instituto e universidade no qual a tese ou disserta\u00e7\u00e3o foi defendida; (iv) os nomes do orientador e dos coorientadores com as respectivas afilia\u00e7\u00f5es; (v) um resumo (para textos escritos em portugu\u00eas) ou um abstract (para textos escritos em ingl\u00eas); e (vi) o texto propriamente dito.<\/p>\n\n\n\n<p><\/p>\n\n\n\n<p>Com rela\u00e7\u00e3o ao texto propriamente dito, sugere-se que ele explicite a motiva\u00e7\u00e3o do trabalho, caracterizando a relev\u00e2ncia do tema e os principais desafios de pesquisa tratados, seus objetivos e suas contribui\u00e7\u00f5es e os resultados relevantes obtidos. Caso se aplique, os autores tamb\u00e9m podem indicar subprodutos do trabalho, tais como patentes, programas registrados, programas de dom\u00ednio p\u00fablico\/livre (indicando os respectivos s\u00edtios), artigos publicados ou aceitos para publica\u00e7\u00e3o (com informa\u00e7\u00f5es sobre a relev\u00e2ncia dos ve\u00edculos de publica\u00e7\u00e3o em suas \u00e1reas), assim como quaisquer outros elementos que permitam qualificar o trabalho como sendo um dos melhores do pa\u00eds no per\u00edodo tratado por esta chamada.<\/p>\n\n\n\n<p><\/p>\n\n\n\n<h3 class=\"wp-block-heading\">COORDENA\u00c7\u00c3O DO CTDBD 2021<\/h3>\n\n\n\n<p>Cristina Dutra de Aguiar \u2013 Universidade de S\u00e3o Paulo<\/p>\n\n\n\n<p><\/p>\n\n\n\n<p>Qualquer d\u00favida deve ser encaminhada diretamente para a coordena\u00e7\u00e3o usando-se o <strong>e-mail<\/strong> <a href=\"mailto:cdac@icmc.usp.br\"><em>cdac@icmc.usp.br<\/em><\/a> e com o assunto \u201c<span class=\"has-inline-color has-vivid-cyan-blue-color\">[CTDBD 2021] t\u00edtulo-da-d\u00favida<\/span>\u201d.<\/p>\n\n\n\n<p><\/p>\n\n\n\n<h3 class=\"wp-block-heading\">COMIT\u00ca AVALIADOR DO CTDBD 2021<\/h3>\n\n\n\n<p>Altigran Soares da Silva (Universidade Federal do Amazonas)<br>Anderson Chaves Carniel (Universidade Federal de S\u00e3o Carlos)<br>\u00c2ngelo Brayner (Universidade Federal do Cear\u00e1)<br>Caetano Traina J\u00fanior (Universidade de S\u00e3o Paulo)<br>Carina F. Dorneles (Universidade Federal de Santa Catarina)<br>Carmem Satie Hara (Universidade Federal do Paran\u00e1)<br>Daniel Kaster (Universidade Estadual de Londrina)<br>F\u00e1bio Porto (Laborat\u00f3rio Nacional de Computa\u00e7\u00e3o Cient\u00edfica)<br>Javam Machado (Universidade Federal do Cear\u00e1)<br>Jos\u00e9 Maria Monteiro (Universidade Federal do Cear\u00e1)<br>Jos\u00e9 Palazzo Moreira de Oliveira (Universidade Federal do Rio Grande do Sul)<br>Mirella Moro (Universidade Federal de Minas Gerais)<br>Renata Galante (Universidade Federal do Rio Grande do Sul)<br>Renato Fileto (Universidade Federal de Santa Catarina)<br>Ronaldo Mello (Universidade Federal de Santa Catarina)<br>S\u00e9rgio Lifschitz (Pontif\u00edcia Universidade Cat\u00f3lica do Rio de Janeiro)<br>Val\u00e9ria Ces\u00e1rio Times (Universidade Federal de Pernambuco)<\/p>\n\n\n\n<p><\/p>\n","protected":false},"excerpt":{"rendered":"<p>DATAS IMPORTANTES Primeira fase Registro do resumo: 17 de maio de 2021 24 de maio de 2021 31 de maio&hellip; <\/p>\n","protected":false},"author":19,"featured_media":0,"parent":0,"menu_order":0,"comment_status":"closed","ping_status":"closed","template":"templates\/template-fullwidth.php","meta":{"footnotes":""},"class_list":["post-3735","page","type-page","status-publish","hentry"],"_links":{"self":[{"href":"https:\/\/sbbd.org.br\/2021\/wp-json\/wp\/v2\/pages\/3735","targetHints":{"allow":["GET"]}}],"collection":[{"href":"https:\/\/sbbd.org.br\/2021\/wp-json\/wp\/v2\/pages"}],"about":[{"href":"https:\/\/sbbd.org.br\/2021\/wp-json\/wp\/v2\/types\/page"}],"author":[{"embeddable":true,"href":"https:\/\/sbbd.org.br\/2021\/wp-json\/wp\/v2\/users\/19"}],"replies":[{"embeddable":true,"href":"https:\/\/sbbd.org.br\/2021\/wp-json\/wp\/v2\/comments?post=3735"}],"version-history":[{"count":23,"href":"https:\/\/sbbd.org.br\/2021\/wp-json\/wp\/v2\/pages\/3735\/revisions"}],"predecessor-version":[{"id":4511,"href":"https:\/\/sbbd.org.br\/2021\/wp-json\/wp\/v2\/pages\/3735\/revisions\/4511"}],"wp:attachment":[{"href":"https:\/\/sbbd.org.br\/2021\/wp-json\/wp\/v2\/media?parent=3735"}],"curies":[{"name":"wp","href":"https:\/\/api.w.org\/{rel}","templated":true}]}}